{"id":21371,"date":"2022-05-23T19:02:46","date_gmt":"2022-05-23T11:02:46","guid":{"rendered":"http:\/\/pandamech.com\/?post_type=product&#038;p=21371"},"modified":"2025-10-13T14:26:19","modified_gmt":"2025-10-13T06:26:19","slug":"100-cbm-cement-trailers-for-sale-p00183p1-html","status":"publish","type":"product","link":"https:\/\/www.pandamech.com\/france\/product\/100-cbm-cement-trailers-for-sale-p00183p1-html\/","title":{"rendered":"Remorque-citerne \u00e0 ciment de 120 tonnes"},"content":{"rendered":"<p>Remorque-citerne \u00e0 ciment de 120 tonnes utilis\u00e9e pour le transport de ciment sec en vrac, de chaux en poudre, de sable et d'autres mat\u00e9riaux pulv\u00e9rulents en vrac de diam\u00e8tre \u2264 0,1 mm.<\/p>\n<p>Remorque-citerne pneumatique de 100 m\u00e8tres cubes capacit\u00e9 120 tonnes.<\/p>\n<h2>Fonctionnalit\u00e9<\/h2>\n<ul>\n<li>1. Meilleur acier brut : Le corps du r\u00e9servoir et la construction en acier \u00e0 haute r\u00e9sistance YP \u2265 620 garantissent une dur\u00e9e de vie plus longue et un poids plus l\u00e9ger.<\/li>\n<li>2. Soudure de qualit\u00e9 :  Un bon acier avec des soudures de qualit\u00e9 permet d'obtenir une garantie plus \u00e9tendue pour 100 m\u00b3. <span style=\"color: #0000ff;\"><a style=\"color: #0000ff;\" href=\"https:\/\/www.pandamech.com\/france\/category\/pneumatic-trailer\/cement-tanker\/\" target=\"_blank\" rel=\"noopener\">remorques pour le transport du ciment en vrac<\/a><\/span>.<\/li>\n<li>3. Peinture durable : l'ensemble du v\u00e9hicule est nettoy\u00e9 par grenaillage pour \u00eatre peint, deux fois l'appr\u00eat permettent de prolonger la dur\u00e9e de vie de la peinture.<\/li>\n<li>4. Conception d'une remorque-citerne pneumatique de 100 m\u00b3 : dessin en 3D avec Ansys &amp; Hypermesh Analyser le soutien \u00e0 une bonne conception.<\/li>\n<\/ul>\n<p style=\"text-align: center;\"><a class=\"product_button\" href=\"#elementor-action%3Aaction%3Dpopup%3Aopen%26settings%3DeyJpZCI6Ijk5MDciLCJ0b2dnbGUiOmZhbHNlfQ%3D%3D\">Cliquez pour plus de d\u00e9tails<\/a><\/p>\n<h2>Vid\u00e9o de la remorque \u00e0 ciment de 120 tonnes<\/h2>\n<p><iframe title=\"Lecteur vid\u00e9o YouTube\" src=\"https:\/\/www.youtube.com\/embed\/ovpjICiWNiQ\" width=\"800\" height=\"533\" frameborder=\"0\" allowfullscreen=\"allowfullscreen\"><span data-mce-type=\"bookmark\" style=\"display: inline-block; width: 0px; overflow: hidden; line-height: 0;\" class=\"mce_SELRES_start\"><\/span><\/iframe><\/p>\n<h2>Sp\u00e9cifications de la remorque \u00e0 ciment de 120 tonnes<\/h2>\n<table style=\"width: 800px;\" border=\"1\" cellspacing=\"1\" cellpadding=\"1\">\n<tbody>\n<tr>\n<td width=\"221\" height=\"40\">Marque<\/td>\n<td width=\"515\">PANDA Mech 100 m\u00b3 remorques \u00e0 ciment<\/td>\n<\/tr>\n<tr>\n<td width=\"221\" height=\"40\">Volume<\/td>\n<td width=\"515\">100 m\u00b3<\/td>\n<\/tr>\n<tr>\n<td width=\"221\" height=\"40\">Capacit\u00e9 des citernes de ciment en vrac<\/td>\n<td width=\"515\">120 tonnes<\/td>\n<\/tr>\n<tr>\n<td width=\"221\" height=\"40\">Moteur<\/td>\n<td width=\"515\">WeiCai Deutz diesel moto<\/td>\n<\/tr>\n<tr>\n<td width=\"221\" height=\"40\">Compresseur<\/td>\n<td width=\"515\">SK 12m3<\/td>\n<\/tr>\n<tr>\n<td width=\"221\" height=\"40\">Soupape de d\u00e9charge<\/td>\n<td width=\"515\">Valve \u00e0 disque de 4\u2033 (4\u2033 disc valve)<\/td>\n<\/tr>\n<tr>\n<td width=\"221\" height=\"40\">Dimension<\/td>\n<td>14500*2500*3950 mm<\/td>\n<\/tr>\n<tr>\n<td width=\"221\" height=\"40\">Mat\u00e9riau du r\u00e9servoir<\/td>\n<td width=\"515\">Acier \u00e0 haute r\u00e9sistance de 5 ou 6 mm<\/td>\n<\/tr>\n<tr>\n<td width=\"221\" height=\"40\">Suspension<\/td>\n<td width=\"515\">Suspension m\u00e9canique ou suspension pneumatique<\/td>\n<\/tr>\n<tr>\n<td width=\"221\" height=\"40\">Essieu<\/td>\n<td width=\"515\">1 \u00e0 4 ensembles, essieux de 13, 16 et 20 tonnes, BPW ou SAF<\/td>\n<\/tr>\n<tr>\n<td width=\"221\" height=\"40\">Pneu<\/td>\n<td width=\"515\">12R22.5, 385\/65R22.5, 13R22.5, 12.00R24, 315\/80R22.5<\/td>\n<\/tr>\n<tr>\n<td width=\"221\" height=\"76\">Pi\u00e8ces d\u00e9tach\u00e9es<\/td>\n<td width=\"515\">Main courante pneumatique, moteur de marque r\u00e9put\u00e9e, essieu, pneu, fils \u00e9tanches, tuyau semi-m\u00e9trique, vannes, soupape de d\u00e9charge, coussin gonflable int\u00e9rieur, train d'atterrissage, dispositif de pulv\u00e9risation d'eau, protection lat\u00e9rale et bo\u00eete \u00e0 outils, plaque d'\u00e9gout, soufflerie pneumatique pour remorque.<\/td>\n<\/tr>\n<\/tbody>\n<\/table>\n<p style=\"text-align: center;\"><a class=\"product_button\" href=\"#elementor-action%3Aaction%3Dpopup%3Aopen%26settings%3DeyJpZCI6Ijk5MDciLCJ0b2dnbGUiOmZhbHNlfQ%3D%3D\">Cliquez pour plus de d\u00e9tails<\/a><\/p>\n<h2>Sp\u00e9cification de la remorque de transport de ciment de 120 tonnes<\/h2>\n<p><img decoding=\"async\" class=\"alignnone size-full wp-image-18926\" style=\"width: 800px;\" title=\"Remorque-citerne \u00e0 ciment de 120 tonnes\" src=\"https:\/\/pandamech.com\/wp-content\/uploads\/2022\/06\/120-ton-cement-tank-trailer.jpg\" alt=\"Remorque-citerne \u00e0 ciment de 120 tonnes\" height=\"533\" \/><\/p>\n<p>Fabricant de remorques-citernes de 120 tonnes<\/p>\n<p><img decoding=\"async\" class=\"alignnone size-full wp-image-18927\" style=\"width: 800px;\" title=\"Remorque-citerne \u00e0 ciment de 120 tonnes\" src=\"https:\/\/pandamech.com\/wp-content\/uploads\/2022\/06\/120-ton-cement-tank-trailer-1.jpg\" alt=\"Remorque-citerne \u00e0 ciment de 120 tonnes\" height=\"533\" \/><\/p>\n<p>Remorque de 120 tonnes de ciment \u00e0 vendre<\/p>\n<p>En rapport : <span style=\"color: #0000ff;\"><a style=\"color: #0000ff;\" href=\"https:\/\/www.pandamech.com\/france\/product\/25-80-ton-cement-silo-semi-trailer\/\" target=\"_blank\" rel=\"noopener\">remorque silo \u00e0 ciment pour la vente<\/a><\/span>, <a href=\"https:\/\/www.pandamech.com\/france\/category\/pneumatic-trailer\/cement-tanker\/\" target=\"_blank\" rel=\"noopener\"><span style=\"color: #0000ff;\">Citerne \u00e0 ciment PANDA<\/span><\/a><\/p>\n<p style=\"text-align: center;\"><a class=\"product_button\" href=\"#elementor-action%3Aaction%3Dpopup%3Aopen%26settings%3DeyJpZCI6Ijk5MDciLCJ0b2dnbGUiOmZhbHNlfQ%3D%3D\">Obtenir un devis imm\u00e9diat<\/a><\/p>\n<h2>Transport maritime d'une remorque-citerne \u00e0 ciment<\/h2>\n<p>Nous commanderons le Freightliner avant la fin de la production et l'inspecterons apr\u00e8s la sortie. La remorque inspect\u00e9e vous sera exp\u00e9di\u00e9e dans les meilleurs d\u00e9lais.<\/p>\n<p>Pour \u00e9viter que la peinture de la remorque de transport de sable de ciment ne soit corrod\u00e9e par l'eau de mer, nous pulv\u00e9risons une couche de cire sur la surface de la remorque-citerne \u00e0 ciment avant le transport.<\/p>\n<p>Nous envelopperons tous les moteurs diesel de ciment <span style=\"color: #0000ff;\"><a style=\"color: #0000ff;\" href=\"https:\/\/www.pandamech.com\/france\/product\/bulk-powder-tanker-p00149p1-html\/\" target=\"_blank\" rel=\"noopener\">remorques-citernes \u00e0 poudre<\/a><\/span> avec une toile de pluie.<\/p>\n<p><img fetchpriority=\"high\" decoding=\"async\" class=\"alignnone wp-image-30042 size-full\" src=\"https:\/\/pandamech.com\/wp-content\/uploads\/2022\/08\/Panda-Cement-Bulker-Emily-3-2.jpg\" alt=\"transport maritime d&#039;une remorque de 120 tonnes de ciment\" width=\"800\" height=\"533\" title=\"\"><\/p>\n<h2>Panda Mech<\/h2>\n<p>Panda Mech est un fabricant chinois de remorques \u00e0 ciment de 120 tonnes. Nous fournissons des remorques \u00e0 ciment de 120 tonnes \u00e0 vendre. Les fabricants de Panda Mech ont connu le succ\u00e8s en Asie du Sud-Est, au Moyen-Orient, en Afrique et en Am\u00e9rique du Sud, tels que les Philippines, la Tanzanie, etc...<\/p>\n<p><a href=\"https:\/\/www.pandamech.com\/france\/contact-us\/\" target=\"_blank\" rel=\"noopener\"><img decoding=\"async\" class=\"alignnone\" src=\"https:\/\/pandamech.com\/wp-content\/uploads\/2021\/08\/quotation.jpg\" alt=\"Devis pour une remorque \u00e0 ciment de 120 tonnes\" width=\"864\" height=\"213\" title=\"\"><\/a><\/p>","protected":false},"excerpt":{"rendered":"<p>Type : Remorque-citerne \u00e0 ciment de 120 tonnes \u00e0 3 essieux<\/p>\n<p>Gamme de prix : $18 900-32 500<\/p>\n<p>D\u00e9lai de livraison : 7-25 jours<\/p>\n<p>D\u00e9chargement plus rapide : &gt;1,5 tonne\/min<\/p>\n<p>Application : transport de ciment, de particules de PVC, de cendres volantes, de mat\u00e9riaux granulaires, etc.<\/p>","protected":false},"featured_media":57761,"template":"","meta":{"_acf_changed":false,"_kad_blocks_custom_css":"","_kad_blocks_head_custom_js":"","_kad_blocks_body_custom_js":"","_kad_blocks_footer_custom_js":"","_kad_post_transparent":"default","_kad_post_title":"","_kad_post_layout":"default","_kad_post_sidebar_id":"","_kad_post_content_style":"default","_kad_post_vertical_padding":"default","_kad_post_feature":"","_kad_post_feature_position":"","_kad_post_header":false,"_kad_post_footer":false,"_kad_post_classname":""},"product_brand":[],"product_cat":[101],"product_tag":[],"class_list":{"0":"post-21371","1":"product","2":"type-product","3":"status-publish","4":"has-post-thumbnail","6":"product_cat-cement-tanker","8":"first","9":"instock","10":"sold-individually","11":"shipping-taxable","12":"purchasable","13":"product-type-simple","14":"entry","15":"content-bg","16":"loop-entry"},"acf":[],"taxonomy_info":{"product_cat":[{"value":101,"label":"Cement Tanker For Sale"}]},"featured_image_src_large":["https:\/\/www.pandamech.com\/wp-content\/uploads\/2022\/08\/2-46-500x500.jpg",500,500,true],"author_info":[],"comment_info":"","_links":{"self":[{"href":"https:\/\/www.pandamech.com\/france\/wp-json\/wp\/v2\/product\/21371","targetHints":{"allow":["GET"]}}],"collection":[{"href":"https:\/\/www.pandamech.com\/france\/wp-json\/wp\/v2\/product"}],"about":[{"href":"https:\/\/www.pandamech.com\/france\/wp-json\/wp\/v2\/types\/product"}],"version-history":[{"count":1,"href":"https:\/\/www.pandamech.com\/france\/wp-json\/wp\/v2\/product\/21371\/revisions"}],"predecessor-version":[{"id":91407,"href":"https:\/\/www.pandamech.com\/france\/wp-json\/wp\/v2\/product\/21371\/revisions\/91407"}],"wp:featuredmedia":[{"embeddable":true,"href":"https:\/\/www.pandamech.com\/france\/wp-json\/wp\/v2\/media\/57761"}],"wp:attachment":[{"href":"https:\/\/www.pandamech.com\/france\/wp-json\/wp\/v2\/media?parent=21371"}],"wp:term":[{"taxonomy":"product_brand","embeddable":true,"href":"https:\/\/www.pandamech.com\/france\/wp-json\/wp\/v2\/product_brand?post=21371"},{"taxonomy":"product_cat","embeddable":true,"href":"https:\/\/www.pandamech.com\/france\/wp-json\/wp\/v2\/product_cat?post=21371"},{"taxonomy":"product_tag","embeddable":true,"href":"https:\/\/www.pandamech.com\/france\/wp-json\/wp\/v2\/product_tag?post=21371"}],"curies":[{"name":"wp","href":"https:\/\/api.w.org\/{rel}","templated":true}]}}