{"id":21370,"date":"2025-09-02T12:02:46","date_gmt":"2025-09-02T04:02:46","guid":{"rendered":"http:\/\/pandamech.com\/?post_type=product&#038;p=21370"},"modified":"2025-09-06T15:55:15","modified_gmt":"2025-09-06T07:55:15","slug":"6-axle-tipping-semi-trailer","status":"publish","type":"product","link":"https:\/\/www.pandamech.com\/france\/product\/6-axle-tipping-semi-trailer\/","title":{"rendered":"Remorque \u00e0 benne basculante 45 CBM \u00e0 6 essieux"},"content":{"rendered":"<p class=\"serp-title\">Remorque \u00e0 benne basculante 6 essieux 45 CBM, \u00e9galement connue sous le nom de remorque \u00e0 benne basculante 6 essieux 45 cbm, ou remorque \u00e0 benne basculante 6 essieux 45 cbm. La structure comprend le ch\u00e2ssis, la caisse et le syst\u00e8me de levage. La prise de force alimente le cylindre en huile, soul\u00e8ve la caisse jusqu'\u00e0 l'angle d\u00e9sir\u00e9, la cargaison glisse vers l'ext\u00e9rieur, am\u00e9liorant ainsi l'efficacit\u00e9 du d\u00e9chargement.<\/p>\n<p>La remorque basculante 45 CBM \u00e0 6 essieux est largement utilis\u00e9e dans les usines de gr\u00e8s, les chantiers de construction, les mines, le transport de sable, de gravier, les travaux de terrassement et l'exploitation mini\u00e8re.<\/p>\n<h2 class=\"serp-title\">6 Axle 45 CBM Tipper Trailer images<\/h2>\n<p><img fetchpriority=\"high\" decoding=\"async\" class=\"alignnone wp-image-32428 size-full\" src=\"https:\/\/pandamech.com\/wp-content\/uploads\/2022\/08\/6-axle-tipper-trailer-7.jpg\" alt=\"Fabricant de remorques \u00e0 benne basculante \u00e0 6 essieux 45 CBM\" width=\"750\" height=\"400\" title=\"\"><\/p>\n<p>Semi-remorque \u00e0 benne basculante 6 essieux 45 cbm \u00e0 vendre - <span style=\"color: #0000ff;\"><a style=\"color: #0000ff;\" href=\"https:\/\/www.pandamech.com\/france\/product\/50-ton-high-side-end-dump-trailer\/\" target=\"_blank\" rel=\"noopener\">Semi-remorque \u00e0 benne basculante \u00e0 3 essieux<\/a><\/span><\/p>\n<p><img decoding=\"async\" class=\"alignnone wp-image-32429 size-full\" src=\"https:\/\/pandamech.com\/wp-content\/uploads\/2022\/08\/6-axle-tipper-trailer-8.jpg\" alt=\"Remorque \u00e0 benne basculante 45 CBM \u00e0 6 essieux \u00e0 vendre en Chine\" width=\"750\" height=\"532\" title=\"\"><\/p>\n<p>Remorque \u00e0 benne basculante \u00e0 6 essieux 45 cbm \u00e0 vendre usine<\/p>\n<p><img decoding=\"async\" class=\"alignnone wp-image-32430 size-full\" src=\"https:\/\/pandamech.com\/wp-content\/uploads\/2022\/08\/6-axle-tipper-trailer-9.jpg\" alt=\"Semi-remorque \u00e0 benne basculante \u00e0 6 essieux 45cbm fabricant\" width=\"750\" height=\"400\" title=\"\"><\/p>\n<p>Semi-remorque \u00e0 benne basculante \u00e0 6 essieux 45cbm fabricant<\/p>\n<h2 class=\"serp-title\">Sp\u00e9cification de la remorque \u00e0 benne basculante 45 CBM \u00e0 6 essieux<\/h2>\n<table style=\"width: 800px;\" border=\"1\" cellspacing=\"1\" cellpadding=\"1\">\n<tbody>\n<tr>\n<td valign=\"top\" width=\"284\">Marque<\/td>\n<td valign=\"top\" width=\"411\">Panda Mech<\/td>\n<\/tr>\n<tr>\n<td valign=\"top\" width=\"284\">Dimension<\/td>\n<td valign=\"top\" width=\"411\">11,570\u00d72,700x3700mm<\/td>\n<\/tr>\n<tr>\n<td valign=\"top\" width=\"284\">Corps \u00e0 l'int\u00e9rieur<\/td>\n<td valign=\"top\" width=\"411\">10,500\u00d72,500\u00d71,700mm<\/td>\n<\/tr>\n<tr>\n<td valign=\"top\" width=\"284\">Volume<\/td>\n<td valign=\"top\" width=\"411\">30-70 tonnes<\/td>\n<\/tr>\n<tr>\n<td valign=\"top\" width=\"284\">Plancher<\/td>\n<td valign=\"top\" width=\"411\">6-12mm<\/td>\n<\/tr>\n<tr>\n<td valign=\"top\" width=\"284\">Paroi lat\u00e9rale<\/td>\n<td valign=\"top\" width=\"411\">3,5-6 mm<\/td>\n<\/tr>\n<tr>\n<td valign=\"top\" width=\"284\">Poutre<\/td>\n<td valign=\"top\" width=\"411\">Q345 section \u201cI\u201d double \u00e2me<\/td>\n<\/tr>\n<tr>\n<td valign=\"top\" width=\"284\">Cylindre<\/td>\n<td valign=\"top\" width=\"411\">Syst\u00e8me hydraulique HYVA FC\/EZ<\/td>\n<\/tr>\n<tr>\n<td valign=\"top\" width=\"284\">Essieu<\/td>\n<td valign=\"top\" width=\"411\">6 essieux<\/td>\n<\/tr>\n<tr>\n<td valign=\"top\" width=\"284\">Pneu<\/td>\n<td valign=\"top\" width=\"411\">12.00R20 \/ 13R22.5 ou personnalis\u00e9<\/td>\n<\/tr>\n<tr>\n<td valign=\"top\" width=\"284\">Suspension<\/td>\n<td valign=\"top\" width=\"411\">M\u00e9canique \/ Air \/ Bogie en option<\/td>\n<\/tr>\n<tr>\n<td valign=\"top\" width=\"284\">Frein<\/td>\n<td valign=\"top\" width=\"411\">Syst\u00e8me de freinage pneumatique double, chambre et valve WABCO<\/td>\n<\/tr>\n<\/tbody>\n<\/table>\n<p style=\"text-align: center;\"><a class=\"product_button\" href=\"#elementor-action%3Aaction%3Dpopup%3Aopen%26settings%3DeyJpZCI6Ijk5MDciLCJ0b2dnbGUiOmZhbHNlfQ%3D%3D\">Cliquez pour plus de d\u00e9tails<\/a><\/p>\n<h2 class=\"serp-title\">Caract\u00e9ristiques de la remorque \u00e0 benne basculante 45 CBM \u00e0 6 essieux<\/h2>\n<p><strong>Grand espace de chargement de 45 m\u00e8tres cubes pour un transport plus efficace :<\/strong><\/p>\n<p>Le Panda Mech offre une solution de grande capacit\u00e9, vous permettant de transporter plus de marchandises \u00e0 la fois tout en r\u00e9duisant la consommation de carburant et les co\u00fbts de main-d'\u0153uvre, ce qui rend chaque voyage plus pr\u00e9cieux.<\/p>\n<p><strong>Acier \u00e0 haute r\u00e9sistance, r\u00e9sistant \u00e0 l'usure, pour une plus longue dur\u00e9e de vie :<\/strong><\/p>\n<p>Fabriqu\u00e9 en Hardox 450 ou \u00e9quivalent, il est plus l\u00e9ger et plus r\u00e9sistant \u00e0 l'usure que l'acier ordinaire, ce qui prolonge sa dur\u00e9e de vie et r\u00e9duit les co\u00fbts de maintenance.<\/p>\n<p><strong>Syst\u00e8me hydraulique HYVA n\u00e9erlandais pour un d\u00e9chargement plus rapide et plus stable :<\/strong><\/p>\n<p>Les cylindres hydrauliques \u00e0 haute pression permettent un d\u00e9chargement \u00e0 un angle important de 45\u00b0, ce qui permet au sable, au gravier et au minerai de glisser facilement le long de la charge, r\u00e9duisant ainsi le temps et l'effort de d\u00e9chargement.<\/p>\n<p><strong>Conception du corps en forme de U pour une plus grande s\u00e9curit\u00e9 et une r\u00e9duction du travail :<\/strong><\/p>\n<p>L'abaissement du centre de gravit\u00e9 permet un chargement et un d\u00e9chargement en douceur, offrant une plus grande capacit\u00e9 de charge tout en r\u00e9duisant la cargaison r\u00e9siduelle, ce qui permet de gagner du temps et d'\u00e9viter les soucis.<\/p>\n<p><strong>Le ch\u00e2ssis et la suspension renforc\u00e9s s'adaptent aux diff\u00e9rentes conditions de travail :<\/strong><\/p>\n<p>Des routes mini\u00e8res accident\u00e9es aux chantiers de construction, le ch\u00e2ssis robuste du Panda Mech maintient la stabilit\u00e9, assurant la fiabilit\u00e9 m\u00eame dans des conditions exigeantes.<\/p>\n<p style=\"text-align: center;\"><a class=\"product_button\" href=\"#elementor-action%3Aaction%3Dpopup%3Aopen%26settings%3DeyJpZCI6Ijk5MDciLCJ0b2dnbGUiOmZhbHNlfQ%3D%3D\">Cliquez pour plus de d\u00e9tails<\/a><\/p>\n<h2>Panda Mech<\/h2>\n<p>Panda Mech est un fabricant de semi-remorque basculante \u00e0 6 essieux en Chine. Nous fournissons des semi-remorques basculantes \u00e0 6 essieux pour la vente. Les fabricants de PANDA MECH ont r\u00e9ussi en Asie du Sud-Est, au Moyen-Orient, en Afrique et en Am\u00e9rique du Sud, tels que les Philippines, la Tanzanie, le Nigeria, etc...<\/p>\n<p><a href=\"\/france\/contact-us\/\" rel=\"nofollow\"><img decoding=\"async\" src=\"https:\/\/pandamech.com\/wp-content\/uploads\/u_file\/db8ce19fe3.jpg\" alt=\"Semi-remorque basculante\" title=\"\"><\/a><\/p>","protected":false},"excerpt":{"rendered":"<p>Mod\u00e8le : 6 essieux 30-70 tonnes<\/p>\n<p>Fourchette de prix : 15 000-28 000 USD<\/p>\n<p>D\u00e9lai de livraison : 7-25 jours<\/p>\n<p>Application : transport de charbon, de minerai, de mat\u00e9riaux de construction<\/p>\n<p>syst\u00e8me hydraulique HYVA marque Holland<\/p>\n<p>Corps de la bo\u00eete : Hardox450 et \u00e9quivalent<\/p>","protected":false},"featured_media":57744,"template":"","meta":{"_acf_changed":false,"_kad_blocks_custom_css":"","_kad_blocks_head_custom_js":"","_kad_blocks_body_custom_js":"","_kad_blocks_footer_custom_js":"","_kad_post_transparent":"default","_kad_post_title":"","_kad_post_layout":"default","_kad_post_sidebar_id":"","_kad_post_content_style":"default","_kad_post_vertical_padding":"default","_kad_post_feature":"","_kad_post_feature_position":"","_kad_post_header":false,"_kad_post_footer":false,"_kad_post_classname":""},"product_brand":[],"product_cat":[106],"product_tag":[],"class_list":{"0":"post-21370","1":"product","2":"type-product","3":"status-publish","4":"has-post-thumbnail","6":"product_cat-semi-dump-trailer","8":"first","9":"instock","10":"sold-individually","11":"shipping-taxable","12":"purchasable","13":"product-type-simple","14":"entry","15":"content-bg","16":"loop-entry"},"acf":[],"taxonomy_info":{"product_cat":[{"value":106,"label":"End Dump Trailer"}]},"featured_image_src_large":["https:\/\/www.pandamech.com\/wp-content\/uploads\/2022\/08\/2-22-500x500.jpg",500,500,true],"author_info":[],"comment_info":"","_links":{"self":[{"href":"https:\/\/www.pandamech.com\/france\/wp-json\/wp\/v2\/product\/21370","targetHints":{"allow":["GET"]}}],"collection":[{"href":"https:\/\/www.pandamech.com\/france\/wp-json\/wp\/v2\/product"}],"about":[{"href":"https:\/\/www.pandamech.com\/france\/wp-json\/wp\/v2\/types\/product"}],"version-history":[{"count":3,"href":"https:\/\/www.pandamech.com\/france\/wp-json\/wp\/v2\/product\/21370\/revisions"}],"predecessor-version":[{"id":91577,"href":"https:\/\/www.pandamech.com\/france\/wp-json\/wp\/v2\/product\/21370\/revisions\/91577"}],"wp:featuredmedia":[{"embeddable":true,"href":"https:\/\/www.pandamech.com\/france\/wp-json\/wp\/v2\/media\/57744"}],"wp:attachment":[{"href":"https:\/\/www.pandamech.com\/france\/wp-json\/wp\/v2\/media?parent=21370"}],"wp:term":[{"taxonomy":"product_brand","embeddable":true,"href":"https:\/\/www.pandamech.com\/france\/wp-json\/wp\/v2\/product_brand?post=21370"},{"taxonomy":"product_cat","embeddable":true,"href":"https:\/\/www.pandamech.com\/france\/wp-json\/wp\/v2\/product_cat?post=21370"},{"taxonomy":"product_tag","embeddable":true,"href":"https:\/\/www.pandamech.com\/france\/wp-json\/wp\/v2\/product_tag?post=21370"}],"curies":[{"name":"wp","href":"https:\/\/api.w.org\/{rel}","templated":true}]}}