{"id":21343,"date":"2022-05-17T19:02:24","date_gmt":"2022-05-17T11:02:24","guid":{"rendered":"http:\/\/pandamech.com\/?post_type=product&#038;p=21343"},"modified":"2025-08-23T01:08:27","modified_gmt":"2025-08-22T17:08:27","slug":"3-axle-40ft-dropside-flatbed-trailers","status":"publish","type":"product","link":"https:\/\/www.pandamech.com\/france\/product\/3-axle-40ft-dropside-flatbed-trailers\/","title":{"rendered":"40Ft Drop Side Trailers \u00e0 vendre"},"content":{"rendered":"<p>La remorque \u00e0 ridelles de 40 pieds peut \u00eatre utilis\u00e9e pour transporter de nombreux types d'objets, des bo\u00eetes aux marchandises en vrac. Son panneau lat\u00e9ral peut \u00eatre ouvert, ce qui facilite le d\u00e9chargement de la cargaison. Les entreprises de transport dans le secteur de la logistique utilisent largement les remorques \u00e0 plateau \u00e0 parois lat\u00e9rales.<\/p>\n<p>Panda Mech 70t <span style=\"color: #0000ff;\"><a style=\"color: #0000ff;\" href=\"https:\/\/www.pandamech.com\/france\/category\/cargo-trailer\/side-wall-trailer\/\" target=\"_blank\" rel=\"noopener\">remorque cargo \u00e0 plateau surbaiss\u00e9<\/a><\/span> est r\u00e9put\u00e9 pour sa structure en acier tr\u00e8s robuste ; nous pouvons fournir diff\u00e9rentes configurations de notre semi-remorque 70t drop side bulk cargo pour r\u00e9pondre \u00e0 vos besoins de transport.<\/p>\n<h2>40Ft drop side trailer images<\/h2>\n<p><img fetchpriority=\"high\" decoding=\"async\" class=\"alignnone wp-image-32642 size-full\" src=\"https:\/\/pandamech.com\/wp-content\/uploads\/2022\/10\/side-wall-trailers-9.jpg\" alt=\"Remorque \u00e0 parois lat\u00e9rales 40ft 70 ton \u00e0 vendre\" width=\"750\" height=\"400\" title=\"\"><\/p>\n<p>Semi-remorque de transport \u00e0 3 essieux 70t \u00e0 paroi lat\u00e9rale \u00e0 vendre<\/p>\n<p><img decoding=\"async\" class=\"alignnone wp-image-32641 size-full\" src=\"https:\/\/pandamech.com\/wp-content\/uploads\/2022\/10\/side-wall-trailers-8.jpg\" alt=\"Semi-remorque \u00e0 3 essieux 40ft 70t sidewall bulk cargo semi-remorque \u00e0 vendre\" width=\"750\" height=\"399\" title=\"\"><\/p>\n<p>Fabricant de remorques porte-conteneurs 40ft drop side<\/p>\n<p>En rapport : <span style=\"color: #0000ff;\"><a style=\"color: #0000ff;\" href=\"https:\/\/www.pandamech.com\/france\/category\/tipper-trailer\/side-tipper\/\" target=\"_blank\" rel=\"noopener\">benne lat\u00e9rale<\/a><\/span>, <span style=\"color: #0000ff;\"><a style=\"color: #0000ff;\" href=\"https:\/\/www.pandamech.com\/france\/category\/low-bed-trailers\/low-boy-trailer\/\" target=\"_blank\" rel=\"noopener\">remorque surbaiss\u00e9e<\/a><\/span>, <a href=\"https:\/\/www.pandamech.com\/category\/cargo-trailer\/fence-trailer\/\" target=\"_blank\" rel=\"noopener\"><span style=\"color: #0000ff;\">remorque de cl\u00f4ture<\/span><\/a><\/p>\n<p style=\"text-align: center;\"><a class=\"product_button\" href=\"#elementor-action%3Aaction%3Dpopup%3Aopen%26settings%3DeyJpZCI6Ijk5MDciLCJ0b2dnbGUiOmZhbHNlfQ%3D%3D\">Cliquez pour plus de d\u00e9tails<\/a><\/p>\n<h2>Sp\u00e9cifications de la remorque \u00e0 ridelles de 40 pieds<\/h2>\n<table style=\"width: 800px;\" border=\"1\" cellspacing=\"1\" cellpadding=\"1\">\n<tbody>\n<tr>\n<td width=\"216\" height=\"36\">\u00a0Fabricant<\/td>\n<td width=\"493\">\u00a0Remorque Panda Mech \u00e0 plateau et \u00e0 parois lat\u00e9rales<\/td>\n<\/tr>\n<tr>\n<td height=\"36\">\u00a0Poutre principale<\/td>\n<td width=\"493\">\u00a0Acier Q345 ; la plaque centrale est de 8 mm ; la plaque inf\u00e9rieure est de 16 mm.<\/td>\n<\/tr>\n<tr>\n<td height=\"36\">\u00a0Faisceau lat\u00e9ral<\/td>\n<td width=\"493\">\u00a016# acier \u00e0 cannelures<\/td>\n<\/tr>\n<tr>\n<td height=\"36\">\u00a0Goupille royale<\/td>\n<td width=\"493\">\u00a0Goupille de traction 2\u201d ou 3,5<\/td>\n<\/tr>\n<tr>\n<td height=\"36\">\u00a0Plancher<\/td>\n<td width=\"493\">\u00a0Plaque d'acier diamant\u00e9e de 3 mm<\/td>\n<\/tr>\n<tr>\n<td height=\"36\">\u00a0Suspension<\/td>\n<td width=\"493\">\u00a0Suspension m\u00e9canique ou pneumatique<\/td>\n<\/tr>\n<tr>\n<td height=\"36\">\u00a0Essieu<\/td>\n<td width=\"493\">\u00a03 essieux, BPW, Fuwa<\/td>\n<\/tr>\n<tr>\n<td height=\"36\">\u00a0Jante de roue<\/td>\n<td width=\"493\">\u00a0Jante en acier 9.0-22.5<\/td>\n<\/tr>\n<tr>\n<td height=\"36\">\u00a0Pneu<\/td>\n<td width=\"493\">\u00a0Spe:12R22.5 ; Nombre de pneus:12 pi\u00e8ces<\/td>\n<\/tr>\n<tr>\n<td height=\"36\">\u00a0Valve de frein<\/td>\n<td width=\"493\">\u00a0Marque KTL\/WEBCO<\/td>\n<\/tr>\n<tr>\n<td height=\"36\">\u00a0Lumi\u00e8re<\/td>\n<td width=\"493\">\u00a0Feu arri\u00e8re avec clignotant, feu stop, feu lat\u00e9ral, etc.<\/td>\n<\/tr>\n<tr>\n<td height=\"36\">\u00a0Engrenage principal<\/td>\n<td width=\"493\">\u00a028T Man\u0153uvre manuelle, Train d'atterrissage renforc\u00e9<\/td>\n<\/tr>\n<\/tbody>\n<\/table>\n<p style=\"text-align: center;\"><a class=\"product_button\" href=\"#elementor-action%3Aaction%3Dpopup%3Aopen%26settings%3DeyJpZCI6Ijk5MDciLCJ0b2dnbGUiOmZhbHNlfQ%3D%3D\">Obtenir un devis imm\u00e9diat<\/a><\/p>\n<h2>Dessin d'une remorque \u00e0 ridelles de 40 pieds<\/h2>\n<p><img decoding=\"async\" class=\"alignnone\" style=\"width: 800px;\" src=\"https:\/\/pandamech.com\/wp-content\/uploads\/2022\/06\/40ft-dropside-trailers-drawing.jpg\" alt=\"Dessin de remorques \u00e0 plateau de 40 pieds et 70 tonnes\" width=\"800\" height=\"533\" title=\"\"><\/p>\n<p>Dessin d'une remorque plate 70t dropside<\/p>\n<h2>Caract\u00e9ristiques de la remorque \u00e0 ridelles de 40 pieds<\/h2>\n<p><strong>Bonne peinture<\/strong><\/p>\n<p>Les surfaces sont nettoy\u00e9es par grenaillage : une couche d'\u00e9poxy et une couche de finition acrylique.<\/p>\n<p>Durable, il ne rouille pas, ce qui prolonge sa dur\u00e9e de vie et son aspect.<\/p>\n<p><strong>Soudage automatique<\/strong><\/p>\n<p>Arc submerg\u00e9 Construction automatique de la soudure, renforcement des points cl\u00e9s et soudage cibl\u00e9 pour \u00e9viter que certaines parties plus accessibles perdent la soudure selon l'exp\u00e9rience, ce qui permet au v\u00e9hicule de fonctionner plus longtemps sans \u00eatre r\u00e9par\u00e9.<\/p>\n<p><strong>Essieux de qualit\u00e9, suspensions et syst\u00e8mes de freinage<\/strong><\/p>\n<p>Les essieux BPW, FUWA les plus performants au monde fonctionnent avec la valve de freinage WABCO, ce qui permet de freiner plus efficacement pour la s\u00e9curit\u00e9 et d'\u00e9conomiser le co\u00fbt des pneus.<\/p>\n<p>Fixer des ressorts et des suspensions de qualit\u00e9 permet de prolonger la dur\u00e9e de vie et de r\u00e9duire les co\u00fbts d'entretien.<\/p>\n<p style=\"text-align: center;\"><a class=\"product_button\" href=\"#elementor-action%3Aaction%3Dpopup%3Aopen%26settings%3DeyJpZCI6Ijk5MDciLCJ0b2dnbGUiOmZhbHNlfQ%3D%3D\">Cliquez pour plus de d\u00e9tails<\/a><\/p>\n<h2>Application d'une remorque \u00e0 ridelles de 40 pieds<\/h2>\n<p>La remorque \u00e0 ridelles de 40 pieds est g\u00e9n\u00e9ralement utilis\u00e9e pour le transport de marchandises en vrac. Elle est principalement utilis\u00e9e pour les transports longue distance. En g\u00e9n\u00e9ral, la remorque \u00e0 ridelles peut transporter de 30 \u00e0 80 tonnes.<\/p>\n<p>S'il s'agit d'une grande quantit\u00e9 de transport ou de besoins diff\u00e9rents, nous pouvons la personnaliser ou mettre en place une remorque plate-forme pour certains v\u00e9hicules d\u00e9form\u00e9s.<\/p>\n<h2>Panda Mech<\/h2>\n<p>Nous sommes un fabricant chinois de remorques \u00e0 ridelles de 40 pieds. Nous fournissons des remorques surbaiss\u00e9es 40ft 70 tonnes pour la vente. Nous pouvons la personnaliser selon vos besoins. Les fabricants de Panda Mech ont connu le succ\u00e8s en Asie du Sud-Est, au Moyen-Orient, en Afrique et en Am\u00e9rique du Sud, tels que les Philippines, la Tanzanie, etc...<u><\/u><\/p>\n<p><a href=\"\/france\/contact-us\/\" rel=\"nofollow\"><img decoding=\"async\" src=\"https:\/\/pandamech.com\/wp-content\/uploads\/u_file\/db8ce19fe3.jpg\" alt=\"vente de remorques \u00e0 plateau \u00e0 ridelles\" title=\"\"><\/a><\/p>","protected":false},"excerpt":{"rendered":"<p>Type : Remorque \u00e0 ridelles \u00e0 3 essieux<\/p>\n<p>Gamme de prix : $13900-25 900<\/p>\n<p>Livraison : 7-25 jours<\/p>\n<p>Poids de la charge : 30-60 tonnes<\/p>\n<p>Application : Transport de marchandises en vrac, de ciment en sac<\/p>","protected":false},"featured_media":58408,"template":"","meta":{"_acf_changed":false,"_kad_blocks_custom_css":"","_kad_blocks_head_custom_js":"","_kad_blocks_body_custom_js":"","_kad_blocks_footer_custom_js":"","_kad_post_transparent":"default","_kad_post_title":"","_kad_post_layout":"default","_kad_post_sidebar_id":"","_kad_post_content_style":"default","_kad_post_vertical_padding":"default","_kad_post_feature":"","_kad_post_feature_position":"","_kad_post_header":false,"_kad_post_footer":false,"_kad_post_classname":""},"product_brand":[],"product_cat":[75],"product_tag":[60,65],"class_list":{"0":"post-21343","1":"product","2":"type-product","3":"status-publish","4":"has-post-thumbnail","6":"product_cat-side-wall-trailer","7":"product_tag-3-axle-trailer","8":"product_tag-40ft-trailer","10":"first","11":"instock","12":"sold-individually","13":"shipping-taxable","14":"purchasable","15":"product-type-simple","16":"entry","17":"content-bg","18":"loop-entry"},"acf":[],"taxonomy_info":{"product_cat":[{"value":75,"label":"Drop Side Trailer"}],"product_tag":[{"value":60,"label":"3 Axle Trailer"},{"value":65,"label":"40Ft Trailer"}]},"featured_image_src_large":["https:\/\/www.pandamech.com\/wp-content\/uploads\/2022\/10\/side-wall-trailers-1-500x500.jpg",500,500,true],"author_info":[],"comment_info":"","_links":{"self":[{"href":"https:\/\/www.pandamech.com\/france\/wp-json\/wp\/v2\/product\/21343","targetHints":{"allow":["GET"]}}],"collection":[{"href":"https:\/\/www.pandamech.com\/france\/wp-json\/wp\/v2\/product"}],"about":[{"href":"https:\/\/www.pandamech.com\/france\/wp-json\/wp\/v2\/types\/product"}],"version-history":[{"count":1,"href":"https:\/\/www.pandamech.com\/france\/wp-json\/wp\/v2\/product\/21343\/revisions"}],"predecessor-version":[{"id":91413,"href":"https:\/\/www.pandamech.com\/france\/wp-json\/wp\/v2\/product\/21343\/revisions\/91413"}],"wp:featuredmedia":[{"embeddable":true,"href":"https:\/\/www.pandamech.com\/france\/wp-json\/wp\/v2\/media\/58408"}],"wp:attachment":[{"href":"https:\/\/www.pandamech.com\/france\/wp-json\/wp\/v2\/media?parent=21343"}],"wp:term":[{"taxonomy":"product_brand","embeddable":true,"href":"https:\/\/www.pandamech.com\/france\/wp-json\/wp\/v2\/product_brand?post=21343"},{"taxonomy":"product_cat","embeddable":true,"href":"https:\/\/www.pandamech.com\/france\/wp-json\/wp\/v2\/product_cat?post=21343"},{"taxonomy":"product_tag","embeddable":true,"href":"https:\/\/www.pandamech.com\/france\/wp-json\/wp\/v2\/product_tag?post=21343"}],"curies":[{"name":"wp","href":"https:\/\/api.w.org\/{rel}","templated":true}]}}