{"id":21342,"date":"2025-12-02T17:35:24","date_gmt":"2025-12-02T09:35:24","guid":{"rendered":"http:\/\/pandamech.com\/?post_type=product&#038;p=21342"},"modified":"2025-12-10T16:45:17","modified_gmt":"2025-12-10T08:45:17","slug":"40ft-goosneck-double-tire-415-p00296p1-html","status":"publish","type":"product","link":"https:\/\/www.pandamech.com\/france\/product\/40ft-goosneck-double-tire-415-p00296p1-html\/","title":{"rendered":"40Ft Air Ride Container Chassis For Sale"},"content":{"rendered":"<h2>Qu'est-ce qu'un ch\u00e2ssis de conteneur \u00e0 suspension pneumatique ?<\/h2>\n<p>Ch\u00e2ssis de conteneur \u00e0 suspension pneumatique, \u00e9galement appel\u00e9 remorque squelettique \u00e0 suspension pneumatique, etc. G\u00e9n\u00e9ralement utilis\u00e9 pour le transport de conteneurs ISO dans les ports, les chantiers navals, les routes, les ponts, les tunnels et les stations de transfert, et pour soutenir les syst\u00e8mes logistiques de transport multimodal. Les 40 pieds de long conviennent \u00e0 4 \u00e0 14 ensembles de sas pour conteneurs, adapt\u00e9s aux conteneurs secs de 10\u2032, 20\u2032, 40\u2032, aux conteneurs-citernes, aux conteneurs frigorifiques, etc.<\/p>\n<h3>Applications dans le transport de conteneurs et les ports<\/h3>\n<p>Dans le transport de conteneurs et les ports, les ch\u00e2ssis Air Ride sont utilis\u00e9s pour le drayage port-rail rapide, les navettes vers les terminaux, les transferts vers les d\u00e9p\u00f4ts en dehors des quais et les livraisons vers les centres de distribution, afin d'\u00e9liminer les surcharges des navires et de r\u00e9duire les mouvements des portes. Le ch\u00e2ssis porte-conteneurs 40Ft Air Ride brille sur les voies HC 40\u2032\/40\u2032 : le col de cygne abaisse la hauteur totale pour les conteneurs hauts, tandis que l'Air Ride amortit les aires de trafic difficiles et les rampes ferroviaires, prot\u00e9geant ainsi les marchandises r\u00e9frig\u00e9r\u00e9es, fragiles et de grande valeur. Il permet \u00e9galement d'effectuer des trajets de nuit sur des couloirs surcharg\u00e9s, d'am\u00e9liorer la r\u00e9partition l\u00e9gale des essieux et de raccourcir les temps de rotation pendant les op\u00e9rations de pointe.<\/p>\n<h3>Pourquoi choisir un ch\u00e2ssis de conteneur \u00e0 suspension pneumatique ?<\/h3>\n<ul>\n<li>Une conduite plus souple r\u00e9duit les chocs sur la cargaison, le cadre et les composants.<\/li>\n<li>La hauteur de conduite r\u00e9glable facilite l'alignement des quais et les transitions entre les rampes.<\/li>\n<li>Le nivellement automatique r\u00e9partit le poids uniform\u00e9ment sur les essieux pour plus de l\u00e9galit\u00e9.<\/li>\n<li>La r\u00e9duction des vibrations am\u00e9liore le contact avec le pneu, ce qui prolonge la dur\u00e9e de vie de la bande de roulement.<\/li>\n<li>Prot\u00e8ge les conteneurs frigorifiques, les appareils \u00e9lectroniques et les charges fragiles contre les dommages dus aux chocs.<\/li>\n<li>Meilleure stabilit\u00e9 sur les aires de trafic accident\u00e9es, les nids-de-poule et les routes irr\u00e9guli\u00e8res.<\/li>\n<\/ul>\n<h2>40Ft Air Ride Container Chassis images<\/h2>\n<p><img fetchpriority=\"high\" decoding=\"async\" class=\"alignnone\" src=\"\/wp-content\/uploads\/u_file\/b7551a3d00.jpg\" alt=\"40Ft Air Ride Container Chassis Trailer \u00e0 vendre\" width=\"800\" height=\"533\" title=\"\"><\/p>\n<p>40Ft Air Ride Container Chassis factory in China<\/p>\n<p><img decoding=\"async\" class=\"alignnone\" src=\"\/wp-content\/uploads\/u_file\/ff61ab719e.jpg\" alt=\"40Ft Air Ride Container Chassis Trailer manufacturer\" width=\"800\" height=\"533\" title=\"\"><\/p>\n<p>Ch\u00e2ssis de conteneur \u00e0 suspension pneumatique de 40 pieds Fabricant de ch\u00e2ssis de conteneur en Chine<\/p>\n<h2>Sp\u00e9cification du ch\u00e2ssis de conteneur \u00e0 suspension pneumatique de 40 pieds<\/h2>\n<table style=\"width: 800px;\" border=\"1\" cellspacing=\"1\" cellpadding=\"1\">\n<tbody>\n<tr>\n<td width=\"457\" height=\"32\">Dimension<\/td>\n<td width=\"492\">12500*2500*1550mm<\/td>\n<\/tr>\n<tr>\n<td width=\"457\" height=\"32\">Hauteur<\/td>\n<td>1550mm<\/td>\n<\/tr>\n<tr>\n<td width=\"457\" height=\"32\">Largeur<\/td>\n<td>2500mm<\/td>\n<\/tr>\n<tr>\n<td width=\"457\" height=\"32\">Poids<\/td>\n<td>5600Kg<\/td>\n<\/tr>\n<tr>\n<td width=\"457\" height=\"32\">Poutre principale<\/td>\n<td>\u201cSection \u201dI\" hauteur 500mm mat\u00e9riau Q345\/T700<\/td>\n<\/tr>\n<tr>\n<td width=\"457\" height=\"32\">Serrure tournante<\/td>\n<td>12\/14 fixer la norme ISO<\/td>\n<\/tr>\n<tr>\n<td width=\"457\" height=\"32\">Suspension<\/td>\n<td>Suspension pneumatique<\/td>\n<\/tr>\n<tr>\n<td width=\"457\" height=\"32\">Essieu<\/td>\n<td>Essieux 2\/3\/4 BPW\/FUWA\/PDME etc.<\/td>\n<\/tr>\n<tr>\n<td width=\"457\" height=\"32\">Jante<\/td>\n<td>8\/12\/16 pi\u00e8ces 9.0-22.5 Acier\/Aluminium<\/td>\n<\/tr>\n<tr>\n<td width=\"457\" height=\"32\">Pneu<\/td>\n<td>8\/12\/16 pi\u00e8ces 12R22.5 Bridgestone\/Triangle\/Linglong etc.<\/td>\n<\/tr>\n<tr>\n<td width=\"457\" height=\"32\">Valve de frein<\/td>\n<td>WABCO<\/td>\n<\/tr>\n<tr>\n<td width=\"457\" height=\"32\">Chambre de frein<\/td>\n<td>4\/6\/8 s\u00e9ries T30\/30<\/td>\n<\/tr>\n<tr>\n<td width=\"457\" height=\"32\">R\u00e9servoir d'air<\/td>\n<td>28L<\/td>\n<\/tr>\n<tr>\n<td width=\"457\" height=\"32\">Tuyau de frein<\/td>\n<td>Tube en fil de nylon<\/td>\n<\/tr>\n<tr>\n<td width=\"457\" height=\"32\">Train d'atterrissage<\/td>\n<td>28T Levage JOST\/YAHUA<\/td>\n<\/tr>\n<tr>\n<td width=\"457\" height=\"32\">Kingpin<\/td>\n<td>2\u2033(50mm)\/3.5\u2033(90mm) JOST Type de boulonnage<\/td>\n<\/tr>\n<tr>\n<td width=\"457\" height=\"32\">Lumi\u00e8res<\/td>\n<td>12v\/24v LED \u00e9tanche<\/td>\n<\/tr>\n<tr>\n<td width=\"457\" height=\"32\">Couleur<\/td>\n<td>Sur mesure<\/td>\n<\/tr>\n<tr>\n<td width=\"457\" height=\"32\"><a href=\"\/france\/contact-us\/\"><u>Demande de renseignements<\/u><\/a><\/td>\n<td><a href=\"\/france\/contact-us\/\"><u>Obtenir un devis<\/u><\/a><\/td>\n<\/tr>\n<\/tbody>\n<\/table>\n<h2>Caract\u00e9ristiques du ch\u00e2ssis de conteneur \u00e0 suspension pneumatique<\/h2>\n<ul>\n<li>La g\u00e9om\u00e9trie du col de cygne abaisse la hauteur du pont pour un d\u00e9gagement de 40\u2032, am\u00e9liorant la stabilit\u00e9 et la conformit\u00e9 du pont, tandis que les poutres en I \u00e0 haute r\u00e9sistance \u00e0 la traction pr\u00e9servent la rigidit\u00e9 en torsion avec un minimum de tare.<\/li>\n<li>La suspension pneumatique avec mise \u00e0 niveau automatique \u00e9galise les charges sur les essieux, r\u00e9duit les vibrations et maintient une hauteur de conduite constante pour des quais, des rampes et des tabliers rugueux plus souples.<\/li>\n<li>La g\u00e9om\u00e9trie optimis\u00e9e et l'empattement plus long permettent de n\u00e9gocier les virages avec pr\u00e9cision ; la r\u00e9duction des rebonds am\u00e9liore le freinage, la r\u00e9ponse de l'ABS\/EBS et le contr\u00f4le du conducteur \u00e0 vitesse \u00e9lev\u00e9e.<\/li>\n<li>Disposition facilitant l'entretien : harnais scell\u00e9, coussins d'air et amortisseurs boulonn\u00e9s, soupapes prot\u00e9g\u00e9es et acheminement clair des conduites raccourcissent les inspections et r\u00e9duisent les temps d'immobilisation pour l'entretien.<\/li>\n<\/ul>\n<h2>40Ft Air Ride Container Chassis \u00e0 vendre<\/h2>\n<p>Panda Mech est un fabricant chinois de ch\u00e2ssis de conteneur \u00e0 suspension pneumatique de 40 pieds. Nous fournissons des ch\u00e2ssis de conteneurs \u00e0 suspension pneumatique de 40 pieds pour la vente. Les fabricants de PANDA MECH ont connu le succ\u00e8s en Asie du Sud-Est, au Moyen-Orient, en Afrique et en Am\u00e9rique du Sud, tels que les Philippines, la Tanzanie, etc...<\/p>\n<p><a href=\"\/france\/contact-us\/\" rel=\"nofollow\"><img decoding=\"async\" src=\"https:\/\/pandamech.com\/wp-content\/uploads\/u_file\/db8ce19fe3.jpg\" alt=\"Ch\u00e2ssis de conteneur de 40 pieds\" title=\"\"><\/a><\/p>\n<h2>FAQ<\/h2>\n<h3 data-start=\"2242\" data-end=\"2468\"><strong data-start=\"2242\" data-end=\"2317\">Quelle est la diff\u00e9rence entre la suspension pneumatique et la suspension m\u00e9canique ?<\/strong><\/h3>\n<p data-start=\"2242\" data-end=\"2468\">La suspension pneumatique permet de r\u00e9gler la hauteur de conduite et d'am\u00e9liorer la maniabilit\u00e9, ce qui est id\u00e9al pour les cargaisons fragiles. La suspension m\u00e9canique est moins ch\u00e8re mais moins souple.<\/p>\n<h3 data-start=\"2473\" data-end=\"2620\"><strong data-start=\"2473\" data-end=\"2540\">Quelle est la capacit\u00e9 de charge d'une remorque \u00e0 col de cygne de 40 pieds \u00e0 suspension pneumatique ?<\/strong><\/h3>\n<p data-start=\"2473\" data-end=\"2620\">La valeur nominale est comprise entre <strong data-start=\"2557\" data-end=\"2571\">17-40 tonnes<\/strong>, en fonction de la configuration de l'essieu et du mat\u00e9riau.<\/p>\n<h3 data-start=\"2625\" data-end=\"2775\"><strong data-start=\"2625\" data-end=\"2686\">Puis-je utiliser cette remorque pour des conteneurs de 20 et 40 pieds ?<\/strong><\/h3>\n<p data-start=\"2625\" data-end=\"2775\">Oui, il prend en charge les serrures 4-14 adapt\u00e9es aux <strong data-start=\"2736\" data-end=\"2772\">Conteneurs ISO de 10, 20 et 40 pieds<\/strong>.<\/p>\n<h3 data-start=\"2780\" data-end=\"2923\"><strong data-start=\"2780\" data-end=\"2837\">Quel est le co\u00fbt d'un ch\u00e2ssis-conteneur de 40 pieds \u00e0 suspension pneumatique ?<\/strong><\/h3>\n<p data-start=\"2780\" data-end=\"2923\">Fourchettes de prix d'usine <strong data-start=\"2861\" data-end=\"2878\">$8,500-16,900<\/strong>, en fonction de la personnalisation et du type d'essieu.<\/p>","protected":false},"excerpt":{"rendered":"<p>Type : Remorque squelettique \u00e0 col de cygne de 40 pieds \u00e0 suspension pneumatique<\/p>\n<p>Gamme de prix : $8500-16,900<\/p>\n<p>Livraison : 7-25 jours<\/p>\n<p>Capacit\u00e9 de chargement : 17-40 tonnes<\/p>\n<p>Applications : conteneur de transport<\/p>","protected":false},"featured_media":58608,"template":"","meta":{"_acf_changed":false,"_kad_blocks_custom_css":"","_kad_blocks_head_custom_js":"","_kad_blocks_body_custom_js":"","_kad_blocks_footer_custom_js":"","_kad_post_transparent":"default","_kad_post_title":"","_kad_post_layout":"default","_kad_post_sidebar_id":"","_kad_post_content_style":"default","_kad_post_vertical_padding":"default","_kad_post_feature":"","_kad_post_feature_position":"","_kad_post_header":false,"_kad_post_footer":false,"_kad_post_classname":""},"product_brand":[],"product_cat":[103,110],"product_tag":[65],"class_list":{"0":"post-21342","1":"product","2":"type-product","3":"status-publish","4":"has-post-thumbnail","6":"product_cat-container-chassis-trailer","7":"product_cat-gooseneck-container-chassis","8":"product_tag-40ft-trailer","10":"first","11":"instock","12":"sold-individually","13":"shipping-taxable","14":"purchasable","15":"product-type-simple","16":"entry","17":"content-bg","18":"loop-entry"},"acf":[],"taxonomy_info":{"product_cat":[{"value":103,"label":"Container Chassis"},{"value":110,"label":"Gooseneck Container Chassis"}],"product_tag":[{"value":65,"label":"40Ft Trailer"}]},"featured_image_src_large":["https:\/\/www.pandamech.com\/wp-content\/uploads\/2022\/05\/1-500x500.jpg",500,500,true],"author_info":[],"comment_info":"","_links":{"self":[{"href":"https:\/\/www.pandamech.com\/france\/wp-json\/wp\/v2\/product\/21342","targetHints":{"allow":["GET"]}}],"collection":[{"href":"https:\/\/www.pandamech.com\/france\/wp-json\/wp\/v2\/product"}],"about":[{"href":"https:\/\/www.pandamech.com\/france\/wp-json\/wp\/v2\/types\/product"}],"version-history":[{"count":4,"href":"https:\/\/www.pandamech.com\/france\/wp-json\/wp\/v2\/product\/21342\/revisions"}],"predecessor-version":[{"id":92441,"href":"https:\/\/www.pandamech.com\/france\/wp-json\/wp\/v2\/product\/21342\/revisions\/92441"}],"wp:featuredmedia":[{"embeddable":true,"href":"https:\/\/www.pandamech.com\/france\/wp-json\/wp\/v2\/media\/58608"}],"wp:attachment":[{"href":"https:\/\/www.pandamech.com\/france\/wp-json\/wp\/v2\/media?parent=21342"}],"wp:term":[{"taxonomy":"product_brand","embeddable":true,"href":"https:\/\/www.pandamech.com\/france\/wp-json\/wp\/v2\/product_brand?post=21342"},{"taxonomy":"product_cat","embeddable":true,"href":"https:\/\/www.pandamech.com\/france\/wp-json\/wp\/v2\/product_cat?post=21342"},{"taxonomy":"product_tag","embeddable":true,"href":"https:\/\/www.pandamech.com\/france\/wp-json\/wp\/v2\/product_tag?post=21342"}],"curies":[{"name":"wp","href":"https:\/\/api.w.org\/{rel}","templated":true}]}}