{"id":21341,"date":"2022-05-09T19:02:23","date_gmt":"2022-05-09T11:02:23","guid":{"rendered":"http:\/\/pandamech.com\/?post_type=product&#038;p=21341"},"modified":"2025-08-23T01:08:28","modified_gmt":"2025-08-22T17:08:28","slug":"25-120-ton-aluminum-cement-trailer","status":"publish","type":"product","link":"https:\/\/www.pandamech.com\/france\/product\/25-120-ton-aluminum-cement-trailer\/","title":{"rendered":"Remorque \u00e0 ciment en aluminium"},"content":{"rendered":"<p>La remorque \u00e0 ciment en aluminium est \u00e9galement appel\u00e9e camion-citerne \u00e0 ciment en aluminium, camion-citerne \u00e0 poudre en aluminium. La remorque-citerne \u00e0 ciment en aluminium est principalement utilis\u00e9e pour transporter des mat\u00e9riaux en poudre dont le diam\u00e8tre ne d\u00e9passe pas 0,1 mm, notamment des cendres volantes, de la chaux, etc.<\/p>\n<p>Le domaine d'application de la remorque de camion-citerne en aluminium est tr\u00e8s large, y compris l'agriculture, l'industrie, la construction, l'industrie \u00e9lectrique, etc. La remorque est la plus utilis\u00e9e dans l'industrie de la construction, en particulier dans les cimenteries, les sites de construction.<\/p>\n<h2>Caract\u00e9ristiques de la remorque \u00e0 ciment en aluminium<\/h2>\n<ul>\n<li>1. Le camion-citerne \u00e0 ciment est fabriqu\u00e9 en acier \u00e0 haute r\u00e9sistance \u00e0 l'usure, pour le march\u00e9 africain, les conditions routi\u00e8res sont relativement mauvaises, pour la structure de la carrosserie est un test, la carrosserie de la qualit\u00e9 de soudage et l'utilisation des accessoires est tr\u00e8s importante, la remorque \u00e0 ciment bonne et mauvaise dans de mauvaises conditions routi\u00e8res est plus susceptible de se refl\u00e9ter.<\/li>\n<li>2. Machine automatique \u00e0 souder les plaques pour le soudage double face des plaques d'acier, afin d'assurer une meilleure qualit\u00e9 du cordon de soudure, une plus longue dur\u00e9e de vie et un bel aspect de la cuve.<\/li>\n<li>3. Une fois la production du vrac de ciment termin\u00e9e, un test de pression et un test d'\u00e9tanch\u00e9it\u00e9 \u00e0 l'air sont d'abord effectu\u00e9s pour s'assurer qu'il n'y a pas de probl\u00e8me.<\/li>\n<\/ul>\n<p style=\"text-align: center;\"><a class=\"product_button\" href=\"#elementor-action%3Aaction%3Dpopup%3Aopen%26settings%3DeyJpZCI6Ijk5MDciLCJ0b2dnbGUiOmZhbHNlfQ%3D%3D\">Cliquez pour plus de d\u00e9tails<\/a><\/p>\n<h2>Sp\u00e9cification de la remorque de transport de ciment en aluminium<\/h2>\n<p>Il s'agit de la sp\u00e9cification de la remorque en aluminium pour camion \u00e0 ciment. Nous fournissons des remorques \u00e0 ciment en aluminium de 25 \u00e0 120 tonnes pour la vente.<\/p>\n<table style=\"width: 800px;\" border=\"1\" cellspacing=\"1\" cellpadding=\"1\">\n<tbody>\n<tr>\n<td width=\"165\" height=\"38\">\u00a0Marque<\/td>\n<td width=\"532\">\u00a0Panda Mech remorque en aluminium pour vrac sec<\/td>\n<\/tr>\n<tr>\n<td width=\"165\" height=\"38\">\u00a0Longueur<\/td>\n<td width=\"532\">\u00a09,5-14,5 m\u00e8tres<\/td>\n<\/tr>\n<tr>\n<td width=\"165\" height=\"38\">\u00a0Capacit\u00e9<\/td>\n<td width=\"532\">\u00a025-120 tonnes<\/td>\n<\/tr>\n<tr>\n<td width=\"165\" height=\"38\">\u00a0Poids<\/td>\n<td width=\"532\">\u00a0En option, 4,5-6 tonnes<\/td>\n<\/tr>\n<tr>\n<td width=\"165\" height=\"55\">\u00a0Dimensions<\/td>\n<td width=\"532\">\u00a0(9500-12500)*2500*(3300-4000)mm<\/td>\n<\/tr>\n<tr>\n<td width=\"165\" height=\"37\">\u00a0Mat\u00e9riau de la carrosserie du camion-citerne<\/td>\n<td width=\"532\">\u00a0Acier ou aluminium<\/td>\n<\/tr>\n<tr>\n<td width=\"165\" height=\"38\">\u00a0Moteur diesel<\/td>\n<td width=\"532\">\u00a0WEICHAI 4100\/4102 Marque<\/td>\n<\/tr>\n<tr>\n<td width=\"165\" height=\"38\">\u00a0Compresseur<\/td>\n<td width=\"532\">\u00a0BOHAI, FUDA 10m3\/12 m3ou autres marques<\/td>\n<\/tr>\n<tr>\n<td width=\"165\" height=\"55\">\u00a0Soupape de d\u00e9charge<\/td>\n<td width=\"532\">\u00a0Diam\u00e8tre de 3 ou 4 pouces<\/td>\n<\/tr>\n<tr>\n<td width=\"165\" height=\"38\">\u00a0Poutres principales<\/td>\n<td width=\"532\">\u00a0Conception soud\u00e9e, acier \u00e0 haute r\u00e9sistance<\/td>\n<\/tr>\n<tr>\n<td width=\"165\" height=\"55\">\u00a0Essieu<\/td>\n<td width=\"532\">\u00a03 essieux, 14 tonnes<\/td>\n<\/tr>\n<tr>\n<td width=\"165\" height=\"38\">\u00a0Suspension<\/td>\n<td width=\"532\">\u00a0Suspension m\u00e9canique ou suspension pneumatique<\/td>\n<\/tr>\n<tr>\n<td width=\"165\" height=\"37\">\u00a0Pneu<\/td>\n<td width=\"532\">\u00a012R22.5<\/td>\n<\/tr>\n<\/tbody>\n<\/table>\n<p style=\"text-align: center;\"><a class=\"product_button\" href=\"#elementor-action%3Aaction%3Dpopup%3Aopen%26settings%3DeyJpZCI6Ijk5MDciLCJ0b2dnbGUiOmZhbHNlfQ%3D%3D\">Cliquez pour plus de d\u00e9tails<\/a><\/p>\n<h2>Remorque \u00e0 ciment en aluminium image<\/h2>\n<p><img fetchpriority=\"high\" decoding=\"async\" class=\"alignnone\" style=\"width: 800px;\" src=\"https:\/\/pandamech.com\/wp-content\/uploads\/2021\/08\/7-92.jpg\" alt=\"remorque porte-ciment pneumatique en aluminium\" width=\"800\" height=\"533\" title=\"\"><\/p>\n<p>Remorque de transport de ciment en aluminium 35cbm<\/p>\n<p><img decoding=\"async\" class=\"alignnone\" style=\"width: 800px;\" src=\"https:\/\/pandamech.com\/wp-content\/uploads\/2021\/08\/8-79.jpg\" alt=\"35cbm aluminium transport ciment bulk trailer\" width=\"800\" height=\"533\" title=\"\"><\/p>\n<p>35cbm aluminium dry bulk cement trailer<\/p>\n<p>En rapport : <span style=\"color: #0000ff;\"><a style=\"color: #0000ff;\" href=\"https:\/\/www.pandamech.com\/france\/product\/30-ton-bulk-flour-tanker-trailer\/\" target=\"_blank\" rel=\"noopener\">citerne \u00e0 farine<\/a><\/span>, <span style=\"color: #0000ff;\"><a style=\"color: #0000ff;\" href=\"https:\/\/www.pandamech.com\/france\/product\/50-ton-cement-bulk-trailer-for-sale\/\" target=\"_blank\" rel=\"noopener\">Remorque-citerne \u00e0 ciment de 50 tonnes<\/a><\/span><\/p>\n<p style=\"text-align: center;\"><a class=\"product_button\" href=\"#elementor-action%3Aaction%3Dpopup%3Aopen%26settings%3DeyJpZCI6Ijk5MDciLCJ0b2dnbGUiOmZhbHNlfQ%3D%3D\">Obtenir un devis imm\u00e9diat<\/a><\/p>\n<h2>Transport maritime d'une remorque-citerne \u00e0 ciment en aluminium<\/h2>\n<p>Nous commanderons le Freightliner \u00e0 l'avance, avant que la production ne soit termin\u00e9e, et proc\u00e9derons \u00e0 une inspection une fois la production termin\u00e9e. La remorque inspect\u00e9e vous sera exp\u00e9di\u00e9e dans les meilleurs d\u00e9lais.<\/p>\n<p>Afin d'\u00e9viter que la peinture de la remorque de transport de sable de ciment ne soit corrod\u00e9e par l'eau de mer, nous pulv\u00e9riserons une couche de cire sur la surface de l'aluminium. <span class=\"VlHyHc\">remorque \u00e0 ciment<\/span> avant le transport.<\/p>\n<p>Nous envelopperons toutes les remorques en aluminium des transporteurs de ciment en vrac de moteurs diesel avec de la toile de pluie.<\/p>\n<h2>Panda Mech<\/h2>\n<p>Panda Mech est un fabricant de remorque \u00e0 ciment en aluminium en Chine. Nous fournissons des remorques \u00e0 ciment en aluminium pour la vente. Les fabricants de Panda Mech ont connu le succ\u00e8s en Asie du Sud-Est, au Moyen-Orient, en Afrique et en Am\u00e9rique du Sud, tels que les Philippines, la Tanzanie, etc...<\/p>\n<p><a href=\"https:\/\/www.pandamech.com\/france\/contact-us\/\" target=\"_blank\" rel=\"noopener\"><img decoding=\"async\" class=\"alignnone\" src=\"https:\/\/pandamech.com\/wp-content\/uploads\/2021\/08\/quotation.jpg\" alt=\"cendres volantes ciment bulker trailer quotation\" width=\"864\" height=\"213\" title=\"\"><\/a><\/p>","protected":false},"excerpt":{"rendered":"<p>Type : remorque-citerne \u00e0 ciment en aluminium<\/p>\n<p>Gamme de prix : $20 900-42 500<\/p>\n<p>D\u00e9lai de livraison : 7-25 jours<\/p>\n<p>D\u00e9chargement plus rapide : &gt;1,5 tonne\/min<\/p>\n<p>Application : transport de ciment, de particules de PVC, de cendres volantes, de mat\u00e9riaux granulaires, etc.<\/p>","protected":false},"featured_media":58317,"template":"","meta":{"_acf_changed":false,"_kad_blocks_custom_css":"","_kad_blocks_head_custom_js":"","_kad_blocks_body_custom_js":"","_kad_blocks_footer_custom_js":"","_kad_post_transparent":"default","_kad_post_title":"","_kad_post_layout":"default","_kad_post_sidebar_id":"","_kad_post_content_style":"default","_kad_post_vertical_padding":"default","_kad_post_feature":"","_kad_post_feature_position":"","_kad_post_header":false,"_kad_post_footer":false,"_kad_post_classname":""},"product_brand":[],"product_cat":[101],"product_tag":[],"class_list":{"0":"post-21341","1":"product","2":"type-product","3":"status-publish","4":"has-post-thumbnail","6":"product_cat-cement-tanker","8":"first","9":"instock","10":"sold-individually","11":"shipping-taxable","12":"purchasable","13":"product-type-simple","14":"entry","15":"content-bg","16":"loop-entry"},"acf":[],"taxonomy_info":{"product_cat":[{"value":101,"label":"Cement Tanker For Sale"}]},"featured_image_src_large":["https:\/\/www.pandamech.com\/wp-content\/uploads\/2022\/10\/aluminum-cement-2-500x500.jpg",500,500,true],"author_info":[],"comment_info":"","_links":{"self":[{"href":"https:\/\/www.pandamech.com\/france\/wp-json\/wp\/v2\/product\/21341","targetHints":{"allow":["GET"]}}],"collection":[{"href":"https:\/\/www.pandamech.com\/france\/wp-json\/wp\/v2\/product"}],"about":[{"href":"https:\/\/www.pandamech.com\/france\/wp-json\/wp\/v2\/types\/product"}],"version-history":[{"count":1,"href":"https:\/\/www.pandamech.com\/france\/wp-json\/wp\/v2\/product\/21341\/revisions"}],"predecessor-version":[{"id":91420,"href":"https:\/\/www.pandamech.com\/france\/wp-json\/wp\/v2\/product\/21341\/revisions\/91420"}],"wp:featuredmedia":[{"embeddable":true,"href":"https:\/\/www.pandamech.com\/france\/wp-json\/wp\/v2\/media\/58317"}],"wp:attachment":[{"href":"https:\/\/www.pandamech.com\/france\/wp-json\/wp\/v2\/media?parent=21341"}],"wp:term":[{"taxonomy":"product_brand","embeddable":true,"href":"https:\/\/www.pandamech.com\/france\/wp-json\/wp\/v2\/product_brand?post=21341"},{"taxonomy":"product_cat","embeddable":true,"href":"https:\/\/www.pandamech.com\/france\/wp-json\/wp\/v2\/product_cat?post=21341"},{"taxonomy":"product_tag","embeddable":true,"href":"https:\/\/www.pandamech.com\/france\/wp-json\/wp\/v2\/product_tag?post=21341"}],"curies":[{"name":"wp","href":"https:\/\/api.w.org\/{rel}","templated":true}]}}