{"id":21339,"date":"2022-05-11T19:02:23","date_gmt":"2022-05-11T11:02:23","guid":{"rendered":"http:\/\/pandamech.com\/?post_type=product&#038;p=21339"},"modified":"2026-01-05T15:01:43","modified_gmt":"2026-01-05T07:01:43","slug":"3-axle-vacuum-cement-trailer","status":"publish","type":"product","link":"https:\/\/www.pandamech.com\/france\/product\/3-axle-vacuum-cement-trailer\/","title":{"rendered":"Remorque \u00e0 ciment sous vide \u00e0 3 essieux"},"content":{"rendered":"<h2>Qu'est-ce qu'un vraquier \u00e0 chargement automatique ?<\/h2>\n<p><strong>Notamment, le ciment entre rapidement dans la remorque sans l'aide d'un d\u00e9chargeur de ciment ou de tout autre \u00e9quipement. Nous vous proposons des V-bulkers sous vide avec un syst\u00e8me d'auto-chargement, compl\u00e8tement ind\u00e9pendant des installations de la cimenterie.<\/strong><\/p>\n<p>Nous pouvons modifier tous les d\u00e9tails techniques en fonction des besoins du client. Panda Trailer est une marque nationale et internationale certifi\u00e9e pour ce type de remorque, qui peut \u00eatre produite dans diff\u00e9rentes capacit\u00e9s. Nos produits sont export\u00e9s dans le monde entier. Les camions-citernes sous vide sont vendus dans le monde entier.<\/p>\n<h2>Fonctionnalit\u00e9<\/h2>\n<ul>\n<li>1. Meilleur acier brut : Le corps du r\u00e9servoir et la construction sont en acier \u00e0 haute r\u00e9sistance YP \u2265 620, ce qui garantit une dur\u00e9e de vie plus longue et un poids \u00e0 vide plus l\u00e9ger.<\/li>\n<li>2. Excellentes performances, la conception unique assure un taux de d\u00e9chargement de 1,3 t\/min, une distance de d\u00e9chargement verticale de 30 m.<\/li>\n<li>3. Qualit\u00e9 de la soudure :  Un bon acier et des soudures de qualit\u00e9 offrent une garantie plus longue pour les remorques de transport de ciment sous vide.<\/li>\n<li>4. Peinture durable : L'ensemble du v\u00e9hicule est nettoy\u00e9 par grenaillage avant d'\u00eatre peint, deux fois l'appr\u00eat permettent de prolonger la dur\u00e9e de vie de la peinture.<\/li>\n<li>5. Conception : dessin en 3D avec Ansys et Hypermesh Analyse du support raisonnable Conception d'une remorque de transport de ciment sous vide.<\/li>\n<\/ul>\n<p style=\"text-align: center;\"><a class=\"product_button\" href=\"#elementor-action%3Aaction%3Dpopup%3Aopen%26settings%3DeyJpZCI6Ijk5MDciLCJ0b2dnbGUiOmZhbHNlfQ%3D%3D\">Cliquez pour plus de d\u00e9tails<\/a><\/p>\n<h2>Vid\u00e9o de la remorque du ciment<\/h2>\n<p><iframe title=\"Lecteur vid\u00e9o YouTube\" src=\"https:\/\/www.youtube.com\/embed\/6jNy8uXFBjc\" width=\"800\" height=\"533\" frameborder=\"0\" allowfullscreen=\"allowfullscreen\"><\/iframe><\/p>\n<h2>Application<\/h2>\n<p>L'autochargement est une technologie avantageuse ; le vraquier autochargeur peut aspirer le ciment des navires, des bateaux ou de n'importe o\u00f9 dans la remorque.<\/p>\n<p>La remorque \u00e0 ciment sous vide est utilis\u00e9e pour le transport du ciment, de la chaux, du sable et d'autres mat\u00e9riaux pulv\u00e9rulents en vrac d'un diam\u00e8tre \u2264 0,1 mm.<\/p>\n<p>Bulker \u00e0 ciment auto-chargeant d'une capacit\u00e9 de 25 \u00e0 120 tonnes, d'un volume de 22 \u00e0 100 cbm.<\/p>\n<h2>Sp\u00e9cifications de la remorque autochargeuse pour camion \u00e0 ciment<\/h2>\n<table style=\"width: 800px;\" border=\"1\" cellspacing=\"1\" cellpadding=\"1\">\n<tbody>\n<tr>\n<td width=\"221\" height=\"37\">Marque<\/td>\n<td width=\"475\">Vraquier autochargeur Panda Mech<\/td>\n<\/tr>\n<tr>\n<td width=\"221\" height=\"37\">Dimension<\/td>\n<td width=\"475\">12000x2500x3300-3800mm (optional)<\/td>\n<\/tr>\n<tr>\n<td width=\"221\" height=\"37\">Capacit\u00e9\/volume<\/td>\n<td width=\"475\">55 tonnes \/ 45 m\u00b3<\/td>\n<\/tr>\n<tr>\n<td width=\"221\" height=\"37\">Moteur<\/td>\n<td width=\"475\">WeiCai Deutz diesel moto<\/td>\n<\/tr>\n<tr>\n<td width=\"221\" height=\"37\">Couvercle de trou d'homme<\/td>\n<td width=\"475\">2 \u00e0 4 ensembles de 500 mm de diam\u00e8tre<\/td>\n<\/tr>\n<tr>\n<td width=\"221\" height=\"37\">Soupape de d\u00e9charge<\/td>\n<td width=\"475\">Valve \u00e0 disque de 4\u2033 (4\u2033 disc valve)<\/td>\n<\/tr>\n<tr>\n<td width=\"221\" height=\"37\">Mat\u00e9riau de la carrosserie\/ch\u00e2ssis<\/td>\n<td width=\"475\">Acier \u00e0 haute r\u00e9sistance de 5 ou 6 mm<\/td>\n<\/tr>\n<tr>\n<td width=\"221\" height=\"37\">Structure<\/td>\n<td width=\"475\">Q345 acier \u00e0 haute r\u00e9sistance<\/td>\n<\/tr>\n<tr>\n<td width=\"221\" height=\"37\">Suspension<\/td>\n<td width=\"475\">Suspension m\u00e9canique, suspension pneumatique<\/td>\n<\/tr>\n<tr>\n<td width=\"221\" height=\"37\">Essieu<\/td>\n<td width=\"475\">1 \u00e0 4 ensembles, essieux de 13, 16 et 20 tonnes<\/td>\n<\/tr>\n<tr>\n<td width=\"221\" height=\"37\">Pneu<\/td>\n<td width=\"475\">12R22.5, 385\/65R22.5, 13R22.5, 12.00R24, 315\/80R22.5<\/td>\n<\/tr>\n<tr>\n<td width=\"221\" height=\"95\"><\/td>\n<td width=\"475\">Main courante pneumatique, Moteur de marque r\u00e9put\u00e9e, Essieu, Pneus, Fils \u00e9tanches, Grenaillage, Syst\u00e8me de d\u00e9chargement de vrac de ciment, Tuyau semi-m\u00e9trique, Valve, Valve de d\u00e9clenchement, Coussin gonflable int\u00e9rieur, Train d'atterrissage, Dispositif de pulv\u00e9risation d'eau, Protection lat\u00e9rale et bo\u00eete \u00e0 outils, Couvercle de trou d'homme, Souffleur d'air pneumatique<\/td>\n<\/tr>\n<\/tbody>\n<\/table>\n<p style=\"text-align: center;\"><a class=\"product_button\" href=\"#elementor-action%3Aaction%3Dpopup%3Aopen%26settings%3DeyJpZCI6Ijk5MDciLCJ0b2dnbGUiOmZhbHNlfQ%3D%3D\">Cliquez pour plus de d\u00e9tails<\/a><\/p>\n<h2>3 Axle vacuum cement bulker trailer images<\/h2>\n<p><img fetchpriority=\"high\" decoding=\"async\" class=\"size-full wp-image-22414\" title=\"Remorque \u00e0 ciment sous vide \u00e0 3 essieux\" src=\"https:\/\/pandamech.com\/wp-content\/uploads\/2022\/08\/7-3-1.jpg\" alt=\"7-3-1\" width=\"800\" height=\"533\" \/><\/p>\n<p>bulker \u00e0 ciment \u00e0 chargement automatique pour la vente<\/p>\n<p><img decoding=\"async\" class=\"size-full wp-image-22415\" title=\"Remorque \u00e0 ciment sous vide \u00e0 3 essieux\" src=\"https:\/\/pandamech.com\/wp-content\/uploads\/2022\/08\/8-1-1.jpg\" alt=\"8-1-1\" width=\"800\" height=\"533\" \/><\/p>\n<p>remorque de ciment en vrac \u00e0 chargement automatique pour la vente<\/p>\n<p style=\"text-align: center;\"><a class=\"product_button\" href=\"#elementor-action%3Aaction%3Dpopup%3Aopen%26settings%3DeyJpZCI6Ijk5MDciLCJ0b2dnbGUiOmZhbHNlfQ%3D%3D\">Obtenir un devis imm\u00e9diat<\/a><\/p>\n<h2>Transport maritime<\/h2>\n<p>Nous commanderons le Freightliner avant la fin de la production et l'inspecterons apr\u00e8s la sortie. La remorque inspect\u00e9e vous sera exp\u00e9di\u00e9e dans les meilleurs d\u00e9lais.<\/p>\n<p>Pour \u00e9viter que la peinture de la remorque de transport de sable de ciment ne soit corrod\u00e9e par l'eau de mer, nous pulv\u00e9risons une couche de cire sur la surface de la remorque-citerne \u00e0 poudre avant le transport.<\/p>\n<p>Nous envelopperons tous les moteurs diesel des camions-citernes de pluie.<\/p>\n<p><img decoding=\"async\" class=\"alignnone size-full wp-image-33094\" src=\"https:\/\/pandamech.com\/wp-content\/uploads\/2022\/10\/cement-trailer-transport-1.jpg\" alt=\"transport de ciment par camion-citerne\" width=\"750\" height=\"400\" title=\"\"><\/p>\n<h2>Panda Mech<\/h2>\n<p>Panda Mech est un fabricant chinois de remorques autochargeuses. Nous fournissons des remorques autochargeuses \u00e0 vendre. Les fabricants de Panda Mech ont connu le succ\u00e8s en Asie du Sud-Est, au Moyen-Orient, en Afrique et en Am\u00e9rique du Sud, notamment aux Philippines, en Tanzanie, etc...<\/p>\n<p><a href=\"https:\/\/www.pandamech.com\/france\/contact-us\/\" target=\"_blank\" rel=\"noopener\"><img loading=\"lazy\" decoding=\"async\" title=\"Remorque \u00e0 ciment sous vide \u00e0 3 essieux\" src=\"https:\/\/pandamech.com\/wp-content\/uploads\/2021\/08\/quotation.jpg\" alt=\"\" width=\"864\" height=\"213\"><\/a><\/p>","protected":false},"excerpt":{"rendered":"<p>Type : vraquier \u00e0 chargement automatique<\/p>\n<p>Prix : $17,800-35,900<\/p>\n<p>Livraison : 7-25 jours<\/p>\n<p>D\u00e9chargement plus rapide : &gt;1,5 tonne\/min<\/p>\n<p>Application : transport de ciment, de sable et d'autres mat\u00e9riaux granulaires<\/p>","protected":false},"featured_media":58403,"template":"","meta":{"_acf_changed":false,"_kad_blocks_custom_css":"","_kad_blocks_head_custom_js":"","_kad_blocks_body_custom_js":"","_kad_blocks_footer_custom_js":"","_kad_post_transparent":"default","_kad_post_title":"","_kad_post_layout":"default","_kad_post_sidebar_id":"","_kad_post_content_style":"default","_kad_post_vertical_padding":"default","_kad_post_feature":"","_kad_post_feature_position":"","_kad_post_header":false,"_kad_post_footer":false,"_kad_post_classname":""},"product_brand":[],"product_cat":[101],"product_tag":[],"class_list":{"0":"post-21339","1":"product","2":"type-product","3":"status-publish","4":"has-post-thumbnail","6":"product_cat-cement-tanker","8":"first","9":"instock","10":"sold-individually","11":"shipping-taxable","12":"purchasable","13":"product-type-simple","14":"entry","15":"content-bg","16":"loop-entry"},"acf":[],"taxonomy_info":{"product_cat":[{"value":101,"label":"Cement Tanker For Sale"}]},"featured_image_src_large":["https:\/\/www.pandamech.com\/wp-content\/uploads\/2022\/10\/selfloading-cement-trailer-1-500x500.jpg",500,500,true],"author_info":[],"comment_info":"","_links":{"self":[{"href":"https:\/\/www.pandamech.com\/france\/wp-json\/wp\/v2\/product\/21339","targetHints":{"allow":["GET"]}}],"collection":[{"href":"https:\/\/www.pandamech.com\/france\/wp-json\/wp\/v2\/product"}],"about":[{"href":"https:\/\/www.pandamech.com\/france\/wp-json\/wp\/v2\/types\/product"}],"version-history":[{"count":1,"href":"https:\/\/www.pandamech.com\/france\/wp-json\/wp\/v2\/product\/21339\/revisions"}],"predecessor-version":[{"id":91419,"href":"https:\/\/www.pandamech.com\/france\/wp-json\/wp\/v2\/product\/21339\/revisions\/91419"}],"wp:featuredmedia":[{"embeddable":true,"href":"https:\/\/www.pandamech.com\/france\/wp-json\/wp\/v2\/media\/58403"}],"wp:attachment":[{"href":"https:\/\/www.pandamech.com\/france\/wp-json\/wp\/v2\/media?parent=21339"}],"wp:term":[{"taxonomy":"product_brand","embeddable":true,"href":"https:\/\/www.pandamech.com\/france\/wp-json\/wp\/v2\/product_brand?post=21339"},{"taxonomy":"product_cat","embeddable":true,"href":"https:\/\/www.pandamech.com\/france\/wp-json\/wp\/v2\/product_cat?post=21339"},{"taxonomy":"product_tag","embeddable":true,"href":"https:\/\/www.pandamech.com\/france\/wp-json\/wp\/v2\/product_tag?post=21339"}],"curies":[{"name":"wp","href":"https:\/\/api.w.org\/{rel}","templated":true}]}}