{"id":21337,"date":"2022-05-12T19:02:23","date_gmt":"2022-05-12T11:02:23","guid":{"rendered":"http:\/\/pandamech.com\/?post_type=product&#038;p=21337"},"modified":"2026-01-05T15:02:54","modified_gmt":"2026-01-05T07:02:54","slug":"3-axles-transport-grain-semi-trailer-p00273p1-html","status":"publish","type":"product","link":"https:\/\/www.pandamech.com\/france\/product\/3-axles-transport-grain-semi-trailer-p00273p1-html\/","title":{"rendered":"Semi-remorque de transport de c\u00e9r\u00e9ales \u00e0 3 essieux"},"content":{"rendered":"<p>La remorque \u00e0 grains est une remorque tir\u00e9e par un semi-tracteur et utilis\u00e9e pour transporter des produits en vrac, tels que les grains. Ces semi-remorques \u00e0 grains sont largement utilis\u00e9es pour transporter des produits agricoles ainsi que toute autre marchandise pouvant \u00eatre transport\u00e9e en vrac, charg\u00e9e et d\u00e9charg\u00e9e par la remorque.<\/p>\n<p>Le fabricant Panda Mech fournit des semi-remorques de transport de c\u00e9r\u00e9ales \u00e0 3 essieux pour la vente. Nous pouvons la personnaliser en fonction de vos besoins.<\/p>\n<p>&nbsp;<\/p>\n<h2>Images de la semi-remorque c\u00e9r\u00e9ali\u00e8re<\/h2>\n<figure id=\"attachment_58552\" aria-describedby=\"caption-attachment-58552\" style=\"width: 800px\" class=\"wp-caption alignnone\"><img fetchpriority=\"high\" decoding=\"async\" class=\"size-full wp-image-58552\" title=\"Semi-remorque de transport de c\u00e9r\u00e9ales \u00e0 3 essieux\" src=\"https:\/\/pandamech.com\/wp-content\/uploads\/2022\/05\/2.jpg\" alt=\"Semi-remorque de transport de c\u00e9r\u00e9ales \u00e0 3 essieux\" width=\"800\" height=\"594\" srcset=\"https:\/\/www.pandamech.com\/wp-content\/uploads\/2022\/05\/2.jpg 800w, https:\/\/www.pandamech.com\/wp-content\/uploads\/2022\/05\/2-300x223.jpg 300w, https:\/\/www.pandamech.com\/wp-content\/uploads\/2022\/05\/2-500x371.jpg 500w, https:\/\/www.pandamech.com\/wp-content\/uploads\/2022\/05\/2-16x12.jpg 16w\" sizes=\"(max-width: 800px) 100vw, 800px\" \/><figcaption id=\"caption-attachment-58552\" class=\"wp-caption-text\">Semi-remorque de transport de c\u00e9r\u00e9ales \u00e0 3 essieux<\/figcaption><\/figure>\n<figure id=\"attachment_58553\" aria-describedby=\"caption-attachment-58553\" style=\"width: 800px\" class=\"wp-caption alignnone\"><img decoding=\"async\" class=\"size-full wp-image-58553\" title=\"Semi-remorque de transport de c\u00e9r\u00e9ales \u00e0 3 essieux\" src=\"https:\/\/pandamech.com\/wp-content\/uploads\/2022\/05\/8-1.jpg\" alt=\"Semi-remorque de transport de c\u00e9r\u00e9ales \u00e0 3 essieux\" width=\"800\" height=\"561\" srcset=\"https:\/\/www.pandamech.com\/wp-content\/uploads\/2022\/05\/8-1.jpg 800w, https:\/\/www.pandamech.com\/wp-content\/uploads\/2022\/05\/8-1-300x210.jpg 300w, https:\/\/www.pandamech.com\/wp-content\/uploads\/2022\/05\/8-1-500x351.jpg 500w, https:\/\/www.pandamech.com\/wp-content\/uploads\/2022\/05\/8-1-18x12.jpg 18w\" sizes=\"(max-width: 800px) 100vw, 800px\" \/><figcaption id=\"caption-attachment-58553\" class=\"wp-caption-text\">vente de remorques \u00e0 claire-voie<\/figcaption><\/figure>\n<figure id=\"attachment_58554\" aria-describedby=\"caption-attachment-58554\" style=\"width: 800px\" class=\"wp-caption alignnone\"><img decoding=\"async\" class=\"size-full wp-image-58554\" title=\"Semi-remorque de transport de c\u00e9r\u00e9ales \u00e0 3 essieux\" src=\"https:\/\/pandamech.com\/wp-content\/uploads\/2022\/05\/9.jpg\" alt=\"Semi-remorque de transport de c\u00e9r\u00e9ales \u00e0 3 essieux\" width=\"800\" height=\"561\" srcset=\"https:\/\/www.pandamech.com\/wp-content\/uploads\/2022\/05\/9.jpg 800w, https:\/\/www.pandamech.com\/wp-content\/uploads\/2022\/05\/9-300x210.jpg 300w, https:\/\/www.pandamech.com\/wp-content\/uploads\/2022\/05\/9-500x351.jpg 500w, https:\/\/www.pandamech.com\/wp-content\/uploads\/2022\/05\/9-18x12.jpg 18w\" sizes=\"(max-width: 800px) 100vw, 800px\" \/><figcaption id=\"caption-attachment-58554\" class=\"wp-caption-text\">remorque \u00e0 grain \u00e0 vendre<\/figcaption><\/figure>\n<h2>Sp\u00e9cifications des semi-remorques c\u00e9r\u00e9ali\u00e8res :<\/h2>\n<table style=\"width: 800px;\" border=\"1\" cellspacing=\"1\" cellpadding=\"1\">\n<tbody>\n<tr>\n<td width=\"155\" height=\"36\">Fabricant<\/td>\n<td width=\"636\">\u00a0Semi-remorque c\u00e9r\u00e9ali\u00e8re Panda Mech<\/td>\n<\/tr>\n<tr>\n<td width=\"155\" height=\"36\">\u00a0Charge utile<\/td>\n<td width=\"636\">\u00a040 000 kg<\/td>\n<\/tr>\n<tr>\n<td width=\"155\" height=\"36\">\u00a0Poids de tare<\/td>\n<td width=\"636\">\u00a073,00kg<\/td>\n<\/tr>\n<tr>\n<td width=\"155\" height=\"36\">\u00a0Dimension<\/td>\n<td width=\"636\">\u00a013000x2500x1550mm+(avec cl\u00f4ture amovible 2200mm)<\/td>\n<\/tr>\n<tr>\n<td width=\"155\" height=\"36\">\u00a0Poutre principale<\/td>\n<td width=\"636\">\u00a0Hauteur de la poutre 500 mm, plaque sup\u00e9rieure 14 mm, plaque inf\u00e9rieure double 8 mm, plaque centrale 16 mm, en acier Q345.<\/td>\n<\/tr>\n<tr>\n<td width=\"155\" height=\"36\">\u00a0Poutre transversale\/lat\u00e9rale<\/td>\n<td width=\"636\">\u00a0Q235, acier pour profil\u00e9s<\/td>\n<\/tr>\n<tr>\n<td width=\"155\" height=\"36\">\u00a0Peinture<\/td>\n<td width=\"636\">\u00a0Sablage complet du ch\u00e2ssis pour \u00e9liminer la rouille, couche d'appr\u00eat anticorrosion, deux couches de peinture finale.<\/td>\n<\/tr>\n<tr>\n<td width=\"155\" height=\"36\">\u00a0Soudage<\/td>\n<td width=\"636\">\u00a0Les poutres longues sont soud\u00e9es \u00e0 l'arc CO2 par p\u00e9n\u00e9tration 80% sur le c\u00f4t\u00e9 ext\u00e9rieur et le cordon.<\/td>\n<\/tr>\n<tr>\n<td width=\"155\" height=\"36\">\u00a0Essieu<\/td>\n<td width=\"636\">\u00a03x13ton FUWA Axle<\/td>\n<\/tr>\n<tr>\n<td width=\"155\" height=\"36\">\u00a0Suspension<\/td>\n<td width=\"636\">\u00a0Suspension m\u00e9canique<\/td>\n<\/tr>\n<tr>\n<td width=\"155\" height=\"36\">\u00a0Pneumatique<\/td>\n<td width=\"636\">\u00a012R22.5 ,13pcs,Pneu triangle<\/td>\n<\/tr>\n<tr>\n<td width=\"155\" height=\"36\">\u00a0Jante<\/td>\n<td width=\"636\">\u00a09.0-22.5<\/td>\n<\/tr>\n<tr>\n<td width=\"155\" height=\"36\">\u00a0Kingpin<\/td>\n<td width=\"636\">\u00a0JOST King Pin type bolt-in 50mm<\/td>\n<\/tr>\n<tr>\n<td width=\"155\" height=\"36\">\u00a0Train d'atterrissage<\/td>\n<td width=\"636\">\u00a0Double vitesse, 28 tonnes externes,<\/td>\n<\/tr>\n<tr>\n<td width=\"155\" height=\"36\">\u00a0Syst\u00e8me de freinage<\/td>\n<td width=\"636\">\u00a0Valve WABCO Syst\u00e8me de freinage \u00e0 double ligne<\/td>\n<\/tr>\n<tr>\n<td width=\"155\" height=\"36\">\u00a0Syst\u00e8me \u00e9lectrique<\/td>\n<td width=\"636\">\u00a01 voltage 24v 2 R\u00e9ceptacle:7ways(7wire harness),Feu arri\u00e8re avec clignotant, feu de freinage&amp;r\u00e9flecteurs, feu lat\u00e9ral etc. Un jeu de c\u00e2ble standard \u00e0 6 fils.<\/td>\n<\/tr>\n<\/tbody>\n<\/table>\n<p>&nbsp;<\/p>\n<h2>Caract\u00e9ristiques :<\/h2>\n<p>1) Il transporte principalement des c\u00e9r\u00e9ales et des marchandises en vrac.<\/p>\n<p>2) Il adopte un nouveau syst\u00e8me de suspension qui lui conf\u00e8re une grande solidit\u00e9 et une grande r\u00e9sistance aux chocs. Chaque essieu a une charge \u00e9quilibr\u00e9e.<\/p>\n<p>3) L'angle de la barre d'accouplement du syst\u00e8me est raisonnablement con\u00e7u, ce qui r\u00e9duit le frottement et la distance de glissement entre les pneus et le sol pendant le processus de fonctionnement fr\u00e9quent.<\/p>\n<p>4) Le ch\u00e2ssis en aluminium et les supports en acier galvanis\u00e9 offrent une r\u00e9sistance \u00e0 la corrosion.<\/p>\n<p>5) La technique est exquise, la partie principale est form\u00e9e par des dispositifs avanc\u00e9s.<\/p>\n<p>6) Traitement externe du r\u00e9servoir par sablage, traitement interne anti-corrosion, la surface ext\u00e9rieure adopte une peinture polyur\u00e9thane avanc\u00e9e, d'une belle apparence.<\/p>\n<p>7) Prix comp\u00e9titif, rentabilit\u00e9.<\/p>\n<p>8) L'approvisionnement rapide et efficace en pi\u00e8ces d\u00e9tach\u00e9es vous apporte plus de commodit\u00e9.<\/p>\n<p>9) D\u00e9lai de livraison rapide, nous pouvons organiser la production en fonction de vos besoins de mani\u00e8re pr\u00e9cise et rapide.<\/p>\n<p>10) Proc\u00e9dure professionnelle d'importation et d'exportation, pour un d\u00e9douanement plus efficace.<\/p>\n<p>&nbsp;<\/p>\n<h2>Remorque \u00e0 grains \u00e0 vendre<\/h2>\n<p>Nous sommes un fabricant chinois de remorques \u00e0 grains. Nous fournissons des remorques \u00e0 grains pour la vente. Nous pouvons les personnaliser en fonction de vos besoins. Le prix de la remorque \u00e0 grains d\u00e9pend des sp\u00e9cifications.<\/p>\n<p>L'\u00e9quipe d'ing\u00e9nieurs de PANDA sera pr\u00eate \u00e0 vous fournir un ensemble de solutions bien int\u00e9gr\u00e9es qui r\u00e9pondent \u00e0 vos besoins en mati\u00e8re de transport ainsi qu'\u00e0 vos r\u00e9glementations locales. L'\u00e9quipe d'ing\u00e9nieurs PANDA peut communiquer avec vous en ligne pour bien comprendre vos besoins. Les solutions comprennent la conception du produit, les mat\u00e9riaux du produit, les dessins du produit, les vid\u00e9os du produit.<\/p>\n<p>Les fabricants de Panda Mech ont r\u00e9ussi \u00e0 s'imposer en Asie du Sud-Est, au Moyen-Orient, en Afrique et en Am\u00e9rique du Sud, notamment aux Philippines, en Tanzanie, etc...\u00a0\u00a0<u><a href=\"https:\/\/www.pandamech.com\/france\/about\/\" rel=\"nofollow noopener\" name=\"662ae8fb-4e4e-4cc5-876a-6bfaecae5a2d\" target=\"_blank\">En savoir plus sur le panda<\/a><\/u><\/p>\n<p><a href=\"\/france\/contact-us\/\" rel=\"nofollow\"><img decoding=\"async\" src=\"https:\/\/pandamech.com\/wp-content\/uploads\/u_file\/db8ce19fe3.jpg\" alt=\"Remorque \u00e0 grains?\u00e0 vendre\" title=\"\"><\/a><\/p>","protected":false},"excerpt":{"rendered":"<p>PANDA MECH est un fabricant chinois de remorques \u00e0 grains. Nous proposons la vente de remorques \u00e0 c\u00e9r\u00e9ales en conteneur. Nous pouvons \u00e9galement personnaliser selon vos besoins.<\/p>\n<p>Capacit\u00e9 d'approvisionnement : 200 unit\u00e9s\/ensembles par mois<\/p>","protected":false},"featured_media":57785,"template":"","meta":{"_acf_changed":false,"_kad_blocks_custom_css":"","_kad_blocks_head_custom_js":"","_kad_blocks_body_custom_js":"","_kad_blocks_footer_custom_js":"","_kad_post_transparent":"default","_kad_post_title":"","_kad_post_layout":"default","_kad_post_sidebar_id":"","_kad_post_content_style":"default","_kad_post_vertical_padding":"default","_kad_post_feature":"","_kad_post_feature_position":"","_kad_post_header":false,"_kad_post_footer":false,"_kad_post_classname":""},"product_brand":[],"product_cat":[71],"product_tag":[],"class_list":{"0":"post-21337","1":"product","2":"type-product","3":"status-publish","4":"has-post-thumbnail","6":"product_cat-cargo-trailer","8":"first","9":"instock","10":"sold-individually","11":"shipping-taxable","12":"purchasable","13":"product-type-simple","14":"entry","15":"content-bg","16":"loop-entry"},"acf":[],"taxonomy_info":{"product_cat":[{"value":71,"label":"Bulk Cargo Trailer"}]},"featured_image_src_large":["https:\/\/www.pandamech.com\/wp-content\/uploads\/2022\/08\/2-89-500x500.jpg",500,500,true],"author_info":[],"comment_info":"","_links":{"self":[{"href":"https:\/\/www.pandamech.com\/france\/wp-json\/wp\/v2\/product\/21337","targetHints":{"allow":["GET"]}}],"collection":[{"href":"https:\/\/www.pandamech.com\/france\/wp-json\/wp\/v2\/product"}],"about":[{"href":"https:\/\/www.pandamech.com\/france\/wp-json\/wp\/v2\/types\/product"}],"version-history":[{"count":1,"href":"https:\/\/www.pandamech.com\/france\/wp-json\/wp\/v2\/product\/21337\/revisions"}],"predecessor-version":[{"id":91418,"href":"https:\/\/www.pandamech.com\/france\/wp-json\/wp\/v2\/product\/21337\/revisions\/91418"}],"wp:featuredmedia":[{"embeddable":true,"href":"https:\/\/www.pandamech.com\/france\/wp-json\/wp\/v2\/media\/57785"}],"wp:attachment":[{"href":"https:\/\/www.pandamech.com\/france\/wp-json\/wp\/v2\/media?parent=21337"}],"wp:term":[{"taxonomy":"product_brand","embeddable":true,"href":"https:\/\/www.pandamech.com\/france\/wp-json\/wp\/v2\/product_brand?post=21337"},{"taxonomy":"product_cat","embeddable":true,"href":"https:\/\/www.pandamech.com\/france\/wp-json\/wp\/v2\/product_cat?post=21337"},{"taxonomy":"product_tag","embeddable":true,"href":"https:\/\/www.pandamech.com\/france\/wp-json\/wp\/v2\/product_tag?post=21337"}],"curies":[{"name":"wp","href":"https:\/\/api.w.org\/{rel}","templated":true}]}}