{"id":21335,"date":"2025-09-01T19:02:23","date_gmt":"2025-09-01T11:02:23","guid":{"rendered":"http:\/\/pandamech.com\/?post_type=product&#038;p=21335"},"modified":"2025-09-06T15:19:45","modified_gmt":"2025-09-06T07:19:45","slug":"side-tippers-for-sale-manufacturer-p00250p1-html","status":"publish","type":"product","link":"https:\/\/www.pandamech.com\/france\/product\/side-tippers-for-sale-manufacturer-p00250p1-html\/","title":{"rendered":"6 Axle 80 Ton Side Tipper Trailer For Sale"},"content":{"rendered":"<p>La remorque \u00e0 benne lat\u00e9rale de 80 tonnes, \u00e9galement connue sous le nom de remorque \u00e0 benne lat\u00e9rale de 80 tonnes, comprend un ch\u00e2ssis, une caisse et un syst\u00e8me de levage. La prise de force alimente le cylindre en huile, soul\u00e8ve la caisse \u00e0 l'angle d\u00e9sir\u00e9, la cargaison glisse vers l'ext\u00e9rieur, ce qui am\u00e9liore l'efficacit\u00e9 du d\u00e9chargement.<\/p>\n<p>Largement utilis\u00e9 dans les usines de gr\u00e8s, les chantiers de construction et les mines, pour le transport de sable, de gravier, le terrassement et l'exploitation mini\u00e8re.<\/p>\n<h2>Remorque \u00e0 benne lat\u00e9rale de 80 tonnes images<\/h2>\n<p><img fetchpriority=\"high\" decoding=\"async\" class=\"alignnone wp-image-40531 size-full\" src=\"https:\/\/pandamech.com\/wp-content\/uploads\/2022\/05\/8.jpg\" alt=\"Semi-remorque \u00e0 6 essieux 80 tonnes \u00e0 vendre\" width=\"800\" height=\"533\" title=\"\"><\/p>\n<p>Semi-remorques \u00e0 6 essieux 80 tonnes \u00e0 basculement lat\u00e9ral en Chine<\/p>\n<p><img decoding=\"async\" class=\"alignnone\" src=\"https:\/\/pandamech.com\/wp-content\/uploads\/u_file\/c273fffa17.jpg\" alt=\"Semi-remorque \u00e0 benne lat\u00e9rale 6 essieux \u00e0 vendre\" width=\"800\" height=\"533\" title=\"\"><\/p>\n<p>6 essieux 80 tonnes <a href=\"https:\/\/www.pandamech.com\/france\/category\/tipper-trailer\/side-tipper\/\">remorques \u00e0 basculement lat\u00e9ral<\/a> usine<\/p>\n<h2>Sp\u00e9cification de la remorque basculante lat\u00e9rale de 80 tonnes<\/h2>\n<table style=\"width: 800px;\" border=\"1\" cellspacing=\"1\" cellpadding=\"1\">\n<tbody>\n<tr>\n<td valign=\"top\" width=\"284\">Marque<\/td>\n<td valign=\"top\" width=\"411\">Panda Mech<\/td>\n<\/tr>\n<tr>\n<td valign=\"top\" width=\"284\">Dimension<\/td>\n<td valign=\"top\" width=\"411\">9,300\u00d72,500\u00d73,230mm<\/td>\n<\/tr>\n<tr>\n<td valign=\"top\" width=\"284\">Corps \u00e0 l'int\u00e9rieur<\/td>\n<td valign=\"top\" width=\"411\">8,500\u00d72,300\u00d71,500mm<\/td>\n<\/tr>\n<tr>\n<td valign=\"top\" width=\"284\">Volume<\/td>\n<td valign=\"top\" width=\"411\">80 tonnes<\/td>\n<\/tr>\n<tr>\n<td valign=\"top\" width=\"284\">Plancher<\/td>\n<td valign=\"top\" width=\"411\">6-8mm<\/td>\n<\/tr>\n<tr>\n<td valign=\"top\" width=\"284\">Paroi lat\u00e9rale<\/td>\n<td valign=\"top\" width=\"411\">3-5mm<\/td>\n<\/tr>\n<tr>\n<td valign=\"top\" width=\"284\">Poutre<\/td>\n<td valign=\"top\" width=\"411\">Domex 600 ou \u00e9quivalent, section \u201cI\u201d en acier, double \u00e2me<\/td>\n<\/tr>\n<tr>\n<td valign=\"top\" width=\"284\">Cylindre<\/td>\n<td valign=\"top\" width=\"411\">6 jeux de cylindres inf\u00e9rieurs<\/td>\n<\/tr>\n<tr>\n<td valign=\"top\" width=\"284\">Essieu<\/td>\n<td valign=\"top\" width=\"411\">6 essieux<\/td>\n<\/tr>\n<tr>\n<td valign=\"top\" width=\"284\">Pneu<\/td>\n<td valign=\"top\" width=\"411\">12.00R20 \/ 13R22.5 ou personnalis\u00e9<\/td>\n<\/tr>\n<tr>\n<td valign=\"top\" width=\"284\">Suspension<\/td>\n<td valign=\"top\" width=\"411\">M\u00e9canique \/ Air \/ Bogie en option<\/td>\n<\/tr>\n<tr>\n<td valign=\"top\" width=\"284\">Jambes<\/td>\n<td valign=\"top\" width=\"411\">Type interchangeable JOST<\/td>\n<\/tr>\n<tr>\n<td valign=\"top\" width=\"284\">Frein<\/td>\n<td valign=\"top\" width=\"411\">Syst\u00e8me de freinage pneumatique double, chambre et valve WABCO<\/td>\n<\/tr>\n<tr>\n<td valign=\"top\" width=\"284\">Syst\u00e8me \u00e9lectrique<\/td>\n<td>12v\/24v, c\u00e2ble 7 lignes, lumi\u00e8re Led<\/td>\n<\/tr>\n<tr>\n<td valign=\"top\" width=\"284\"><a href=\"\/france\/contact-us\/\"><u>Demande de renseignements<\/u><\/a><\/td>\n<td><a href=\"\/france\/contact-us\/\"><u>Obtenir un devis gratuit<\/u><\/a><\/td>\n<\/tr>\n<\/tbody>\n<\/table>\n<p>&nbsp;<\/p>\n<h2>Remorque basculante lat\u00e9rale de 80 tonnes avantage<\/h2>\n<h3 data-start=\"380\" data-end=\"402\">\ud83d\udccf Bo\u00eete en U<\/h3>\n<p data-start=\"403\" data-end=\"620\">Les <strong data-start=\"407\" data-end=\"431\">Conception du corps en forme de U<\/strong> fournit une <strong data-start=\"443\" data-end=\"505\">une plus grande surface de section transversale avec un centre de gravit\u00e9 plus bas<\/strong>. Cela permet de <strong data-start=\"533\" data-end=\"556\">transporter plus de mat\u00e9riel<\/strong>, de d\u00e9charger plus rapidement et d'op\u00e9rer <strong data-start=\"585\" data-end=\"615\">plus s\u00fbr et plus efficace<\/strong> \u2705.<\/p>\n<h3 data-start=\"622\" data-end=\"639\">\ud83c\udfd7\ufe0f Ch\u00e2ssis<\/h3>\n<p data-start=\"640\" data-end=\"785\">A <strong data-start=\"642\" data-end=\"676\">structure de la poutre principale en double toile<\/strong> renforce le ch\u00e2ssis, ce qui permet d'obtenir <strong data-start=\"712\" data-end=\"747\">une r\u00e9sistance et une durabilit\u00e9 accrues<\/strong> dans de multiples conditions routi\u00e8res \ud83c\udf0d.<\/p>\n<h3 data-start=\"787\" data-end=\"805\">\ud83d\udee0\ufe0f Cylindre<\/h3>\n<p data-start=\"806\" data-end=\"1040\">\u00c9quip\u00e9 de <strong data-start=\"820\" data-end=\"858\">V\u00e9rins HYVA FC ou FE (en option)<\/strong>, offrant <strong data-start=\"869\" data-end=\"898\">une pression de fonctionnement plus \u00e9lev\u00e9e<\/strong>. Cela permet d'obtenir jusqu'\u00e0 un <strong data-start=\"920\" data-end=\"938\">Angle d'inclinaison de 45<\/strong>, ce qui donne <strong data-start=\"953\" data-end=\"973\">un d\u00e9chargement plus rapide<\/strong>, La r\u00e9duction des d\u00e9lais d'ex\u00e9cution et l'allongement des intervalles de maintenance \ud83d\udd0b.<\/p>\n<h3 data-start=\"1042\" data-end=\"1059\">\ud83d\udd29 Brackets<\/h3>\n<p data-start=\"1060\" data-end=\"1217\">Les supports de levage et de ch\u00e2ssis redessin\u00e9s am\u00e9liorent la r\u00e9partition des contraintes et la r\u00e9sistance \u00e0 la fatigue, garantissant des performances fiables \u00e0 long terme \ud83d\udd27.<\/p>\n<h3 data-start=\"1219\" data-end=\"1244\">\ud83d\udee1\ufe0f Valve Knock-off<\/h3>\n<p data-start=\"1245\" data-end=\"1369\">Un syst\u00e8me d'arr\u00eat robuste et pr\u00e9cis prot\u00e8ge le cylindre et garantit que la bo\u00eete s'arr\u00eate en toute s\u00e9curit\u00e9 \u00e0 l'angle pr\u00e9vu \u26a0\ufe0f.<\/p>\n<p>&nbsp;<\/p>\n<h2>Remorque basculante lat\u00e9rale de 80 tonnes \u00e0 vendre<\/h2>\n<p>Panda Mech est un fabricant chinois de semi-remorque basculante lat\u00e9rale 80 tonnes \u00e0 6 essieux. Nous fournissons des semi-remorques basculantes lat\u00e9rales 80 tonnes \u00e0 6 essieux pour la vente. Les fabricants de Panda Mech ont connu le succ\u00e8s en Asie du Sud-Est, au Moyen-Orient, en Afrique et en Am\u00e9rique du Sud, tels que les Philippines, la Tanzanie, le Nig\u00e9ria, etc...<\/p>\n<p><a href=\"\/france\/contact-us\/\" rel=\"nofollow\"><img decoding=\"async\" class=\"alignnone\" src=\"https:\/\/pandamech.com\/wp-content\/uploads\/u_file\/db8ce19fe3.jpg\" alt=\"Devis remorque \u00e0 6 essieux 80 tonnes \u00e0 basculement lat\u00e9ral\" width=\"864\" height=\"213\" title=\"\"><\/a><\/p>\n<p>R\u00e9f\u00e9rence : <a href=\"https:\/\/en.wikipedia.org\/wiki\/Dump_truck\" target=\"_blank\" rel=\"nofollow noopener\">https:\/\/en.wikipedia.org\/wiki\/Dump_truck<\/a><\/p>\n<p><!--\u04bb?\u043d, ?--><\/p>","protected":false},"excerpt":{"rendered":"<p><strong>Mod\u00e8le<\/strong>: 6 essieux 80 tonnes<\/p>\n<p><strong>Fourchette de prix<\/strong>: 17 000-25 000 USD<\/p>\n<p><strong>Date de livraison<\/strong>7-25 jours<\/p>\n<p><strong>Application<\/strong>Transport Charbon, minerai, mat\u00e9riaux de construction<\/p>\n<p><strong>Syst\u00e8me hydraulique<\/strong>: Marque HYVA Holland<\/p>\n<p><strong>Corps de la bo\u00eete<\/strong>: Hardox450 et \u00e9quivalent<\/p>","protected":false},"featured_media":57749,"template":"","meta":{"_acf_changed":false,"_kad_blocks_custom_css":"","_kad_blocks_head_custom_js":"","_kad_blocks_body_custom_js":"","_kad_blocks_footer_custom_js":"","_kad_post_transparent":"default","_kad_post_title":"","_kad_post_layout":"default","_kad_post_sidebar_id":"","_kad_post_content_style":"default","_kad_post_vertical_padding":"default","_kad_post_feature":"","_kad_post_feature_position":"","_kad_post_header":false,"_kad_post_footer":false,"_kad_post_classname":""},"product_brand":[],"product_cat":[113],"product_tag":[],"class_list":{"0":"post-21335","1":"product","2":"type-product","3":"status-publish","4":"has-post-thumbnail","6":"product_cat-side-tipper","8":"first","9":"instock","10":"sold-individually","11":"shipping-taxable","12":"purchasable","13":"product-type-simple","14":"entry","15":"content-bg","16":"loop-entry"},"acf":[],"taxonomy_info":{"product_cat":[{"value":113,"label":"Side Tipper"}]},"featured_image_src_large":["https:\/\/www.pandamech.com\/wp-content\/uploads\/2022\/08\/2-29-500x500.jpg",500,500,true],"author_info":[],"comment_info":"","_links":{"self":[{"href":"https:\/\/www.pandamech.com\/france\/wp-json\/wp\/v2\/product\/21335","targetHints":{"allow":["GET"]}}],"collection":[{"href":"https:\/\/www.pandamech.com\/france\/wp-json\/wp\/v2\/product"}],"about":[{"href":"https:\/\/www.pandamech.com\/france\/wp-json\/wp\/v2\/types\/product"}],"version-history":[{"count":3,"href":"https:\/\/www.pandamech.com\/france\/wp-json\/wp\/v2\/product\/21335\/revisions"}],"predecessor-version":[{"id":91571,"href":"https:\/\/www.pandamech.com\/france\/wp-json\/wp\/v2\/product\/21335\/revisions\/91571"}],"wp:featuredmedia":[{"embeddable":true,"href":"https:\/\/www.pandamech.com\/france\/wp-json\/wp\/v2\/media\/57749"}],"wp:attachment":[{"href":"https:\/\/www.pandamech.com\/france\/wp-json\/wp\/v2\/media?parent=21335"}],"wp:term":[{"taxonomy":"product_brand","embeddable":true,"href":"https:\/\/www.pandamech.com\/france\/wp-json\/wp\/v2\/product_brand?post=21335"},{"taxonomy":"product_cat","embeddable":true,"href":"https:\/\/www.pandamech.com\/france\/wp-json\/wp\/v2\/product_cat?post=21335"},{"taxonomy":"product_tag","embeddable":true,"href":"https:\/\/www.pandamech.com\/france\/wp-json\/wp\/v2\/product_tag?post=21335"}],"curies":[{"name":"wp","href":"https:\/\/api.w.org\/{rel}","templated":true}]}}