{"id":21332,"date":"2025-09-01T14:02:23","date_gmt":"2025-09-01T06:02:23","guid":{"rendered":"http:\/\/pandamech.com\/?post_type=product&#038;p=21332"},"modified":"2025-09-06T15:44:03","modified_gmt":"2025-09-06T07:44:03","slug":"tri-axle-side-dump-trailer","status":"publish","type":"product","link":"https:\/\/www.pandamech.com\/france\/product\/tri-axle-side-dump-trailer\/","title":{"rendered":"Remorque \u00e0 benne basculante lat\u00e9rale \u00e0 3 essieux"},"content":{"rendered":"<p>La remorque \u00e0 benne basculante trilat\u00e9rale - \u00e9galement appel\u00e9e semi-remorque \u00e0 benne basculante lat\u00e9rale \u00e0 trois essieux - est compos\u00e9e de trois \u00e9l\u00e9ments principaux : le ch\u00e2ssis, la benne basculante et le syst\u00e8me de levage hydraulique. Aliment\u00e9e par la prise de force du tracteur, l'huile hydraulique est achemin\u00e9e vers le v\u00e9rin qui soul\u00e8ve la benne \u00e0 l'angle pr\u00e9vu. Cela permet \u00e0 la cargaison de glisser en douceur, assurant un d\u00e9chargement rapide et efficace \u23f1\ufe0f.<\/p>\n<p>Elle est largement appliqu\u00e9e dans diverses industries, notamment les usines de gr\u00e8s, les chantiers de construction et les op\u00e9rations mini\u00e8res. Id\u00e9ale pour le transport de sable, de gravier, de terrassement et de min\u00e9raux en vrac, cette remorque offre \u00e0 la fois durabilit\u00e9 et haute productivit\u00e9 \ud83d\udcaa.<\/p>\n<h2>Remorque \u00e0 benne basculante lat\u00e9rale \u00e0 3 essieux images<\/h2>\n<p><img fetchpriority=\"high\" decoding=\"async\" class=\"alignnone wp-image-35902 size-full\" src=\"https:\/\/pandamech.com\/wp-content\/uploads\/2022\/08\/7-6.jpg\" alt=\"Remorque \u00e0 benne basculante lat\u00e9rale \u00e0 3 essieux \u00e0 vendre\" width=\"800\" height=\"533\" title=\"\"><\/p>\n<p>Remorque \u00e0 benne basculante lat\u00e9rale \u00e0 3 essieux fabricant en Chine<\/p>\n<p><img decoding=\"async\" class=\"alignnone wp-image-35903 size-full\" src=\"https:\/\/pandamech.com\/wp-content\/uploads\/2022\/08\/8.jpg\" alt=\"fabricant de remorques \u00e0 benne basculante lat\u00e9rale \u00e0 trois essieux\" width=\"800\" height=\"533\" title=\"\"><\/p>\n<p>Remorque \u00e0 benne basculante lat\u00e9rale \u00e0 3 essieux fabriqu\u00e9e en Chine<\/p>\n<p><img decoding=\"async\" class=\"alignnone wp-image-35904 size-full\" src=\"https:\/\/pandamech.com\/wp-content\/uploads\/2022\/08\/9-2.jpg\" alt=\"remorque \u00e0 benne basculante lat\u00e9rale \u00e0 trois essieux \u00e0 vendre\" width=\"800\" height=\"533\" title=\"\"><\/p>\n<p>Remorque \u00e0 benne basculante lat\u00e9rale \u00e0 3 essieux \u00e0 vendre<\/p>\n<h2>Sp\u00e9cification de la remorque \u00e0 benne basculante lat\u00e9rale \u00e0 3 essieux<\/h2>\n<table width=\"657\">\n<tbody>\n<tr>\n<td width=\"220\">Marque<\/td>\n<td width=\"437\">Panda Mech<\/td>\n<\/tr>\n<tr>\n<td>Dimension<\/td>\n<td>12 500\u00d72 500\u00d73 230 mm<\/td>\n<\/tr>\n<tr>\n<td>Corps \u00e0 l'int\u00e9rieur<\/td>\n<td>11 800\u00d72 500\u00d71 500 mm<\/td>\n<\/tr>\n<tr>\n<td>Volume<\/td>\n<td>70 tonnes<\/td>\n<\/tr>\n<tr>\n<td>Plancher<\/td>\n<td>6-8mm<\/td>\n<\/tr>\n<tr>\n<td>Paroi lat\u00e9rale<\/td>\n<td>3-5mm<\/td>\n<\/tr>\n<tr>\n<td>Poutre<\/td>\n<td>Domex 600 ou \u00e9quivalent, section \u201cI\u201d en acier, double \u00e2me<\/td>\n<\/tr>\n<tr>\n<td>Cylindre<\/td>\n<td>6 jeux de cylindres inf\u00e9rieurs<\/td>\n<\/tr>\n<tr>\n<td>Essieu<\/td>\n<td>3\/4\/6 Essieux, essieu tandem<\/td>\n<\/tr>\n<tr>\n<td>Pneu<\/td>\n<td>12.00R20 \/ 13R22.5 ou personnalis\u00e9<\/td>\n<\/tr>\n<tr>\n<td>Suspension<\/td>\n<td>M\u00e9canique \/ Air \/ Bogie en option<\/td>\n<\/tr>\n<tr>\n<td>Jambes<\/td>\n<td>Type interchangeable JOST<\/td>\n<\/tr>\n<tr>\n<td>Frein<\/td>\n<td>Syst\u00e8me de freinage pneumatique double, chambre et valve WABCO<\/td>\n<\/tr>\n<tr>\n<td>Syst\u00e8me \u00e9lectrique<\/td>\n<td>12v\/24v, c\u00e2ble 7 lignes, lumi\u00e8re LED<\/td>\n<\/tr>\n<\/tbody>\n<\/table>\n<h2>Avantage de la remorque \u00e0 benne basculante lat\u00e9rale \u00e0 3 essieux<\/h2>\n<h3 data-start=\"51\" data-end=\"68\">\ud83d\udd27 Mat\u00e9riau<\/h3>\n<p data-start=\"69\" data-end=\"378\">La bo\u00eete est fabriqu\u00e9e avec <strong data-start=\"98\" data-end=\"112\">Hardox 450<\/strong> ou un acier r\u00e9sistant \u00e0 l'usure \u00e9quivalent \u2699\ufe0f. Combin\u00e9 avec un <strong data-start=\"168\" data-end=\"199\">Poutre principale \u00e0 haute tension T700<\/strong>, la remorque atteint une <strong data-start=\"224\" data-end=\"266\">r\u00e9duction du poids \u00e0 vide jusqu'\u00e0 2 000 kg<\/strong> par rapport aux bennes conventionnelles \ud83d\ude9b. Cela permet de garantir <strong data-start=\"317\" data-end=\"340\">une dur\u00e9e de vie plus longue<\/strong> \u23f3 et <strong data-start=\"347\" data-end=\"373\">r\u00e9duction de la consommation de carburant<\/strong> \u26fd.<\/p>\n<h3 data-start=\"787\" data-end=\"805\">\ud83d\udee0\ufe0f Cylindre<\/h3>\n<p data-start=\"806\" data-end=\"1040\">\u00c9quip\u00e9 de <strong data-start=\"820\" data-end=\"858\">V\u00e9rins HYVA FC ou FE (en option)<\/strong>, offrant <strong data-start=\"869\" data-end=\"898\">une pression de fonctionnement plus \u00e9lev\u00e9e<\/strong>. Cela permet d'obtenir jusqu'\u00e0 un <strong data-start=\"920\" data-end=\"938\">Angle d'inclinaison de 45<\/strong>, ce qui donne <strong data-start=\"953\" data-end=\"973\">un d\u00e9chargement plus rapide<\/strong>, La r\u00e9duction des d\u00e9lais d'ex\u00e9cution et l'allongement des intervalles de maintenance \ud83d\udd0b.<\/p>\n<h3 data-start=\"1371\" data-end=\"1390\">\ud83d\udd17 Arbre d'inclinaison<\/h3>\n<p data-start=\"1391\" data-end=\"1525\">Les <strong data-start=\"1395\" data-end=\"1420\">arbre de basculement robuste<\/strong> garanties de conception <strong data-start=\"1439\" data-end=\"1468\">fonctionnement stable et s\u00fbr<\/strong> lors du basculement, de la livraison <strong data-start=\"1496\" data-end=\"1519\">durabilit\u00e9 sup\u00e9rieure<\/strong> \ud83d\udcaa.<\/p>\n<h3 data-start=\"1527\" data-end=\"1552\">\ud83d\udd12 Syst\u00e8me de fixation<\/h3>\n<p data-start=\"1553\" data-end=\"1743\">Les <strong data-start=\"1557\" data-end=\"1595\">syst\u00e8me de verrouillage automatique des portes arri\u00e8re<\/strong> am\u00e9liore l'efficacit\u00e9 du travail \ud83d\ude80. Gr\u00e2ce \u00e0 des r\u00e9glages ajustables, il maintient des conditions optimales tout en permettant \u00e0 l'utilisateur de travailler en toute s\u00e9curit\u00e9. <strong data-start=\"1701\" data-end=\"1737\">entretien et remplacement faciles<\/strong> \ud83d\udd27.<\/p>\n<p data-start=\"1553\" data-end=\"1743\">\n<h2>\ud83d\ude9b Pourquoi choisir la remorque Panda Mech Tipper Semi Trailer ?<\/h2>\n<h3>Mat\u00e9riaux de premi\u00e8re qualit\u00e9 et dur\u00e9e de vie plus longue \u2699\ufe0f<\/h3>\n<p>Panda Mech utilise un acier r\u00e9sistant \u00e0 l'usure (NM450 \/ \u00e9quivalent HARDOX) avec des plaques inf\u00e9rieures de 6-8 mm et des plaques lat\u00e9rales de 3-6 mm, ce qui garantit une r\u00e9sistance sup\u00e9rieure aux chocs et \u00e0 l'abrasion. Par rapport \u00e0 l'acier de qualit\u00e9 inf\u00e9rieure utilis\u00e9 par certains concurrents, les remorques Panda ont une dur\u00e9e de vie 10-30% plus longue.<\/p>\n<h3>Structure renforc\u00e9e et conception robuste \ud83d\udee0\ufe0f<\/h3>\n<p>Nos remorques sont dot\u00e9es de poutres en \u201cI\u201d \u00e0 double \u00e2me avec renfort en X et de sections de col de cygne renforc\u00e9es. Cela r\u00e9duit les risques de fissuration ou de d\u00e9formation de la poutre principale, en particulier dans les conditions difficiles des routes mini\u00e8res. Des tests ind\u00e9pendants ont montr\u00e9 que les marques concurrentes se cassent souvent au niveau des joints de suspension ou de poutre, alors que Panda Mech \u00e9vite de telles d\u00e9faillances.<\/p>\n<h3>\u00c9prouv\u00e9 dans des conditions difficiles \ud83c\udf0d<\/h3>\n<p>Des routes mini\u00e8res d'Afrique de l'Ouest aux routes de transport de ciment au S\u00e9n\u00e9gal et au Mali, Panda Mech a men\u00e9 des essais routiers en conditions r\u00e9elles et recueilli les commentaires de ses clients. Les r\u00e9sultats confirment que nos remorques traitent avec stabilit\u00e9 80% d'asphalte, 10% de routes non pav\u00e9es, 10% de pistes mini\u00e8res, alors que les concurrents souffrent de pannes fr\u00e9quentes.<\/p>\n<p data-start=\"1553\" data-end=\"1743\">\n<h2>Remorque \u00e0 benne basculante lat\u00e9rale \u00e0 3 essieux Fabricant<\/h2>\n<p>Panda Mech est un fabricant chinois de remorque basculante lat\u00e9rale \u00e0 3 essieux. Nous fournissons une remorque basculante lat\u00e9rale \u00e0 3 essieux pour la vente. Les fabricants de Panda Mech ont connu le succ\u00e8s en Asie du Sud-Est, au Moyen-Orient, en Afrique et en Am\u00e9rique du Sud, tels que les Philippines, la Tanzanie, le Nigeria, etc...<\/p>\n<p><a href=\"\/france\/contact-us\/\" rel=\"nofollow\"><img decoding=\"async\" src=\"https:\/\/pandamech.com\/wp-content\/uploads\/u_file\/db8ce19fe3.jpg\" alt=\"remorque \u00e0 benne basculante lat\u00e9rale \u00e0 vendre\" title=\"\"><\/a><\/p>","protected":false},"excerpt":{"rendered":"<p>Mod\u00e8le : 3\/4\/6 essieux 50-80 tonnes<\/p>\n<p>Fourchette de prix : 18 000-25 000 USD<\/p>\n<p>D\u00e9lai de livraison : 7-25 jours<\/p>\n<p>Application : transport de charbon, de minerai, de mat\u00e9riaux de construction<\/p>\n<p>syst\u00e8me hydraulique HYVA marque Holland<\/p>\n<p>Corps de la bo\u00eete : Hardox450 et \u00e9quivalent<\/p>","protected":false},"featured_media":57568,"template":"","meta":{"_acf_changed":false,"_kad_blocks_custom_css":"","_kad_blocks_head_custom_js":"","_kad_blocks_body_custom_js":"","_kad_blocks_footer_custom_js":"","_kad_post_transparent":"default","_kad_post_title":"","_kad_post_layout":"default","_kad_post_sidebar_id":"","_kad_post_content_style":"default","_kad_post_vertical_padding":"default","_kad_post_feature":"","_kad_post_feature_position":"","_kad_post_header":false,"_kad_post_footer":false,"_kad_post_classname":""},"product_brand":[],"product_cat":[113],"product_tag":[],"class_list":{"0":"post-21332","1":"product","2":"type-product","3":"status-publish","4":"has-post-thumbnail","6":"product_cat-side-tipper","8":"first","9":"instock","10":"sold-individually","11":"shipping-taxable","12":"purchasable","13":"product-type-simple","14":"entry","15":"content-bg","16":"loop-entry"},"acf":[],"taxonomy_info":{"product_cat":[{"value":113,"label":"Side Tipper"}]},"featured_image_src_large":["https:\/\/www.pandamech.com\/wp-content\/uploads\/2022\/07\/2-27-500x500.jpg",500,500,true],"author_info":[],"comment_info":"","_links":{"self":[{"href":"https:\/\/www.pandamech.com\/france\/wp-json\/wp\/v2\/product\/21332","targetHints":{"allow":["GET"]}}],"collection":[{"href":"https:\/\/www.pandamech.com\/france\/wp-json\/wp\/v2\/product"}],"about":[{"href":"https:\/\/www.pandamech.com\/france\/wp-json\/wp\/v2\/types\/product"}],"version-history":[{"count":3,"href":"https:\/\/www.pandamech.com\/france\/wp-json\/wp\/v2\/product\/21332\/revisions"}],"predecessor-version":[{"id":91575,"href":"https:\/\/www.pandamech.com\/france\/wp-json\/wp\/v2\/product\/21332\/revisions\/91575"}],"wp:featuredmedia":[{"embeddable":true,"href":"https:\/\/www.pandamech.com\/france\/wp-json\/wp\/v2\/media\/57568"}],"wp:attachment":[{"href":"https:\/\/www.pandamech.com\/france\/wp-json\/wp\/v2\/media?parent=21332"}],"wp:term":[{"taxonomy":"product_brand","embeddable":true,"href":"https:\/\/www.pandamech.com\/france\/wp-json\/wp\/v2\/product_brand?post=21332"},{"taxonomy":"product_cat","embeddable":true,"href":"https:\/\/www.pandamech.com\/france\/wp-json\/wp\/v2\/product_cat?post=21332"},{"taxonomy":"product_tag","embeddable":true,"href":"https:\/\/www.pandamech.com\/france\/wp-json\/wp\/v2\/product_tag?post=21332"}],"curies":[{"name":"wp","href":"https:\/\/api.w.org\/{rel}","templated":true}]}}