{"id":21330,"date":"2022-05-03T19:02:22","date_gmt":"2022-05-03T11:02:22","guid":{"rendered":"http:\/\/pandamech.com\/?post_type=product&#038;p=21330"},"modified":"2025-08-23T01:08:28","modified_gmt":"2025-08-22T17:08:28","slug":"38000l-asphalt-tanker-trailer-with-burner","status":"publish","type":"product","link":"https:\/\/www.pandamech.com\/france\/product\/38000l-asphalt-tanker-trailer-with-burner\/","title":{"rendered":"38,000L Asphalt Tanker Trailer With Burner (remorque-citerne \u00e0 asphalte avec br\u00fbleur)"},"content":{"rendered":"<p>La remorque-citerne \u00e0 asphalte de 38 000 litres est connue sous le nom de remorque-citerne \u00e0 asphalte, remorque-citerne \u00e0 poix, remorque-citerne \u00e0 bitume. La remorque-citerne \u00e0 asphalte est compos\u00e9e d'un ch\u00e2ssis automobile, d'un r\u00e9servoir d'asphalte, d'un syst\u00e8me de pompage et de pulv\u00e9risation d'asphalte, d'un syst\u00e8me de chauffage de l'huile de transfert de chaleur, d'un syst\u00e8me hydraulique, d'un syst\u00e8me de combustion, d'un syst\u00e8me de contr\u00f4le, d'un syst\u00e8me pneumatique et d'une plate-forme d'exploitation.<\/p>\n<p>La remorque-citerne \u00e0 bitume est utilis\u00e9e pour transporter l'asphalte liquide de la raffinerie de p\u00e9trole et du quai au d\u00e9p\u00f4t d'asphalte, ainsi que pour transporter l'asphalte du d\u00e9p\u00f4t d'asphalte \u00e0 l'usine d'asphalte. Ce bi-produit est principalement utilis\u00e9 pour le rev\u00eatement des routes.<\/p>\n<h2>Remorque-citerne \u00e0 asphalte de 38 000 litres avec br\u00fbleur de chauffage<\/h2>\n<p><img decoding=\"async\" src=\"\/wp-content\/uploads\/u_file\/a402412d77.jpg\" alt=\"38,000 Litres Asphalt \/ Hot Oil Tank Trailers For Sale\" title=\"\"><\/p>\n<p><img decoding=\"async\" src=\"\/wp-content\/uploads\/u_file\/3d56650d24.jpg\" alt=\"Remorque-citerne \u00e0 bitume \/ huile chaude de 38 000 litres\" title=\"\"><\/p>\n<p><img decoding=\"async\" src=\"\/wp-content\/uploads\/u_file\/3da8b48314.jpg\" alt=\"Remorques-citernes \u00e0 bitume de 38 000 litres \u00e0 vendre\" title=\"\"><\/p>\n<h2>Sp\u00e9cification de la remorque-citerne \u00e0 asphalte de 38 000 litres<\/h2>\n<table style=\"width: 800px;\" border=\"1\" cellspacing=\"1\" cellpadding=\"1\">\n<tbody>\n<tr>\n<td width=\"300\" height=\"41\">\u00a0Marque<\/td>\n<td width=\"706\">\u00a0Panda Mech<\/td>\n<\/tr>\n<tr>\n<td height=\"41\">\u00a0Objet<\/td>\n<td>\u00a0Remorque-citerne \u00e0 asphalte \u00e0 3 essieux de 38 000 litres<\/td>\n<\/tr>\n<tr>\n<td height=\"41\">\u00a0Dimension de la remorque-citerne \u00e0 asphalte<\/td>\n<td>\u00a010500-12500*2500*3600-4100mm<\/td>\n<\/tr>\n<tr>\n<td height=\"41\">\u00a0Capacit\u00e9 de la remorque-citerne \u00e0 asphalte<\/td>\n<td>\u00a038 000 litres, 38KL<\/td>\n<\/tr>\n<tr>\n<td height=\"41\">\u00a0Compartiment<\/td>\n<td>\u00a01<\/td>\n<\/tr>\n<tr>\n<td height=\"41\">\u00a0Charge utile<\/td>\n<td>\u00a038000 litres<\/td>\n<\/tr>\n<tr>\n<td height=\"41\">\u00a0Mat\u00e9riau<\/td>\n<td>Acier au carbone, acier inoxydable, avec couche d'isolation<\/td>\n<\/tr>\n<tr>\n<td height=\"41\">\u00a0Chauffage<\/td>\n<td>\u00a0Br\u00fbleur<\/td>\n<\/tr>\n<tr>\n<td height=\"41\">\u00a0Soupape<\/td>\n<td>\u00a0Civacon, EMCO, HELI, JLME, HENGE<\/td>\n<\/tr>\n<tr>\n<td height=\"41\">\u00a0Essieu<\/td>\n<td>\u00a03 \/ 4 essieux, BPW, FUWA, L1, HO'S, SAF, PDME<\/td>\n<\/tr>\n<tr>\n<td height=\"41\">\u00a0Suspension<\/td>\n<td>\u00a0Suspension pneumatique, m\u00e9canique, Bogie<\/td>\n<\/tr>\n<tr>\n<td height=\"41\">\u00a0Syst\u00e8me de freinage<\/td>\n<td>\u00a0Syst\u00e8me de freinage Dual Line, chambre T30\/30, valve d'urgence Wabco, ABS\/EBS en option<\/td>\n<\/tr>\n<tr>\n<td height=\"41\">\u00a0Pi\u00e8ces d\u00e9tach\u00e9es pour remorque-citerne \u00e0 asphalte<\/td>\n<td>\u00a0Garde-boue, \u00e9chelle, 1 bo\u00eete \u00e0 outils standard, 1 couche d'appr\u00eat anticorrosion, 2 couches de peinture finale, peinture polyur\u00e9thane, train d'atterrissage, jante en acier 9.0-22.5, extincteur, soupape de fond pneumatique de 4 pouces, couvercle de trou d'homme en alliage d'aluminium de 500 mm, t\u00f4le d'acier Q345\/6mm, conforme \u00e0 l'ADR (selon les besoins du client).<\/td>\n<\/tr>\n<\/tbody>\n<\/table>\n<h2>Application :<\/h2>\n<p>La remorque-citerne \u00e0 asphalte est g\u00e9n\u00e9ralement utilis\u00e9e pour transporter de l'asphalte. La remorque-citerne \u00e0 asphalte a une capacit\u00e9 de 38 000 litres. Elle est g\u00e9n\u00e9ralement utilis\u00e9e pour le transport sur de longues distances, pour le transport de substances liquides dans le monde entier, afin de r\u00e9aliser une distribution et une utilisation raisonnables des ressources.<\/p>\n<p><a href=\"https:\/\/www.pandamech.com\/france\/info\/asphalt-bitumen-tanker-trailer-use-and-buy-guide-i00066i1-html\/\" target=\"_blank\" rel=\"noopener\">Guide d'utilisation et d'achat de la remorque-citerne \u00e0 asphalte<\/a><\/p>\n<h2>Caract\u00e9ristiques :<\/h2>\n<p>Le cadre principal est fabriqu\u00e9 en acier faiblement alli\u00e9 \u00e0 haute r\u00e9sistance, ce qui am\u00e9liore consid\u00e9rablement sa r\u00e9sistance \u00e0 la torsion, sa r\u00e9sistance sismique et sa r\u00e9sistance aux s\u00e9ismes, et permet de r\u00e9pondre \u00e0 diverses exigences en mati\u00e8re de charge.<\/p>\n<p>Essieu : L'essieu peut \u00eatre choisi parmi diff\u00e9rentes marques bien connues de BPW et FUWA. Dans le pays et \u00e0 l'\u00e9tranger. En outre, le syst\u00e8me ABS peut \u00eatre install\u00e9 en option avec Haldex et WABCO, ce qui peut grandement am\u00e9liorer la stabilit\u00e9 et la s\u00e9curit\u00e9.<\/p>\n<p>Syst\u00e8me de suspension : Les s\u00e9ries de suspension m\u00e9canique et de suspension pneumatique sont disponibles en option.<\/p>\n<h2>Panda Mech<\/h2>\n<p>Nous sommes un fabricant chinois de remorques-citernes \u00e0 asphalte. Nous fournissons des remorques-citernes \u00e0 asphalte \u00e0 3 essieux de 38 000 litres \u00e0 vendre. Le prix de la remorque citerne \u00e0 asphalte d\u00e9pend des sp\u00e9cifications. Nous pouvons la personnaliser selon vos besoins.<\/p>\n<p>Les fabricants de Panda Mech ont connu le succ\u00e8s en Asie du Sud-Est, au Moyen-Orient, en Afrique et en Am\u00e9rique du Sud, notamment aux Philippines, en Tanzanie, au Nigeria, etc...<\/p>","protected":false},"excerpt":{"rendered":"<p>Type : Remorque-citerne \u00e0 asphalte de 38 000 litres<\/p>\n<p>Gamme de prix : $18 900-35 100<\/p>\n<p>Livraison : 7-25 jours<\/p>\n<p>Mat\u00e9riau du r\u00e9servoir : acier au carbone<\/p>\n<p>Application : transport d'asphalte, de bitume<\/p>","protected":false},"featured_media":57767,"template":"","meta":{"_acf_changed":false,"_kad_blocks_custom_css":"","_kad_blocks_head_custom_js":"","_kad_blocks_body_custom_js":"","_kad_blocks_footer_custom_js":"","_kad_post_transparent":"default","_kad_post_title":"","_kad_post_layout":"default","_kad_post_sidebar_id":"","_kad_post_content_style":"default","_kad_post_vertical_padding":"default","_kad_post_feature":"","_kad_post_feature_position":"","_kad_post_header":false,"_kad_post_footer":false,"_kad_post_classname":""},"product_brand":[],"product_cat":[99],"product_tag":[],"class_list":{"0":"post-21330","1":"product","2":"type-product","3":"status-publish","4":"has-post-thumbnail","6":"product_cat-asphalt-tanker","8":"first","9":"instock","10":"sold-individually","11":"shipping-taxable","12":"purchasable","13":"product-type-simple","14":"entry","15":"content-bg","16":"loop-entry"},"acf":[],"taxonomy_info":{"product_cat":[{"value":99,"label":"Bitumen Tanker Trailer"}]},"featured_image_src_large":["https:\/\/www.pandamech.com\/wp-content\/uploads\/2022\/08\/2-55-500x500.jpg",500,500,true],"author_info":[],"comment_info":"","_links":{"self":[{"href":"https:\/\/www.pandamech.com\/france\/wp-json\/wp\/v2\/product\/21330","targetHints":{"allow":["GET"]}}],"collection":[{"href":"https:\/\/www.pandamech.com\/france\/wp-json\/wp\/v2\/product"}],"about":[{"href":"https:\/\/www.pandamech.com\/france\/wp-json\/wp\/v2\/types\/product"}],"version-history":[{"count":1,"href":"https:\/\/www.pandamech.com\/france\/wp-json\/wp\/v2\/product\/21330\/revisions"}],"predecessor-version":[{"id":91428,"href":"https:\/\/www.pandamech.com\/france\/wp-json\/wp\/v2\/product\/21330\/revisions\/91428"}],"wp:featuredmedia":[{"embeddable":true,"href":"https:\/\/www.pandamech.com\/france\/wp-json\/wp\/v2\/media\/57767"}],"wp:attachment":[{"href":"https:\/\/www.pandamech.com\/france\/wp-json\/wp\/v2\/media?parent=21330"}],"wp:term":[{"taxonomy":"product_brand","embeddable":true,"href":"https:\/\/www.pandamech.com\/france\/wp-json\/wp\/v2\/product_brand?post=21330"},{"taxonomy":"product_cat","embeddable":true,"href":"https:\/\/www.pandamech.com\/france\/wp-json\/wp\/v2\/product_cat?post=21330"},{"taxonomy":"product_tag","embeddable":true,"href":"https:\/\/www.pandamech.com\/france\/wp-json\/wp\/v2\/product_tag?post=21330"}],"curies":[{"name":"wp","href":"https:\/\/api.w.org\/{rel}","templated":true}]}}