{"id":21326,"date":"2023-02-06T19:02:22","date_gmt":"2023-02-06T11:02:22","guid":{"rendered":"http:\/\/pandamech.com\/?post_type=product&#038;p=21326"},"modified":"2025-08-23T01:07:07","modified_gmt":"2025-08-22T17:07:07","slug":"45000-liters-palm-oil-tanker","status":"publish","type":"product","link":"https:\/\/www.pandamech.com\/france\/product\/45000-liters-palm-oil-tanker\/","title":{"rendered":"Citerne d'huile de palme de 45000 litres"},"content":{"rendered":"<p>La remorque-citerne \u00e0 huile de palme est principalement utilis\u00e9e pour le transport de l'huile de palme, qui convient g\u00e9n\u00e9ralement au transport sur de longues distances. La remorque-citerne \u00e0 huile de palme est dot\u00e9e d'une couche d'isolation qui emp\u00eache l'huile de palme de se solidifier.<\/p>\n<h2>45000 Litres palm oil tank trailer images<\/h2>\n<p><img decoding=\"async\" src=\"\/wp-content\/uploads\/u_file\/4a81945d0c.jpg\" alt=\"remorque-citerne \u00e0 huile de palme\" title=\"\"><\/p>\n<p><img decoding=\"async\" src=\"\/wp-content\/uploads\/u_file\/904969d0ce.jpg\" alt=\"tanker d&#039;huile de palme\" title=\"\"><\/p>\n<h2>Sp\u00e9cification de la remorque-citerne \u00e0 huile de palme<\/h2>\n<table style=\"width: 800px;\" border=\"1\" cellspacing=\"1\" cellpadding=\"1\">\n<tbody>\n<tr>\n<td width=\"300\" height=\"41\">\u00a0Fabricant<\/td>\n<td width=\"706\">\u00a0Panda Mech tanker \u00e0 huile de palme<\/td>\n<\/tr>\n<tr>\n<td height=\"41\">\u00a0Objet<\/td>\n<td>\u00a045000 litres d'huile de palme<\/td>\n<\/tr>\n<tr>\n<td height=\"41\">\u00a0Dimension du camion-citerne \u00e0 palme<\/td>\n<td>\u00a011600*2500*1800 (R\u00e9f\u00e9rence, personnalis\u00e9 selon les besoins)<\/td>\n<\/tr>\n<tr>\n<td height=\"41\">\u00a0Capacit\u00e9 de la citerne \u00e0 palme<\/td>\n<td>\u00a030-60 KL<\/td>\n<\/tr>\n<tr>\n<td height=\"41\">\u00a0Compartiment<\/td>\n<td>\u00a02-10<\/td>\n<\/tr>\n<tr>\n<td height=\"41\">\u00a0Charge utile<\/td>\n<td>\u00a039-41T (R\u00e9f\u00e9rence)<\/td>\n<\/tr>\n<tr>\n<td height=\"41\">\u00a0Poids de la remorque du r\u00e9servoir de carburant<\/td>\n<td>\u00a010.6T<\/td>\n<\/tr>\n<tr>\n<td height=\"41\">\u00a0Mat\u00e9riau<\/td>\n<td>\u00a0Acier ferreux, acier inoxydable<\/td>\n<\/tr>\n<tr>\n<td height=\"41\">\u00a0Ch\u00e2ssis<\/td>\n<td>\u00a0Acier \u00e0 haute r\u00e9sistance<\/td>\n<\/tr>\n<tr>\n<td height=\"41\">\u00a0Soupape<\/td>\n<td>\u00a0Civacon, EMCO, HELI, JLME, HENGE<\/td>\n<\/tr>\n<tr>\n<td height=\"41\">\u00a0Essieu<\/td>\n<td>\u00a0Essieu 2\/3\/4 ; BPW, FUWA, L1, HO'S, SAF, PDME<\/td>\n<\/tr>\n<tr>\n<td height=\"41\">\u00a0Suspension<\/td>\n<td>\u00a0Suspension pneumatique, m\u00e9canique, Bogie<\/td>\n<\/tr>\n<tr>\n<td height=\"41\">\u00a0Syst\u00e8me de freinage<\/td>\n<td>\u00a0Syst\u00e8me de freinage Dual Line, chambre T30\/30, valve d'urgence Wabco, ABS\/EBS en option<\/td>\n<\/tr>\n<tr>\n<td height=\"41\">\u00a0Pi\u00e8ces d\u00e9tach\u00e9es pour remorques-citernes<\/td>\n<td>\u00a0Garde-boue, \u00e9chelle, 1 bo\u00eete \u00e0 outils standard, 1 couche d'appr\u00eat anticorrosion, 2 couches de peinture finale, peinture polyur\u00e9thane, train d'atterrissage, jante en acier 9.0-22.5, extincteur, soupape de fond pneumatique de 4 pouces, couvercle de trou d'homme en alliage d'aluminium de 500 mm, t\u00f4le d'acier Q345\/6mm, conforme \u00e0 l'ADR (selon les besoins du client).<\/td>\n<\/tr>\n<tr>\n<td height=\"41\">\u00a0Application<\/td>\n<td>\u00a0Carburant, p\u00e9trole, p\u00e9trole brut, diesel, essence, p\u00e9trole, gazoline<\/td>\n<\/tr>\n<tr>\n<td height=\"41\"><a href=\"\/france\/contact-us\/\">Demande de renseignements<\/a><\/td>\n<td><a href=\"https:\/\/www.pandamech.com\/france\/about\/\" target=\"_blank\" rel=\"noopener\">\u00c0 propos de Panda Mech<\/a><\/td>\n<\/tr>\n<\/tbody>\n<\/table>\n<h2>Application :<\/h2>\n<p>La remorque-citerne \u00e0 huile de palme est g\u00e9n\u00e9ralement utilis\u00e9e pour transporter de l'essence, du k\u00e9ros\u00e8ne, du diesel, de l'huile v\u00e9g\u00e9tale, de l'huile comestible, de l'huile lourde, du goudron de houille et des produits non p\u00e9troliers tels que l'alcool, l'ald\u00e9hyde, le benz\u00e8ne, l'\u00e9ther et d'autres substances liquides.<\/p>\n<p>La remorque-citerne \u00e0 huile de palme a une capacit\u00e9 de 30000-60000 litres. Elle est g\u00e9n\u00e9ralement utilis\u00e9e pour le transport sur de longues distances, le transport de substances liquides dans le monde entier, afin de r\u00e9aliser une distribution et une utilisation raisonnables des ressources.<\/p>\n<h2>Caract\u00e9ristiques :<\/h2>\n<p>1. Dessin 3D et HyperMesh &amp; Ansys<\/p>\n<p>Utiliser pleinement la propri\u00e9t\u00e9 physique, favoriser une meilleure performance et r\u00e9duire les co\u00fbts d'exploitation<\/p>\n<p>2. Adaptateur API de la norme ADR<\/p>\n<p>Crucial pour tout syst\u00e8me de chargement par le bas API, correspond aux coupleurs 3\u2033 ou 4\u2033.<\/p>\n<p>3. Prises API Optique<\/p>\n<p>Soutenir le syst\u00e8me de chargement par le bas<\/p>\n<p>4. Trou d'homme standard ADR avec \u00e9vent de vapeur<\/p>\n<p>16\u2033 ou 20\u2033, mat\u00e9riau en aluminium pour une plus longue dur\u00e9e de vie<\/p>\n<p>5. Plus de s\u00e9curit\u00e9 gr\u00e2ce au 7ntre de gravit\u00e9 plus bas Conception du col de cygne<\/p>\n<p>6. 12% Volume plus important gr\u00e2ce \u00e0 la conception d'un canon \u00e0 section semi-elliptique<\/p>\n<p>7. Longue dur\u00e9e de vie gr\u00e2ce au soudage \u00e0 l'arc automatique des citernes<\/p>\n<h2>Panda Mech<\/h2>\n<p>Nous sommes un fabricant chinois de remorques-citernes \u00e0 huile de palme. Nous fournissons des remorques-citernes \u00e0 huile de palme 30-60 KL pour la vente. Nous pouvons les personnaliser selon vos besoins. Le prix de la remorque citerne \u00e0 huile de palme d\u00e9pend des sp\u00e9cifications. Nous pouvons les personnaliser en fonction de vos besoins.<\/p>\n<p>Les fabricants de Panda Mech ont connu le succ\u00e8s en Asie du Sud-Est, au Moyen-Orient, en Afrique et en Am\u00e9rique du Sud, notamment aux Philippines, en Tanzanie, au Nigeria, etc...<a href=\"https:\/\/www.pandamech.com\/france\/about\/\" rel=\"nofollow noopener\" name=\"662ae8fb-4e4e-4cc5-876a-6bfaecae5a2d\" target=\"_blank\">En savoir plus sur le panda<\/a><\/p>","protected":false},"excerpt":{"rendered":"<p>Type : Remorque-citerne \u00e0 huile de palme<\/p>\n<p>Gamme de prix : $26,000-46,000<\/p>\n<p>Livraison : 7-25 jours<\/p>\n<p>Essieux : 3 essieux<\/p>\n<p>Application : transport de l'huile de palme<\/p>","protected":false},"featured_media":57737,"template":"","meta":{"_acf_changed":false,"_kad_blocks_custom_css":"","_kad_blocks_head_custom_js":"","_kad_blocks_body_custom_js":"","_kad_blocks_footer_custom_js":"","_kad_post_transparent":"default","_kad_post_title":"","_kad_post_layout":"default","_kad_post_sidebar_id":"","_kad_post_content_style":"default","_kad_post_vertical_padding":"default","_kad_post_feature":"","_kad_post_feature_position":"","_kad_post_header":false,"_kad_post_footer":false,"_kad_post_classname":""},"product_brand":[],"product_cat":[109,114],"product_tag":[],"class_list":{"0":"post-21326","1":"product","2":"type-product","3":"status-publish","4":"has-post-thumbnail","6":"product_cat-fuel-tanker","7":"product_cat-stainless-tank-trailer","9":"first","10":"instock","11":"sold-individually","12":"shipping-taxable","13":"purchasable","14":"product-type-simple","15":"entry","16":"content-bg","17":"loop-entry"},"acf":[],"taxonomy_info":{"product_cat":[{"value":109,"label":"Fuel Tanker Trailer"},{"value":114,"label":"Stainless Steel Tank Trailer"}]},"featured_image_src_large":["https:\/\/www.pandamech.com\/wp-content\/uploads\/2022\/08\/2-112-500x500.jpg",500,500,true],"author_info":[],"comment_info":"","_links":{"self":[{"href":"https:\/\/www.pandamech.com\/france\/wp-json\/wp\/v2\/product\/21326","targetHints":{"allow":["GET"]}}],"collection":[{"href":"https:\/\/www.pandamech.com\/france\/wp-json\/wp\/v2\/product"}],"about":[{"href":"https:\/\/www.pandamech.com\/france\/wp-json\/wp\/v2\/types\/product"}],"version-history":[{"count":1,"href":"https:\/\/www.pandamech.com\/france\/wp-json\/wp\/v2\/product\/21326\/revisions"}],"predecessor-version":[{"id":91264,"href":"https:\/\/www.pandamech.com\/france\/wp-json\/wp\/v2\/product\/21326\/revisions\/91264"}],"wp:featuredmedia":[{"embeddable":true,"href":"https:\/\/www.pandamech.com\/france\/wp-json\/wp\/v2\/media\/57737"}],"wp:attachment":[{"href":"https:\/\/www.pandamech.com\/france\/wp-json\/wp\/v2\/media?parent=21326"}],"wp:term":[{"taxonomy":"product_brand","embeddable":true,"href":"https:\/\/www.pandamech.com\/france\/wp-json\/wp\/v2\/product_brand?post=21326"},{"taxonomy":"product_cat","embeddable":true,"href":"https:\/\/www.pandamech.com\/france\/wp-json\/wp\/v2\/product_cat?post=21326"},{"taxonomy":"product_tag","embeddable":true,"href":"https:\/\/www.pandamech.com\/france\/wp-json\/wp\/v2\/product_tag?post=21326"}],"curies":[{"name":"wp","href":"https:\/\/api.w.org\/{rel}","templated":true}]}}