{"id":21325,"date":"2022-05-06T19:02:22","date_gmt":"2022-05-06T11:02:22","guid":{"rendered":"http:\/\/pandamech.com\/?post_type=product&#038;p=21325"},"modified":"2025-08-23T01:08:28","modified_gmt":"2025-08-22T17:08:28","slug":"curtain-side-trailer-for-sale-html","status":"publish","type":"product","link":"https:\/\/www.pandamech.com\/france\/product\/curtain-side-trailer-for-sale-html\/","title":{"rendered":"Remorque \u00e0 rideaux lat\u00e9raux \u00e0 vendre"},"content":{"rendered":"<h2>Qu'est-ce que le transport en rideau ?<\/h2>\n<p>Le transport par remorque \u00e0 rideaux lat\u00e9raux doit \u00eatre consid\u00e9r\u00e9 comme l'une des m\u00e9thodes de transport les plus courantes, et il constituera \u00e9galement une tendance de d\u00e9veloppement \u00e0 l'avenir, qui deviendra de plus en plus populaire.<\/p>\n<h3>1. Chargement et d\u00e9chargement rapides<\/h3>\n<p>Du point de vue du poids, en plus de remplacer le fer par l'aluminium, la toile \u00e0 rideaux avec du tissu au lieu du fer est le meilleur moyen d'obtenir la l\u00e9g\u00e8ret\u00e9. La draperie pr\u00e9sente des avantages uniques en termes de flexibilit\u00e9 et de fr\u00e9quentation maximale. C'est particuli\u00e8rement vrai lorsqu'il est n\u00e9cessaire de prendre et de livrer fr\u00e9quemment des marchandises dans le domaine du fret.<\/p>\n<h3>2. Livraisons partielles simplifi\u00e9es<\/h3>\n<p>Du point de vue de l'efficacit\u00e9 du chargement et du d\u00e9chargement, le wagon \u00e0 rideaux peut consid\u00e9rablement am\u00e9liorer l'efficacit\u00e9 du chargement et du d\u00e9chargement des marchandises. Lorsque le wagon \u00e0 rideaux est ouvert, outre le chargement et le d\u00e9chargement habituels \u00e0 l'arri\u00e8re du wagon, les marchandises peuvent \u00eatre charg\u00e9es et d\u00e9charg\u00e9es des deux c\u00f4t\u00e9s ou au sommet du v\u00e9hicule. Cela permet de renforcer le r\u00f4le des outils de manutention (tels que les chariots \u00e9l\u00e9vateurs, les outils de levage, etc.) et de r\u00e9duire ainsi l'intensit\u00e9 du travail des ouvriers.<\/p>\n<h3>3. Pas de b\u00e2che n\u00e9cessaire<\/h3>\n<p>D'un point de vue esth\u00e9tique, la face int\u00e9gr\u00e9e de l'imprimante \u00e0 jet d'encre ou le motif est plus beau que les remorques conventionnelles.<\/p>\n<p>Le transport par remorque \u00e0 rideaux lat\u00e9raux permet de prot\u00e9ger les marchandises dans les fourgons et d'assurer la flexibilit\u00e9 du chargement sur les plates-formes. Le transport par remorque \u00e0 rideau lat\u00e9ral pr\u00e9sente de nombreux avantages.<br \/>\nLes nombreux avantages de la remorque \u00e0 rideau lat\u00e9ral ont incit\u00e9 de plus en plus de clients \u00e0 choisir et \u00e0 utiliser ce mode de transport, et ils peuvent \u00e9galement permettre \u00e0 la plupart des entreprises de fret d'adopter le concept de rideau.<\/p>\n<h2>Qu'est-ce qu'une remorque \u00e0 rideaux lat\u00e9raux ?<\/h2>\n<p>Le ch\u00e2ssis, la colonne, la poutre et le rideau forment le corps principal du rideau lat\u00e9ral. Les rideaux des deux c\u00f4t\u00e9s peuvent \u00eatre rapidement ouverts et le chargement et le d\u00e9chargement des marchandises sont tr\u00e8s pratiques.<\/p>\n<p>Gr\u00e2ce \u00e0 son efficacit\u00e9 en mati\u00e8re de transport et \u00e0 son \u00e9quipement multifonctionnel \u00e0 semi-conducteurs, le wagon \u00e0 rideau lat\u00e9ral pr\u00e9sente de grands avantages dans six domaines de transport tels que le transport multimodal, les appareils m\u00e9nagers, les boissons, les rouleaux de papier, les pi\u00e8ces automobiles, les assiettes et les marchandises emball\u00e9es.<\/p>\n<h2>20 Ft side loader trailer images<\/h2>\n<p><img fetchpriority=\"high\" decoding=\"async\" class=\"size-full wp-image-22111\" src=\"https:\/\/pandamech.com\/wp-content\/uploads\/2021\/08\/7-113.jpg\" alt=\"remorque \u00e0 rideau lat\u00e9ral \u00e0 vendre\" width=\"800\" height=\"533\" title=\"\"><\/p>\n<p>Camion \u00e0 rideaux de 40 pieds \u00e0 vendre<br \/>\n<img decoding=\"async\" class=\"size-full wp-image-22112\" src=\"https:\/\/pandamech.com\/wp-content\/uploads\/2021\/08\/8-96.jpg\" alt=\"remorque \u00e0 rideau lat\u00e9ral \u00e0 vendre\" width=\"800\" height=\"533\" title=\"\"><\/p>\n<p>Remorques \u00e0 rideaux de 40 pieds \u00e0 vendre<\/p>\n<p><img decoding=\"async\" class=\"size-full wp-image-22113\" src=\"https:\/\/pandamech.com\/wp-content\/uploads\/2021\/08\/9-52.jpg\" alt=\"remorque \u00e0 rideau lat\u00e9ral \u00e0 vendre\" width=\"800\" height=\"533\" title=\"\"><\/p>\n<p>Remorques \u00e0 3 essieux \u00e0 rideau lat\u00e9ral pour camions \u00e0 vendre<\/p>\n<h2>40 Ft curtain side trailer specifications<\/h2>\n<table style=\"width: 800px;\" border=\"1\" cellspacing=\"1\" cellpadding=\"1\">\n<tbody>\n<tr>\n<td width=\"289\" height=\"28\">\u00a0Fabricant<\/td>\n<td width=\"503\">\u00a0Panda Mech 3 Axle curtain Side Trailer<\/td>\n<\/tr>\n<tr>\n<td height=\"28\">\u00a0Dimensions de la remorque lat\u00e9rale \u00e0 rideaux<\/td>\n<td width=\"503\">\u00a011000-13000\u00d72490\u00d73250mm-3900mm (customized)<\/td>\n<\/tr>\n<tr>\n<td height=\"28\">\u00a0Capacit\u00e9 de remorquage des rideaux lat\u00e9raux<\/td>\n<td width=\"503\">\u00a025T-60T<\/td>\n<\/tr>\n<tr>\n<td height=\"28\">\u00a0Marque de l'essieu<\/td>\n<td width=\"503\">\u00a0Capacit\u00e9 de chargement de 13T\/16T, marque FUWA (marque BPW et marque chinoise en option)<\/td>\n<\/tr>\n<tr>\n<td height=\"28\">\u00a0Essieux<\/td>\n<td width=\"503\">\u00a02-4 essieux<\/td>\n<\/tr>\n<tr>\n<td height=\"28\">\u00a0Jante<\/td>\n<td width=\"503\">\u00a09.00-22.5 (8.0-20 ou autres selon les besoins)<\/td>\n<\/tr>\n<tr>\n<td height=\"28\">\u00a0Nombre de jantes<\/td>\n<td width=\"503\">\u00a0En cons\u00e9quence<\/td>\n<\/tr>\n<tr>\n<td height=\"28\">\u00a0Pneu<\/td>\n<td width=\"503\">\u00a012R22.5 (315\/80R22.5, 11R20 ou autres selon les besoins)<\/td>\n<\/tr>\n<tr>\n<td height=\"28\">\u00a0Nombre de pneus<\/td>\n<td width=\"503\">\u00a0En cons\u00e9quence<\/td>\n<\/tr>\n<tr>\n<td height=\"28\">\u00a0Suspension<\/td>\n<td width=\"503\">\u00a0Suspension m\u00e9canique ou suspension pneumatique<\/td>\n<\/tr>\n<tr>\n<td height=\"28\">\u00a0Ressorts \u00e0 lames<\/td>\n<td width=\"503\">\u00a090mm\u00d713mm\u00d710 ou 100mm\u00d712mm\u00d712 ou autres par l'usine pour s'adapter \u00e0 la semi-remorque<\/td>\n<\/tr>\n<tr>\n<td height=\"28\">\u00a0Kingpin<\/td>\n<td width=\"503\">\u00a02,0 ou 3,5 pouces selon la demande, marque JOST, type boulons ou type soudure<\/td>\n<\/tr>\n<tr>\n<td height=\"28\">\u00a0Train d'atterrissage<\/td>\n<td width=\"503\">\u00a0D200T de marque JOST ou 28 tonnes (\u00e0 deux vitesses) de marque chinoise<\/td>\n<\/tr>\n<tr>\n<td height=\"28\">\u00a0Stringer<\/td>\n<td width=\"503\">\u00a0Hauteur : 500 mm, la plaque sup\u00e9rieure est de 14 mm, la plaque centrale est de 8 mm, la plaque inf\u00e9rieure est de 16 mm ; le mat\u00e9riau est de l'acier au carbone Q345 (\u00e9galement appel\u00e9 acier au mangan\u00e8se).<\/td>\n<\/tr>\n<tr>\n<td height=\"28\">\u00a0Faisceau lat\u00e9ral<\/td>\n<td width=\"503\">\u00a0Profil\u00e9s en acier, d'une \u00e9paisseur de 16 mm ou 18 mm (mat\u00e9riau : acier au carbone Q235)<\/td>\n<\/tr>\n<tr>\n<td height=\"36\">\u00a0Hauteur de la bo\u00eete<\/td>\n<td width=\"503\">\u00a01500-2700mm au choix<\/td>\n<\/tr>\n<tr>\n<td height=\"28\">\u00a0Chambre de freinage<\/td>\n<td width=\"503\">\u00a0Valve relais WABCO RE 6 ; chambre de freinage \u00e0 ressort T30\/30+T30 (marque TKL) ;<\/td>\n<\/tr>\n<tr>\n<td height=\"28\">\u00a0ABS<\/td>\n<td width=\"503\">\u00a0En option<\/td>\n<\/tr>\n<tr>\n<td height=\"28\">\u00a0Soupape<\/td>\n<td width=\"503\">\u00a0Valve WABCO<\/td>\n<\/tr>\n<tr>\n<td height=\"28\">\u00a0Lumi\u00e8re<\/td>\n<td width=\"503\">\u00a0Lumi\u00e8re LED conforme aux normes internationales ou europ\u00e9ennes<\/td>\n<\/tr>\n<tr>\n<td height=\"28\">\u00a0Tension<\/td>\n<td width=\"503\">\u00a024V<\/td>\n<\/tr>\n<tr>\n<td height=\"28\">\u00a0R\u00e9ceptacle<\/td>\n<td width=\"503\">\u00a07 voies (7 faisceaux de fils)<\/td>\n<\/tr>\n<tr>\n<td height=\"28\">\u00a0Bo\u00eete \u00e0 outils<\/td>\n<td width=\"503\">\u00a0Une unit\u00e9 avec un jeu d'outils standard en usine<\/td>\n<\/tr>\n<tr>\n<td height=\"28\">\u00a0Peinture<\/td>\n<td width=\"503\">\u00a0Sablage complet du ch\u00e2ssis pour \u00e9liminer la rouille, 1 couche d'appr\u00eat anticorrosion, 2 couches de peinture finale<\/td>\n<\/tr>\n<\/tbody>\n<\/table>\n<h2>Quels types de marchandises sont transport\u00e9s par les remorques \u00e0 rideaux lat\u00e9raux ?<\/h2>\n<p>Avant d'acheter une remorque \u00e0 rideau lat\u00e9ral, de nombreuses personnes se demandent quel type de marchandises peut \u00eatre transport\u00e9.<\/p>\n<p>D'une mani\u00e8re g\u00e9n\u00e9rale, une remorque lat\u00e9rale de croisi\u00e8re est habituellement utilis\u00e9e pour les marchandises transport\u00e9es par des v\u00e9hicules de transport \u00e0 plateau, mais l'environnement ferm\u00e9 peut \u00e9largir le champ des marchandises transportables, de sorte que, fondamentalement, toutes les marchandises peuvent \u00eatre transport\u00e9es.<\/p>\n<h2>Panda Mech<\/h2>\n<p>Panda Mech est un fabricant de remorques \u00e0 rideaux lat\u00e9raux de 40 pieds en Chine. Nous fournissons des remorques \u00e0 rideau lat\u00e9ral de 40 pieds \u00e0 vendre. Les fabricants de Panda Mech ont connu le succ\u00e8s en Asie du Sud-Est, au Moyen-Orient, en Afrique et en Am\u00e9rique du Sud, tels que les Philippines, la Tanzanie, etc...<\/p>\n<p><a href=\"https:\/\/www.pandamech.com\/france\/contact-us\/\" target=\"_blank\" rel=\"noopener\"><img loading=\"lazy\" decoding=\"async\" src=\"https:\/\/pandamech.com\/wp-content\/uploads\/2021\/08\/quotation.jpg\" alt=\"cotation\" width=\"864\" height=\"213\" title=\"\"><\/a><\/p>","protected":false},"excerpt":{"rendered":"<p>Type : Remorque lat\u00e9rale \u00e0 rideaux \u00e0 3 essieux<\/p>\n<p>Gamme de prix : $16 000-28 000<\/p>\n<p>Livraison : 7-25 jours<\/p>\n<p>Charge utile : 40 000 kg<\/p>\n<p>Applications : marchandises en vrac et mat\u00e9riaux de construction<\/p>","protected":false},"featured_media":57778,"template":"","meta":{"_acf_changed":false,"_kad_blocks_custom_css":"","_kad_blocks_head_custom_js":"","_kad_blocks_body_custom_js":"","_kad_blocks_footer_custom_js":"","_kad_post_transparent":"default","_kad_post_title":"","_kad_post_layout":"default","_kad_post_sidebar_id":"","_kad_post_content_style":"default","_kad_post_vertical_padding":"default","_kad_post_feature":"","_kad_post_feature_position":"","_kad_post_header":false,"_kad_post_footer":false,"_kad_post_classname":""},"product_brand":[],"product_cat":[71],"product_tag":[],"class_list":{"0":"post-21325","1":"product","2":"type-product","3":"status-publish","4":"has-post-thumbnail","6":"product_cat-cargo-trailer","8":"first","9":"instock","10":"sold-individually","11":"shipping-taxable","12":"purchasable","13":"product-type-simple","14":"entry","15":"content-bg","16":"loop-entry"},"acf":[],"taxonomy_info":{"product_cat":[{"value":71,"label":"Bulk Cargo Trailer"}]},"featured_image_src_large":["https:\/\/www.pandamech.com\/wp-content\/uploads\/2022\/08\/2-81-500x500.jpg",500,500,true],"author_info":[],"comment_info":"","_links":{"self":[{"href":"https:\/\/www.pandamech.com\/france\/wp-json\/wp\/v2\/product\/21325","targetHints":{"allow":["GET"]}}],"collection":[{"href":"https:\/\/www.pandamech.com\/france\/wp-json\/wp\/v2\/product"}],"about":[{"href":"https:\/\/www.pandamech.com\/france\/wp-json\/wp\/v2\/types\/product"}],"version-history":[{"count":1,"href":"https:\/\/www.pandamech.com\/france\/wp-json\/wp\/v2\/product\/21325\/revisions"}],"predecessor-version":[{"id":91424,"href":"https:\/\/www.pandamech.com\/france\/wp-json\/wp\/v2\/product\/21325\/revisions\/91424"}],"wp:featuredmedia":[{"embeddable":true,"href":"https:\/\/www.pandamech.com\/france\/wp-json\/wp\/v2\/media\/57778"}],"wp:attachment":[{"href":"https:\/\/www.pandamech.com\/france\/wp-json\/wp\/v2\/media?parent=21325"}],"wp:term":[{"taxonomy":"product_brand","embeddable":true,"href":"https:\/\/www.pandamech.com\/france\/wp-json\/wp\/v2\/product_brand?post=21325"},{"taxonomy":"product_cat","embeddable":true,"href":"https:\/\/www.pandamech.com\/france\/wp-json\/wp\/v2\/product_cat?post=21325"},{"taxonomy":"product_tag","embeddable":true,"href":"https:\/\/www.pandamech.com\/france\/wp-json\/wp\/v2\/product_tag?post=21325"}],"curies":[{"name":"wp","href":"https:\/\/api.w.org\/{rel}","templated":true}]}}