{"id":21324,"date":"2026-01-12T18:35:22","date_gmt":"2026-01-12T10:35:22","guid":{"rendered":"http:\/\/pandamech.com\/?post_type=product&#038;p=21324"},"modified":"2026-01-19T11:46:12","modified_gmt":"2026-01-19T03:46:12","slug":"30-ton-bulk-flour-tanker-trailer","status":"publish","type":"product","link":"https:\/\/www.pandamech.com\/france\/product\/30-ton-bulk-flour-tanker-trailer\/","title":{"rendered":"Remorque-citerne \u00e0 farine de 30 tonnes (farine de bl\u00e9 \/ poudre de bl\u00e9)"},"content":{"rendered":"<p>Si vous d\u00e9m\u00e9nagez de la farine tous les jours, vous connaissez d\u00e9j\u00e0 les difficult\u00e9s : rester propre, d\u00e9charger rapidement et \u00e9viter les d\u00e9g\u00e2ts dus \u00e0 la poussi\u00e8re. Cette <strong data-start=\"1139\" data-end=\"1170\">Remorque-citerne \u00e0 farine de 30 tonnes<\/strong> est con\u00e7u pour le transport de farine en vrac, avec une cuve de qualit\u00e9 alimentaire en option et un syst\u00e8me de d\u00e9chargement pneumatique. Certains clients font \u00e9tat d'une maintenance tr\u00e8s r\u00e9duite sur plusieurs ann\u00e9es - les r\u00e9sultats r\u00e9els d\u00e9pendront des conditions d'exploitation et de l'entretien.<\/p>\n<p data-start=\"1461\" data-end=\"1556\"><strong data-start=\"1539\" data-end=\"1554\">Sp\u00e9cifications rapides<\/strong><\/p>\n<ul data-start=\"1557\" data-end=\"1849\">\n<li data-start=\"1557\" data-end=\"1603\">\n<p data-start=\"1744\" data-end=\"1888\">Charge utile typique : <strong data-start=\"1822\" data-end=\"1846\">Configuration 30 tonnes<\/strong> (la valeur finale d\u00e9pend de la densit\u00e9 et des limites locales)<\/p>\n<\/li>\n<li data-start=\"1604\" data-end=\"1654\">\n<p data-start=\"1606\" data-end=\"1654\">Plage de volume : <strong data-start=\"1620\" data-end=\"1632\">30-60 m\u00b3<\/strong> (en fonction de la densit\u00e9)<\/p>\n<\/li>\n<li data-start=\"1655\" data-end=\"1720\">\n<p data-start=\"1657\" data-end=\"1720\">Dimensions (L\u00d7L\u00d7H) : <strong data-start=\"1677\" data-end=\"1718\">8 500-10 800 \u00d7 2 500 \u00d7 3 300-3 800 mm<\/strong><\/p>\n<\/li>\n<li data-start=\"1721\" data-end=\"1783\">\n<p data-start=\"1723\" data-end=\"1783\">D\u00e9chargement : <strong data-start=\"1734\" data-end=\"1781\">Pneumatique (air comprim\u00e9), avec contr\u00f4le des poussi\u00e8res<\/strong><\/p>\n<\/li>\n<li data-start=\"1784\" data-end=\"1849\">\n<p data-start=\"1786\" data-end=\"1849\">Options de mat\u00e9riaux : <strong data-start=\"1804\" data-end=\"1847\">Aluminium \/ Acier inoxydable (qualit\u00e9 alimentaire)<\/strong><\/p>\n<\/li>\n<\/ul>\n<h2>Sp\u00e9cifications de la remorque-citerne \u00e0 farine<\/h2>\n<table style=\"width: 800px;\" border=\"1\" cellspacing=\"1\" cellpadding=\"1\">\n<tbody>\n<tr>\n<td width=\"202\" height=\"38\">\u00a0Marque<\/td>\n<td width=\"691\">\u00a0Panda Mech<\/td>\n<\/tr>\n<tr>\n<td width=\"202\" height=\"38\">\u00a0Longueur*largeur*hauteur<\/td>\n<td width=\"691\">\u00a08500- 10800 x 2500 x 3300- 3800 mm<\/td>\n<\/tr>\n<tr>\n<td width=\"202\" height=\"38\">\u00a0Capacit\u00e9<\/td>\n<td width=\"691\">\u00a030-60 m3, jusqu'\u00e0 30 tonnes<\/td>\n<\/tr>\n<tr>\n<td width=\"202\" height=\"38\">\u00a0Moteur<\/td>\n<td width=\"691\">\u00a0Moteur diesel Weichai\/Deutz (en option)<\/td>\n<\/tr>\n<tr>\n<td width=\"202\" height=\"38\">\u00a0Poids de tare<\/td>\n<td width=\"691\">\u00a06-8 tonnes<\/td>\n<\/tr>\n<tr>\n<td width=\"202\" height=\"38\">\u00a0Couvercle de trou d'homme<\/td>\n<td width=\"691\">\u00a02 \u00e0 4 ensembles de 500 mm de diam\u00e8tre<\/td>\n<\/tr>\n<tr>\n<td width=\"202\" height=\"38\">\u00a0Soupape de d\u00e9charge<\/td>\n<td width=\"691\">\u00a0Valve \u00e0 disque de 4\u2033 (4\u2033 disc valve)<\/td>\n<\/tr>\n<tr>\n<td width=\"202\" height=\"38\">\u00a0Suspension<\/td>\n<td width=\"691\">\u00a0Suspension m\u00e9canique, suspension pneumatique<\/td>\n<\/tr>\n<tr>\n<td width=\"202\" height=\"38\">\u00a0Syst\u00e8me de freinage<\/td>\n<td width=\"691\">\u00a0Valve d'urgence WABCO<\/td>\n<\/tr>\n<tr>\n<td width=\"202\" height=\"38\">\u00a0Essieu<\/td>\n<td width=\"691\">\u00a02-4 jeux (BPW\/FUWA), essieu 13\/16\/20T<\/td>\n<\/tr>\n<tr>\n<td width=\"202\" height=\"38\">\u00a0Pneu<\/td>\n<td width=\"691\">\u00a012R22.5, 385\/65R22.5, 13R22.5, 12.00R24, 315\/80R22.5<\/td>\n<\/tr>\n<\/tbody>\n<\/table>\n<p style=\"text-align: center;\"><a class=\"product_button\" href=\"#elementor-action%3Aaction%3Dpopup%3Aopen%26settings%3DeyJpZCI6Ijk5MDciLCJ0b2dnbGUiOmZhbHNlfQ%3D%3D\">Obtenir un devis imm\u00e9diat<\/a><\/p>\n<h2>Images de la remorque du camion-citerne \u00e0 farine<\/h2>\n<p data-start=\"3340\" data-end=\"3583\">Voici des photos de construction r\u00e9elles pour que vous puissiez v\u00e9rifier la forme du r\u00e9servoir, les trous d'homme, la tuyauterie de d\u00e9charge, la disposition des \u00e9chelles et la finition g\u00e9n\u00e9rale. Si vous avez besoin d'un dessin correspondant \u00e0 l'entr\u00e9e\/sortie de votre silo, indiquez-nous les conditions de votre site et nous vous recommanderons une configuration.<\/p>\n<p><img fetchpriority=\"high\" decoding=\"async\" class=\"alignnone wp-image-31498 size-full\" src=\"https:\/\/pandamech.com\/wp-content\/uploads\/2022\/06\/60cbm-30-ton-flour-tanker-trailer-2.jpg\" alt=\"Remorque-citerne \u00e0 farine de 30 tonnes \u00e0 vendre\" width=\"800\" height=\"533\" title=\"\"><\/p>\n<p><img decoding=\"async\" class=\"alignnone wp-image-31497 size-full\" src=\"https:\/\/pandamech.com\/wp-content\/uploads\/2022\/06\/60cbm-30-ton-flour-tanker-trailer-1.jpg\" alt=\"30 tonnes de farine de bl\u00e9 prix de la remorque de transport en vrac\" width=\"800\" height=\"584\" title=\"\"><\/p>\n<p><img decoding=\"async\" class=\"alignnone wp-image-31499 size-full\" src=\"https:\/\/pandamech.com\/wp-content\/uploads\/2022\/06\/60cbm-30-ton-flour-tanker-trailer.jpg\" alt=\"30 tonnes de farine en vrac remorque pour la vente Chine\" width=\"800\" height=\"600\" title=\"\"><\/p>\n<p style=\"text-align: center;\"><a class=\"product_button\" href=\"#elementor-action%3Aaction%3Dpopup%3Aopen%26settings%3DeyJpZCI6Ijk5MDciLCJ0b2dnbGUiOmZhbHNlfQ%3D%3D\">Cliquez pour plus de d\u00e9tails<\/a><\/p>\n<h2>Vid\u00e9o de la remorque du camion-citerne \u00e0 farine<\/h2>\n<p><iframe title=\"Lecteur vid\u00e9o YouTube\" src=\"https:\/\/www.youtube.com\/embed\/GVioVm4GG_8\" width=\"800\" height=\"533\" frameborder=\"0\" allowfullscreen=\"allowfullscreen\" data-mce-fragment=\"1\"><\/iframe><\/p>\n<p style=\"text-align: center;\"><a class=\"product_button\" href=\"#elementor-action%3Aaction%3Dpopup%3Aopen%26settings%3DeyJpZCI6Ijk5MDciLCJ0b2dnbGUiOmZhbHNlfQ%3D%3D\">Obtenir un devis imm\u00e9diat<\/a><\/p>\n<h2>Syst\u00e8me de r\u00e9servoirs de farine et d\u00e9chargement pneumatique (comment \u00e7a marche)<\/h2>\n<p data-start=\"1716\" data-end=\"1969\">Le d\u00e9chargement d'une remorque-citerne \u00e0 farine s'effectue \u00e0 l'aide d'air comprim\u00e9 pour fluidifier la farine \u00e0 l'int\u00e9rieur de la citerne et la pousser dans un silo par le biais de conduites de d\u00e9chargement. Dans de bonnes conditions (farine s\u00e8che, filtres propres, conduites courtes), le d\u00e9chargement s'effectue g\u00e9n\u00e9ralement de la mani\u00e8re suivante <strong data-start=\"1935\" data-end=\"1952\">30-60 minutes<\/strong> pour une charge compl\u00e8te.<\/p>\n<ul>\n<li data-start=\"1009\" data-end=\"1095\">\n<p data-start=\"1011\" data-end=\"1095\"><strong>Meilleur pour<\/strong>Distribution du moulin \u00e0 la boulangerie, livraison du silo au silo, logistique de la farine en vrac<\/p>\n<\/li>\n<li data-start=\"1096\" data-end=\"1155\">\n<p data-start=\"1098\" data-end=\"1155\"><strong>Fonctionne avec<\/strong>silos de r\u00e9ception et syst\u00e8mes de filtrage standard<\/p>\n<\/li>\n<li data-start=\"1156\" data-end=\"1248\">\n<p data-start=\"1158\" data-end=\"1248\"><strong>Pas id\u00e9al pour<\/strong>les farines tr\u00e8s humides ou les sites avec de longs tuyaux d'arrosage (\u00e0 moins qu'ils ne soient am\u00e9lior\u00e9s).<\/p>\n<\/li>\n<\/ul>\n<h3 data-start=\"1971\" data-end=\"2009\">Ce qui est inclus dans une installation typique<\/h3>\n<ul data-start=\"2010\" data-end=\"2242\">\n<li data-start=\"2010\" data-end=\"2075\">\n<p data-start=\"2012\" data-end=\"2075\">Syst\u00e8me d'air pour la d\u00e9charge pneumatique (option soufflerie\/compresseur)<\/p>\n<\/li>\n<li data-start=\"2076\" data-end=\"2116\">\n<p data-start=\"2078\" data-end=\"2116\"><strong data-start=\"2078\" data-end=\"2086\">4-6\u2033<\/strong> tuyauterie et vannes de refoulement<\/p>\n<\/li>\n<li data-start=\"2117\" data-end=\"2174\">\n<p data-start=\"2119\" data-end=\"2174\">Trous d'homme et raccords \u00e9tanches pour garder la farine propre<\/p>\n<\/li>\n<li data-start=\"2175\" data-end=\"2242\">\n<p data-start=\"2177\" data-end=\"2242\">Le contr\u00f4le des poussi\u00e8res d\u00e9pend du filtre du silo de r\u00e9ception et de la configuration de la ligne.<\/p>\n<\/li>\n<\/ul>\n<h3 data-start=\"2244\" data-end=\"2273\">Ce qui ralentit le d\u00e9chargement<\/h3>\n<p data-start=\"2274\" data-end=\"2397\">De longs tuyaux, une forte contre-pression dans le silo, de la farine humide ou des filtres sous-dimensionn\u00e9s peuvent r\u00e9duire le d\u00e9bit et augmenter le temps de d\u00e9chargement.<\/p>\n<h2>Caract\u00e9ristiques de la remorque-citerne \u00e0 farine<\/h2>\n<h3 data-start=\"2554\" data-end=\"2581\">Options de r\u00e9servoirs de qualit\u00e9 alimentaire<\/h3>\n<p data-start=\"2582\" data-end=\"2733\">Choisissez l'aluminium ou l'acier inoxydable pour un transport hygi\u00e9nique de la farine. Des joints \u00e9tanches et des surfaces nettoyables contribuent \u00e0 r\u00e9duire les risques de contamination et l'accumulation d'humidit\u00e9.<\/p>\n<h3 data-start=\"2735\" data-end=\"2762\">Conception de c\u00f4nes \u00e0 faible r\u00e9sidu<\/h3>\n<p data-start=\"2763\" data-end=\"2875\">La g\u00e9om\u00e9trie conique permet une d\u00e9charge plus douce et moins de restes de farine, ce qui contribue \u00e0 r\u00e9duire les d\u00e9chets et le temps de nettoyage.<\/p>\n<h3 data-start=\"2877\" data-end=\"2916\">D\u00e9chargement pneumatique contr\u00f4l\u00e9 par la poussi\u00e8re<\/h3>\n<p data-start=\"2917\" data-end=\"3055\">Le d\u00e9chargement pneumatique maintient le processus plus propre que le d\u00e9versement \u00e0 ciel ouvert et permet une livraison efficace dans les silos lorsque la configuration du site est correcte.<\/p>\n<h3 data-start=\"3057\" data-end=\"3079\">Composants durables<\/h3>\n<p data-start=\"3080\" data-end=\"3181\">Des composants de freinage et de soupape de qualit\u00e9 et des soudures solides contribuent \u00e0 la fiabilit\u00e9 de la remorque sur le long terme.<\/p>\n<h2>Pourquoi Panda Mech (Ce que les acheteurs demandent habituellement)<\/h2>\n<p data-start=\"3690\" data-end=\"3910\">Nous construisons des remorques s\u00e8ches pour le transport quotidien en vrac. Pour les projets de citernes \u00e0 farine, les acheteurs se soucient g\u00e9n\u00e9ralement de trois choses : la bonne configuration pour leur itin\u00e9raire, une qualit\u00e9 de construction constante et une assistance apr\u00e8s la livraison.<\/p>\n<ul>\n<li data-start=\"3851\" data-end=\"3946\">\n<p data-start=\"3853\" data-end=\"3946\"><strong>Aide \u00e0 la configuration<\/strong>: volume de pr\u00e9l\u00e8vement, essieux et disposition de d\u00e9chargement pour votre itin\u00e9raire et votre configuration de silo.<\/p>\n<\/li>\n<li data-start=\"3947\" data-end=\"4042\">\n<p data-start=\"3949\" data-end=\"4042\"><strong>L'accent sur le contr\u00f4le de qualit\u00e9<\/strong>: coh\u00e9rence des soudures, contr\u00f4le de l'\u00e9tanch\u00e9it\u00e9 et s\u00e9lection des pi\u00e8ces pour un d\u00e9chargement stable.<\/p>\n<\/li>\n<li data-start=\"4043\" data-end=\"4118\">\n<p data-start=\"4045\" data-end=\"4118\"><strong>Service apr\u00e8s-vente<\/strong>: assistance en mati\u00e8re de pi\u00e8ces d\u00e9tach\u00e9es et conseils d'installation pour r\u00e9duire les temps d'immobilisation.<\/p>\n<\/li>\n<\/ul>\n<h2>Transport maritime d'une remorque-citerne de farine<\/h2>\n<p data-start=\"4166\" data-end=\"4399\">Nous appliquons une couche de cire protectrice pour r\u00e9duire le risque de corrosion par le sel pendant le transport maritime, et nous enveloppons les moteurs et les composants sensibles d'un tissu imperm\u00e9able pour une protection suppl\u00e9mentaire.<\/p>\n<p style=\"text-align: center;\"><a class=\"product_button\" href=\"#elementor-action%3Aaction%3Dpopup%3Aopen%26settings%3DeyJpZCI6Ijk5MDciLCJ0b2dnbGUiOmZhbHNlfQ%3D%3D\">Cliquez pour plus de d\u00e9tails<\/a><\/p>\n<h2>FAQ<\/h2>\n<p><strong data-start=\"4245\" data-end=\"4296\">Quelle est la capacit\u00e9 d'une remorque-citerne \u00e0 farine ?<\/strong><\/p>\n<p data-start=\"4245\" data-end=\"4469\">La plupart des camions-citernes \u00e0 farine sont <strong data-start=\"4322\" data-end=\"4334\">30-60 m\u00b3<\/strong> et portent souvent <strong data-start=\"4351\" data-end=\"4365\">20-40 tonnes<\/strong> (en fonction de la densit\u00e9). La capacit\u00e9 finale d\u00e9pend de la densit\u00e9 apparente de la farine, de la capacit\u00e9 des essieux et des limites routi\u00e8res locales.<\/p>\n<h3>Pourquoi le transport de la farine doit-il \u00eatre de qualit\u00e9 alimentaire ?<\/h3>\n<p><strong data-start=\"0\" data-end=\"145\" data-is-only-node=\"\">La farine \u00e9tant consomm\u00e9e par l'homme, elle doit \u00eatre transport\u00e9e dans des \u00e9quipements de qualit\u00e9 alimentaire afin d'\u00e9viter la contamination, l'absorption d'humidit\u00e9 et les odeurs parasites. <\/strong>Les options aluminium\/inox de qualit\u00e9 alimentaire et les tuyaux hygi\u00e9niques contribuent \u00e9galement \u00e0 r\u00e9duire les r\u00e9sidus.<\/p>\n<h3>Combien de temps faut-il pour d\u00e9charger la farine d'une remorque-citerne ?<\/h3>\n<p>G\u00e9n\u00e9ralement <strong data-start=\"4895\" data-end=\"4912\">30-60 minutes<\/strong> pour une charge compl\u00e8te. Le temps d\u00e9pend du d\u00e9bit d'air, de la longueur de la ligne (habituellement <strong data-start=\"4976\" data-end=\"4984\">4-6\u2033<\/strong>), la contre-pression du silo et la siccit\u00e9 de la farine.<\/p>\n<div>\n<h3 class=\"JlqpRe\"><strong data-start=\"5115\" data-end=\"5173\">Que dois-je pr\u00e9parer sur place pour le d\u00e9chargement pneumatique ?<\/strong><\/h3>\n<p data-start=\"5115\" data-end=\"5341\">Une entr\u00e9e de silo de r\u00e9ception compatible et un syst\u00e8me de filtrage correctement dimensionn\u00e9 sont essentiels. Courte, propre <strong data-start=\"5267\" data-end=\"5275\">4-6\u2033<\/strong> et une contre-pression stable permettent un d\u00e9chargement rapide et propre.<\/p>\n<h3><strong data-start=\"5279\" data-end=\"5327\">Dois-je choisir l'acier inoxydable ou l'aluminium ?<\/strong><\/h3>\n<\/div>\n<p data-start=\"5279\" data-end=\"5500\">Choisir <strong data-start=\"5337\" data-end=\"5349\">aluminium<\/strong> pour une charge utile et un rendement \u00e9nerg\u00e9tique accrus. Choisissez <strong data-start=\"5397\" data-end=\"5416\">acier inoxydable<\/strong> lorsque l'hygi\u00e8ne, les lavages fr\u00e9quents ou les environnements difficiles sont plus importants que le poids.<\/p>\n<h3 data-start=\"5279\" data-end=\"5500\">La remorque d'un camion-citerne \u00e0 farine est-elle la m\u00eame que celle d'un camion-citerne \u00e0 farine ?<\/h3>\n<p data-start=\"1365\" data-end=\"1677\"><strong>Pas toujours<\/strong>. Un camion-citerne \u00e0 farine <strong data-start=\"1465\" data-end=\"1476\">remorque<\/strong> est l'unit\u00e9 citerne tir\u00e9e par un tracteur, con\u00e7ue pour le d\u00e9chargement pneumatique en vrac dans les silos. Un \u201ccamion de farine\u201d peut \u00e9galement \u00eatre un camion rigide ou m\u00eame une livraison de farine en sacs, de sorte que les sp\u00e9cifications et les m\u00e9thodes de d\u00e9chargement peuvent diff\u00e9rer.<\/p>","protected":false},"excerpt":{"rendered":"<p><strong>Capacit\u00e9<\/strong>: 30-60 m3, 20-40 tonnes<\/p>\n<p><strong>Prix<\/strong>: 21.800- 49.500 USD<\/p>\n<p><strong>Livraison<\/strong>7-25 jours<\/p>\n<p><strong>Application<\/strong>: farine de transport<\/p>","protected":false},"featured_media":57760,"template":"","meta":{"_acf_changed":false,"_kad_blocks_custom_css":"","_kad_blocks_head_custom_js":"","_kad_blocks_body_custom_js":"","_kad_blocks_footer_custom_js":"","_kad_post_transparent":"default","_kad_post_title":"","_kad_post_layout":"default","_kad_post_sidebar_id":"","_kad_post_content_style":"default","_kad_post_vertical_padding":"default","_kad_post_feature":"","_kad_post_feature_position":"","_kad_post_header":false,"_kad_post_footer":false,"_kad_post_classname":""},"product_brand":[],"product_cat":[101],"product_tag":[],"class_list":{"0":"post-21324","1":"product","2":"type-product","3":"status-publish","4":"has-post-thumbnail","6":"product_cat-cement-tanker","8":"first","9":"instock","10":"sold-individually","11":"shipping-taxable","12":"purchasable","13":"product-type-simple","14":"entry","15":"content-bg","16":"loop-entry"},"acf":[],"taxonomy_info":{"product_cat":[{"value":101,"label":"Cement Tanker For Sale"}]},"featured_image_src_large":["https:\/\/www.pandamech.com\/wp-content\/uploads\/2022\/08\/2-43-500x500.jpg",500,500,true],"author_info":[],"comment_info":"","_links":{"self":[{"href":"https:\/\/www.pandamech.com\/france\/wp-json\/wp\/v2\/product\/21324","targetHints":{"allow":["GET"]}}],"collection":[{"href":"https:\/\/www.pandamech.com\/france\/wp-json\/wp\/v2\/product"}],"about":[{"href":"https:\/\/www.pandamech.com\/france\/wp-json\/wp\/v2\/types\/product"}],"version-history":[{"count":6,"href":"https:\/\/www.pandamech.com\/france\/wp-json\/wp\/v2\/product\/21324\/revisions"}],"predecessor-version":[{"id":87399,"href":"https:\/\/www.pandamech.com\/france\/wp-json\/wp\/v2\/product\/21324\/revisions\/87399"}],"wp:featuredmedia":[{"embeddable":true,"href":"https:\/\/www.pandamech.com\/france\/wp-json\/wp\/v2\/media\/57760"}],"wp:attachment":[{"href":"https:\/\/www.pandamech.com\/france\/wp-json\/wp\/v2\/media?parent=21324"}],"wp:term":[{"taxonomy":"product_brand","embeddable":true,"href":"https:\/\/www.pandamech.com\/france\/wp-json\/wp\/v2\/product_brand?post=21324"},{"taxonomy":"product_cat","embeddable":true,"href":"https:\/\/www.pandamech.com\/france\/wp-json\/wp\/v2\/product_cat?post=21324"},{"taxonomy":"product_tag","embeddable":true,"href":"https:\/\/www.pandamech.com\/france\/wp-json\/wp\/v2\/product_tag?post=21324"}],"curies":[{"name":"wp","href":"https:\/\/api.w.org\/{rel}","templated":true}]}}