{"id":21320,"date":"2022-04-27T19:02:21","date_gmt":"2022-04-27T11:02:21","guid":{"rendered":"http:\/\/pandamech.com\/?post_type=product&#038;p=21320"},"modified":"2025-08-23T01:08:43","modified_gmt":"2025-08-22T17:08:43","slug":"18000l-concentrated-sulfuric-acid-tanker","status":"publish","type":"product","link":"https:\/\/www.pandamech.com\/france\/product\/18000l-concentrated-sulfuric-acid-tanker\/","title":{"rendered":"Citerne d'acide sulfurique concentr\u00e9 18000L"},"content":{"rendered":"<p>La remorque-citerne \u00e0 acide sulfurique concentr\u00e9 est g\u00e9n\u00e9ralement utilis\u00e9e pour le transport sur de longues distances, dans le but de transporter de l'acide sulfurique concentr\u00e9 ou d'autres produits chimiques. Elle est g\u00e9n\u00e9ralement utilis\u00e9e pour le transport entre les usines chimiques.<\/p>\n<h2>Sp\u00e9cifications de la remorque-citerne d'acide sulfurique de 18 000 litres<\/h2>\n<p>Ce qui suit concerne principalement les sp\u00e9cifications de la remorque-citerne d'acide sulfurique.<\/p>\n<table style=\"width: 800px;\" border=\"1\" cellspacing=\"1\" cellpadding=\"1\">\n<tbody>\n<tr>\n<td width=\"249\" height=\"36\">Marque<\/td>\n<td width=\"417\">Panda Mech<\/td>\n<\/tr>\n<tr>\n<td width=\"249\" height=\"36\">Objet<\/td>\n<td width=\"417\">Remorque-citerne d'acide sulfurique<\/td>\n<\/tr>\n<tr>\n<td width=\"249\" height=\"36\">Dimensions de la remorque-citerne d'acide sulfurique<\/td>\n<td width=\"417\">10500*2500*3500 (mm)<\/td>\n<\/tr>\n<tr>\n<td width=\"249\" height=\"36\">Capacit\u00e9 de la remorque-citerne d'acide sulfurique<\/td>\n<td width=\"417\">28000 litres, 7397 gallons (US), 6159 gallons (UK)<\/td>\n<\/tr>\n<tr>\n<td width=\"249\" height=\"36\">Compartiment<\/td>\n<td width=\"417\">1-6 compartiments<\/td>\n<\/tr>\n<tr>\n<td width=\"249\" height=\"36\">Charge utile<\/td>\n<td width=\"417\">Pas plus de 28KL<\/td>\n<\/tr>\n<tr>\n<td width=\"249\" height=\"36\">Poids de tare<\/td>\n<td width=\"417\">9.2T<\/td>\n<\/tr>\n<tr>\n<td width=\"249\" height=\"36\">Mat\u00e9riau du corps<\/td>\n<td width=\"417\">Acier au carbone, acier inoxydable 316, rev\u00eatement en acier<\/td>\n<\/tr>\n<tr>\n<td width=\"249\" height=\"36\">Ch\u00e2ssis<\/td>\n<td width=\"417\">Acier \u00e0 haute r\u00e9sistance<\/td>\n<\/tr>\n<tr>\n<td width=\"249\" height=\"36\">Soupape<\/td>\n<td width=\"417\">Vanne \u00e0 bille<\/td>\n<\/tr>\n<tr>\n<td width=\"249\" height=\"36\">Essieu<\/td>\n<td width=\"417\">Essieu 2\/3\/4 ; BPW, FUWA, L1, HO'S, SAF, PDME<\/td>\n<\/tr>\n<tr>\n<td width=\"249\" height=\"36\">Suspension<\/td>\n<td width=\"417\">Suspension pneumatique, Suspension m\u00e9canique, Ressort<\/td>\n<\/tr>\n<tr>\n<td width=\"249\" height=\"36\">Syst\u00e8me de freinage<\/td>\n<td width=\"417\">Syst\u00e8me de freinage Dual Line, chambre T30\/30, valve d'urgence Wabco, ABS\/EBS en option<\/td>\n<\/tr>\n<tr>\n<td width=\"249\" height=\"34\">Application<\/td>\n<td width=\"417\">Acide chlorhydrique, acide sulfurique dilu\u00e9, liquide chimique, etc.<\/td>\n<\/tr>\n<tr>\n<td width=\"249\" height=\"90\">Pi\u00e8ces pour remorques chimiques<\/td>\n<td width=\"417\">Garde-boue, \u00e9chelle, 1 bo\u00eete \u00e0 outils standard, 1 couche d'appr\u00eat anticorrosion, 2 couches de peinture finale, peinture polyur\u00e9thane, train d'atterrissage, jante en acier 9.0-22.5, extincteur, soupape de fond pneumatique de 4 pouces, couvercle de trou d'homme en alliage d'aluminium de 500 mm, t\u00f4le d'acier Q345\/6mm, conforme \u00e0 l'ADR (selon les besoins du client).<\/td>\n<\/tr>\n<tr>\n<td width=\"249\" height=\"36\"><a title=\"\/contact-us\/\" href=\"\/france\/contact-us\/\">Demande de renseignements<\/a><\/td>\n<td width=\"417\"><a title=\"https:\/\/pandamech.com\/about\/\" href=\"https:\/\/www.pandamech.com\/france\/about\/\" target=\"_blank\" rel=\"noopener\">\u00c0 propos de Panda Mech<\/a><\/td>\n<\/tr>\n<\/tbody>\n<\/table>\n<h2>Remorque-citerne d'acide sulfurique images<\/h2>\n<p><img decoding=\"async\" src=\"\/wp-content\/uploads\/u_file\/18dd725ba5.jpg\" alt=\"Remorque-citerne d&#039;acide sulfurique\" title=\"\"><\/p>\n<p><img decoding=\"async\" src=\"\/wp-content\/uploads\/u_file\/3fc430d94f.jpg\" alt=\"Remorque-citerne d&#039;acide sulfurique concentr\u00e9 18000 litres\" title=\"\"><\/p>\n<h2>Caract\u00e9ristiques :<\/h2>\n<p>1. Dessin 3D et HyperMesh &amp; Ansys<\/p>\n<p>Utiliser pleinement la propri\u00e9t\u00e9 physique, favoriser une meilleure performance et r\u00e9duire les co\u00fbts d'exploitation<\/p>\n<p>2. Adaptateur API de la norme ADR<\/p>\n<p>Crucial pour tout syst\u00e8me de chargement par le bas API, correspond aux coupleurs 3\u2033 ou 4\u2033.<\/p>\n<p>3. Prises API Optique<\/p>\n<p>Soutenir le syst\u00e8me de chargement par le bas<\/p>\n<p>4. Trou d'homme standard ADR avec \u00e9vent de vapeur<\/p>\n<p>16\u2033 ou 20\u2033, mat\u00e9riau en aluminium pour une plus longue dur\u00e9e de vie<\/p>\n<p>5. Plus de s\u00e9curit\u00e9 gr\u00e2ce au 7ntre de gravit\u00e9 plus bas Conception du col de cygne<\/p>\n<p>6. 12% Volume plus important gr\u00e2ce \u00e0 la conception d'un canon \u00e0 section semi-elliptique<\/p>\n<p>7. Longue dur\u00e9e de vie gr\u00e2ce au soudage \u00e0 l'arc automatique des citernes<\/p>\n<h2>Panda Mech<\/h2>\n<p>Nous sommes un producteur de remorque-citerne \u00e0 acide sulfurique en Chine. Nous fournissons des remorques citernes \u00e0 acide sulfurique de 18000 litres pour la vente. Nous pouvons personnaliser selon vos besoins. Le prix de la remorque citerne \u00e0 acide sulfurique d\u00e9pend des sp\u00e9cifications. Nous pouvons le personnaliser selon vos besoins.<\/p>\n<p>Les fabricants de Panda Mech ont connu le succ\u00e8s en Asie du Sud-Est, au Moyen-Orient, en Afrique et en Am\u00e9rique du Sud, notamment aux Philippines, en Tanzanie, au Nigeria, etc...<a href=\"https:\/\/www.pandamech.com\/france\/about\/\" rel=\"nofollow noopener\" name=\"662ae8fb-4e4e-4cc5-876a-6bfaecae5a2d\" target=\"_blank\"><\/a><\/p>","protected":false},"excerpt":{"rendered":"<p>Type : 18 KL Acide Sulfurique Concentr\u00e9 Remorque citerne \u00e0 vendre<\/p>\n<p>Fourchette de prix : $25,000-45000<\/p>\n<p>Livraison : 7-25 jours<\/p>\n<p>Essieux : 3 essieux<\/p>\n<p>Application : transport d'acide sulfurique concentr\u00e9<\/p>","protected":false},"featured_media":57765,"template":"","meta":{"_acf_changed":false,"_kad_blocks_custom_css":"","_kad_blocks_head_custom_js":"","_kad_blocks_body_custom_js":"","_kad_blocks_footer_custom_js":"","_kad_post_transparent":"default","_kad_post_title":"","_kad_post_layout":"default","_kad_post_sidebar_id":"","_kad_post_content_style":"default","_kad_post_vertical_padding":"default","_kad_post_feature":"","_kad_post_feature_position":"","_kad_post_header":false,"_kad_post_footer":false,"_kad_post_classname":""},"product_brand":[],"product_cat":[102],"product_tag":[],"class_list":{"0":"post-21320","1":"product","2":"type-product","3":"status-publish","4":"has-post-thumbnail","6":"product_cat-chemical-tanker","8":"first","9":"instock","10":"sold-individually","11":"shipping-taxable","12":"purchasable","13":"product-type-simple","14":"entry","15":"content-bg","16":"loop-entry"},"acf":[],"taxonomy_info":{"product_cat":[{"value":102,"label":"Chemical Tanker"}]},"featured_image_src_large":["https:\/\/www.pandamech.com\/wp-content\/uploads\/2022\/08\/2-50-500x500.jpg",500,500,true],"author_info":[],"comment_info":"","_links":{"self":[{"href":"https:\/\/www.pandamech.com\/france\/wp-json\/wp\/v2\/product\/21320","targetHints":{"allow":["GET"]}}],"collection":[{"href":"https:\/\/www.pandamech.com\/france\/wp-json\/wp\/v2\/product"}],"about":[{"href":"https:\/\/www.pandamech.com\/france\/wp-json\/wp\/v2\/types\/product"}],"version-history":[{"count":1,"href":"https:\/\/www.pandamech.com\/france\/wp-json\/wp\/v2\/product\/21320\/revisions"}],"predecessor-version":[{"id":91434,"href":"https:\/\/www.pandamech.com\/france\/wp-json\/wp\/v2\/product\/21320\/revisions\/91434"}],"wp:featuredmedia":[{"embeddable":true,"href":"https:\/\/www.pandamech.com\/france\/wp-json\/wp\/v2\/media\/57765"}],"wp:attachment":[{"href":"https:\/\/www.pandamech.com\/france\/wp-json\/wp\/v2\/media?parent=21320"}],"wp:term":[{"taxonomy":"product_brand","embeddable":true,"href":"https:\/\/www.pandamech.com\/france\/wp-json\/wp\/v2\/product_brand?post=21320"},{"taxonomy":"product_cat","embeddable":true,"href":"https:\/\/www.pandamech.com\/france\/wp-json\/wp\/v2\/product_cat?post=21320"},{"taxonomy":"product_tag","embeddable":true,"href":"https:\/\/www.pandamech.com\/france\/wp-json\/wp\/v2\/product_tag?post=21320"}],"curies":[{"name":"wp","href":"https:\/\/api.w.org\/{rel}","templated":true}]}}