{"id":21318,"date":"2022-04-28T19:02:21","date_gmt":"2022-04-28T11:02:21","guid":{"rendered":"http:\/\/pandamech.com\/?post_type=product&#038;p=21318"},"modified":"2026-01-05T14:38:10","modified_gmt":"2026-01-05T06:38:10","slug":"2-axle-a-double-flatbed-trailer-with-front-board-p00312p1-html","status":"publish","type":"product","link":"https:\/\/www.pandamech.com\/france\/product\/2-axle-a-double-flatbed-trailer-with-front-board-p00312p1-html\/","title":{"rendered":"A Remorque \u00e0 plateau \u00e0 double ridelle"},"content":{"rendered":"<p>Panda Mech utilise une m\u00e9thode de soudage automatique par immersion \u00e0 l'arc pour souder la poutre principale, ce qui la rend plus solide et plus durable.<\/p>\n<p>Pour garantir la dur\u00e9e de vie des semi-remorques, toutes les pi\u00e8ces d\u00e9tach\u00e9es que nous adoptons sont de marque mondialement connue.<\/p>\n<h2>Sp\u00e9cification d'une double remorque \u00e0 plateau<\/h2>\n<table style=\"width: 800px;\" border=\"1\" cellspacing=\"1\" cellpadding=\"1\">\n<tbody>\n<tr>\n<td width=\"297\" height=\"30\">\u00a0Fabricant<\/td>\n<td width=\"495\">\u00a0Panda Mech une double remorque \u00e0 plateau<\/td>\n<\/tr>\n<tr>\n<td width=\"297\" height=\"30\">\u00a0Essieux<\/td>\n<td width=\"495\">\u00a02-4 essieux BPW\/SAF\/FUWA Marque<\/td>\n<\/tr>\n<tr>\n<td width=\"297\" height=\"30\">\u00a0Dimensions<\/td>\n<td width=\"495\">\u00a012500 \/ 13500\u00d72500\u00d71500 mm<\/td>\n<\/tr>\n<tr>\n<td width=\"297\" height=\"30\">\u00a0Poids<\/td>\n<td width=\"495\">\u00a07-9 tonnes<\/td>\n<\/tr>\n<tr>\n<td width=\"297\" height=\"30\">\u00a0Verrouillage par rotation<\/td>\n<td width=\"495\">\u00a08-12 s\u00e9ries<\/td>\n<\/tr>\n<tr>\n<td width=\"297\" height=\"30\">\u00a0Mat\u00e9riau<\/td>\n<td width=\"495\">\u00a0Poutrelles principales Q345B, aile sup\u00e9rieure : 14mm, milieu : 8mm, bas : 16mm<\/td>\n<\/tr>\n<tr>\n<td width=\"297\" height=\"30\">\u00a0Goupille royale<\/td>\n<td width=\"495\">\u00a02 pouces ou 3,5 pouces Marque JOST<\/td>\n<\/tr>\n<tr>\n<td width=\"297\" height=\"30\">\u00a0Ch\u00e2ssis<\/td>\n<td width=\"495\">\u00a03mm, 4mm, 6mm, acier au carbone ou alliage d'aluminium<\/td>\n<\/tr>\n<tr>\n<td width=\"297\" height=\"30\">\u00a0Suspension<\/td>\n<td width=\"495\">\u00a0Suspension m\u00e9canique, pneumatique, du bogie<\/td>\n<\/tr>\n<tr>\n<td width=\"297\" height=\"36\">\u00a0Pneu<\/td>\n<td width=\"495\">\u00a011.00R20, 12.00R20,12R22.5, 385\/65R22.5 Triangle\/Hankook\/ marque Bridgestone<\/td>\n<\/tr>\n<tr>\n<td width=\"297\" height=\"30\">\u00a0Syst\u00e8me de freinage<\/td>\n<td width=\"495\">\u00a0WABCO Valve avec grande chambre<\/td>\n<\/tr>\n<\/tbody>\n<\/table>\n<p style=\"text-align: center;\"><a class=\"product_button\" href=\"#elementor-action%3Aaction%3Dpopup%3Aopen%26settings%3DeyJpZCI6Ijk5MDciLCJ0b2dnbGUiOmZhbHNlfQ%3D%3D\">Cliquez pour plus de d\u00e9tails<\/a><\/p>\n<h2>Fonctionnalit\u00e9<\/h2>\n<p><strong>Pi\u00e8ces multi-supports<\/strong><\/p>\n<p>8, 12 jeux de serrures pour conteneurs pour transporter 1 unit\u00e9 de conteneur 30ft, 40ft, 45ft et 2 unit\u00e9s de conteneur 20ft.<\/p>\n<p>Les euphros de corde et les crochets permettent d'attacher la cargaison, ce qui convient au transport de plusieurs cargaisons.<\/p>\n<p><strong>Bonne peinture<\/strong><\/p>\n<p>Les surfaces sont nettoy\u00e9es par grenaillage. Un rev\u00eatement \u00e9poxy et un rev\u00eatement de finition acrylique.<\/p>\n<p>R\u00e9sistant \u00e0 la rouille, il prolonge l'aspect et la dur\u00e9e de vie du produit.<\/p>\n<p><strong>Soudage automatique<\/strong><\/p>\n<p>Arc submerg\u00e9 Construction automatique de la soudure, renforcement des points cl\u00e9s et soudage cibl\u00e9 \u00e9vitant certaines pi\u00e8ces plus facilement perdues soudage selon l'exp\u00e9rience support du v\u00e9hicule plus longtemps sans r\u00e9paration.<\/p>\n<p><strong>Essieux de qualit\u00e9, suspensions et syst\u00e8mes de freinage<\/strong><\/p>\n<p>Les essieux BPW, FUWA les plus performants au monde fonctionnent avec la valve de freinage WABCO, ce qui permet de freiner plus efficacement pour la s\u00e9curit\u00e9 et d'\u00e9conomiser le co\u00fbt des pneus.<\/p>\n<p>Fixer des ressorts et des suspensions de qualit\u00e9 permet de prolonger la dur\u00e9e de vie et de r\u00e9duire les co\u00fbts d'entretien.<\/p>\n<p style=\"text-align: center;\"><a class=\"product_button\" href=\"#elementor-action%3Aaction%3Dpopup%3Aopen%26settings%3DeyJpZCI6Ijk5MDciLCJ0b2dnbGUiOmZhbHNlfQ%3D%3D\">Cliquez pour plus de d\u00e9tails<\/a><\/p>\n<h2>Application<\/h2>\n<p>Une remorque \u00e0 double plate-forme est g\u00e9n\u00e9ralement utilis\u00e9e pour transporter des conteneurs, des marchandises en vrac, du ciment, du riz, etc. Elle est principalement utilis\u00e9e pour le transport sur de longues distances. Elle est principalement utilis\u00e9e pour les transports longue distance. <span style=\"color: #0000ff;\"><a style=\"color: #0000ff;\" href=\"https:\/\/www.pandamech.com\/france\/category\/cargo-trailer\/flatbed-semi-trailer\/\" target=\"_blank\" rel=\"noopener\">remorques de camion \u00e0 plateau<\/a><\/span> peut transporter 40 tonnes.<\/p>\n<p>S'il s'agit d'une grande quantit\u00e9 de transport ou de besoins diff\u00e9rents, nous pouvons la personnaliser, ou la remorque plate-forme certains v\u00e9hicules d\u00e9form\u00e9s.<\/p>\n<p style=\"text-align: center;\"><a class=\"product_button\" href=\"#elementor-action%3Aaction%3Dpopup%3Aopen%26settings%3DeyJpZCI6Ijk5MDciLCJ0b2dnbGUiOmZhbHNlfQ%3D%3D\">Cliquez pour plus de d\u00e9tails<\/a><\/p>\n<h2>Remorque \u00e0 double plateau avec planche frontale image<\/h2>\n<p><img fetchpriority=\"high\" decoding=\"async\" class=\"wp-image-31170 size-full\" title=\"une remorque \u00e0 plateau \u00e0 double ridelle\" src=\"https:\/\/pandamech.com\/wp-content\/uploads\/2022\/08\/7-drawbar-flatbed-trailer.jpg\" alt=\"une remorque \u00e0 plateau \u00e0 double ridelle\" width=\"800\" height=\"533\" \/><\/p>\n<p>une double remorque \u00e0 plateau avec ridelle<\/p>\n<p>En rapport : <a href=\"https:\/\/www.pandamech.com\/france\/product\/3-axle-40-foot-flatbed-semi-trailer\/\" target=\"_blank\" rel=\"noopener\"><span style=\"color: #0000ff;\">Remorque de camion \u00e0 plateau de 40 pieds<\/span><\/a>, <a href=\"https:\/\/www.pandamech.com\/france\/product\/40-shipping-container-chassis-trailers\/\" target=\"_blank\" rel=\"noopener\"><span style=\"color: #0000ff;\">Ch\u00e2ssis de conteneur de 40 pieds<\/span><\/a><\/p>\n<p style=\"text-align: center;\"><a class=\"product_button\" href=\"#elementor-action%3Aaction%3Dpopup%3Aopen%26settings%3DeyJpZCI6Ijk5MDciLCJ0b2dnbGUiOmZhbHNlfQ%3D%3D\">Cliquez pour plus de d\u00e9tails<\/a><\/p>\n<h2>Panda Mech<\/h2>\n<p>Nous sommes un fabricant chinois de remorques porte-conteneurs doubles \u00e0 plateau avant. Nous fournissons des remorques a-double avec les planches frontales pour la vente. Nous pouvons les personnaliser selon vos besoins.<\/p>\n<p>Les fabricants de Panda Mech ont r\u00e9ussi \u00e0 s'imposer en Asie du Sud-Est, au Moyen-Orient, en Afrique et en Am\u00e9rique du Sud, notamment aux Philippines, en Tanzanie, etc...<\/p>\n<p><a href=\"\/france\/contact-us\/\" rel=\"nofollow\"><img decoding=\"async\" src=\"https:\/\/pandamech.com\/wp-content\/uploads\/u_file\/db8ce19fe3.jpg\" alt=\"une double remorque \u00e0 plateau avec ridelle avant\" title=\"\"><\/a><\/p>\n<p>En rapport :<\/p>\n<p><a href=\"https:\/\/www.pandamech.com\/france\/product\/24-25m-flat-bed-deck-tractor-semi-truck-trailer\/\" target=\"_blank\" rel=\"noopener\"><span style=\"color: #0000ff;\">remorque \u00e0 plateau extensible<\/span><\/a><\/p>\n<p><a href=\"https:\/\/www.pandamech.com\/france\/product\/single-axle-flatbed-semi-trailer\/\" target=\"_blank\" rel=\"noopener\"><span style=\"color: #0000ff;\">remorque \u00e0 plateau \u00e0 suspension pneumatique<\/span><\/a><\/p>","protected":false},"excerpt":{"rendered":"<p>Type : Remorque \u00e0 double plateau \u00e0 2 essieux<\/p>\n<p>Gamme de prix : $9 990-19 500<\/p>\n<p>Livraison : 7-25 jours<\/p>\n<p>Capacit\u00e9 de charge : 20-60 tonnes<\/p>\n<p>Application : marchandises en vrac, conteneurs<\/p>","protected":false},"featured_media":57713,"template":"","meta":{"_acf_changed":false,"_kad_blocks_custom_css":"","_kad_blocks_head_custom_js":"","_kad_blocks_body_custom_js":"","_kad_blocks_footer_custom_js":"","_kad_post_transparent":"default","_kad_post_title":"","_kad_post_layout":"default","_kad_post_sidebar_id":"","_kad_post_content_style":"default","_kad_post_vertical_padding":"default","_kad_post_feature":"","_kad_post_feature_position":"","_kad_post_header":false,"_kad_post_footer":false,"_kad_post_classname":""},"product_brand":[],"product_cat":[77],"product_tag":[],"class_list":{"0":"post-21318","1":"product","2":"type-product","3":"status-publish","4":"has-post-thumbnail","6":"product_cat-flatbed-semi-trailer","8":"first","9":"instock","10":"sold-individually","11":"shipping-taxable","12":"purchasable","13":"product-type-simple","14":"entry","15":"content-bg","16":"loop-entry"},"acf":[],"taxonomy_info":{"product_cat":[{"value":77,"label":"Flatbed Semi Trailer"}]},"featured_image_src_large":["https:\/\/www.pandamech.com\/wp-content\/uploads\/2022\/08\/0-89-500x500.jpg",500,500,true],"author_info":[],"comment_info":"","_links":{"self":[{"href":"https:\/\/www.pandamech.com\/france\/wp-json\/wp\/v2\/product\/21318","targetHints":{"allow":["GET"]}}],"collection":[{"href":"https:\/\/www.pandamech.com\/france\/wp-json\/wp\/v2\/product"}],"about":[{"href":"https:\/\/www.pandamech.com\/france\/wp-json\/wp\/v2\/types\/product"}],"version-history":[{"count":1,"href":"https:\/\/www.pandamech.com\/france\/wp-json\/wp\/v2\/product\/21318\/revisions"}],"predecessor-version":[{"id":91433,"href":"https:\/\/www.pandamech.com\/france\/wp-json\/wp\/v2\/product\/21318\/revisions\/91433"}],"wp:featuredmedia":[{"embeddable":true,"href":"https:\/\/www.pandamech.com\/france\/wp-json\/wp\/v2\/media\/57713"}],"wp:attachment":[{"href":"https:\/\/www.pandamech.com\/france\/wp-json\/wp\/v2\/media?parent=21318"}],"wp:term":[{"taxonomy":"product_brand","embeddable":true,"href":"https:\/\/www.pandamech.com\/france\/wp-json\/wp\/v2\/product_brand?post=21318"},{"taxonomy":"product_cat","embeddable":true,"href":"https:\/\/www.pandamech.com\/france\/wp-json\/wp\/v2\/product_cat?post=21318"},{"taxonomy":"product_tag","embeddable":true,"href":"https:\/\/www.pandamech.com\/france\/wp-json\/wp\/v2\/product_tag?post=21318"}],"curies":[{"name":"wp","href":"https:\/\/api.w.org\/{rel}","templated":true}]}}