{"id":21317,"date":"2022-04-29T19:02:21","date_gmt":"2022-04-29T11:02:21","guid":{"rendered":"http:\/\/pandamech.com\/?post_type=product&#038;p=21317"},"modified":"2026-01-05T14:41:38","modified_gmt":"2026-01-05T06:41:38","slug":"42000-liters-hot-oil-asphalt-trailers","status":"publish","type":"product","link":"https:\/\/www.pandamech.com\/france\/product\/42000-liters-hot-oil-asphalt-trailers\/","title":{"rendered":"Remorques pour asphalte \u00e0 huile chaude 42000 Litres"},"content":{"rendered":"<p>La remorque d'asphalte \u00e0 huile chaude est connue sous le nom de remorque-citerne \u00e0 bitume, remorque-citerne \u00e0 poix, remorque-citerne \u00e0 asphalte. La remorque d'asphalte \u00e0 huile chaude est compos\u00e9e d'un ch\u00e2ssis automobile, d'un r\u00e9servoir d'asphalte, d'un syst\u00e8me de pompage et de pulv\u00e9risation d'asphalte, d'un syst\u00e8me de chauffage de l'huile de transfert de chaleur, d'un syst\u00e8me hydraulique, d'un syst\u00e8me de combustion, d'un syst\u00e8me de contr\u00f4le, d'un syst\u00e8me pneumatique et d'une plate-forme d'exploitation.<\/p>\n<p>La remorque d'asphalte \u00e0 huile chaude est utilis\u00e9e pour transporter l'asphalte liquide de la raffinerie de p\u00e9trole et du quai au d\u00e9p\u00f4t d'asphalte, ainsi que pour transporter l'asphalte du d\u00e9p\u00f4t d'asphalte \u00e0 l'usine d'asphalte. Ce bi-produit est principalement utilis\u00e9 pour le rev\u00eatement des routes. Vous avez peut-\u00eatre besoin de <a href=\"https:\/\/www.pandamech.com\/france\/product\/45000-liters-aluminum-tank-trailer\/\" target=\"_blank\" rel=\"noopener\">remorque-citerne \u00e0 huile en aluminium<\/a>.<\/p>\n<h2>Sp\u00e9cification de la remorque du camion d'asphalte \u00e0 huile chaude de 42 000 litres<\/h2>\n<table style=\"width: 800px;\" border=\"1\" cellspacing=\"1\" cellpadding=\"1\">\n<tbody>\n<tr>\n<td width=\"300\" height=\"41\">\u00a0Marque<\/td>\n<td width=\"706\">\u00a0Remorque d'asphalte \u00e0 huile chaude Panda Mech<\/td>\n<\/tr>\n<tr>\n<td height=\"41\">\u00a0Objet<\/td>\n<td>\u00a0Remorque d'asphalte \u00e0 huile chaude 42 KL<\/td>\n<\/tr>\n<tr>\n<td height=\"41\">\u00a0Dimensions de la remorque d'asphalte \u00e0 huile chaude<\/td>\n<td>\u00a010600*2500*1800 mm<\/td>\n<\/tr>\n<tr>\n<td height=\"41\">\u00a0Capacit\u00e9 de la remorque d'asphalte \u00e0 huile chaude<\/td>\n<td>\u00a040 000 litres<\/td>\n<\/tr>\n<tr>\n<td height=\"41\">\u00a0Compartiment<\/td>\n<td>\u00a01<\/td>\n<\/tr>\n<tr>\n<td height=\"41\">\u00a0Isolation<\/td>\n<td>\u00a0Avec isolation<\/td>\n<\/tr>\n<tr>\n<td height=\"41\">\u00a0Poids du camion-citerne d'asphalte liquide<\/td>\n<td>\u00a010.5T<\/td>\n<\/tr>\n<tr>\n<td height=\"41\">\u00a0Mat\u00e9riau<\/td>\n<td>\u00a0Acier ferreux, acier inoxydable<\/td>\n<\/tr>\n<tr>\n<td height=\"41\">\u00a0Ch\u00e2ssis<\/td>\n<td>\u00a0Acier \u00e0 haute r\u00e9sistance<\/td>\n<\/tr>\n<tr>\n<td height=\"41\">\u00a0Soupape<\/td>\n<td>\u00a0Civacon, EMCO, HELI, JLME, HENGE, 6 pouces<\/td>\n<\/tr>\n<tr>\n<td height=\"41\">\u00a0Essieu<\/td>\n<td>\u00a0Essieu 2\/3\/4 ; BPW, FUWA, L1, HO'S, SAF, PDME<\/td>\n<\/tr>\n<tr>\n<td height=\"41\">\u00a0Suspension<\/td>\n<td>\u00a0Suspension pneumatique, m\u00e9canique, Bogie<\/td>\n<\/tr>\n<tr>\n<td height=\"41\">\u00a0Syst\u00e8me de freinage<\/td>\n<td>\u00a0Syst\u00e8me de freinage Dual Line, chambre T30\/30, valve d'urgence Wabco, ABS\/EBS en option<\/td>\n<\/tr>\n<tr>\n<td height=\"41\">\u00a0Pi\u00e8ces d\u00e9tach\u00e9es<\/td>\n<td>\u00a0Garde-boue, \u00e9chelle, 1 bo\u00eete \u00e0 outils standard, 1 couche d'appr\u00eat anticorrosion, 2 couches de peinture finale, peinture polyur\u00e9thane, train d'atterrissage, jante en acier 9.0-22.5, extincteur, soupape de fond pneumatique de 4 pouces, couvercle de trou d'homme en alliage d'aluminium de 500 mm, t\u00f4le d'acier Q345\/6mm, conforme \u00e0 l'ADR, tuyauterie de remorque de p\u00e9trole brut (selon les besoins du client).<\/td>\n<\/tr>\n<tr>\n<td height=\"41\"><a href=\"\/france\/contact-us\/\">Demande de renseignements<\/a><\/td>\n<td><a href=\"\/france\/contact-us\/\">\u00c0 propos de Panda Mech<\/a><\/td>\n<\/tr>\n<\/tbody>\n<\/table>\n<h2>42 000 Litres remorque d'asphalte \u00e0 huile chaude images<\/h2>\n<p><img decoding=\"async\" src=\"\/wp-content\/uploads\/u_file\/f243fea254.jpg\" alt=\"R\u00e9servoir d&#039;huile chaude et d&#039;asphalte liquide de 42 000 litres \u00e0 vendre\" title=\"\"><\/p>\n<p><img decoding=\"async\" src=\"\/wp-content\/uploads\/u_file\/aa39f3873a.jpg\" alt=\"R\u00e9servoir d&#039;asphalte liquide 42.000 Litres semi-remorque camion\" title=\"\"><\/p>\n<h2>Application :<\/h2>\n<p>La remorque d'asphalte \u00e0 huile chaude est g\u00e9n\u00e9ralement utilis\u00e9e pour transporter de l'asphalte. Le camion-citerne pour asphalte liquide a une capacit\u00e9 de 38 000 \u00e0 45 000 litres. Il est g\u00e9n\u00e9ralement utilis\u00e9 pour le transport sur de longues distances, pour le transport de substances liquides dans le monde entier, afin de r\u00e9aliser une distribution et une utilisation raisonnables des ressources.<\/p>\n<p><a href=\"https:\/\/www.pandamech.com\/france\/info\/asphalt-bitumen-tanker-trailer-use-and-buy-guide-i00066i1-html\/\" target=\"_blank\" rel=\"noopener\">Guide d'utilisation et d'achat de la remorque-citerne \u00e0 asphalte<\/a><\/p>\n<h2>Caract\u00e9ristiques :<\/h2>\n<p>Le cadre principal est fabriqu\u00e9 en acier faiblement alli\u00e9 \u00e0 haute r\u00e9sistance, ce qui am\u00e9liore consid\u00e9rablement sa r\u00e9sistance \u00e0 la torsion, sa r\u00e9sistance sismique et sa r\u00e9sistance aux s\u00e9ismes, et permet de r\u00e9pondre \u00e0 diverses exigences en mati\u00e8re de charge.<\/p>\n<p>Essieu : L'essieu peut \u00eatre choisi parmi diff\u00e9rentes marques bien connues de BPW et FUWA. Dans le pays et \u00e0 l'\u00e9tranger. En outre, le syst\u00e8me ABS peut \u00eatre install\u00e9 en option avec Haldex et WABCO, ce qui peut grandement am\u00e9liorer la stabilit\u00e9 et la s\u00e9curit\u00e9.<\/p>\n<p>Syst\u00e8me de suspension : Les s\u00e9ries de suspension m\u00e9canique et de suspension pneumatique sont disponibles en option.<\/p>\n<h2>Panda Mech<\/h2>\n<p>Nous sommes un fabricant chinois de remorques \u00e0 huile chaude pour asphalte. Nous fournissons des remorques \u00e0 asphalte \u00e0 huile chaude de 38 000 \u00e0 60 000 litres \u00e0 vendre. Le prix de la remorque \u00e0 huile chaude d\u00e9pend des sp\u00e9cifications. Nous pouvons la personnaliser selon vos besoins.<\/p>\n<p>Les fabricants de Panda Mech ont connu le succ\u00e8s en Asie du Sud-Est, au Moyen-Orient, en Afrique et en Am\u00e9rique du Sud, notamment aux Philippines, en Tanzanie, au Nigeria, etc...<a href=\"https:\/\/www.pandamech.com\/france\/about\/\" rel=\"nofollow noopener\" name=\"662ae8fb-4e4e-4cc5-876a-6bfaecae5a2d\" target=\"_blank\">En savoir plus sur le panda<\/a><\/p>","protected":false},"excerpt":{"rendered":"<p>Type : remorque-citerne pour huile chaude et asphalte<\/p>\n<p>Gamme de prix : $18 900-36 100<\/p>\n<p>Livraison : 7-25 jours<\/p>\n<p>Mat\u00e9riau du r\u00e9servoir : acier au carbone<\/p>\n<p>Application : transport d'asphalte, de bitume<\/p>","protected":false},"featured_media":57768,"template":"","meta":{"_acf_changed":false,"_kad_blocks_custom_css":"","_kad_blocks_head_custom_js":"","_kad_blocks_body_custom_js":"","_kad_blocks_footer_custom_js":"","_kad_post_transparent":"default","_kad_post_title":"","_kad_post_layout":"default","_kad_post_sidebar_id":"","_kad_post_content_style":"default","_kad_post_vertical_padding":"default","_kad_post_feature":"","_kad_post_feature_position":"","_kad_post_header":false,"_kad_post_footer":false,"_kad_post_classname":""},"product_brand":[],"product_cat":[99],"product_tag":[],"class_list":{"0":"post-21317","1":"product","2":"type-product","3":"status-publish","4":"has-post-thumbnail","6":"product_cat-asphalt-tanker","8":"first","9":"instock","10":"sold-individually","11":"shipping-taxable","12":"purchasable","13":"product-type-simple","14":"entry","15":"content-bg","16":"loop-entry"},"acf":[],"taxonomy_info":{"product_cat":[{"value":99,"label":"Bitumen Tanker Trailer"}]},"featured_image_src_large":["https:\/\/www.pandamech.com\/wp-content\/uploads\/2022\/08\/2-57-500x500.jpg",500,500,true],"author_info":[],"comment_info":"","_links":{"self":[{"href":"https:\/\/www.pandamech.com\/france\/wp-json\/wp\/v2\/product\/21317","targetHints":{"allow":["GET"]}}],"collection":[{"href":"https:\/\/www.pandamech.com\/france\/wp-json\/wp\/v2\/product"}],"about":[{"href":"https:\/\/www.pandamech.com\/france\/wp-json\/wp\/v2\/types\/product"}],"version-history":[{"count":1,"href":"https:\/\/www.pandamech.com\/france\/wp-json\/wp\/v2\/product\/21317\/revisions"}],"predecessor-version":[{"id":91432,"href":"https:\/\/www.pandamech.com\/france\/wp-json\/wp\/v2\/product\/21317\/revisions\/91432"}],"wp:featuredmedia":[{"embeddable":true,"href":"https:\/\/www.pandamech.com\/france\/wp-json\/wp\/v2\/media\/57768"}],"wp:attachment":[{"href":"https:\/\/www.pandamech.com\/france\/wp-json\/wp\/v2\/media?parent=21317"}],"wp:term":[{"taxonomy":"product_brand","embeddable":true,"href":"https:\/\/www.pandamech.com\/france\/wp-json\/wp\/v2\/product_brand?post=21317"},{"taxonomy":"product_cat","embeddable":true,"href":"https:\/\/www.pandamech.com\/france\/wp-json\/wp\/v2\/product_cat?post=21317"},{"taxonomy":"product_tag","embeddable":true,"href":"https:\/\/www.pandamech.com\/france\/wp-json\/wp\/v2\/product_tag?post=21317"}],"curies":[{"name":"wp","href":"https:\/\/api.w.org\/{rel}","templated":true}]}}