{"id":21316,"date":"2025-12-05T11:42:21","date_gmt":"2025-12-05T03:42:21","guid":{"rendered":"http:\/\/pandamech.com\/?post_type=product&#038;p=21316"},"modified":"2025-12-10T16:44:52","modified_gmt":"2025-12-10T08:44:52","slug":"20ft-skeletal-semi-trailer","status":"publish","type":"product","link":"https:\/\/www.pandamech.com\/france\/product\/20ft-skeletal-semi-trailer\/","title":{"rendered":"2 Axle 20Ft Skeletal Trailer \u00e0 vendre"},"content":{"rendered":"<p data-start=\"739\" data-end=\"1028\">Une remorque squelette de 20 pieds (\u00e9galement appel\u00e9e ch\u00e2ssis squelette de 20 pieds ou remorque ch\u00e2ssis conteneur de 20 pieds) est un simple cadre en acier avec des verrous tournants ISO pour transporter un conteneur de 20 pieds ou deux conteneurs de 10 pieds. <strong data-start=\"2144\" data-end=\"2158\">Panda Mech<\/strong> con\u00e7oit des remorques squelettiques de 20 pieds pour les navettes portuaires, les d\u00e9p\u00f4ts ICD et le transport r\u00e9gional de conteneurs, favorisant ainsi le transport multimodal par route, rail et mer.<\/p>\n<p data-start=\"739\" data-end=\"1028\">Des options de ch\u00e2ssis squelettiques plus longs (40ft \/ 45ft \/ 48ft) sont \u00e9galement disponibles chez Panda Mech pour les clients qui ont besoin de flottes mixtes.<\/p>\n<h2>Semi-remorque squelettique de 20FT images<\/h2>\n<p><img fetchpriority=\"high\" decoding=\"async\" class=\"alignnone wp-image-20771 size-full\" src=\"https:\/\/pandamech.com\/wp-content\/uploads\/2021\/09\/1afff355ae.jpg\" alt=\"Remorque squelettique \u00e0 2 essieux\" width=\"800\" height=\"533\" title=\"\"><\/p>\n<p>Semi-remorques squelettes 20FT \u00e0 vendre<\/p>\n<p><img decoding=\"async\" class=\"alignnone size-full wp-image-51387\" src=\"https:\/\/pandamech.com\/wp-content\/uploads\/2022\/01\/20ft-skeletal-semi-trailer-2023-09-21_167822.jpg\" alt=\"Semi-remorque squelettique de 20 pieds\" width=\"800\" height=\"533\" title=\"\"><\/p>\n<p>Semi-remorques squelettiques de 20 pieds \u00e0 vendre<\/p>\n<h2>20Ft Skeletal Trailer video<\/h2>\n<p><iframe style=\"width: 800px;\" src=\"https:\/\/www.youtube.com\/embed\/0O_htxsvX1A?rel=0\" height=\"533\" frameborder=\"0\" allowfullscreen=\"allowfullscreen\"><\/iframe><\/p>\n<h2>Sp\u00e9cification de la remorque squelettique de 20 pieds<\/h2>\n<p>La remorque squelettique standard de 20 pieds de <strong data-start=\"2912\" data-end=\"2926\">Panda Mech<\/strong> est construit sur une plate-forme compacte de 7 500\u00d72 500\u00d71 550 mm. Vous trouverez ci-dessous les principales dimensions et sp\u00e9cifications du ch\u00e2ssis 20ft skeleton.<\/p>\n<table style=\"width: 800px;\" border=\"1\" cellspacing=\"1\" cellpadding=\"1\">\n<tbody>\n<tr>\n<td width=\"208\" height=\"32\">Dimension<\/td>\n<td width=\"457\">7500*2500*1550mm<\/td>\n<\/tr>\n<tr>\n<td height=\"32\">Hauteur de la remorque squelettique<\/td>\n<td>1550mm<\/td>\n<\/tr>\n<tr>\n<td height=\"32\">Largeur<\/td>\n<td>2500mm<\/td>\n<\/tr>\n<tr>\n<td height=\"32\">Poids de la remorque squelettique<\/td>\n<td>5600Kg<\/td>\n<\/tr>\n<tr>\n<td height=\"32\">Poutre principale<\/td>\n<td>\u201cSection \u201dI\" hauteur 500mm mat\u00e9riau Q345\/T700<\/td>\n<\/tr>\n<tr>\n<td height=\"32\">Fermeture \u00e0 glissi\u00e8re<\/td>\n<td>4\/8 set ISO Standard<\/td>\n<\/tr>\n<tr>\n<td height=\"32\">Suspension<\/td>\n<td>M\u00e9canique \/ Air \/ Bogie<\/td>\n<\/tr>\n<tr>\n<td height=\"32\">Essieu<\/td>\n<td>2 essieux BPW\/FUWA\/PDME etc.<\/td>\n<\/tr>\n<tr>\n<td height=\"32\">Jante<\/td>\n<td>8\/12 pi\u00e8ces 9.0-22.5 Acier\/Aluminium<\/td>\n<\/tr>\n<tr>\n<td height=\"32\">Pneu<\/td>\n<td>8\/12 pi\u00e8ces 12R22.5 Bridgestone\/Triangle\/Linglong etc.<\/td>\n<\/tr>\n<tr>\n<td height=\"32\">Valve de frein<\/td>\n<td>WABCO<\/td>\n<\/tr>\n<tr>\n<td height=\"32\">Chambre de frein<\/td>\n<td>4\/6 ensembles T30\/30<\/td>\n<\/tr>\n<tr>\n<td height=\"32\">R\u00e9servoir d'air<\/td>\n<td>28L<\/td>\n<\/tr>\n<tr>\n<td height=\"32\">Tuyau de frein<\/td>\n<td>Tube en fil de nylon<\/td>\n<\/tr>\n<tr>\n<td height=\"32\">Train d'atterrissage<\/td>\n<td>28T Levage JOST\/YAHUA<\/td>\n<\/tr>\n<tr>\n<td height=\"32\">Kingpin<\/td>\n<td>2\u2033(50mm)\/3.5\u2033(90mm) JOST Type de boulonnage<\/td>\n<\/tr>\n<tr>\n<td height=\"32\">Lumi\u00e8res<\/td>\n<td>12v\/24v LED \u00e9tanche<\/td>\n<\/tr>\n<tr>\n<td height=\"32\">Couleur<\/td>\n<td>Sur mesure<\/td>\n<\/tr>\n<tr>\n<td height=\"32\"><a href=\"\/france\/contact-us\/\">Obtenir le dernier devis<\/a><u><\/u><\/td>\n<td><u><a href=\"\/france\/contact-us\/\">Obtenir un devis<\/a><\/u><\/td>\n<\/tr>\n<\/tbody>\n<\/table>\n<p>Ces dimensions sont des valeurs typiques. Les ing\u00e9nieurs de Panda Mech peuvent ajuster l'empattement, la position du pivot d'attelage et la longueur totale en fonction des r\u00e9glementations locales et de votre parc de tracteurs.<\/p>\n<h2>20ft Skeletal Chassis Capacity &amp; Axle Options<\/h2>\n<p data-start=\"3509\" data-end=\"3830\">Une remorque squelette typique de 20 pieds de Panda Mech a un poids \u00e0 vide d'environ 5,6 tonnes et une capacit\u00e9 de charge utile de 25 \u00e0 35 tonnes, en fonction de la l\u00e9gislation routi\u00e8re locale et des sp\u00e9cifications des essieux. La configuration standard est un ch\u00e2ssis squelette \u00e0 2 essieux, qui offre le meilleur \u00e9quilibre entre le poids \u00e0 vide, la maniabilit\u00e9 et le co\u00fbt pour les voies de 20 pieds.<\/p>\n<p data-start=\"3837\" data-end=\"4041\">Pour les projets sp\u00e9ciaux, Panda Mech peut \u00e9galement concevoir des ch\u00e2ssis squelettiques \u00e0 3 essieux de 20 pieds, des versions robustes avec des poutres plus \u00e9paisses et diff\u00e9rentes tailles de pneus pour s'adapter aux itin\u00e9raires \u00e0 poids limit\u00e9 ou aux r\u00e9glementations portuaires.<\/p>\n<h2>Application de la remorque squelettique de 20 pieds :<\/h2>\n<p>La semi-remorque squelette est g\u00e9n\u00e9ralement utilis\u00e9e dans les ports, les navires, les routes, les ponts, les tunnels, les stations de transfert, pour soutenir les syst\u00e8mes logistiques de transport multimodal.<\/p>\n<p>La remorque squelette est principalement utilis\u00e9e pour le transport \u00e0 moyenne et longue distance et est g\u00e9n\u00e9ralement utilis\u00e9e pour transporter des conteneurs. Selon vos besoins, nous fournissons de 4 \u00e0 14 jeux de serrures.<\/p>\n<h2>Prix de la remorque squelettique de 20 pieds (Factory Direct Panda Mech)<\/h2>\n<p data-start=\"4407\" data-end=\"4704\">En tant que fabricant direct, Panda Mech offre des prix comp\u00e9titifs pour la remorque squelette de 20 pieds. Le prix d\u00e9part-usine typique est de US$6,900-12,600 par unit\u00e9, en fonction de l'\u00e9paisseur de l'acier, des marques d'essieux et de pneus, du type de suspension (m\u00e9canique ou pneumatique), et des options telles que ABS\/EBS et bo\u00eetes \u00e0 outils.<\/p>\n<p data-start=\"4711\" data-end=\"4948\">Si vous avez besoin de remorques squelettes de 20 pieds \u00e0 bas prix pour un achat en gros, Panda Mech peut concevoir une sp\u00e9cification qui \u00e9quilibre le prix initial, la durabilit\u00e9 et le co\u00fbt total de possession. Contactez notre \u00e9quipe de vente pour obtenir un devis d\u00e9taill\u00e9 et des plans.<\/p>\n<h2>Caract\u00e9ristiques de la remorque squelettique de 20 pieds :<\/h2>\n<p><strong>Poutre principale :<\/strong><\/p>\n<p>Mat\u00e9riau en acier Q345 ou T700 \u00e0 haute r\u00e9sistance soud\u00e9 \u00e0 l'arc submerg\u00e9<\/p>\n<p><strong>Verrouillage par rotation :<\/strong><\/p>\n<p>Serrure ISO standard adapt\u00e9e aux conteneurs du monde entier, interrupteur de protection suppl\u00e9mentaire pour \u00e9viter les erreurs de manipulation.<\/p>\n<p><strong>Kingpin :<\/strong><\/p>\n<p>Type de boulonnage de la marque JOST, possibilit\u00e9 de changer entre 2\u201d ou 3,5\u2033.<\/p>\n<p><strong>Essieu :\u00a0<\/strong><\/p>\n<p>Les marques BPW, FUWA, PD en option permettent de travailler plus longtemps sans entretien.<\/p>\n<p><strong>Pneu :<\/strong><\/p>\n<p>Pneu de marque r\u00e9put\u00e9e en option, taille personnalis\u00e9e<\/p>\n<p><strong>Jambes :<\/strong><\/p>\n<p>Qualit\u00e9 de la jante en acier ou en alu sur mesure<\/p>\n<p><strong>Suspension :\u00a0<\/strong><\/p>\n<p>Suspension m\u00e9canique \u00e0 haut rendement avec ressorts de qualit\u00e9 \u00e9galisateurs<\/p>\n<p><strong>Syst\u00e8me de freinage :<\/strong><\/p>\n<p>Syst\u00e8me de freinage pneumatique \u00e0 deux conduites, chambre T30\/30 et valve d'urgence \u00e0 relais WABCO, syst\u00e8me ABS et EBS en option<\/p>\n<p><strong>Tuyau de frein :<\/strong><\/p>\n<p>Tube en fil de nylon plus s\u00fbr pour le freinage \u00e0 haute pression<\/p>\n<h2>Pourquoi choisir Panda Mech comme fabricant de remorques squelettiques de 20 pieds ?<\/h2>\n<ul>\n<li data-start=\"5347\" data-end=\"5520\">\n<p data-start=\"5349\" data-end=\"5520\"><strong data-start=\"5349\" data-end=\"5382\">Fabricant agr\u00e9\u00e9 par l'usine<\/strong> \u2013 <strong data-start=\"5385\" data-end=\"5399\">Panda Mech<\/strong> est une usine chinoise de semi-remorques approuv\u00e9e par le MIIT, avec plus de 20 ans d'exp\u00e9rience dans les ch\u00e2ssis de conteneurs et les remorques squelettiques.<\/p>\n<\/li>\n<li data-start=\"5521\" data-end=\"5752\">\n<p data-start=\"5523\" data-end=\"5752\"><strong data-start=\"5523\" data-end=\"5550\">\u00c9prouv\u00e9 dans les flottes mondiales<\/strong> - Remorques squelettiques de 20 pieds de <strong data-start=\"5581\" data-end=\"5595\">Panda Mech<\/strong> travaillent en Asie du Sud-Est, au Moyen-Orient, en Afrique et en Am\u00e9rique du Sud (Philippines, Tanzanie, Nigeria, etc.), o\u00f9 ils g\u00e8rent les op\u00e9rations quotidiennes des ports et des d\u00e9p\u00f4ts.<\/p>\n<\/li>\n<li data-start=\"5753\" data-end=\"5915\">\n<p data-start=\"5755\" data-end=\"5915\"><strong data-start=\"5755\" data-end=\"5788\">Ing\u00e9nierie et contr\u00f4le de la qualit\u00e9<\/strong> - Conception en 3D, analyse par \u00e9l\u00e9ments finis et inspection en plusieurs \u00e9tapes des soudures, des dimensions et des performances de freinage avant l'exp\u00e9dition.<\/p>\n<\/li>\n<li data-start=\"5916\" data-end=\"6093\">\n<p data-start=\"5918\" data-end=\"6093\"><strong data-start=\"5918\" data-end=\"5950\">Exportation et service apr\u00e8s-vente<\/strong> \u2013 <strong data-start=\"5953\" data-end=\"5967\">Panda Mech<\/strong> apporte une assistance en mati\u00e8re de CO, d'inspection SGS\/BV et de documents douaniers, et offre une assistance technique \u00e0 distance pour vos chauffeurs et m\u00e9caniciens.<u style=\"letter-spacing: 0.015em;\"><\/u><\/p>\n<\/li>\n<\/ul>\n<p><a href=\"\/france\/contact-us\/\" rel=\"nofollow\"><img decoding=\"async\" src=\"https:\/\/pandamech.com\/wp-content\/uploads\/u_file\/db8ce19fe3.jpg\" alt=\"Ch\u00e2ssis de conteneur de 40 pieds\" title=\"\"><\/a><\/p>\n<p>En cas de probl\u00e8me technique, veuillez envoyer un courriel directement \u00e0 sales@pandamech.com. Nos ing\u00e9nieurs vous r\u00e9pondront dans les plus brefs d\u00e9lais.<\/p>\n<p>Si vous souhaitez obtenir un devis pour les semi-remorques squelettiques de 20 pieds, veuillez laisser votre Whatsapp et votre email directement ci-dessous, ou envoyez-nous un message, notre personnel de vente vous contactera d\u00e8s que possible.<\/p>\n<h2>FAQ<\/h2>\n<h3>Vendez-vous des remorques squelettiques de 20 pieds neuves ou d'occasion ?<\/h3>\n<p><strong data-start=\"6602\" data-end=\"6616\">Panda Mech<\/strong> ne fournit que des remorques neuves de 20 pieds construites dans sa propre usine. Si vous remplacez des remorques squelettiques usag\u00e9es au Royaume-Uni, dans l'Union europ\u00e9enne, en Afrique ou en Asie, nos ing\u00e9nieurs peuvent adapter la hauteur du pivot, l'empattement et l'espacement des essieux pour qu'ils s'adaptent parfaitement \u00e0 vos camions et \u00e0 vos \u00e9quipements de chantier existants.<\/p>\n<h3>Panda Mech peut-il adapter le ch\u00e2ssis squelette de 20 pieds aux r\u00e8gles de mon pays ?<\/h3>\n<p><strong data-start=\"0\" data-end=\"99\">Oui, Panda Mech peut enti\u00e8rement personnaliser un ch\u00e2ssis squelette de 20 pieds pour r\u00e9pondre aux r\u00e9glementations de votre pays.<\/strong><br data-start=\"99\" data-end=\"102\" \/>Nous pouvons ajuster l'espacement des essieux, la position du pivot d'attelage, la longueur\/largeur hors tout, le type de suspension, le syst\u00e8me de freinage, l'\u00e9clairage et la capacit\u00e9 de charge en fonction de votre code de la route et des exigences du port\/terminal, et fournir des dessins et des fiches techniques pour approbation avant la production.<\/p>\n<h3>Combien p\u00e8se une remorque squelettique de 20 pieds ?<\/h3>\n<p><strong>Une remorque squelettique typique de 20 pieds p\u00e8se environ 3,5 \u00e0 5,0 tonnes \u00e0 vide.<\/strong> Le poids \u00e0 vide exact d\u00e9pend de la conception de la poutre, de la qualit\u00e9 de l'acier, de la configuration de l'essieu et de la suspension, ainsi que des accessoires optionnels tels que les bo\u00eetes \u00e0 outils, les porte-roues de secours et les verrous suppl\u00e9mentaires. Panda Mech peut optimiser le poids du ch\u00e2ssis tout en conservant la r\u00e9sistance structurelle et la capacit\u00e9 l\u00e9gale requises.<\/p>","protected":false},"excerpt":{"rendered":"<p>Type : Semi-remorque squelettique de 20 pieds<\/p>\n<p>Gamme de prix : $6 900-12 600<\/p>\n<p>Livraison : 7-23 jours<\/p>\n<p>Application : transport de conteneurs de 1*20ft ou de 2*10ft<\/p>\n<p>Mat\u00e9riau : acier au carbone \u00e0 haute r\u00e9sistance<\/p>","protected":false},"featured_media":57833,"template":"","meta":{"_acf_changed":false,"_kad_blocks_custom_css":"","_kad_blocks_head_custom_js":"","_kad_blocks_body_custom_js":"","_kad_blocks_footer_custom_js":"","_kad_post_transparent":"default","_kad_post_title":"","_kad_post_layout":"default","_kad_post_sidebar_id":"","_kad_post_content_style":"default","_kad_post_vertical_padding":"default","_kad_post_feature":"","_kad_post_feature_position":"","_kad_post_header":false,"_kad_post_footer":false,"_kad_post_classname":""},"product_brand":[],"product_cat":[164],"product_tag":[],"class_list":{"0":"post-21316","1":"product","2":"type-product","3":"status-publish","4":"has-post-thumbnail","6":"product_cat-skeletal-trailer","8":"first","9":"instock","10":"sold-individually","11":"shipping-taxable","12":"purchasable","13":"product-type-simple","14":"entry","15":"content-bg","16":"loop-entry"},"acf":[],"taxonomy_info":{"product_cat":[{"value":164,"label":"Skeletal Trailer"}]},"featured_image_src_large":["https:\/\/www.pandamech.com\/wp-content\/uploads\/2022\/08\/3-500x500.jpg",500,500,true],"author_info":[],"comment_info":"","_links":{"self":[{"href":"https:\/\/www.pandamech.com\/france\/wp-json\/wp\/v2\/product\/21316","targetHints":{"allow":["GET"]}}],"collection":[{"href":"https:\/\/www.pandamech.com\/france\/wp-json\/wp\/v2\/product"}],"about":[{"href":"https:\/\/www.pandamech.com\/france\/wp-json\/wp\/v2\/types\/product"}],"version-history":[{"count":3,"href":"https:\/\/www.pandamech.com\/france\/wp-json\/wp\/v2\/product\/21316\/revisions"}],"predecessor-version":[{"id":92452,"href":"https:\/\/www.pandamech.com\/france\/wp-json\/wp\/v2\/product\/21316\/revisions\/92452"}],"wp:featuredmedia":[{"embeddable":true,"href":"https:\/\/www.pandamech.com\/france\/wp-json\/wp\/v2\/media\/57833"}],"wp:attachment":[{"href":"https:\/\/www.pandamech.com\/france\/wp-json\/wp\/v2\/media?parent=21316"}],"wp:term":[{"taxonomy":"product_brand","embeddable":true,"href":"https:\/\/www.pandamech.com\/france\/wp-json\/wp\/v2\/product_brand?post=21316"},{"taxonomy":"product_cat","embeddable":true,"href":"https:\/\/www.pandamech.com\/france\/wp-json\/wp\/v2\/product_cat?post=21316"},{"taxonomy":"product_tag","embeddable":true,"href":"https:\/\/www.pandamech.com\/france\/wp-json\/wp\/v2\/product_tag?post=21316"}],"curies":[{"name":"wp","href":"https:\/\/api.w.org\/{rel}","templated":true}]}}