{"id":21289,"date":"2022-05-25T19:01:59","date_gmt":"2022-05-25T11:01:59","guid":{"rendered":"http:\/\/pandamech.com\/?post_type=product&#038;p=21289"},"modified":"2026-01-20T17:58:35","modified_gmt":"2026-01-20T09:58:35","slug":"85-ton-cement-bulker-trailers-price","status":"publish","type":"product","link":"https:\/\/www.pandamech.com\/france\/product\/85-ton-cement-bulker-trailers-price\/","title":{"rendered":"Remorques-citernes de 85 tonnes"},"content":{"rendered":"<p>Le vrac de ciment est utilis\u00e9 pour transporter du ciment sec en vrac, de la chaux en poudre, du sable et divers mat\u00e9riaux en poudre en vrac d'un diam\u00e8tre \u2264 0,1 mm. La remorque \u00e0 ciment est principalement utilis\u00e9e pour transporter du ciment, le camion-citerne \u00e0 ciment a consid\u00e9rablement am\u00e9lior\u00e9 l'efficacit\u00e9 du transport du ciment, permettant d'\u00e9conomiser des co\u00fbts et d'augmenter les revenus. Le vrac de ciment en termes de chargement et de d\u00e9chargement Le fonctionnement est tr\u00e8s simple, et vous pouvez commencer \u00e0 travailler apr\u00e8s une simple formation.<\/p>\n<p>Remorque \u00e0 ciment 70\/75 m3 capacit\u00e9 85 tonnes.<\/p>\n<h2>Caract\u00e9ristiques du vraquier \u00e0 ciment<\/h2>\n<p>Meilleur acier brut : Le corps du r\u00e9servoir et la construction en acier \u00e0 haute r\u00e9sistance YP \u2265 620 garantissent une dur\u00e9e de vie plus longue et un poids plus l\u00e9ger.<\/p>\n<p>Soudure de qualit\u00e9 :  Un bon acier avec des soudures de qualit\u00e9 permet d'obtenir une garantie plus \u00e9tendue pour 85 tonnes. <span style=\"color: #0000ff;\"><a style=\"color: #0000ff;\" href=\"https:\/\/www.pandamech.com\/france\/product\/bulk-cement-carrier-for-sale-html\/\" target=\"_blank\" rel=\"noopener\">remorque de transport de ciment en vrac<\/a><\/span>.<\/p>\n<p>Peinture durable : L'ensemble du v\u00e9hicule est nettoy\u00e9 par grenaillage avant d'\u00eatre peint. Deux couches d'appr\u00eat permettent de prolonger la dur\u00e9e de vie de la peinture.<\/p>\n<p>Conception : le dessin en 3D avec Ansys et Hypermesh Analyze permet une bonne conception.<\/p>\n<p style=\"text-align: center;\"><a class=\"product_button\" href=\"#elementor-action%3Aaction%3Dpopup%3Aopen%26settings%3DeyJpZCI6Ijk5MDciLCJ0b2dnbGUiOmZhbHNlfQ%3D%3D\">Cliquez pour plus de d\u00e9tails<\/a><\/p>\n<h2>Vid\u00e9o d'un camion-citerne \u00e0 ciment de 85 tonnes<\/h2>\n<p><iframe title=\"Lecteur vid\u00e9o YouTube\" src=\"https:\/\/www.youtube.com\/embed\/XwY8Ep3h9OM\" width=\"800\" height=\"533\" frameborder=\"0\" allowfullscreen=\"allowfullscreen\"><span data-mce-type=\"bookmark\" style=\"display: inline-block; width: 0px; overflow: hidden; line-height: 0;\" class=\"mce_SELRES_start\"><\/span><span data-mce-type=\"bookmark\" style=\"display: inline-block; width: 0px; overflow: hidden; line-height: 0;\" class=\"mce_SELRES_start\"><\/span><\/iframe><\/p>\n<h2>Sp\u00e9cification d'un vraquier de ciment de 85 tonnes<\/h2>\n<table style=\"width: 800px;\" border=\"1\" cellspacing=\"1\" cellpadding=\"1\">\n<tbody>\n<tr>\n<td width=\"221\" height=\"40\">Marque<\/td>\n<td width=\"515\">PANDA Mech 70 cbm 85 tonnes camion-citerne \u00e0 ciment remorque<\/td>\n<\/tr>\n<tr>\n<td width=\"221\" height=\"40\">Volume<\/td>\n<td width=\"515\">70 cbm<\/td>\n<\/tr>\n<tr>\n<td width=\"221\" height=\"40\">Capacit\u00e9 des citernes de ciment en vrac<\/td>\n<td width=\"515\">80 tonnes, 85 tonnes<\/td>\n<\/tr>\n<tr>\n<td width=\"221\" height=\"40\">Moteur<\/td>\n<td width=\"515\">WeiCai Deutz diesel moto<\/td>\n<\/tr>\n<tr>\n<td width=\"221\" height=\"40\">Compresseur<\/td>\n<td width=\"515\">SK 12m3<\/td>\n<\/tr>\n<tr>\n<td width=\"221\" height=\"40\">Couvercle de trou d'homme<\/td>\n<td width=\"515\">2 \u00e0 4 ensembles de 700 mm de diam\u00e8tre<\/td>\n<\/tr>\n<tr>\n<td width=\"221\" height=\"40\">Soupape de d\u00e9charge<\/td>\n<td width=\"515\">Valve \u00e0 disque de 4\u2033 (4\u2033 disc valve)<\/td>\n<\/tr>\n<tr>\n<td width=\"221\" height=\"40\">Dimension<\/td>\n<td>14000*2500*3950 mm<\/td>\n<\/tr>\n<tr>\n<td width=\"221\" height=\"40\">Suspension<\/td>\n<td width=\"515\">Suspension m\u00e9canique ou suspension pneumatique<\/td>\n<\/tr>\n<tr>\n<td width=\"221\" height=\"40\">Essieu de remorque pour vrac<\/td>\n<td width=\"515\">3 essieux, 1 \u00e0 4 ensembles, essieux de 13, 16, 20 tonnes, BPW ou SAF<\/td>\n<\/tr>\n<tr>\n<td width=\"221\" height=\"40\">Pneu<\/td>\n<td width=\"515\">12R22.5, 385\/65R22.5, 13R22.5, 12.00R24, 315\/80R22.5<\/td>\n<\/tr>\n<tr>\n<td width=\"221\" height=\"40\">Goupille royale<\/td>\n<td width=\"515\">JOST 2\u2033 ou 3.5 type d\u00e9tachable<\/td>\n<\/tr>\n<tr>\n<td width=\"221\" height=\"76\">Pi\u00e8ces d\u00e9tach\u00e9es<\/td>\n<td width=\"515\">Main courante pneumatique, moteur de marque r\u00e9put\u00e9e, essieu, pneu, fils \u00e9tanches, tuyau semi-m\u00e9trique, soupapes, soupape de d\u00e9charge, coussin d'air int\u00e9rieur, train d'atterrissage, dispositif de pulv\u00e9risation d'eau, protection lat\u00e9rale et bo\u00eete \u00e0 outils, plaque d'\u00e9gout, soufflerie pneumatique pour remorque.<\/td>\n<\/tr>\n<\/tbody>\n<\/table>\n<p style=\"text-align: center;\"><a class=\"product_button\" href=\"#elementor-action%3Aaction%3Dpopup%3Aopen%26settings%3DeyJpZCI6Ijk5MDciLCJ0b2dnbGUiOmZhbHNlfQ%3D%3D\">Cliquez pour plus de d\u00e9tails<\/a><\/p>\n<h2>Dessin d'un bulker \u00e0 ciment de 85 tonnes<\/h2>\n<p><img fetchpriority=\"high\" decoding=\"async\" class=\"alignnone\" style=\"width: 800px;\" src=\"https:\/\/pandamech.com\/wp-content\/uploads\/2022\/06\/85ton-cement-bulker-drawing.jpg\" alt=\"Citerne de ciment en vrac 85t semi-remorque dessin\" width=\"800\" height=\"558\" title=\"\"><\/p>\n<p>dessin de la remorque-citerne de 85 tonnes de ciment en vrac<\/p>\n<h2>80-85 Ton cement bulkers images<\/h2>\n<p><img decoding=\"async\" class=\"wp-image-57485 size-full\" src=\"https:\/\/www.pandamech.com\/wp-content\/uploads\/2022\/06\/85-ton-cement-bulker-trailers-for-sale-6.jpg\" alt=\"Remorques \u00e0 ciment de 85 tonnes \u00e0 vendre 6\" width=\"800\" height=\"533\" title=\"\" srcset=\"https:\/\/www.pandamech.com\/wp-content\/uploads\/2022\/06\/85-ton-cement-bulker-trailers-for-sale-6.jpg 800w, https:\/\/www.pandamech.com\/wp-content\/uploads\/2022\/06\/85-ton-cement-bulker-trailers-for-sale-6-300x200.jpg 300w, https:\/\/www.pandamech.com\/wp-content\/uploads\/2022\/06\/85-ton-cement-bulker-trailers-for-sale-6-500x333.jpg 500w, https:\/\/www.pandamech.com\/wp-content\/uploads\/2022\/06\/85-ton-cement-bulker-trailers-for-sale-6-18x12.jpg 18w\" sizes=\"(max-width: 800px) 100vw, 800px\" \/><\/p>\n<p>Remorque-citerne \u00e0 ciment de 85 tonnes \u00e0 vendre<\/p>\n<p><img decoding=\"async\" class=\"size-full wp-image-57486\" src=\"https:\/\/www.pandamech.com\/wp-content\/uploads\/2022\/06\/85-ton-cement-bulker-trailers-for-sale-7.jpg\" alt=\"Remorques \u00e0 ciment de 85 tonnes \u00e0 vendre 7\" width=\"800\" height=\"533\" title=\"\" srcset=\"https:\/\/www.pandamech.com\/wp-content\/uploads\/2022\/06\/85-ton-cement-bulker-trailers-for-sale-7.jpg 800w, https:\/\/www.pandamech.com\/wp-content\/uploads\/2022\/06\/85-ton-cement-bulker-trailers-for-sale-7-300x200.jpg 300w, https:\/\/www.pandamech.com\/wp-content\/uploads\/2022\/06\/85-ton-cement-bulker-trailers-for-sale-7-500x333.jpg 500w, https:\/\/www.pandamech.com\/wp-content\/uploads\/2022\/06\/85-ton-cement-bulker-trailers-for-sale-7-18x12.jpg 18w\" sizes=\"(max-width: 800px) 100vw, 800px\" \/><\/p>\n<p>Remorques-citernes de 85 tonnes de ciment sec en vrac \u00e0 vendre<\/p>\n<p><img loading=\"lazy\" decoding=\"async\" class=\"alignnone wp-image-21362 size-full\" src=\"https:\/\/pandamech.com\/wp-content\/uploads\/2022\/07\/cement-bulker-parts.jpg\" alt=\"Remorque-citerne de 85 tonnes de cendres volantes\" width=\"800\" height=\"533\" title=\"\"><\/p>\n<p>Pi\u00e8ces d\u00e9tach\u00e9es d'un bulker \u00e0 ciment de 85 tonnes<\/p>\n<p>En rapport : <span style=\"color: #0000ff;\"><a style=\"color: #0000ff;\" href=\"https:\/\/www.pandamech.com\/product\/3-axle-55-ton-cement-bulker-trailer\/\" target=\"_blank\" rel=\"noopener\">Remorque \u00e0 ciment de 55 tonnes<\/a><\/span><\/p>\n<p style=\"text-align: center;\"><a class=\"product_button\" href=\"#elementor-action%3Aaction%3Dpopup%3Aopen%26settings%3DeyJpZCI6Ijk5MDciLCJ0b2dnbGUiOmZhbHNlfQ%3D%3D\">Obtenir un devis imm\u00e9diat<\/a><\/p>\n<h2>Transport maritime<\/h2>\n<p>Nous commanderons le Freightliner et inspecterons le spectacle avant que la production ne soit termin\u00e9e. La remorque inspect\u00e9e vous sera exp\u00e9di\u00e9e dans les meilleurs d\u00e9lais.<\/p>\n<p>Pour \u00e9viter que la peinture du <span style=\"color: #0000ff;\"><a style=\"color: #0000ff;\" href=\"https:\/\/www.pandamech.com\/france\/category\/pneumatic-trailer\/cement-tanker\/\" target=\"_blank\" rel=\"noopener\">remorque de transport de ciment et de sable<\/a><\/span> Pour \u00e9viter la corrosion par l'eau de mer, nous pulv\u00e9riserons une couche de cire sur la surface de l'appareil, ce qui permettra d'\u00e9viter la corrosion par l'eau de mer. <span style=\"color: #0000ff;\"><a style=\"color: #0000ff;\" href=\"https:\/\/www.pandamech.com\/france\/product\/bulk-powder-tanker-p00149p1-html\/\" target=\"_blank\" rel=\"noopener\">camion-citerne \u00e0 poudre<\/a><\/span> la remorque du silo avant le transport.<\/p>\n<p>Nous envelopperons tous les moteurs diesel des remorques des transporteurs de ciment d'un tissu imperm\u00e9able.<\/p>\n<p><img loading=\"lazy\" decoding=\"async\" class=\"alignnone wp-image-21359 size-full\" src=\"https:\/\/pandamech.com\/wp-content\/uploads\/2022\/07\/85-ton-cement-bulker-trailers-for-sale.jpg\" alt=\"Transport de remorques pneumatiques de 85 tonnes\" width=\"800\" height=\"533\" title=\"\"><\/p>\n<p><img loading=\"lazy\" decoding=\"async\" class=\"alignnone\" src=\"https:\/\/pandamech.com\/wp-content\/uploads\/2022\/07\/sea-transportation.jpg\" alt=\"Transport maritime de la remorque du silo \u00e0 ciment\" width=\"649\" height=\"768\" title=\"\"><\/p>\n<h2>Panda Mech<\/h2>\n<p>Panda Mech est un producteur de vraquier \u00e0 ciment de 85 tonnes en Chine. Nous fournissons 85 tonnes de <a href=\"https:\/\/www.pandamech.com\/france\/category\/pneumatic-trailer\/cement-tanker\/\" target=\"_blank\" rel=\"noopener\"><span style=\"color: #0000ff;\">remorques pour camions \u00e0 ciment<\/span><\/a> pour la vente. Les fabricants de Panda Mech ont connu le succ\u00e8s en Asie du Sud-Est, au Moyen-Orient, en Afrique et en Am\u00e9rique du Sud, notamment aux Philippines, en Tanzanie, etc...<\/p>","protected":false},"excerpt":{"rendered":"<p>Type : 3 essieux 80 tonnes de ciment<\/p>\n<p>Gamme de prix : $16 900-32 500<\/p>\n<p>D\u00e9lai de livraison : 7-25 jours<\/p>\n<p>D\u00e9chargement plus rapide : &gt;1,5 tonne\/min<\/p>\n<p>Application : transport de ciment, de particules de PVC, de cendres volantes, de mat\u00e9riaux granulaires, etc.<\/p>","protected":false},"featured_media":57817,"template":"","meta":{"_acf_changed":false,"_kad_blocks_custom_css":"","_kad_blocks_head_custom_js":"","_kad_blocks_body_custom_js":"","_kad_blocks_footer_custom_js":"","_kad_post_transparent":"default","_kad_post_title":"","_kad_post_layout":"default","_kad_post_sidebar_id":"","_kad_post_content_style":"default","_kad_post_vertical_padding":"default","_kad_post_feature":"","_kad_post_feature_position":"","_kad_post_header":false,"_kad_post_footer":false,"_kad_post_classname":""},"product_brand":[],"product_cat":[101],"product_tag":[],"class_list":{"0":"post-21289","1":"product","2":"type-product","3":"status-publish","4":"has-post-thumbnail","6":"product_cat-cement-tanker","8":"first","9":"instock","10":"sold-individually","11":"shipping-taxable","12":"purchasable","13":"product-type-simple","14":"entry","15":"content-bg","16":"loop-entry"},"acf":[],"taxonomy_info":{"product_cat":[{"value":101,"label":"Cement Tanker For Sale"}]},"featured_image_src_large":["https:\/\/www.pandamech.com\/wp-content\/uploads\/2022\/08\/3-85-ton-cement-bulker-1-500x500.jpg",500,500,true],"author_info":[],"comment_info":"","_links":{"self":[{"href":"https:\/\/www.pandamech.com\/france\/wp-json\/wp\/v2\/product\/21289","targetHints":{"allow":["GET"]}}],"collection":[{"href":"https:\/\/www.pandamech.com\/france\/wp-json\/wp\/v2\/product"}],"about":[{"href":"https:\/\/www.pandamech.com\/france\/wp-json\/wp\/v2\/types\/product"}],"version-history":[{"count":2,"href":"https:\/\/www.pandamech.com\/france\/wp-json\/wp\/v2\/product\/21289\/revisions"}],"predecessor-version":[{"id":92539,"href":"https:\/\/www.pandamech.com\/france\/wp-json\/wp\/v2\/product\/21289\/revisions\/92539"}],"wp:featuredmedia":[{"embeddable":true,"href":"https:\/\/www.pandamech.com\/france\/wp-json\/wp\/v2\/media\/57817"}],"wp:attachment":[{"href":"https:\/\/www.pandamech.com\/france\/wp-json\/wp\/v2\/media?parent=21289"}],"wp:term":[{"taxonomy":"product_brand","embeddable":true,"href":"https:\/\/www.pandamech.com\/france\/wp-json\/wp\/v2\/product_brand?post=21289"},{"taxonomy":"product_cat","embeddable":true,"href":"https:\/\/www.pandamech.com\/france\/wp-json\/wp\/v2\/product_cat?post=21289"},{"taxonomy":"product_tag","embeddable":true,"href":"https:\/\/www.pandamech.com\/france\/wp-json\/wp\/v2\/product_tag?post=21289"}],"curies":[{"name":"wp","href":"https:\/\/api.w.org\/{rel}","templated":true}]}}