{"id":21288,"date":"2025-08-28T19:01:59","date_gmt":"2025-08-28T11:01:59","guid":{"rendered":"http:\/\/pandamech.com\/?post_type=product&#038;p=21288"},"modified":"2025-08-29T10:43:34","modified_gmt":"2025-08-29T02:43:34","slug":"50-ton-rear-dump-semi-trailer","status":"publish","type":"product","link":"https:\/\/www.pandamech.com\/france\/product\/50-ton-rear-dump-semi-trailer\/","title":{"rendered":"Remorque \u00e0 benne arri\u00e8re de 50 tonnes \u00e0 vendre"},"content":{"rendered":"<p style=\"text-align: left;\">Remorque \u00e0 benne arri\u00e8re de 50 tonnes \u00e9galement connue sous le nom de 50 tonnes <a href=\"https:\/\/www.pandamech.com\/france\/category\/tipper-trailer\/\">remorque \u00e0 benne basculante<\/a>, La structure comprend le ch\u00e2ssis, la caisse et le syst\u00e8me de levage. La prise de force alimente le cylindre en huile, soul\u00e8ve la caisse jusqu'\u00e0 l'angle d\u00e9sir\u00e9, la cargaison glisse vers l'ext\u00e9rieur, ce qui am\u00e9liore l'efficacit\u00e9 du d\u00e9chargement.<\/p>\n<p style=\"text-align: left;\">Largement utilis\u00e9 dans les usines de gr\u00e8s, les chantiers de construction et les mines, pour le transport de sable, de gravier, le terrassement et l'exploitation mini\u00e8re.<\/p>\n<h2>50 Ton 3 axle rear tipper trailer images<\/h2>\n<p><img fetchpriority=\"high\" decoding=\"async\" class=\"alignnone\" src=\"\/wp-content\/uploads\/u_file\/cc98034475.jpg\" alt=\"Remorque \u00e0 benne arri\u00e8re de 50 tonnes\" width=\"800\" height=\"533\" title=\"\"><\/p>\n<p>Remorque \u00e0 benne basculante arri\u00e8re de 50 tonnes \u00e0 vendre en Chine<\/p>\n<p><img decoding=\"async\" class=\"alignnone\" src=\"\/wp-content\/uploads\/u_file\/ae57e85ec2.jpg\" alt=\"Semi-remorque \u00e0 benne basculante de 50 tonnes pour la vente\" width=\"800\" height=\"533\" title=\"\"><\/p>\n<p>Semi-remorque \u00e0 benne arri\u00e8re de 50 tonnes Fabricant<\/p>\n<p><img decoding=\"async\" class=\"alignnone wp-image-58281 size-full\" src=\"https:\/\/www.pandamech.com\/wp-content\/uploads\/2022\/10\/8-1.jpg\" alt=\"Semi-remorque \u00e0 benne basculante de 50 tonnes\" width=\"800\" height=\"533\" title=\"\" srcset=\"https:\/\/www.pandamech.com\/wp-content\/uploads\/2022\/10\/8-1.jpg 800w, https:\/\/www.pandamech.com\/wp-content\/uploads\/2022\/10\/8-1-300x200.jpg 300w, https:\/\/www.pandamech.com\/wp-content\/uploads\/2022\/10\/8-1-500x333.jpg 500w, https:\/\/www.pandamech.com\/wp-content\/uploads\/2022\/10\/8-1-18x12.jpg 18w\" sizes=\"(max-width: 800px) 100vw, 800px\" \/><\/p>\n<p>Semi-remorque \u00e0 benne basculante 4 essieux de 50 tonnes \u00e0 vendre<\/p>\n<p style=\"text-align: center;\"><a class=\"product_button\" href=\"#elementor-action%3Aaction%3Dpopup%3Aopen%26settings%3DeyJpZCI6Ijk5MDciLCJ0b2dnbGUiOmZhbHNlfQ%3D%3D\">Cliquez pour plus de d\u00e9tails<\/a><\/p>\n<h2>Vid\u00e9o de la remorque arri\u00e8re \u00e0 benne basculante<\/h2>\n<p><iframe title=\"Lecteur vid\u00e9o YouTube\" src=\"https:\/\/www.youtube.com\/embed\/uV4awegJhLI\" width=\"800\" height=\"533\" frameborder=\"0\" allowfullscreen=\"allowfullscreen\" data-mce-fragment=\"1\"><\/iframe><\/p>\n<h2>Sp\u00e9cification de la remorque basculante arri\u00e8re de 50 tonnes<\/h2>\n<table style=\"width: 800px;\" border=\"1\" cellspacing=\"1\" cellpadding=\"1\">\n<tbody>\n<tr>\n<td width=\"313\">\u00a0Fabricant<\/td>\n<td width=\"425\">\u00a0Panda Mech<\/td>\n<\/tr>\n<tr>\n<td>\u00a0Dimension (longueur*largeur*hauteur)<\/td>\n<td>\u00a010500\u00d72,500\u00d73,230 mm<\/td>\n<\/tr>\n<tr>\n<td>\u00a0Corps \u00e0 l'int\u00e9rieur<\/td>\n<td>\u00a09750\u00d72,300\u00d71,500 mm<\/td>\n<\/tr>\n<tr>\n<td>\u00a0Volume<\/td>\n<td>\u00a050 tonnes<\/td>\n<\/tr>\n<tr>\n<td>\u00a0Plancher<\/td>\n<td>\u00a06-8mm Acier \u00e0 haute r\u00e9sistance<\/td>\n<\/tr>\n<tr>\n<td>\u00a0Paroi lat\u00e9rale<\/td>\n<td>\u00a03-5mm Acier \u00e0 haute r\u00e9sistance<\/td>\n<\/tr>\n<tr>\n<td>\u00a0Poutre<\/td>\n<td>\u00a0Domex 600 ou \u00e9quivalent, section \u201cI\u201d en acier, double \u00e2me<\/td>\n<\/tr>\n<tr>\n<td>\u00a0Cylindre<\/td>\n<td>\u00a06 jeux de cylindres inf\u00e9rieurs<\/td>\n<\/tr>\n<tr>\n<td>\u00a0Essieu<\/td>\n<td>\u00a0Essieux 3\/4<\/td>\n<\/tr>\n<tr>\n<td>\u00a0Pneu<\/td>\n<td>\u00a012.00R20 \/ 13R22.5 ou personnalis\u00e9<\/td>\n<\/tr>\n<tr>\n<td>\u00a0Suspension<\/td>\n<td>\u00a0M\u00e9canique \/ Air \/ Bogie en option<\/td>\n<\/tr>\n<tr>\n<td>\u00a0Jambes<\/td>\n<td>\u00a0Type interchangeable JOST<\/td>\n<\/tr>\n<tr>\n<td>\u00a0Frein<\/td>\n<td>\u00a0Syst\u00e8me de freinage pneumatique double, chambre et valve WABCO<\/td>\n<\/tr>\n<tr>\n<td>\u00a0Syst\u00e8me \u00e9lectrique<\/td>\n<td>\u00a012v\/24v, c\u00e2ble 7 lignes, lumi\u00e8re LED<\/td>\n<\/tr>\n<tr>\n<td>\u00a0Pi\u00e8ces d\u00e9tach\u00e9es<\/td>\n<td>\u00a0Syst\u00e8me \u00e9lectrique, syst\u00e8me de freinage, essieu, pneu, suspension, verrou, kit.<\/td>\n<\/tr>\n<\/tbody>\n<\/table>\n<p style=\"text-align: center;\"><a class=\"product_button\" href=\"#elementor-action%3Aaction%3Dpopup%3Aopen%26settings%3DeyJpZCI6Ijk5MDciLCJ0b2dnbGUiOmZhbHNlfQ%3D%3D\">Cliquez pour plus de d\u00e9tails<\/a><\/p>\n<h2>Avantage de la remorque basculante arri\u00e8re de 50 tonnes<\/h2>\n<h3>Mat\u00e9riau \ud83c\udfd7\ufe0f<\/h3>\n<p>Le chariot est construit en Hardox 450 ou en acier similaire r\u00e9sistant \u00e0 l'usure, et la poutre principale est construite en acier \u00e0 haute r\u00e9sistance T700. Cela permet de r\u00e9duire le poids de deux tonnes par rapport aux mat\u00e9riaux conventionnels, d'augmenter la dur\u00e9e de vie et d'am\u00e9liorer le rendement \u00e9nerg\u00e9tique.<\/p>\n<h3>Bo\u00eete en U \ud83d\udce6<\/h3>\n<p>La conception du chariot en forme de U offre un centre de gravit\u00e9 plus bas, ce qui permet une plus grande capacit\u00e9 de chargement, un d\u00e9chargement en douceur et une plus grande s\u00e9curit\u00e9.<\/p>\n<h3>Ch\u00e2ssis \ud83d\ude9a<\/h3>\n<p>La poutre principale utilise une structure \u00e0 double couche pour une r\u00e9sistance accrue et la capacit\u00e9 de faire face \u00e0 des conditions routi\u00e8res complexes.<\/p>\n<h3>Cylindre \ud83d\udd27<\/h3>\n<p>Les v\u00e9rins hydrauliques sont disponibles en deux mod\u00e8les : FC et FE. Ils offrent une pression plus \u00e9lev\u00e9e et peuvent atteindre un angle d'inclinaison de 45\u00b0, ce qui acc\u00e9l\u00e8re le d\u00e9chargement, fait gagner du temps et prolonge les intervalles de maintenance.<\/p>\n<h3>Supports \ud83d\udee0\ufe0f<\/h3>\n<p>La structure de support optimis\u00e9e offre une plus grande r\u00e9sistance \u00e0 la pression et est moins susceptible d'\u00eatre endommag\u00e9e par la fatigue.<\/p>\n<h3>Contrefa\u00e7on \u2699\ufe0f<\/h3>\n<p>Le m\u00e9canisme de d\u00e9chargement est plus robuste, avec des mouvements plus pr\u00e9cis et des angles de protection pour une utilisation plus s\u00fbre.<\/p>\n<h3>Arbre d'inclinaison \ud83d\udd29<\/h3>\n<p>L'arbre de basculement est plus \u00e9pais et renforc\u00e9, ce qui assure une plus grande stabilit\u00e9 lors du levage de la carrosserie du v\u00e9hicule et pr\u00e9vient les dommages, garantissant ainsi une utilisation plus longue et plus s\u00fbre.<\/p>\n<h3>Syst\u00e8me de fixation \ud83d\udd12<\/h3>\n<p>La porte arri\u00e8re est dot\u00e9e d'un m\u00e9canisme de verrouillage automatique pour une efficacit\u00e9 accrue et d'une conception r\u00e9glable pour faciliter l'entretien et le remplacement.<\/p>\n<h3>Cadre de support auxiliaire \ud83e\uddf1<\/h3>\n<p>Un cadre de support auxiliaire est install\u00e9 entre la carrosserie et le ch\u00e2ssis du v\u00e9hicule pour emp\u00eacher le basculement et am\u00e9liorer la s\u00e9curit\u00e9 g\u00e9n\u00e9rale.<\/p>\n<h2>Remorque basculante arri\u00e8re de 50 tonnes \u00e0 vendre<\/h2>\n<p style=\"text-align: left;\">Panda Mech est un fabricant chinois de remorques \u00e0 benne basculante arri\u00e8re de 50 tonnes. Nous fournissons des remorques \u00e0 benne basculante arri\u00e8re de 50 tonnes pour la vente en Afrique du Sud, au Nigeria, en Tanzanie, etc.<\/p>\n<p style=\"text-align: left;\"><a href=\"\/france\/contact-us\/\" rel=\"nofollow\"><img decoding=\"async\" src=\"https:\/\/pandamech.com\/wp-content\/uploads\/u_file\/db8ce19fe3.jpg\" alt=\"Semi-remorques \u00e0 benne basculante\" title=\"\"><\/a><\/p>\n<p>Related\uff1a<\/p>\n<p><a href=\"https:\/\/www.pandamech.com\/france\/product\/wholesale-40-cbm-dump-trailers\/\">Semi-remorque benne 40cbm<\/a><\/p>\n<p><a href=\"https:\/\/www.pandamech.com\/france\/product\/china-45m3-tipper-trailer-wholesale\/\">Remorque \u00e0 benne arri\u00e8re 45 CBM<\/a><\/p>\n<p><a href=\"https:\/\/www.pandamech.com\/product\/dump-truck-p00128p1-html\/\">Remorque \u00e0 benne basculante de 60 tonnes<\/a><\/p>\n<p>FAQ<\/p>\n<h2 data-start=\"2031\" data-end=\"2082\">Combien d'essieux comporte une remorque \u00e0 benne basculante de 50 tonnes ?<\/h2>\n<p>3 essieux \/ 4 essieux<\/p>\n<h2 data-start=\"2031\" data-end=\"2082\">Quelle est la diff\u00e9rence entre les remorques \u00e0 benne arri\u00e8re et les remorques \u00e0 benne lat\u00e9rale ?<\/h2>\n<p data-start=\"2031\" data-end=\"2082\"><strong>Les remorques \u00e0 benne arri\u00e8re d\u00e9chargent la cargaison vers l'arri\u00e8re \u00e0 un angle prononc\u00e9, ce qui les rend id\u00e9ales pour le sable, le gravier et les mat\u00e9riaux miniers dans les espaces ouverts, tandis que les remorques \u00e0 benne lat\u00e9rale d\u00e9chargent sur le c\u00f4t\u00e9.<\/strong>, qui est plus s\u00fbre et plus efficace dans les espaces restreints ou sur les sols irr\u00e9guliers, r\u00e9duisant ainsi le risque de renversement.<\/p>","protected":false},"excerpt":{"rendered":"<p>Mod\u00e8le : 3 essieux 50 tonnes<\/p>\n<p>Fourchette de prix : 15.500-25.000 USD<\/p>\n<p>D\u00e9lai de livraison : 7-25 jours<\/p>\n<p>Application : transport de charbon, de minerai, de mat\u00e9riaux de construction<\/p>\n<p>Angle d'inclinaison : 45\u00b0<\/p>\n<p>Syst\u00e8me hydraulique : Cylindre HYVA<\/p>","protected":false},"featured_media":57742,"template":"","meta":{"_acf_changed":false,"_kad_blocks_custom_css":"","_kad_blocks_head_custom_js":"","_kad_blocks_body_custom_js":"","_kad_blocks_footer_custom_js":"","_kad_post_transparent":"default","_kad_post_title":"","_kad_post_layout":"default","_kad_post_sidebar_id":"","_kad_post_content_style":"default","_kad_post_vertical_padding":"default","_kad_post_feature":"","_kad_post_feature_position":"","_kad_post_header":false,"_kad_post_footer":false,"_kad_post_classname":""},"product_brand":[],"product_cat":[106],"product_tag":[],"class_list":{"0":"post-21288","1":"product","2":"type-product","3":"status-publish","4":"has-post-thumbnail","6":"product_cat-semi-dump-trailer","8":"first","9":"instock","10":"sold-individually","11":"shipping-taxable","12":"purchasable","13":"product-type-simple","14":"entry","15":"content-bg","16":"loop-entry"},"acf":[],"taxonomy_info":{"product_cat":[{"value":106,"label":"End Dump Trailer"}]},"featured_image_src_large":["https:\/\/www.pandamech.com\/wp-content\/uploads\/2022\/08\/2-20-500x500.jpg",500,500,true],"author_info":[],"comment_info":"","_links":{"self":[{"href":"https:\/\/www.pandamech.com\/france\/wp-json\/wp\/v2\/product\/21288","targetHints":{"allow":["GET"]}}],"collection":[{"href":"https:\/\/www.pandamech.com\/france\/wp-json\/wp\/v2\/product"}],"about":[{"href":"https:\/\/www.pandamech.com\/france\/wp-json\/wp\/v2\/types\/product"}],"version-history":[{"count":6,"href":"https:\/\/www.pandamech.com\/france\/wp-json\/wp\/v2\/product\/21288\/revisions"}],"predecessor-version":[{"id":91557,"href":"https:\/\/www.pandamech.com\/france\/wp-json\/wp\/v2\/product\/21288\/revisions\/91557"}],"wp:featuredmedia":[{"embeddable":true,"href":"https:\/\/www.pandamech.com\/france\/wp-json\/wp\/v2\/media\/57742"}],"wp:attachment":[{"href":"https:\/\/www.pandamech.com\/france\/wp-json\/wp\/v2\/media?parent=21288"}],"wp:term":[{"taxonomy":"product_brand","embeddable":true,"href":"https:\/\/www.pandamech.com\/france\/wp-json\/wp\/v2\/product_brand?post=21288"},{"taxonomy":"product_cat","embeddable":true,"href":"https:\/\/www.pandamech.com\/france\/wp-json\/wp\/v2\/product_cat?post=21288"},{"taxonomy":"product_tag","embeddable":true,"href":"https:\/\/www.pandamech.com\/france\/wp-json\/wp\/v2\/product_tag?post=21288"}],"curies":[{"name":"wp","href":"https:\/\/api.w.org\/{rel}","templated":true}]}}