{"id":21283,"date":"2022-05-24T19:01:58","date_gmt":"2022-05-24T11:01:58","guid":{"rendered":"http:\/\/pandamech.com\/?post_type=product&#038;p=21283"},"modified":"2025-08-23T01:08:26","modified_gmt":"2025-08-22T17:08:26","slug":"48-ton-cement-tanker-p00103p1-html","status":"publish","type":"product","link":"https:\/\/www.pandamech.com\/france\/product\/48-ton-cement-tanker-p00103p1-html\/","title":{"rendered":"48 Ton Cement Tanker Truck For Sale"},"content":{"rendered":"<p>Le camion-citerne \u00e0 ciment Panda Mech est largement utilis\u00e9 pour le transport et le stockage du ciment, de la poudre de charbon, du mortier sec, de la nourriture et des poudres chimiques.<\/p>\n<p>Le camion de ciment en vrac am\u00e9liore le transport, r\u00e9duit les co\u00fbts de transport et diminue la pollution. La m\u00e9canisation du chargement, du transport, du d\u00e9chargement et du stockage est r\u00e9alis\u00e9e.<\/p>\n<h2>Caract\u00e9ristiques du camion-citerne \u00e0 ciment<\/h2>\n<ul>\n<li>1. Meilleur acier brut : La carrosserie et la construction du r\u00e9servoir du camion de transport de ciment en acier \u00e0 haute r\u00e9sistance YP \u2265 620 garantissent une dur\u00e9e de vie plus longue et un poids plus l\u00e9ger.<\/li>\n<li>2. Excellentes performances Une conception unique assure un taux de d\u00e9chargement de 1,3 t\/min et une distance de d\u00e9chargement verticale de 30 m.<\/li>\n<li>3. Qualit\u00e9 de la soudure :  Un bon acier avec des soudures de qualit\u00e9 permet d'obtenir une garantie plus longue pour la remorque du transporteur de vrac sec.<\/li>\n<li>4. Peinture durable : l'ensemble du v\u00e9hicule est nettoy\u00e9 par grenaillage pour \u00eatre peint, deux fois l'appr\u00eat permettent de prolonger la dur\u00e9e de vie de la peinture.<\/li>\n<li>5. Conception d'une citerne de ciment en vrac : dessin en 3D avec Ansys et Hypermesh L'analyse soutient une bonne conception.<\/li>\n<\/ul>\n<p style=\"text-align: center;\"><a class=\"product_button\" href=\"#elementor-action%3Aaction%3Dpopup%3Aopen%26settings%3DeyJpZCI6Ijk5MDciLCJ0b2dnbGUiOmZhbHNlfQ%3D%3D\">Cliquez pour plus de d\u00e9tails<\/a><\/p>\n<h2>Vid\u00e9o du camion-citerne de 48 tonnes<\/h2>\n<div class=\"entry-content-asset videofit\"><iframe title=\"40m3 48ton ciment bulker tanker powder tanker dry bulk trailer\" width=\"720\" height=\"405\" src=\"https:\/\/www.youtube.com\/embed\/BMhodcEWyz4?feature=oembed\" frameborder=\"0\" allow=\"accelerometer; autoplay; clipboard-write; encrypted-media; gyroscope; picture-in-picture; web-share\" allowfullscreen><\/iframe><\/div>\n<h2>Sp\u00e9cification du camion-citerne \u00e0 ciment de 48 tonnes<\/h2>\n<table style=\"width: 800px;\" border=\"1\" cellspacing=\"2\" cellpadding=\"1\">\n<tbody>\n<tr>\n<td width=\"227\" height=\"36\">\u00a0Marque<\/td>\n<td width=\"435\">\u00a0Remorque de transport de ciment en vrac Panda Mech<\/td>\n<\/tr>\n<tr>\n<td width=\"227\" height=\"36\">\u00a0Volume<\/td>\n<td width=\"435\">\u00a040 m3 \/ m\u00e8tre cube<\/td>\n<\/tr>\n<tr>\n<td width=\"227\" height=\"36\">\u00a0Capacit\u00e9<\/td>\n<td width=\"435\">\u00a048 tonnes<\/td>\n<\/tr>\n<tr>\n<td width=\"227\" height=\"36\">\u00a0Moteur<\/td>\n<td width=\"435\">\u00a0WeiCai Deutz diesel moto<\/td>\n<\/tr>\n<tr>\n<td width=\"227\" height=\"36\">\u00a0Soupape de d\u00e9charge<\/td>\n<td width=\"435\">\u00a0Valve \u00e0 disque de 4\u2033 (4\u2033 disc valve)<\/td>\n<\/tr>\n<tr>\n<td width=\"227\" height=\"36\">\u00a0Mat\u00e9riau du corps<\/td>\n<td width=\"435\">\u00a0Acier \u00e0 haute r\u00e9sistance de 5 ou 6 mm<\/td>\n<\/tr>\n<tr>\n<td width=\"227\" height=\"36\">\u00a0Structure<\/td>\n<td width=\"435\">\u00a0Q345 acier \u00e0 haute r\u00e9sistance<\/td>\n<\/tr>\n<tr>\n<td width=\"227\" height=\"36\">\u00a0Suspension<\/td>\n<td width=\"435\">\u00a0Suspension m\u00e9canique, suspension pneumatique<\/td>\n<\/tr>\n<tr>\n<td width=\"227\" height=\"36\">\u00a0Essieu<\/td>\n<td width=\"435\">\u00a01 \u00e0 4 ensembles, essieux de 13, 16 et 20 tonnes<\/td>\n<\/tr>\n<tr>\n<td width=\"227\" height=\"36\">\u00a0Pneu<\/td>\n<td width=\"435\">\u00a012R22.5, 385\/65R22.5, 13R22.5, 12.00R24, 315\/80R22.5<\/td>\n<\/tr>\n<tr>\n<td width=\"227\" height=\"36\">\u00a0Pi\u00e8ces pour remorques de citernes \u00e0 poudre<\/td>\n<td width=\"435\">\u00a0Main courante pneumatique, moteur de marque r\u00e9put\u00e9e, essieu, pneu, fils \u00e9tanches, grenaillage, peinture antirouille de premi\u00e8re qualit\u00e9, tuyau semi-m\u00e9trique, vannes, soupape de d\u00e9charge, coussin gonflable int\u00e9rieur, train d'atterrissage, dispositif de pulv\u00e9risation d'eau, protection lat\u00e9rale et bo\u00eete \u00e0 outils, plaque d'\u00e9gout, souffleur d'air pneumatique.<\/td>\n<\/tr>\n<\/tbody>\n<\/table>\n<p style=\"text-align: center;\"><a class=\"product_button\" href=\"#elementor-action%3Aaction%3Dpopup%3Aopen%26settings%3DeyJpZCI6Ijk5MDciLCJ0b2dnbGUiOmZhbHNlfQ%3D%3D\">Cliquez pour plus de d\u00e9tails<\/a><\/p>\n<h2>48 Ton cement tanker truck images<\/h2>\n<p><img fetchpriority=\"high\" decoding=\"async\" class=\"alignnone wp-image-22229 size-full\" src=\"https:\/\/pandamech.com\/wp-content\/uploads\/2021\/09\/7-11.jpg\" alt=\"Remorque de camion-citerne de 48 tonnes pour la vente\" width=\"800\" height=\"533\" title=\"\"><\/p>\n<p>tri axle 48 ton bulk ciment bulker for sale<\/p>\n<p><img decoding=\"async\" class=\"alignnone wp-image-22230 size-full\" src=\"https:\/\/pandamech.com\/wp-content\/uploads\/2021\/09\/8-8.jpg\" alt=\"camion-citerne \u00e0 ciment de 48 tonnes \u00e0 vendre\" width=\"800\" height=\"533\" title=\"\"><\/p>\n<p>48 tonnes de camion-citerne \u00e0 ciment en Chine \u00e0 vendre<\/p>\n<p><img decoding=\"async\" class=\"alignnone wp-image-22231 size-full\" src=\"https:\/\/pandamech.com\/wp-content\/uploads\/2021\/09\/9-1.jpg\" alt=\"Remorques b\u00e9tonni\u00e8res de 48 tonnes \u00e0 vendre\" width=\"800\" height=\"533\" title=\"\"><\/p>\n<p>Camion de transport de ciment \u00e0 3 essieux, 48 tonnes, semi-remorque<\/p>\n<p>En rapport : <span style=\"color: #0000ff;\"><a style=\"color: #0000ff;\" href=\"https:\/\/www.pandamech.com\/france\/product\/2-axle-30-ton-bulk-cement-tanker-trailer\/\" target=\"_blank\" rel=\"noopener\">Remorque-citerne \u00e0 ciment de 30 tonnes<\/a><\/span>, <span style=\"color: #0000ff;\"><a style=\"color: #0000ff;\" href=\"https:\/\/www.pandamech.com\/france\/product\/50-ton-cement-bulk-trailer-for-sale\/\" target=\"_blank\" rel=\"noopener\">camion de ciment en vrac de 50 tonnes<\/a><\/span><\/p>\n<p style=\"text-align: center;\"><a class=\"product_button\" href=\"#elementor-action%3Aaction%3Dpopup%3Aopen%26settings%3DeyJpZCI6Ijk5MDciLCJ0b2dnbGUiOmZhbHNlfQ%3D%3D\">Obtenir un devis imm\u00e9diat<\/a><\/p>\n<h2>Transport maritime de ciment en vrac par camion-citerne<\/h2>\n<p>Nous commanderons le Freightliner avant la fin de la production et l'inspecterons apr\u00e8s la fin de l'exposition. La remorque pneumatique inspect\u00e9e vous sera exp\u00e9di\u00e9e dans les meilleurs d\u00e9lais.<\/p>\n<p>Pour \u00e9viter que la peinture de la remorque de transport de ciment ne soit corrod\u00e9e par l'eau de mer, nous pulv\u00e9riserons une couche de cire sur la surface de la remorque. <span style=\"color: #0000ff;\"><a style=\"color: #0000ff;\" href=\"https:\/\/www.pandamech.com\/france\/product\/bulk-powder-tanker-p00149p1-html\/\" target=\"_blank\" rel=\"noopener\">citerne de chaux en poudre<\/a><\/span> avant le transport.<\/p>\n<p>Nous envelopperons tous les moteurs diesel de la remorque du transporteur de ciment en vrac d'un tissu imperm\u00e9able.<\/p>\n<p><img loading=\"lazy\" decoding=\"async\" class=\"alignnone size-full wp-image-33094\" src=\"https:\/\/pandamech.com\/wp-content\/uploads\/2022\/10\/cement-trailer-transport-1.jpg\" alt=\"transport de ciment par camion-citerne\" width=\"750\" height=\"400\" title=\"\"><\/p>\n<h2>Panda Mech<\/h2>\n<p>Panda est un fabricant chinois de remorques porteuses de ciment. Nous fournissons des remorques-citernes \u00e0 ciment pour la vente. Nous pouvons les personnaliser en fonction de vos besoins.<\/p>\n<p>Panda dispose de machines de fabrication et d'\u00e9quipements d'essai de premier ordre, introduit des technologies internationales de pointe et effectue des recherches sur les fabricants de camions c\u00e9l\u00e8bres afin d'am\u00e9liorer la qualit\u00e9 de la conception. Chaque v\u00e9hicule est produit par des ouvriers comp\u00e9tents et exp\u00e9riment\u00e9s, passe 120 inspections de contr\u00f4le de qualit\u00e9 et fournit des produits parfaits au monde entier.<\/p>\n<p><a href=\"https:\/\/www.pandamech.com\/france\/contact-us\/\" target=\"_blank\" rel=\"noopener\"><img loading=\"lazy\" decoding=\"async\" class=\"alignnone\" src=\"https:\/\/pandamech.com\/wp-content\/uploads\/2021\/08\/quotation.jpg\" alt=\"devis camion porte ciment\" width=\"864\" height=\"213\" title=\"\"><\/a><\/p>","protected":false},"excerpt":{"rendered":"<p>Type : camion-citerne \u00e0 ciment de 48 tonnes \u00e0 3 essieux<\/p>\n<p>Gamme de prix : $15 900-30 500<\/p>\n<p>D\u00e9lai de livraison : 7-25 jours<\/p>\n<p>D\u00e9chargement plus rapide : &gt;1,5 tonne\/min<\/p>\n<p>Application : transport de ciment, de particules de PVC, de cendres volantes, de mat\u00e9riaux granulaires, etc.<\/p>","protected":false},"featured_media":58389,"template":"","meta":{"_acf_changed":false,"_kad_blocks_custom_css":"","_kad_blocks_head_custom_js":"","_kad_blocks_body_custom_js":"","_kad_blocks_footer_custom_js":"","_kad_post_transparent":"default","_kad_post_title":"","_kad_post_layout":"default","_kad_post_sidebar_id":"","_kad_post_content_style":"default","_kad_post_vertical_padding":"default","_kad_post_feature":"","_kad_post_feature_position":"","_kad_post_header":false,"_kad_post_footer":false,"_kad_post_classname":""},"product_brand":[],"product_cat":[101],"product_tag":[],"class_list":{"0":"post-21283","1":"product","2":"type-product","3":"status-publish","4":"has-post-thumbnail","6":"product_cat-cement-tanker","8":"first","9":"instock","10":"sold-individually","11":"shipping-taxable","12":"purchasable","13":"product-type-simple","14":"entry","15":"content-bg","16":"loop-entry"},"acf":[],"taxonomy_info":{"product_cat":[{"value":101,"label":"Cement Tanker For Sale"}]},"featured_image_src_large":["https:\/\/www.pandamech.com\/wp-content\/uploads\/2022\/10\/pto-cement-tanker-3-500x500.jpg",500,500,true],"author_info":[],"comment_info":"","_links":{"self":[{"href":"https:\/\/www.pandamech.com\/france\/wp-json\/wp\/v2\/product\/21283","targetHints":{"allow":["GET"]}}],"collection":[{"href":"https:\/\/www.pandamech.com\/france\/wp-json\/wp\/v2\/product"}],"about":[{"href":"https:\/\/www.pandamech.com\/france\/wp-json\/wp\/v2\/types\/product"}],"version-history":[{"count":1,"href":"https:\/\/www.pandamech.com\/france\/wp-json\/wp\/v2\/product\/21283\/revisions"}],"predecessor-version":[{"id":91405,"href":"https:\/\/www.pandamech.com\/france\/wp-json\/wp\/v2\/product\/21283\/revisions\/91405"}],"wp:featuredmedia":[{"embeddable":true,"href":"https:\/\/www.pandamech.com\/france\/wp-json\/wp\/v2\/media\/58389"}],"wp:attachment":[{"href":"https:\/\/www.pandamech.com\/france\/wp-json\/wp\/v2\/media?parent=21283"}],"wp:term":[{"taxonomy":"product_brand","embeddable":true,"href":"https:\/\/www.pandamech.com\/france\/wp-json\/wp\/v2\/product_brand?post=21283"},{"taxonomy":"product_cat","embeddable":true,"href":"https:\/\/www.pandamech.com\/france\/wp-json\/wp\/v2\/product_cat?post=21283"},{"taxonomy":"product_tag","embeddable":true,"href":"https:\/\/www.pandamech.com\/france\/wp-json\/wp\/v2\/product_tag?post=21283"}],"curies":[{"name":"wp","href":"https:\/\/api.w.org\/{rel}","templated":true}]}}