{"id":21282,"date":"2022-04-15T19:01:58","date_gmt":"2022-04-15T11:01:58","guid":{"rendered":"http:\/\/pandamech.com\/?post_type=product&#038;p=21282"},"modified":"2025-08-23T01:08:44","modified_gmt":"2025-08-22T17:08:44","slug":"3-4-axle-low-bed-trailers","status":"publish","type":"product","link":"https:\/\/www.pandamech.com\/france\/product\/3-4-axle-low-bed-trailers\/","title":{"rendered":"Dimensions de la remorque surbaiss\u00e9e 20-120 tonnes"},"content":{"rendered":"<h2>Signification d'une remorque surbaiss\u00e9e<\/h2>\n<p><strong>remorque surbaiss\u00e9e<\/strong> est connu sous le nom de <span style=\"color: #0000ff;\"><a style=\"color: #0000ff;\" href=\"https:\/\/www.pandamech.com\/france\/category\/low-bed-trailers\/low-boy-trailer\/\" target=\"_blank\" rel=\"noopener\">remorque surbaiss\u00e9e<\/a><\/span>, <a href=\"https:\/\/www.pandamech.com\/france\/category\/low-bed-trailers\/\" target=\"_blank\" rel=\"noopener\"><span style=\"color: #0000ff;\">remorque surbaiss\u00e9e<\/span><\/a>, Les camions sont g\u00e9n\u00e9ralement utilis\u00e9s pour transporter des machines de construction et du gros mat\u00e9riel. Ils sont g\u00e9n\u00e9ralement utilis\u00e9s pour transporter des machines de construction et du gros mat\u00e9riel. En g\u00e9n\u00e9ral, de nombreux endroits sont limit\u00e9s, en particulier sur certains ponts. Les remorques \u00e0 plateau ne pouvant \u00eatre transport\u00e9es, les gens utilisent des remorques surbaiss\u00e9es pour le transport.<\/p>\n<h2>Sp\u00e9cifications de la remorque surbaiss\u00e9e<\/h2>\n<h3>Marques de remorques surbaiss\u00e9es pour camions<\/h3>\n<p>- Panda Mech<\/p>\n<h3>Capacit\u00e9 de chargement des remorques surbaiss\u00e9es : 20-120 tonnes<\/h3>\n<p>- Semi-remorque surbaiss\u00e9e \u00e0 2 essieux capacit\u00e9 : 20-40 tonnes<\/p>\n<p>- Remorque surbaiss\u00e9e \u00e0 3 essieux capacit\u00e9 : 40-70 tonnes<\/p>\n<p>- Capacit\u00e9 de chargement de la remorque surbaiss\u00e9e \u00e0 4 essieux : 70-90 tonnes<\/p>\n<p>Toutes les capacit\u00e9s des camions surbaiss\u00e9s peuvent \u00eatre personnalis\u00e9es.<\/p>\n<h3>Dimensions de la remorque surbaiss\u00e9e<\/h3>\n<p>- Remorque surbaiss\u00e9e \u00e0 2 essieux dimensions du camion : 13000x3000x1750\/1250 mm<\/p>\n<p>- Remorque surbaiss\u00e9e \u00e0 3 essieux dimensions : 13500x3000x1700\/1250 mm<\/p>\n<p>- Remorque surbaiss\u00e9e \u00e0 3 essieux dimensions standard : 14000x3000x1750\/1250 mm<\/p>\n<p>Toutes les dimensions des remorques surbaiss\u00e9es peuvent \u00eatre personnalis\u00e9es.<\/p>\n<h3>Poids de la remorque surbaiss\u00e9e<\/h3>\n<p>- Remorque surbaiss\u00e9e \u00e0 2 essieux poids : 9-11 tonnes<\/p>\n<p>- Poids de la remorque surbaiss\u00e9e \u00e0 trois essieux : 10-11 tonnes<\/p>\n<p>- Remorque surbaiss\u00e9e \u00e0 4 essieux poids : 10-12 tonnes<\/p>\n<p>- remorque surbaiss\u00e9e 5 poids par essieu : 11-12 tonnes<\/p>\n<p>- Remorques \u00e0 plateau surbaiss\u00e9 \u00e0 8 essieux poids : 12-14 tonnes<\/p>\n<p>Tous les poids des camions surbaiss\u00e9s peuvent \u00eatre personnalis\u00e9s.<\/p>\n<h3>Largeur de la remorque surbaiss\u00e9e<\/h3>\n<p>- 3000mm, 3 m\u00e8tres, les plus utilis\u00e9s<\/p>\n<h3>longueur maximale de la remorque surbaiss\u00e9e<\/h3>\n<p>- 16000 mm<\/p>\n<h3>hauteur de la remorque surbaiss\u00e9e par rapport au sol : 850-1250 mm<\/h3>\n<p>- remorque surbaiss\u00e9e hauteur maximale : 1750 mm<\/p>\n<h3>Longueur de la semi-remorque surbaiss\u00e9e<\/h3>\n<p>- 850-1250 mm, adapt\u00e9 \u00e0 vos besoins.<\/p>\n<p>- remorque surbaiss\u00e9e hauteur maximale : 1250 mm, 1,25 m\u00e8tre<\/p>\n<h3>Remorque surbaiss\u00e9e poutre principale<\/h3>\n<p>Poutre principale \u00e9paissie : 500mm.<\/p>\n<p>Largeur de la poutre principale : 300 mm.<\/p>\n<h3>Faisceau lat\u00e9ral<\/h3>\n<p>Hauteur : 300 mm ;<\/p>\n<p>\u00c9paisseur : 10 mm.<\/p>\n<p><img fetchpriority=\"high\" decoding=\"async\" class=\"alignnone size-full wp-image-39019\" src=\"https:\/\/pandamech.com\/wp-content\/uploads\/2022\/04\/beam.jpg\" alt=\"hauteur de la poutre principale de la remorque surbaiss\u00e9e\" width=\"750\" height=\"547\" title=\"\"><\/p>\n<h3>Roues de remorque surbaiss\u00e9e<\/h3>\n<p>- deux essieux : 2\u00d74+1<\/p>\n<p>- essieu triple : 3\u00d74+1<\/p>\n<p>- essieu de farine : 4\u00d74+1<\/p>\n<p>- Remorque surbaiss\u00e9e \u00e0 6 essieux : 6\u00d74+1<\/p>\n<h3>Essieu de remorque surbaiss\u00e9e<\/h3>\n<p>- BPW, FUWA, 2-10 essieux<\/p>\n<h3>Suspension de la remorque surbaiss\u00e9e<\/h3>\n<p>- Suspension m\u00e9canique\/suspension pneumatique<\/p>\n<h3>Pneus pour remorque surbaiss\u00e9e<\/h3>\n<p>- 235\/70 R 17.5<\/p>\n<p>- 245\/70 R 17.5<\/p>\n<p>- 295\/60 R 22.5<\/p>\n<p>- 11 R 22.5<\/p>\n<p>- 12 R 22.5<\/p>\n<p>- 315\/80 R 22.5<\/p>\n<h3>Noms des pi\u00e8ces de la remorque surbaiss\u00e9e<\/h3>\n<p>- Rampes pour semi-remorque surbaiss\u00e9e, pompe hydraulique, valve pour semi-remorque surbaiss\u00e9e, booster, sabots de frein, tambours de frein, stabilisateurs, suspension, train d'atterrissage, pneus, feux,<\/p>\n<h3>Types de remorques surbaiss\u00e9es<\/h3>\n<p>- Remorques surbaiss\u00e9es \u00e0 col de cygne amovible, remorques surbaiss\u00e9es \u00e0 col de cygne, remorques surbaiss\u00e9es extensibles, remorques surbaiss\u00e9es \u00e0 col de cygne, remorques surbaiss\u00e9es \u00e0 marche, remorques surbaiss\u00e9es avec rampes hydrauliques, et remorques surbaiss\u00e9es sp\u00e9ciales (sur mesure).<\/p>\n<h2>3\/4 Axle low bed trailer images<\/h2>\n<p><img decoding=\"async\" class=\"alignnone wp-image-22218 size-full\" src=\"https:\/\/pandamech.com\/wp-content\/uploads\/2021\/08\/7-122.jpg\" alt=\"Remorques surbaiss\u00e9es \u00e0 essieu 3\/4\" width=\"800\" height=\"533\" title=\"\"><\/p>\n<p>essieux triples <span style=\"color: #0000ff;\"><a style=\"color: #0000ff;\" href=\"https:\/\/www.pandamech.com\/france\/product\/3-axle-low-bed-trailer-p00122p1-html\/\" target=\"_blank\" rel=\"noopener\">Remorque surbaiss\u00e9e de 40 pieds<\/a><\/span> \u00e0 vendre<\/p>\n<p><img decoding=\"async\" class=\"alignnone wp-image-22217 size-full\" src=\"https:\/\/pandamech.com\/wp-content\/uploads\/2021\/08\/7-121.jpg\" alt=\"Remorques surbaiss\u00e9es \u00e0 essieu 3\/4\" width=\"800\" height=\"533\" title=\"\"><\/p>\n<p>Remorque surbaiss\u00e9e 4 axes \u00e0 vendre<\/p>\n<p><strong>Plus de type : <\/strong><\/p>\n<p><span style=\"color: #0000ff;\"><a style=\"color: #0000ff;\" href=\"https:\/\/www.pandamech.com\/france\/product\/2-axle-low-bed-trailer\/\" target=\"_blank\" rel=\"noopener\">Remorques surbaiss\u00e9es \u00e0 2 essieux \u00e0 vendre<\/a><\/span><\/p>\n<p><span style=\"color: #0000ff;\"><a style=\"color: #0000ff;\" href=\"https:\/\/www.pandamech.com\/france\/product\/10-axle-lowboy-trailer\/\" target=\"_blank\" rel=\"noopener\">Semi-remorque surbaiss\u00e9e de 150 tonnes \u00e0 10 essieux<\/a><\/span><\/p>\n<h2>Fabricants de remorques surbaiss\u00e9es<\/h2>\n<p>Panda Mech est un fabricant chinois de semi-remorques surbaiss\u00e9es. Nous avons une grande exp\u00e9rience dans la fabrication de semi-remorques. Nous proposons une vari\u00e9t\u00e9 de remorques surbaiss\u00e9es \u00e0 la vente. Nous pouvons les personnaliser en fonction de vos besoins. Nous avons r\u00e9ussi en Afrique, en Am\u00e9rique du Sud et en Asie du Sud-Est, comme en Tanzanie, au Nigeria, au Kenya...<\/p>\n<p>Nous fournissons des remorques 20 tonnes 50 tonnes 60 tonnes 100 tonnes, 200 tonnes, 2 essieux 3 essieux 4 essieux surbaiss\u00e9es \u00e0 vendre.<\/p>\n<h2>remorque surbaiss\u00e9e \u00e0 vendre<\/h2>\n<p>Semi-remorques surbaiss\u00e9es \u00e0 2 essieux co\u00fbt : $13,800-17,800<\/p>\n<p>Camion 3 essieux avec remorque surbaiss\u00e9e \u00e0 vendre : $15,800-19,800<\/p>\n<p>Remorque de camion surbaiss\u00e9e \u00e0 4 essieux charges : $18,800-22,800<\/p>\n<p>Remorque surbaiss\u00e9e 5-10 essieux Prix : Contactez-nous pour un devis.<\/p>\n<p>Remorque surbaiss\u00e9e d\u00e9tachable pour camion : $21 000-45 000<\/p>\n<p>remorque surbaiss\u00e9e \u00e0 col de cygne \u00e0 vendre : Contactez-nous pour un devis.<\/p>\n<p>Remorque sp\u00e9ciale surbaiss\u00e9e \u00e0 vendre :\u00a0<a href=\"\/france\/contact-us\/\">Contactez nous<\/a> pour un devis.<\/p>\n<p><a href=\"\/france\/contact-us\/\"><img loading=\"lazy\" decoding=\"async\" src=\"\/wp-content\/uploads\/u_file\/db8ce19fe3.jpg\" alt=\"remorque surbaiss\u00e9e pour camion \u00e0 vendre\" width=\"864\" height=\"213\" title=\"\"><\/a><\/p>\n<p>En rapport : <span style=\"color: #0000ff;\"><a style=\"color: #0000ff;\" href=\"https:\/\/www.pandamech.com\/france\/category\/low-bed-trailers\/detachable-gooseneck-trailer\/\" target=\"_blank\" rel=\"noopener\">Remorque surbaiss\u00e9e d\u00e9tachable \u00e0 col de cygne \u00e0 vendre<\/a><\/span><\/p>\n<p>&nbsp;<\/p>\n<p>Autre :<\/p>\n<h2>Quelle est la hauteur d'une remorque surbaiss\u00e9e ?<\/h2>\n<p>La hauteur de la remorque surbaiss\u00e9e est de 800 mm.<\/p>\n<h2>Quelle est la hauteur du sol d'une remorque \u00e0 plate-forme surbaiss\u00e9e ?<\/h2>\n<p>La remorque surbaiss\u00e9e a un fond de 750 \u00e0 1250 mm.<\/p>\n<h2>Quelle est la taille d'une remorque \u00e0 plateau surbaiss\u00e9 ?<\/h2>\n<p>La taille de la remorque \u00e0 plateau surbaiss\u00e9 est de 750 \u00e0 1250 mm.<\/p>\n<h2>chargement d'une remorque surbaiss\u00e9e<\/h2>\n<p>En g\u00e9n\u00e9ral, le camion \u00e0 plate-forme surbaiss\u00e9e est charg\u00e9 par l'arri\u00e8re. La principale diff\u00e9rence entre le camion surbaiss\u00e9 \u00e0 col de cygne mobile et le camion surbaiss\u00e9 ordinaire est que le camion surbaiss\u00e9 \u00e0 col de cygne mobile charge l'\u00e9quipement ou la cargaison par l'avant.<\/p>\n<p>Id\u00e9alement, le camion surbaiss\u00e9 \u00e0 col de cygne mobile est complexe, mais les \u00e9quipements\/marchandises du camion sont faciles \u00e0 conduire. L'\u00e9quipement est plus s\u00fbr et plus stable pendant le chargement, le transport et le d\u00e9chargement.<\/p>\n<h2>Diff\u00e9rents types de remorques surbaiss\u00e9es<\/h2>\n<p><strong>Col de cygne amovible : Remorque RGN<\/strong><\/p>\n<p>Le col de cygne amovible est \u00e9galement appel\u00e9 remorque \u00e0 col de cygne \u00e0 taille basse. Le cadre g\u00e9n\u00e9ral est \u00e9tag\u00e9 et la partie porteuse est situ\u00e9e derri\u00e8re le col de cygne, ce qui r\u00e9duit le plan principal de la plate-forme de chargement, facilitant ainsi le transport, le chargement et le d\u00e9chargement de la cargaison.<\/p>\n<p><img loading=\"lazy\" decoding=\"async\" class=\"alignnone wp-image-31794 size-full\" src=\"https:\/\/pandamech.com\/wp-content\/uploads\/2022\/04\/hydraulic-detachable-gooseneck-lowboy-trailer1.jpg\" alt=\"remorque hydraulique d\u00e9tachable \u00e0 col de cygne surbaiss\u00e9\" width=\"800\" height=\"533\" title=\"\"><\/p>\n<p>Le col de cygne d\u00e9tachable peut emp\u00eacher la remorque de se renverser lors du transport d'\u00e9quipements lourds, assurant ainsi la s\u00e9curit\u00e9 du v\u00e9hicule et du conducteur dans une certaine mesure.<\/p>\n<p>Le col de cygne amovible est une semi-remorque surbaiss\u00e9e tr\u00e8s r\u00e9pandue. Le RGN hydraulique est une remorque surbaiss\u00e9e plus couramment utilis\u00e9e. En g\u00e9n\u00e9ral, la remorque utilise des cylindres hydrauliques pour contr\u00f4ler le col de cygne.<\/p>\n<p><strong>Remorque surbaiss\u00e9e ordinaire<\/strong><\/p>\n<p>La remorque surbaiss\u00e9e est utilis\u00e9e pour transporter des marchandises lourdes ordinaires. Par rapport \u00e0 la remorque \u00e0 plateau, elle a une plate-forme de chargement plus basse, mais sa hauteur de transport est relativement basse par rapport \u00e0 d'autres types de remorques surbaiss\u00e9es.<\/p>\n<p>En g\u00e9n\u00e9ral, une remorque surbaiss\u00e9e standard \u00e0 deux essieux peut transporter jusqu'\u00e0 40 000 livres de marchandises, mais il est possible d'augmenter la capacit\u00e9 de charge en ajoutant des essieux. La capacit\u00e9 de charge de la remorque surbaiss\u00e9e d\u00e9pend du mod\u00e8le de la remorque.<\/p>\n<p><img loading=\"lazy\" decoding=\"async\" class=\"alignnone size-full wp-image-22219\" src=\"https:\/\/pandamech.com\/wp-content\/uploads\/2021\/08\/8-lowbed-trailer.jpg\" alt=\"20 200 tonnes de camions surbaiss\u00e9s \u00e0 vendre\" width=\"800\" height=\"533\" title=\"\"><\/p>\n<p>Bien entendu, il est recommand\u00e9 de contacter l'entreprise avant d'acheter. Le directeur indique que certaines usines peuvent produire des camions \u00e0 plateau surbaiss\u00e9 plus r\u00e9sistants et plus r\u00e9sistants \u00e0 la charge. Vous pouvez les personnaliser en fonction des marchandises que vous devez transporter.<\/p>\n<p><strong>Remorque surbaiss\u00e9e de type poutre concave ;<\/strong><\/p>\n<p>Ce type de remorque surbaiss\u00e9e est g\u00e9n\u00e9ralement utilis\u00e9 pour transporter des \u00e9quipements de grande taille et des \u00e9quipements tr\u00e8s hauts, et son plan d'appui est peu profond.<\/p>\n<p><strong>Transport de marchandises surdimensionn\u00e9es remorque surbaiss\u00e9e<\/strong><\/p>\n<p>Ce type de remorque est principalement utilis\u00e9 pour transporter des marchandises longues, des pales d'\u00e9oliennes et d'autres marchandises.<\/p>\n<p>Si vous rencontrez des probl\u00e8mes techniques en mati\u00e8re de r\u00e9paration et d'entretien, envoyez un courrier \u00e9lectronique \u00e0 l'adresse suivante <u><a href=\"mailto:sales@pandamech.com\">sales@pandamech.com<\/a><\/u>, Nous vous r\u00e9pondrons dans les plus brefs d\u00e9lais afin de r\u00e9soudre le probl\u00e8me d\u00e8s que nous l'aurons re\u00e7u.<\/p>\n<p>Si vous souhaitez recevoir un devis, veuillez cliquer ci-dessous pour nous contacter.<\/p>\n<p><a href=\"\/france\/contact-us\/\"><img loading=\"lazy\" decoding=\"async\" src=\"\/wp-content\/uploads\/u_file\/db8ce19fe3.jpg\" alt=\"Remorque surbaiss\u00e9e \u00e0 4 essieux \u00e0 vendre\" width=\"864\" height=\"213\" title=\"\"><\/a><\/p>","protected":false},"excerpt":{"rendered":"<p>Type : Remorque surbaiss\u00e9e 3\/4 essieux 50\/70 tonnes<\/p>\n<p>Gamme de prix : $16 500-26 500<\/p>\n<p>Livraison : 7-28 jours<\/p>\n<p>Dimensions : sur mesure<\/p>\n<p>Application : pour transporter une pelleteuse, une chargeuse sur pneus ou d'autres machines.<\/p>","protected":false},"featured_media":58709,"template":"","meta":{"_acf_changed":false,"_kad_blocks_custom_css":"","_kad_blocks_head_custom_js":"","_kad_blocks_body_custom_js":"","_kad_blocks_footer_custom_js":"","_kad_post_transparent":"default","_kad_post_title":"","_kad_post_layout":"default","_kad_post_sidebar_id":"","_kad_post_content_style":"default","_kad_post_vertical_padding":"default","_kad_post_feature":"","_kad_post_feature_position":"","_kad_post_header":false,"_kad_post_footer":false,"_kad_post_classname":""},"product_brand":[],"product_cat":[112],"product_tag":[],"class_list":{"0":"post-21282","1":"product","2":"type-product","3":"status-publish","4":"has-post-thumbnail","6":"product_cat-low-boy-trailer","8":"first","9":"instock","10":"sold-individually","11":"shipping-taxable","12":"purchasable","13":"product-type-simple","14":"entry","15":"content-bg","16":"loop-entry"},"acf":[],"taxonomy_info":{"product_cat":[{"value":112,"label":"Low Boy Trailer"}]},"featured_image_src_large":["https:\/\/www.pandamech.com\/wp-content\/uploads\/2022\/08\/3-5-500x500.jpg",500,500,true],"author_info":[],"comment_info":"","_links":{"self":[{"href":"https:\/\/www.pandamech.com\/france\/wp-json\/wp\/v2\/product\/21282","targetHints":{"allow":["GET"]}}],"collection":[{"href":"https:\/\/www.pandamech.com\/france\/wp-json\/wp\/v2\/product"}],"about":[{"href":"https:\/\/www.pandamech.com\/france\/wp-json\/wp\/v2\/types\/product"}],"version-history":[{"count":1,"href":"https:\/\/www.pandamech.com\/france\/wp-json\/wp\/v2\/product\/21282\/revisions"}],"predecessor-version":[{"id":91445,"href":"https:\/\/www.pandamech.com\/france\/wp-json\/wp\/v2\/product\/21282\/revisions\/91445"}],"wp:featuredmedia":[{"embeddable":true,"href":"https:\/\/www.pandamech.com\/france\/wp-json\/wp\/v2\/media\/58709"}],"wp:attachment":[{"href":"https:\/\/www.pandamech.com\/france\/wp-json\/wp\/v2\/media?parent=21282"}],"wp:term":[{"taxonomy":"product_brand","embeddable":true,"href":"https:\/\/www.pandamech.com\/france\/wp-json\/wp\/v2\/product_brand?post=21282"},{"taxonomy":"product_cat","embeddable":true,"href":"https:\/\/www.pandamech.com\/france\/wp-json\/wp\/v2\/product_cat?post=21282"},{"taxonomy":"product_tag","embeddable":true,"href":"https:\/\/www.pandamech.com\/france\/wp-json\/wp\/v2\/product_tag?post=21282"}],"curies":[{"name":"wp","href":"https:\/\/api.w.org\/{rel}","templated":true}]}}