{"id":21280,"date":"2022-04-16T19:01:58","date_gmt":"2022-04-16T11:01:58","guid":{"rendered":"http:\/\/pandamech.com\/?post_type=product&#038;p=21280"},"modified":"2025-08-23T01:08:44","modified_gmt":"2025-08-22T17:08:44","slug":"3-axle-fence-semi-trailer","status":"publish","type":"product","link":"https:\/\/www.pandamech.com\/france\/product\/3-axle-fence-semi-trailer\/","title":{"rendered":"Semi-remorque \u00e0 3 essieux avec barri\u00e8re de chargement"},"content":{"rendered":"<p>Une semi-remorque de cl\u00f4ture est principalement utilis\u00e9e dans les syst\u00e8mes logistiques soutenant les navires, les ports, les routes, les autoroutes, les stations de transfert, les ponts, les tunnels et le transport multimodal.<\/p>\n<h2>Caract\u00e9ristiques de la remorque cargo \u00e0 3 essieux<\/h2>\n<ul>\n<li>1. La carrosserie de la remorque cargo Fence est faite d'acier de haute qualit\u00e9, d'une technologie avanc\u00e9e, d'un processus de production strict, d'une performance fiable et d'une structure raisonnable.<\/li>\n<li>2. Structure en croix, la poutre longitudinale peut g\u00e9n\u00e9ralement \u00eatre droite ou en col de cygne.<\/li>\n<li>3. La suspension adopte une plaque d'acier non verticale press\u00e9e rigide, compos\u00e9e de ressorts \u00e0 lames en tandem et de roulements de suspension, avec une structure raisonnable, une rigidit\u00e9 et une r\u00e9sistance \u00e9lev\u00e9es, utilis\u00e9e pour supporter la charge afin d'att\u00e9nuer l'impact.<\/li>\n<\/ul>\n<h2>Sp\u00e9cification de la semi-remorque de cl\u00f4ture \u00e0 3 essieux<\/h2>\n<table style=\"width: 800px;\" border=\"1\" cellspacing=\"1\" cellpadding=\"1\">\n<tbody>\n<tr>\n<td width=\"155\" height=\"36\">\u00a0Fabricant<\/td>\n<td width=\"636\">\u00a0Panda Mech cargo fence semi-remorque<\/td>\n<\/tr>\n<tr>\n<td height=\"36\">\u00a0Charge utile<\/td>\n<td>\u00a040 000 kg<\/td>\n<\/tr>\n<tr>\n<td height=\"36\">\u00a0Poids de tare<\/td>\n<td>\u00a073,00kg<\/td>\n<\/tr>\n<tr>\n<td height=\"36\">\u00a0Dimension<\/td>\n<td>\u00a013000x2500x1550mm+(avec cl\u00f4ture amovible 2200mm)<\/td>\n<\/tr>\n<tr>\n<td height=\"36\">\u00a0Empattement<\/td>\n<td>\u00a01310mm<\/td>\n<\/tr>\n<tr>\n<td height=\"36\">\u00a0Poutre principale<\/td>\n<td>\u00a0Hauteur de la poutre 500 mm, plaque sup\u00e9rieure 14 mm, plaque inf\u00e9rieure double 8 mm, plaque centrale 16 mm, en acier Q345.<\/td>\n<\/tr>\n<tr>\n<td height=\"36\">\u00a0Poutre transversale\/lat\u00e9rale<\/td>\n<td>\u00a0Q235, acier pour profil\u00e9s<\/td>\n<\/tr>\n<tr>\n<td height=\"36\">\u00a0Plancher<\/td>\n<td>\u00a0Plaque d'acier diamant\u00e9e de 3 mm<\/td>\n<\/tr>\n<tr>\n<td height=\"36\">\u00a0Peinture<\/td>\n<td>\u00a0Sablage complet du ch\u00e2ssis pour \u00e9liminer la rouille, couche d'appr\u00eat anticorrosion, deux couches de peinture finale.<\/td>\n<\/tr>\n<tr>\n<td height=\"36\">\u00a0Bo\u00eete \u00e0 outils<\/td>\n<td>\u00a01piecs<\/td>\n<\/tr>\n<tr>\n<td height=\"36\">\u00a0Soudage<\/td>\n<td>\u00a0Les poutres longues sont soud\u00e9es \u00e0 l'arc CO2 par p\u00e9n\u00e9tration 80% sur le c\u00f4t\u00e9 ext\u00e9rieur et le cordon.<\/td>\n<\/tr>\n<tr>\n<td height=\"36\">\u00a0Essieu<\/td>\n<td>\u00a03x13ton FUWA Axle<\/td>\n<\/tr>\n<tr>\n<td height=\"36\">\u00a0Suspension<\/td>\n<td>\u00a0Suspension m\u00e9canique<\/td>\n<\/tr>\n<tr>\n<td height=\"36\">\u00a0Ressort \u00e0 lames<\/td>\n<td>\u00a090(L)mm*13(\u00e9paisseur)mm*10Couches<\/td>\n<\/tr>\n<tr>\n<td height=\"36\">\u00a0Pneumatique<\/td>\n<td>\u00a012R22.5 ,13pcs,Pneu triangle<\/td>\n<\/tr>\n<tr>\n<td height=\"36\">\u00a0Jante<\/td>\n<td>\u00a09.0-22.5<\/td>\n<\/tr>\n<tr>\n<td height=\"36\">\u00a0Kingpin<\/td>\n<td>\u00a0JOST King Pin type bolt-in 50mm<\/td>\n<\/tr>\n<tr>\n<td height=\"36\">\u00a0Train d'atterrissage<\/td>\n<td>\u00a0Double vitesse, 28 tonnes externes,<\/td>\n<\/tr>\n<tr>\n<td height=\"36\">\u00a0Syst\u00e8me de freinage<\/td>\n<td>\u00a0Valve WABCO Syst\u00e8me de freinage \u00e0 double ligne<\/td>\n<\/tr>\n<tr>\n<td height=\"36\">\u00a0Syst\u00e8me \u00e9lectrique<\/td>\n<td>\u00a01 voltage 24v 2 R\u00e9ceptacle:7ways(7wire harness),Feu arri\u00e8re avec clignotant, feu de freinage&amp;r\u00e9flecteurs, feu lat\u00e9ral etc. Un jeu de c\u00e2ble standard \u00e0 6 fils.<\/td>\n<\/tr>\n<\/tbody>\n<\/table>\n<p style=\"text-align: center;\"><a class=\"product_button\" href=\"#elementor-action%3Aaction%3Dpopup%3Aopen%26settings%3DeyJpZCI6Ijk5MDciLCJ0b2dnbGUiOmZhbHNlfQ%3D%3D\">Obtenir un devis imm\u00e9diat<\/a><\/p>\n<h2>Application pour semi-remorque de cl\u00f4ture \u00e0 3 essieux<\/h2>\n<p>Une semi-remorque de cl\u00f4ture est g\u00e9n\u00e9ralement utilis\u00e9e pour transporter des marchandises en vrac. Elle est principalement utilis\u00e9e pour le transport sur de longues distances. En g\u00e9n\u00e9ral, la semi-remorque \u00e0 plate-forme peut transporter de 30 \u00e0 80 tonnes.<br \/>\nS'il s'agit d'une grande quantit\u00e9 de transport ou de besoins diff\u00e9rents, nous pouvons la personnaliser, ou la remorque plate-forme certains v\u00e9hicules d\u00e9form\u00e9s.<\/p>\n<h2>Semi-remorques \u00e0 plateau 3 essieux images<\/h2>\n<p><img fetchpriority=\"high\" decoding=\"async\" class=\"alignnone size-full wp-image-22106\" src=\"https:\/\/pandamech.com\/wp-content\/uploads\/2021\/08\/fence-semi-trailer.jpg\" alt=\"Semi-remorque \u00e0 3 essieux\" width=\"800\" height=\"533\" title=\"\"><\/p>\n<p>En rapport : <a href=\"https:\/\/www.pandamech.com\/product\/removable-sidewall-trailer\/\" target=\"_blank\" rel=\"noopener\"><span style=\"color: #0000ff;\">remorque \u00e0 parois lat\u00e9rales amovibles<\/span><\/a>, <a href=\"https:\/\/www.pandamech.com\/france\/product\/3-axle-40ft-dropside-flatbed-trailers\/\" target=\"_blank\" rel=\"noopener\"><span style=\"color: #0000ff;\">Remorque de 40 pieds \u00e0 ridelles<\/span><\/a><\/p>\n<p style=\"text-align: center;\"><a class=\"product_button\" href=\"#elementor-action%3Aaction%3Dpopup%3Aopen%26settings%3DeyJpZCI6Ijk5MDciLCJ0b2dnbGUiOmZhbHNlfQ%3D%3D\">Obtenir un devis imm\u00e9diat<\/a><\/p>\n<h2>Semi-remorques Fence \u00e0 3 essieux \u00e0 vendre<\/h2>\n<p>Nous sommes un fabricant chinois de semi-remorques de cl\u00f4ture. Nous fournissons des semi-remorques de cl\u00f4ture \u00e0 3 essieux pour la vente. Nous pouvons personnaliser selon vos besoins. Les fabricants de Panda Mech ont connu le succ\u00e8s en Asie du Sud-Est, au Moyen-Orient, en Afrique et en Am\u00e9rique du Sud, tels que les Philippines, la Tanzanie, etc...<u><\/u><\/p>\n<p><a href=\"\/france\/contact-us\/\" rel=\"nofollow\"><img decoding=\"async\" src=\"https:\/\/pandamech.com\/wp-content\/uploads\/u_file\/db8ce19fe3.jpg\" alt=\"Semi-remorque de cl\u00f4ture \u00e0 vendre\" title=\"\"><\/a><\/p>","protected":false},"excerpt":{"rendered":"<p>Type : semi-remorque de cl\u00f4ture<\/p>\n<p>Gamme de prix : $9900-22,900<\/p>\n<p>Livraison : 7-25 jours<\/p>\n<p>Poids de la charge : 20-60 tonnes<\/p>\n<p>Application : Transport de marchandises en vrac, de ciment en sac<\/p>","protected":false},"featured_media":57779,"template":"","meta":{"_acf_changed":false,"_kad_blocks_custom_css":"","_kad_blocks_head_custom_js":"","_kad_blocks_body_custom_js":"","_kad_blocks_footer_custom_js":"","_kad_post_transparent":"default","_kad_post_title":"","_kad_post_layout":"default","_kad_post_sidebar_id":"","_kad_post_content_style":"default","_kad_post_vertical_padding":"default","_kad_post_feature":"","_kad_post_feature_position":"","_kad_post_header":false,"_kad_post_footer":false,"_kad_post_classname":""},"product_brand":[],"product_cat":[75],"product_tag":[],"class_list":{"0":"post-21280","1":"product","2":"type-product","3":"status-publish","4":"has-post-thumbnail","6":"product_cat-side-wall-trailer","8":"first","9":"instock","10":"sold-individually","11":"shipping-taxable","12":"purchasable","13":"product-type-simple","14":"entry","15":"content-bg","16":"loop-entry"},"acf":[],"taxonomy_info":{"product_cat":[{"value":75,"label":"Drop Side Trailer"}]},"featured_image_src_large":["https:\/\/www.pandamech.com\/wp-content\/uploads\/2022\/08\/2-82-500x500.jpg",500,500,true],"author_info":[],"comment_info":"","_links":{"self":[{"href":"https:\/\/www.pandamech.com\/france\/wp-json\/wp\/v2\/product\/21280","targetHints":{"allow":["GET"]}}],"collection":[{"href":"https:\/\/www.pandamech.com\/france\/wp-json\/wp\/v2\/product"}],"about":[{"href":"https:\/\/www.pandamech.com\/france\/wp-json\/wp\/v2\/types\/product"}],"version-history":[{"count":1,"href":"https:\/\/www.pandamech.com\/france\/wp-json\/wp\/v2\/product\/21280\/revisions"}],"predecessor-version":[{"id":91443,"href":"https:\/\/www.pandamech.com\/france\/wp-json\/wp\/v2\/product\/21280\/revisions\/91443"}],"wp:featuredmedia":[{"embeddable":true,"href":"https:\/\/www.pandamech.com\/france\/wp-json\/wp\/v2\/media\/57779"}],"wp:attachment":[{"href":"https:\/\/www.pandamech.com\/france\/wp-json\/wp\/v2\/media?parent=21280"}],"wp:term":[{"taxonomy":"product_brand","embeddable":true,"href":"https:\/\/www.pandamech.com\/france\/wp-json\/wp\/v2\/product_brand?post=21280"},{"taxonomy":"product_cat","embeddable":true,"href":"https:\/\/www.pandamech.com\/france\/wp-json\/wp\/v2\/product_cat?post=21280"},{"taxonomy":"product_tag","embeddable":true,"href":"https:\/\/www.pandamech.com\/france\/wp-json\/wp\/v2\/product_tag?post=21280"}],"curies":[{"name":"wp","href":"https:\/\/api.w.org\/{rel}","templated":true}]}}