{"id":21277,"date":"2022-04-18T19:01:58","date_gmt":"2022-04-18T11:01:58","guid":{"rendered":"http:\/\/pandamech.com\/?post_type=product&#038;p=21277"},"modified":"2025-08-23T01:08:44","modified_gmt":"2025-08-22T17:08:44","slug":"2-axle-30-ton-bulk-cement-tanker-trailer","status":"publish","type":"product","link":"https:\/\/www.pandamech.com\/france\/product\/2-axle-30-ton-bulk-cement-tanker-trailer\/","title":{"rendered":"Remorque \u00e0 2 essieux pour camion \u00e0 ciment de 30 tonnes"},"content":{"rendered":"<p>Les camions de ciment sont \u00e9galement connus sous le nom de camions-citernes, remorques de ciment, camions de poudre de ciment et vraquiers de ciment. <a href=\"https:\/\/www.pandamech.com\/france\/category\/pneumatic-trailer\/cement-tanker\/\" target=\"_blank\" rel=\"noopener\"><span style=\"color: #0000ff;\">Citernes \u00e0 ciment PANDA<\/span><\/a> sont utilis\u00e9s pour le transport de ciment sec en vrac, de chaux en poudre, de sable et d'autres mat\u00e9riaux pulv\u00e9rulents en vrac d'un diam\u00e8tre \u2264 0,1 mm. L'invention du camion de transport de poudre de ciment a constitu\u00e9 une avanc\u00e9e significative dans l'industrie du transport.<\/p>\n<p>B\u00e9tonni\u00e8re de 25 \u00e0 27 m\u00e8tres cubes, capacit\u00e9 de 35 tonnes.<\/p>\n<h2>Caract\u00e9ristiques de la remorque-citerne \u00e0 ciment de 30 tonnes<\/h2>\n<ul>\n<li>1. Meilleur acier brut : Le corps du r\u00e9servoir et la construction sont en acier \u00e0 haute r\u00e9sistance YP \u2265 620, ce qui garantit une dur\u00e9e de vie plus longue et un poids \u00e0 vide plus l\u00e9ger.<\/li>\n<li>2. Excellentes performances, la conception unique assure un taux de d\u00e9chargement de 1,3 t\/min, une distance de d\u00e9chargement verticale de 30 m.<\/li>\n<li>3. Qualit\u00e9 de la soudure :  Un bon acier avec des soudures de qualit\u00e9 permet une garantie plus longue pour 30 tonnes. <span style=\"color: #0000ff;\"><a style=\"color: #0000ff;\" href=\"https:\/\/www.pandamech.com\/france\/product\/48-ton-cement-tanker-p00103p1-html\/\" target=\"_blank\" rel=\"noopener\">camion-citerne \u00e0 ciment<\/a><\/span>.<\/li>\n<li>4. Peinture durable : l'ensemble du v\u00e9hicule est nettoy\u00e9 par grenaillage pour \u00eatre peint, deux fois l'appr\u00eat permettent de prolonger la dur\u00e9e de vie de la peinture.<\/li>\n<li>5. Conception d'un camion de transport de ciment : dessin en 3D avec Ansys et Hypermesh Analyser la conception raisonnable du support.<\/li>\n<\/ul>\n<p style=\"text-align: center;\"><a class=\"product_button\" href=\"#elementor-action%3Aaction%3Dpopup%3Aopen%26settings%3DeyJpZCI6Ijk5MDciLCJ0b2dnbGUiOmZhbHNlfQ%3D%3D\">Cliquez pour plus de d\u00e9tails<\/a><\/p>\n<h2>Vid\u00e9o de la remorque-citerne \u00e0 ciment de 30 tonnes<\/h2>\n<p><iframe title=\"Lecteur vid\u00e9o YouTube\" src=\"https:\/\/www.youtube.com\/embed\/BTWUTGFj4aA\" width=\"800\" height=\"533\" frameborder=\"0\" allowfullscreen=\"allowfullscreen\"><span data-mce-type=\"bookmark\" style=\"display: inline-block; width: 0px; overflow: hidden; line-height: 0;\" class=\"mce_SELRES_start\"><\/span><\/iframe><\/p>\n<h2>Sp\u00e9cification de la remorque-citerne \u00e0 ciment de 30 tonnes<\/h2>\n<table style=\"width: 800px;\" border=\"1\" cellspacing=\"1\" cellpadding=\"1\">\n<tbody>\n<tr>\n<td width=\"221\" height=\"40\">Marque<\/td>\n<td width=\"515\">PANDA Mech 30 tonnes camion-citerne \u00e0 ciment remorque<\/td>\n<\/tr>\n<tr>\n<td width=\"221\" height=\"40\">Capacit\u00e9 des citernes de ciment en vrac<\/td>\n<td width=\"515\">25cbm\/m3, 30 tonnes<\/td>\n<\/tr>\n<tr>\n<td width=\"221\" height=\"40\">Moteur<\/td>\n<td width=\"515\">WeiCai Deutz diesel moto<\/td>\n<\/tr>\n<tr>\n<td width=\"221\" height=\"40\">Compresseur<\/td>\n<td width=\"515\">SK 12m3<\/td>\n<\/tr>\n<tr>\n<td width=\"221\" height=\"40\">Couvercle de trou d'homme<\/td>\n<td width=\"515\">2 \u00e0 4 ensembles de 300 mm de diam\u00e8tre<\/td>\n<\/tr>\n<tr>\n<td width=\"221\" height=\"40\">Soupape de d\u00e9charge<\/td>\n<td width=\"515\">Valve \u00e0 disque de 4\u2033 (4\u2033 disc valve)<\/td>\n<\/tr>\n<tr>\n<td width=\"221\" height=\"40\">Mat\u00e9riau du r\u00e9servoir<\/td>\n<td width=\"515\">Acier \u00e0 haute r\u00e9sistance de 5 ou 6 mm<\/td>\n<\/tr>\n<tr>\n<td width=\"221\" height=\"40\">Structure<\/td>\n<td width=\"515\">Q330 acier \u00e0 haute teneur en carbone<\/td>\n<\/tr>\n<tr>\n<td width=\"221\" height=\"40\">Train d'atterrissage<\/td>\n<td width=\"515\">JOST 28T<\/td>\n<\/tr>\n<tr>\n<td width=\"221\" height=\"40\">Suspension<\/td>\n<td width=\"515\">Suspension m\u00e9canique ou suspension pneumatique<\/td>\n<\/tr>\n<tr>\n<td width=\"221\" height=\"40\">Essieu de remorque pour vrac<\/td>\n<td width=\"515\">1 \u00e0 4 ensembles, essieux de 13, 16 et 20 tonnes, BPW ou SAF<\/td>\n<\/tr>\n<tr>\n<td width=\"221\" height=\"40\">Pneu<\/td>\n<td width=\"515\">12R22.5, 385\/65R22.5, 13R22.5, 12.00R24, 315\/80R22.5<\/td>\n<\/tr>\n<\/tbody>\n<\/table>\n<p style=\"text-align: center;\"><a class=\"product_button\" href=\"#elementor-action%3Aaction%3Dpopup%3Aopen%26settings%3DeyJpZCI6Ijk5MDciLCJ0b2dnbGUiOmZhbHNlfQ%3D%3D\">Cliquez pour plus de d\u00e9tails<\/a><\/p>\n<h2>30 Ton cement tanker trailer images<\/h2>\n<p><img fetchpriority=\"high\" decoding=\"async\" class=\"alignnone wp-image-33045 size-full\" src=\"https:\/\/pandamech.com\/wp-content\/uploads\/2022\/08\/3-3.jpg\" alt=\"Remorque de camion de ciment de 30 tonnes \u00e0 2 essieux\" width=\"800\" height=\"800\" title=\"\"><\/p>\n<p>25cbm 30 tonnes dry bulk cement carrier trailer<\/p>\n<p>En rapport : <span style=\"color: #0000ff;\"><a style=\"color: #0000ff;\" href=\"https:\/\/www.pandamech.com\/france\/product\/50-ton-cement-bulk-trailer-for-sale\/\" target=\"_blank\" rel=\"noopener\">Citerne \u00e0 ciment de 50 tonnes<\/a><\/span>, <span style=\"color: #0000ff;\"><a style=\"color: #0000ff;\" href=\"https:\/\/www.pandamech.com\/france\/product\/40-ton-cement-tanker-trailer-for-sale\/\" target=\"_blank\" rel=\"noopener\">Remorque \u00e0 ciment de 40 tonnes<\/a><\/span><\/p>\n<p style=\"text-align: center;\"><a class=\"product_button\" href=\"#elementor-action%3Aaction%3Dpopup%3Aopen%26settings%3DeyJpZCI6Ijk5MDciLCJ0b2dnbGUiOmZhbHNlfQ%3D%3D\">Obtenir un devis imm\u00e9diat<\/a><\/p>\n<h2>Transport maritime d'une remorque-citerne \u00e0 ciment<\/h2>\n<p>Nous commandons le Freightliner \u00e0 l'avance, avant que la production ne soit achev\u00e9e, et proc\u00e9dons \u00e0 une inspection une fois la production achev\u00e9e. La remorque-citerne \u00e0 chaux inspect\u00e9e vous sera exp\u00e9di\u00e9e selon le dernier d\u00e9lai d'exp\u00e9dition.<\/p>\n<p>Afin d'\u00e9viter que la peinture de la remorque du camion de transport de ciment de 25cbm ne soit corrod\u00e9e par l'eau de mer, nous pulv\u00e9riserons une couche de cire sur la surface de la remorque du camion de transport de ciment de 25m3 avant le transport.<\/p>\n<p>Nous envelopperons tous les moteurs diesel des v\u00e9hicules de transport de ciment de 25 m3 avec des toiles de pluie.<\/p>\n<p><img decoding=\"async\" class=\"alignnone size-full wp-image-33094\" src=\"https:\/\/pandamech.com\/wp-content\/uploads\/2022\/10\/cement-trailer-transport-1.jpg\" alt=\"transport de ciment par camion-citerne\" width=\"750\" height=\"400\" title=\"\"><\/p>\n<h2>Panda Mech<\/h2>\n<p>Panda Mech est un fabricant de remorque-citerne \u00e0 ciment 25cbm 30 tonnes en Chine. Nous fournissons un camion-citerne \u00e0 ciment de 25m3 30 tonnes \u00e0 vendre. Les fabricants de Panda Mech ont connu le succ\u00e8s en Asie du Sud-Est, au Moyen-Orient, en Afrique et en Am\u00e9rique du Sud, tels que les Philippines, la Tanzanie, etc...<\/p>\n<p><a href=\"https:\/\/www.pandamech.com\/france\/contact-us\/\" target=\"_blank\" rel=\"noopener\"><img decoding=\"async\" class=\"alignnone\" src=\"https:\/\/pandamech.com\/wp-content\/uploads\/2021\/08\/quotation.jpg\" alt=\"Devis d&#039;un camion-citerne \u00e0 ciment de 25m3 et 30 tonnes\" width=\"864\" height=\"213\" title=\"\"><\/a><\/p>","protected":false},"excerpt":{"rendered":"<p>Type : 2 essieux, 30 tonnes de ciment en vrac<\/p>\n<p>Gamme de prix : $14 900-30 500<\/p>\n<p>D\u00e9lai de livraison : 7-25 jours<\/p>\n<p>D\u00e9chargement plus rapide : &gt;1,5 tonne\/min<\/p>\n<p>Application : transport de ciment, de particules de PVC, de cendres volantes, de mat\u00e9riaux granulaires, etc.<\/p>","protected":false},"featured_media":57809,"template":"","meta":{"_acf_changed":false,"_kad_blocks_custom_css":"","_kad_blocks_head_custom_js":"","_kad_blocks_body_custom_js":"","_kad_blocks_footer_custom_js":"","_kad_post_transparent":"default","_kad_post_title":"","_kad_post_layout":"default","_kad_post_sidebar_id":"","_kad_post_content_style":"default","_kad_post_vertical_padding":"default","_kad_post_feature":"","_kad_post_feature_position":"","_kad_post_header":false,"_kad_post_footer":false,"_kad_post_classname":""},"product_brand":[],"product_cat":[101],"product_tag":[],"class_list":{"0":"post-21277","1":"product","2":"type-product","3":"status-publish","4":"has-post-thumbnail","6":"product_cat-cement-tanker","8":"first","9":"instock","10":"sold-individually","11":"shipping-taxable","12":"purchasable","13":"product-type-simple","14":"entry","15":"content-bg","16":"loop-entry"},"acf":[],"taxonomy_info":{"product_cat":[{"value":101,"label":"Cement Tanker For Sale"}]},"featured_image_src_large":["https:\/\/www.pandamech.com\/wp-content\/uploads\/2022\/08\/3-3-500x500.jpg",500,500,true],"author_info":[],"comment_info":"","_links":{"self":[{"href":"https:\/\/www.pandamech.com\/france\/wp-json\/wp\/v2\/product\/21277","targetHints":{"allow":["GET"]}}],"collection":[{"href":"https:\/\/www.pandamech.com\/france\/wp-json\/wp\/v2\/product"}],"about":[{"href":"https:\/\/www.pandamech.com\/france\/wp-json\/wp\/v2\/types\/product"}],"version-history":[{"count":1,"href":"https:\/\/www.pandamech.com\/france\/wp-json\/wp\/v2\/product\/21277\/revisions"}],"predecessor-version":[{"id":91441,"href":"https:\/\/www.pandamech.com\/france\/wp-json\/wp\/v2\/product\/21277\/revisions\/91441"}],"wp:featuredmedia":[{"embeddable":true,"href":"https:\/\/www.pandamech.com\/france\/wp-json\/wp\/v2\/media\/57809"}],"wp:attachment":[{"href":"https:\/\/www.pandamech.com\/france\/wp-json\/wp\/v2\/media?parent=21277"}],"wp:term":[{"taxonomy":"product_brand","embeddable":true,"href":"https:\/\/www.pandamech.com\/france\/wp-json\/wp\/v2\/product_brand?post=21277"},{"taxonomy":"product_cat","embeddable":true,"href":"https:\/\/www.pandamech.com\/france\/wp-json\/wp\/v2\/product_cat?post=21277"},{"taxonomy":"product_tag","embeddable":true,"href":"https:\/\/www.pandamech.com\/france\/wp-json\/wp\/v2\/product_tag?post=21277"}],"curies":[{"name":"wp","href":"https:\/\/api.w.org\/{rel}","templated":true}]}}