{"id":21273,"date":"2022-04-10T19:01:57","date_gmt":"2022-04-10T11:01:57","guid":{"rendered":"http:\/\/pandamech.com\/?post_type=product&#038;p=21273"},"modified":"2025-08-23T01:08:45","modified_gmt":"2025-08-22T17:08:45","slug":"50-ton-detachable-lowboy-trailer","status":"publish","type":"product","link":"https:\/\/www.pandamech.com\/france\/product\/50-ton-detachable-lowboy-trailer\/","title":{"rendered":"Remorque surbaiss\u00e9e d\u00e9tachable de 50 tonnes"},"content":{"rendered":"<p>Les remorques surbaiss\u00e9es d\u00e9tachables de 50 tonnes sont g\u00e9n\u00e9ralement utilis\u00e9es pour transporter des machines de construction et du gros mat\u00e9riel. G\u00e9n\u00e9ralement, de nombreux endroits sont limit\u00e9s, notamment sur certains ponts.<\/p>\n<h2>50 Ton remorque surbaiss\u00e9e d\u00e9tachable images<\/h2>\n<p><img fetchpriority=\"high\" decoding=\"async\" class=\"alignnone size-full wp-image-22186\" src=\"https:\/\/pandamech.com\/wp-content\/uploads\/2021\/08\/7-118.jpg\" alt=\"remorques surbaiss\u00e9es \u00e0 col de cygne \u00e0 vendre\" width=\"800\" height=\"533\" title=\"\"><\/p>\n<p><img decoding=\"async\" class=\"alignnone size-full wp-image-22187\" src=\"https:\/\/pandamech.com\/wp-content\/uploads\/2021\/08\/8-101.jpg\" alt=\"remorques surbaiss\u00e9es \u00e0 col de cygne \u00e0 vendre\" width=\"800\" height=\"533\" title=\"\"><\/p>\n<figure id=\"attachment_22189\" aria-describedby=\"caption-attachment-22189\" style=\"width: 800px\" class=\"wp-caption alignnone\"><img decoding=\"async\" class=\"size-full wp-image-22189\" src=\"https:\/\/pandamech.com\/wp-content\/uploads\/2021\/08\/9-54.jpg\" alt=\"Remorque surbaiss\u00e9e d\u00e9tachable de 50 tonnes\" width=\"800\" height=\"533\" title=\"\"><figcaption id=\"caption-attachment-22189\" class=\"wp-caption-text\">Remorque surbaiss\u00e9e d\u00e9tachable de 50 tonnes<\/figcaption><\/figure>\n<h2>Sp\u00e9cifications de la remorque surbaiss\u00e9e d\u00e9tachable de 50 tonnes<\/h2>\n<p><strong>Dimension<\/strong>: 16500mm x 3000mm x 1200mm<\/p>\n<p><strong>Essieu<\/strong>: 3 essieux<\/p>\n<p><strong>Capacit\u00e9 de chargement<\/strong>: 50T<\/p>\n<p><strong>Pneu<\/strong>: 15\/80R 22.5<\/p>\n<p><strong>Suspension<\/strong>: Suspension m\u00e9canique<\/p>\n<p><strong>Kingpin<\/strong>: Marque JOST 2.0 ou 3.5 pouces<\/p>\n<p><strong>Poids de tare<\/strong>: 10 T<\/p>\n<p><strong>Cylindre hydraulique<\/strong>: Moteur diesel 12KW avec station hydraulique<\/p>\n<p><strong>Poutre principale<\/strong>: Hauteur : 500mm ; Largeur : 230mm ; Poutre lat\u00e9rale : 250 Poutre en I 10\/8\/10 ; Mat\u00e9riau : Acier \u00e0 haute r\u00e9sistance HG60.<\/p>\n<p><strong>Rampe<\/strong>: type hydraulique<\/p>\n<p><strong>Plate-forme inf\u00e9rieure<\/strong>: Plaque quadrill\u00e9e de 5 mm d'\u00e9paisseur<\/p>\n<p><strong>ABS<\/strong>: Facultatif<\/p>\n<h2>Fonctionnalit\u00e9<\/h2>\n<p>1. <strong>Forte capacit\u00e9 de charge<\/strong><\/p>\n<p>La remorque hydraulique amovible \u00e0 col de cygne est con\u00e7ue pour certaines machines lourdes, la conception g\u00e9n\u00e9rale du compartiment de chargement en arc, la poutre longitudinale est une structure en acier \u00e0 haute r\u00e9sistance, la conception g\u00e9n\u00e9rale, pour am\u00e9liorer la capacit\u00e9 de chargement, mais aussi pour r\u00e9duire son poids.<\/p>\n<p>2. <strong>Centre de gravit\u00e9 plus bas<\/strong><\/p>\n<p>La hauteur totale du v\u00e9hicule n'est que de 1 200 mm, soit 300 \u00e0 400 mm de moins qu'une remorque surbaiss\u00e9e ordinaire, de sorte que son centre de gravit\u00e9 est encore plus bas, que le centre de gravit\u00e9 des marchandises charg\u00e9es est encore plus bas et que l'ensemble est plus stable et plus s\u00fbr.<\/p>\n<p>3. <strong>Entretien pratique<\/strong><\/p>\n<p>La surface d'appui peut \u00eatre soulev\u00e9e, de sorte que les pneus de l'essieu peuvent toucher directement le sol ou quitter le sol, ce qui rend l'entretien plus pratique et plus simple.<\/p>\n<h2>Panda Mech<\/h2>\n<p>Panda Mech est un fabricant chinois de remorques \u00e0 plate-forme amovible de 50 tonnes. Nous fournissons des remorques \u00e0 plate-forme amovible de 50 tonnes \u00e0 vendre. Les fabricants de Panda Mech ont connu le succ\u00e8s en Asie du Sud-Est, au Moyen-Orient, en Afrique et en Am\u00e9rique du Sud, tels que les Philippines, la Tanzanie, etc...<\/p>\n<p><a href=\"https:\/\/www.pandamech.com\/france\/contact-us\/\" target=\"_blank\" rel=\"noopener\"><img loading=\"lazy\" decoding=\"async\" src=\"https:\/\/pandamech.com\/wp-content\/uploads\/2021\/08\/quotation.jpg\" alt=\"cotation\" width=\"864\" height=\"213\" title=\"\"><\/a><\/p>\n<h2>Plus de vid\u00e9os sur les remorques amovibles \u00e0 plateau surbaiss\u00e9<\/h2>\n<div class=\"entry-content-asset videofit\"><iframe title=\"Remorque Low Boy 60T \u00e0 3 essieux et remorque Gooseneck amovible\" width=\"720\" height=\"405\" src=\"https:\/\/www.youtube.com\/embed\/jzzLi25o0qU?feature=oembed\" frameborder=\"0\" allow=\"accelerometer; autoplay; clipboard-write; encrypted-media; gyroscope; picture-in-picture; web-share\" allowfullscreen><\/iframe><\/div>\n<p><a>La configuration de la structure de la remorque surbaiss\u00e9e d\u00e9tachable de 50 tonnes entre en vigueur<\/a><\/p>\n<p>La remorque basse et amovible \u00e0 col de cygne est id\u00e9ale pour la manutention et le transport de grands appareils mobiles. Cela est possible gr\u00e2ce \u00e0 son ch\u00e2ssis ou cadre de remorque plus bas et \u00e0 sa fonction col de cygne.<\/p>\n<p>La chose la plus importante \u00e0 noter est qu'il y a une roue mobile plac\u00e9e vers l'arri\u00e8re sur le ch\u00e2ssis de la remorque.<\/p>\n<p>Voici les principaux aspects de l'utilisation des remorques surbaiss\u00e9es pour accro\u00eetre l'efficacit\u00e9 op\u00e9rationnelle.<\/p>\n<p>Tout d'abord, il y a deux paires de crochets de liaison primaire qui s'embo\u00eetent l'une dans l'autre.<\/p>\n<p><a>Diff\u00e9rences entre les remorques \u00e0 plate-forme surbaiss\u00e9e d\u00e9tachables et les remorques \u00e0 plate-forme surbaiss\u00e9e communes<\/a><\/p>\n<p>La principale diff\u00e9rence entre le chargement d'une remorque surbaiss\u00e9e \u00e0 col de cygne mobile et celui d'une remorque surbaiss\u00e9e conventionnelle est que la remorque surbaiss\u00e9e \u00e0 col de cygne mobile charge l'\u00e9quipement ou la cargaison par l'avant.<\/p>\n<p>Id\u00e9alement, la remorque mobile \u00e0 col de cygne est complexe \u00e0 utiliser, mais les \u00e9quipements\/marchandises sont facilement transport\u00e9s sur la remorque. L'\u00e9quipement est plus s\u00fbr et plus stable pendant le chargement, le transport et le d\u00e9chargement.<\/p>\n<p><a>Remorque surbaiss\u00e9e avec pneus expos\u00e9s<\/a><\/p>\n<p>Contrairement \u00e0 une remorque basse d\u00e9tachable \u00e0 col de cygne, une remorque surbaiss\u00e9e conventionnelle est charg\u00e9e par l'arri\u00e8re. En fait, l'\u00e9quipement doit \u00eatre conduit sur la remorque par la rampe de la remorque surbaiss\u00e9e.<\/p>\n<p>Il s'agit d'une op\u00e9ration simple, mais tout mat\u00e9riel ou \u00e9quipement transport\u00e9 doit \u00eatre conduit avec pr\u00e9caution sur la remorque.<\/p>","protected":false},"excerpt":{"rendered":"<p>Type : Remorque surbaiss\u00e9e d\u00e9tachable de 50 tonnes<\/p>\n<p>Gamme de prix : $22 500-36 500<\/p>\n<p>Livraison : 7-28 jours<\/p>\n<p>Dimensions : sur mesure<\/p>\n<p>Application : pour transporter des engins \u00e0 chenilles, des grues, des excavateurs, des chargeurs \u00e0 chenilles ou d'autres machines.<\/p>","protected":false},"featured_media":57771,"template":"","meta":{"_acf_changed":false,"_kad_blocks_custom_css":"","_kad_blocks_head_custom_js":"","_kad_blocks_body_custom_js":"","_kad_blocks_footer_custom_js":"","_kad_post_transparent":"default","_kad_post_title":"","_kad_post_layout":"default","_kad_post_sidebar_id":"","_kad_post_content_style":"default","_kad_post_vertical_padding":"default","_kad_post_feature":"","_kad_post_feature_position":"","_kad_post_header":false,"_kad_post_footer":false,"_kad_post_classname":""},"product_brand":[],"product_cat":[91,112],"product_tag":[],"class_list":{"0":"post-21273","1":"product","2":"type-product","3":"status-publish","4":"has-post-thumbnail","6":"product_cat-detachable-gooseneck-trailer","7":"product_cat-low-boy-trailer","9":"first","10":"instock","11":"sold-individually","12":"shipping-taxable","13":"purchasable","14":"product-type-simple","15":"entry","16":"content-bg","17":"loop-entry"},"acf":[],"taxonomy_info":{"product_cat":[{"value":91,"label":"Detachable Gooseneck Trailer"},{"value":112,"label":"Low Boy Trailer"}]},"featured_image_src_large":["https:\/\/www.pandamech.com\/wp-content\/uploads\/2022\/08\/2-71-500x500.jpg",500,500,true],"author_info":[],"comment_info":"","_links":{"self":[{"href":"https:\/\/www.pandamech.com\/france\/wp-json\/wp\/v2\/product\/21273","targetHints":{"allow":["GET"]}}],"collection":[{"href":"https:\/\/www.pandamech.com\/france\/wp-json\/wp\/v2\/product"}],"about":[{"href":"https:\/\/www.pandamech.com\/france\/wp-json\/wp\/v2\/types\/product"}],"version-history":[{"count":1,"href":"https:\/\/www.pandamech.com\/france\/wp-json\/wp\/v2\/product\/21273\/revisions"}],"predecessor-version":[{"id":91450,"href":"https:\/\/www.pandamech.com\/france\/wp-json\/wp\/v2\/product\/21273\/revisions\/91450"}],"wp:featuredmedia":[{"embeddable":true,"href":"https:\/\/www.pandamech.com\/france\/wp-json\/wp\/v2\/media\/57771"}],"wp:attachment":[{"href":"https:\/\/www.pandamech.com\/france\/wp-json\/wp\/v2\/media?parent=21273"}],"wp:term":[{"taxonomy":"product_brand","embeddable":true,"href":"https:\/\/www.pandamech.com\/france\/wp-json\/wp\/v2\/product_brand?post=21273"},{"taxonomy":"product_cat","embeddable":true,"href":"https:\/\/www.pandamech.com\/france\/wp-json\/wp\/v2\/product_cat?post=21273"},{"taxonomy":"product_tag","embeddable":true,"href":"https:\/\/www.pandamech.com\/france\/wp-json\/wp\/v2\/product_tag?post=21273"}],"curies":[{"name":"wp","href":"https:\/\/api.w.org\/{rel}","templated":true}]}}