{"id":21266,"date":"2023-02-13T19:01:57","date_gmt":"2023-02-13T11:01:57","guid":{"rendered":"http:\/\/pandamech.com\/?post_type=product&#038;p=21266"},"modified":"2025-08-23T01:07:07","modified_gmt":"2025-08-22T17:07:07","slug":"3-axle-45000-liters-fuel-tank-trailer","status":"publish","type":"product","link":"https:\/\/www.pandamech.com\/france\/product\/3-axle-45000-liters-fuel-tank-trailer\/","title":{"rendered":"Remorque avec r\u00e9servoir de carburant de 45000 litres"},"content":{"rendered":"<p>Le camion-citerne est divis\u00e9 en deux parties, la partie r\u00e9servoir et le squelette ou la partie motrice qui soutient le corps du r\u00e9servoir.<\/p>\n<p>L'arri\u00e8re de la remorque-citerne est \u00e0 peu pr\u00e8s le m\u00eame : il y a deux essieux arri\u00e8re (deux essieux) et trois essieux arri\u00e8re (trois essieux). Choisissez le tracteur en fonction de vos besoins. La semi-remorque citerne est g\u00e9n\u00e9ralement d\u00e9sign\u00e9e par la marque du tracteur.<\/p>\n<p>Le camion-citerne est principalement utilis\u00e9 pour transporter du diesel, du p\u00e9trole, de l'huile, de l'essence, etc. Il est g\u00e9n\u00e9ralement utilis\u00e9 pour le transport sur de longues distances, notamment dans les stations-service, les usines et d'autres lieux.<\/p>\n<h2>Vid\u00e9o - D\u00e9tails d'un camion-citerne \u00e0 trois essieux<\/h2>\n<p><iframe title=\"45000 Litres Fuel Tank Trailer video Youtube\" src=\"https:\/\/www.youtube.com\/embed\/3hkTZWC65C0\" width=\"800\" height=\"533\" frameborder=\"0\" allowfullscreen=\"allowfullscreen\"><span data-mce-type=\"bookmark\" style=\"display: inline-block; width: 0px; overflow: hidden; line-height: 0;\" class=\"mce_SELRES_start\"><\/span><\/iframe><\/p>\n<p style=\"text-align: center;\"><a class=\"product_button\" href=\"#elementor-action%3Aaction%3Dpopup%3Aopen%26settings%3DeyJpZCI6Ijk5MDciLCJ0b2dnbGUiOmZhbHNlfQ%3D%3D\">Cliquez pour plus de d\u00e9tails<\/a><\/p>\n<h2>Sp\u00e9cification du camion-citerne de 45000 litres<\/h2>\n<table style=\"width: 800px;\" border=\"1\" cellspacing=\"1\" cellpadding=\"1\">\n<tbody>\n<tr>\n<td width=\"300\" height=\"41\">\u00a0Fabricant<\/td>\n<td width=\"706\">\u00a0Remorque-citerne PANDA mech<\/td>\n<\/tr>\n<tr>\n<td height=\"41\">\u00a0Objet<\/td>\n<td>\u00a0Camion-citerne de 45 000 litres<\/td>\n<\/tr>\n<tr>\n<td height=\"41\">\u00a0Dimension du camion-citerne<\/td>\n<td>\u00a011500*2500*3500 (R\u00e9f\u00e9rence, personnalis\u00e9 selon les besoins)<\/td>\n<\/tr>\n<tr>\n<td height=\"41\">\u00a0Capacit\u00e9 du camion-citerne<\/td>\n<td>\u00a045 KL 45 000 litres, 11888 gallons.<\/td>\n<\/tr>\n<tr>\n<td height=\"41\">\u00a0Compartiment<\/td>\n<td>\u00a02-10<\/td>\n<\/tr>\n<tr>\n<td height=\"41\">\u00a0Charge utile<\/td>\n<td>\u00a039-41T (R\u00e9f\u00e9rence)<\/td>\n<\/tr>\n<tr>\n<td height=\"41\">\u00a0Poids de la remorque du r\u00e9servoir de carburant<\/td>\n<td>\u00a010.6T<\/td>\n<\/tr>\n<tr>\n<td height=\"41\">\u00a0Mat\u00e9riau<\/td>\n<td>\u00a0Acier ferreux, acier inoxydable<\/td>\n<\/tr>\n<tr>\n<td height=\"41\">\u00a0Ch\u00e2ssis<\/td>\n<td>\u00a0Acier \u00e0 haute r\u00e9sistance<\/td>\n<\/tr>\n<tr>\n<td height=\"41\">\u00a0Soupape<\/td>\n<td>\u00a0Civacon, EMCO, HELI, JLME, HENGE<\/td>\n<\/tr>\n<tr>\n<td height=\"41\">\u00a0Essieu<\/td>\n<td>\u00a0Essieu 2\/3\/4 ; BPW, FUWA, L1, HO'S, SAF, PDME<\/td>\n<\/tr>\n<tr>\n<td height=\"41\">\u00a0Suspension<\/td>\n<td>\u00a0Suspension pneumatique, m\u00e9canique, Bogie<\/td>\n<\/tr>\n<tr>\n<td height=\"41\">\u00a0Syst\u00e8me de freinage<\/td>\n<td>\u00a0Syst\u00e8me de freinage Dual Line, chambre T30\/30, valve d'urgence Wabco, ABS\/EBS en option<\/td>\n<\/tr>\n<tr>\n<td height=\"41\">\u00a0Pi\u00e8ces d\u00e9tach\u00e9es pour remorques-citernes<\/td>\n<td>\u00a0Garde-boue, \u00e9chelle, 1 bo\u00eete \u00e0 outils standard, 1 couche d'appr\u00eat anticorrosion, 2 couches de peinture finale, peinture polyur\u00e9thane, train d'atterrissage, jante en acier 9.0-22.5, extincteur, soupape de fond pneumatique de 4 pouces, couvercle de trou d'homme en alliage d'aluminium de 500 mm, t\u00f4le d'acier Q345\/6mm, conforme \u00e0 l'ADR (selon les besoins du client).<\/td>\n<\/tr>\n<tr>\n<td height=\"41\">\u00a0Application<\/td>\n<td>\u00a0Carburant, p\u00e9trole, p\u00e9trole brut, diesel, essence, p\u00e9trole, gazoline<\/td>\n<\/tr>\n<\/tbody>\n<\/table>\n<p style=\"text-align: center;\"><a class=\"product_button\" href=\"#elementor-action%3Aaction%3Dpopup%3Aopen%26settings%3DeyJpZCI6Ijk5MDciLCJ0b2dnbGUiOmZhbHNlfQ%3D%3D\">G\u00e9n\u00e9rer un devis instantan\u00e9 maintenant<\/a><\/p>\n<h2 style=\"text-align: left;\">3 Axle fuel tanker truck trailer images<\/h2>\n<p><img fetchpriority=\"high\" decoding=\"async\" class=\"alignnone wp-image-30048 size-full\" src=\"https:\/\/pandamech.com\/wp-content\/uploads\/2022\/08\/fuel-tanker-45kl-3-axles2.jpg\" alt=\"Remorque p\u00e9troli\u00e8re \u00e0 3 essieux 45000 litres \u00e0 vendre\" width=\"800\" height=\"533\" title=\"\"><\/p>\n<p><img decoding=\"async\" class=\"alignnone wp-image-30049 size-full\" src=\"https:\/\/pandamech.com\/wp-content\/uploads\/2022\/08\/fuel-tanker-45kl-3-axles3.jpg\" alt=\"Fabricant de remorques-citernes \u00e0 carburant 45kl \u00e0 3 essieux\" width=\"800\" height=\"533\" title=\"\"><\/p>\n<p><img decoding=\"async\" class=\"alignnone wp-image-35061 size-full\" src=\"https:\/\/pandamech.com\/wp-content\/uploads\/2022\/08\/9-1.jpg\" alt=\"Semi-remorque de transport de carburant de 45000 litres \u00e0 vendre\" width=\"800\" height=\"533\" title=\"\"><\/p>\n<h2>Application :<\/h2>\n<p>La remorque-citerne est g\u00e9n\u00e9ralement utilis\u00e9e pour transporter de l'essence, du k\u00e9ros\u00e8ne, du diesel, de l'huile v\u00e9g\u00e9tale, de l'huile comestible, de l'huile lourde, du goudron de houille et des produits non p\u00e9troliers tels que l'alcool, l'ald\u00e9hyde, le benz\u00e8ne, l'\u00e9ther et d'autres substances liquides.<\/p>\n<p>La remorque-citerne \u00e0 carburant a une capacit\u00e9 de 30000-60000 litres. Elle est g\u00e9n\u00e9ralement utilis\u00e9e pour le transport \u00e0 longue distance, le transport de substances liquides dans le monde entier, afin de r\u00e9aliser une distribution et une utilisation raisonnables des ressources. Nous avons \u00e9galement des citernes \u00e0 p\u00e9trole brut \u00e0 vendre.<\/p>\n<h2>Pourquoi choisir la remorque-citerne panda<\/h2>\n<p>1. Dessin 3D et HyperMesh &amp; Ansys<\/p>\n<p>Utiliser pleinement la propri\u00e9t\u00e9 physique, favoriser une meilleure performance et r\u00e9duire les co\u00fbts d'exploitation<\/p>\n<p>2. Adaptateur API de la norme ADR<\/p>\n<p>Crucial pour tout syst\u00e8me de chargement par le bas API, correspond aux coupleurs 3\u2033 ou 4\u2033.<\/p>\n<p>3. Prises API Optique<\/p>\n<p>Soutenir le syst\u00e8me de chargement par le bas<\/p>\n<p>4. Trou d'homme standard ADR avec \u00e9vent de vapeur<\/p>\n<p>16\u2033 ou 20\u2033, mat\u00e9riau en aluminium pour une plus longue dur\u00e9e de vie<\/p>\n<p>5. Plus de s\u00e9curit\u00e9 gr\u00e2ce au 7ntre de gravit\u00e9 plus bas Conception du col de cygne<\/p>\n<p>6. 12% Volume plus important gr\u00e2ce \u00e0 la conception d'un canon \u00e0 section semi-elliptique<\/p>\n<p>7. Longue dur\u00e9e de vie gr\u00e2ce au soudage \u00e0 l'arc automatique des citernes<\/p>\n<p style=\"text-align: center;\"><a class=\"product_button\" href=\"#elementor-action%3Aaction%3Dpopup%3Aopen%26settings%3DeyJpZCI6Ijk5MDciLCJ0b2dnbGUiOmZhbHNlfQ%3D%3D\">Contacter PANDA<\/a><\/p>\n<h2>Transport maritime d'une remorque-citerne \u00e0 carburant<\/h2>\n<p>Afin d'\u00e9viter que la peinture de la remorque du camion-citerne ne soit corrod\u00e9e par l'eau de mer, nous pulv\u00e9risons une couche de cire sur la surface de la remorque du camion-citerne avant le transport.<\/p>\n<h2>Comprendre Panda Mech<\/h2>\n<p><iframe style=\"width: 800px;\" src=\"https:\/\/www.youtube.com\/embed\/kOKJOUXMuhY\" height=\"533\" frameborder=\"0\" scrolling=\"no\" allowfullscreen=\"allowfullscreen\"><\/iframe><\/p>\n<p>Panda Mechanical Co. est agr\u00e9\u00e9e par le minist\u00e8re chinois de l'industrie et des technologies de l'information pour produire des types de semi-remorques et de v\u00e9hicules commerciaux.<\/p>\n<p>Panda Mech dispose de machines de fabrication de premier ordre et de divers \u00e9quipements d'essai. Elle introduit des technologies internationales de pointe et des recherches avec des fabricants de camions renomm\u00e9s afin d'am\u00e9liorer la force de conception. Chaque v\u00e9hicule est produit par des ouvriers comp\u00e9tents et exp\u00e9riment\u00e9s, ils passent par 120 types d'inspections de contr\u00f4le de qualit\u00e9, et Panda Mech fournit des produits parfaits au monde entier.<\/p>","protected":false},"excerpt":{"rendered":"<p>Type : Remorques-citernes \u00e0 carburant de 45000 litres<\/p>\n<p>Gamme de prix : $15 900-36 500<\/p>\n<p>Livraison : 7-25 jours<\/p>\n<p>Applications : essence de transport, essence, p\u00e9trole brut, lubrifiants, goudron de houille, etc.<\/p>\n<p>Forme du r\u00e9servoir : r\u00e9servoir ovale, r\u00e9servoir rond, r\u00e9servoir rond carr\u00e9.<\/p>","protected":false},"featured_media":57739,"template":"","meta":{"_acf_changed":false,"_kad_blocks_custom_css":"","_kad_blocks_head_custom_js":"","_kad_blocks_body_custom_js":"","_kad_blocks_footer_custom_js":"","_kad_post_transparent":"default","_kad_post_title":"","_kad_post_layout":"default","_kad_post_sidebar_id":"","_kad_post_content_style":"default","_kad_post_vertical_padding":"default","_kad_post_feature":"","_kad_post_feature_position":"","_kad_post_header":false,"_kad_post_footer":false,"_kad_post_classname":""},"product_brand":[],"product_cat":[109],"product_tag":[],"class_list":{"0":"post-21266","1":"product","2":"type-product","3":"status-publish","4":"has-post-thumbnail","6":"product_cat-fuel-tanker","8":"first","9":"instock","10":"sold-individually","11":"shipping-taxable","12":"purchasable","13":"product-type-simple","14":"entry","15":"content-bg","16":"loop-entry"},"acf":[],"taxonomy_info":{"product_cat":[{"value":109,"label":"Fuel Tanker Trailer"}]},"featured_image_src_large":["https:\/\/www.pandamech.com\/wp-content\/uploads\/2022\/08\/2-116-500x500.jpg",500,500,true],"author_info":[],"comment_info":"","_links":{"self":[{"href":"https:\/\/www.pandamech.com\/france\/wp-json\/wp\/v2\/product\/21266","targetHints":{"allow":["GET"]}}],"collection":[{"href":"https:\/\/www.pandamech.com\/france\/wp-json\/wp\/v2\/product"}],"about":[{"href":"https:\/\/www.pandamech.com\/france\/wp-json\/wp\/v2\/types\/product"}],"version-history":[{"count":1,"href":"https:\/\/www.pandamech.com\/france\/wp-json\/wp\/v2\/product\/21266\/revisions"}],"predecessor-version":[{"id":91255,"href":"https:\/\/www.pandamech.com\/france\/wp-json\/wp\/v2\/product\/21266\/revisions\/91255"}],"wp:featuredmedia":[{"embeddable":true,"href":"https:\/\/www.pandamech.com\/france\/wp-json\/wp\/v2\/media\/57739"}],"wp:attachment":[{"href":"https:\/\/www.pandamech.com\/france\/wp-json\/wp\/v2\/media?parent=21266"}],"wp:term":[{"taxonomy":"product_brand","embeddable":true,"href":"https:\/\/www.pandamech.com\/france\/wp-json\/wp\/v2\/product_brand?post=21266"},{"taxonomy":"product_cat","embeddable":true,"href":"https:\/\/www.pandamech.com\/france\/wp-json\/wp\/v2\/product_cat?post=21266"},{"taxonomy":"product_tag","embeddable":true,"href":"https:\/\/www.pandamech.com\/france\/wp-json\/wp\/v2\/product_tag?post=21266"}],"curies":[{"name":"wp","href":"https:\/\/api.w.org\/{rel}","templated":true}]}}