{"id":1169,"date":"2025-08-29T09:59:23","date_gmt":"2025-08-29T01:59:23","guid":{"rendered":"https:\/\/pandamech.com\/product\/34-ton-side-tipper-trailer\/"},"modified":"2025-08-29T10:21:58","modified_gmt":"2025-08-29T02:21:58","slug":"new-side-tipper-semi-trailer-for-sale-p00246p1-html","status":"publish","type":"product","link":"https:\/\/www.pandamech.com\/france\/product\/new-side-tipper-semi-trailer-for-sale-p00246p1-html\/","title":{"rendered":"34 Ton Side Tipper Trailer \u00e0 vendre en Afrique du Sud"},"content":{"rendered":"<p>La remorque \u00e0 benne lat\u00e9rale de 34 tonnes est \u00e9galement connue sous le nom de camion \u00e0 benne lat\u00e9rale de 34 tonnes. La structure comprend le ch\u00e2ssis, la caisse et le syst\u00e8me de levage. Gr\u00e2ce \u00e0 l'alimentation en huile du cylindre par la prise de force, la bo\u00eete de levage s'incline \u00e0 l'angle pr\u00e9vu, la cargaison glisse vers l'ext\u00e9rieur, ce qui am\u00e9liore l'efficacit\u00e9 du d\u00e9chargement.<\/p>\n<p>Largement utilis\u00e9 dans les usines de gr\u00e8s, les chantiers de construction et les mines, pour le transport de sable, de gravier, le terrassement et l'exploitation mini\u00e8re.<\/p>\n<p>&nbsp;<\/p>\n<h2>34 Ton side tipper trailer images<\/h2>\n<p><img fetchpriority=\"high\" decoding=\"async\" class=\"wp-image-30736 size-full\" style=\"font-size: 16px;\" title=\"Remorque \u00e0 benne lat\u00e9rale de 34 tonnes\" src=\"https:\/\/pandamech.com\/wp-content\/uploads\/2021\/08\/8-34-ton-side-tipper-trailer.jpg\" alt=\"Remorque \u00e0 benne basculante de 8-34 tonnes\" width=\"800\" height=\"533\" \/><\/p>\n<p>Prix des camions \u00e0 benne lat\u00e9rale de 34 tonnes<\/p>\n<p><img decoding=\"async\" class=\"wp-image-30735 size-full\" title=\"Remorque \u00e0 benne lat\u00e9rale de 34 tonnes\" src=\"https:\/\/pandamech.com\/wp-content\/uploads\/2021\/08\/7-34-ton-side-tipper-trailer.jpg\" alt=\"7-34 tonnes-remorque \u00e0 benne basculante lat\u00e9rale\" width=\"800\" height=\"533\" \/><\/p>\n<p>Remorque \u00e0 benne basculante lat\u00e9rale de 34 tonnes \u00e0 vendre<\/p>\n<p><img decoding=\"async\" class=\"wp-image-30737 size-full\" title=\"Remorque \u00e0 benne lat\u00e9rale de 34 tonnes\" src=\"https:\/\/pandamech.com\/wp-content\/uploads\/2021\/08\/9-34-ton-side-tipper-trailer.jpg\" alt=\"9-34 tonnes-remorque \u00e0 benne basculante lat\u00e9rale\" width=\"800\" height=\"533\" \/><\/p>\n<p>Fabricant de remorques \u00e0 basculement lat\u00e9ral de 34 tonnes<\/p>\n<h2>Remorque \u00e0 benne lat\u00e9rale de 34 tonnes Sp\u00e9cifications Dimensions et capacit\u00e9<\/h2>\n<table border=\"1\" width=\"695\" cellspacing=\"1\" cellpadding=\"1\">\n<tbody>\n<tr>\n<td valign=\"top\" width=\"284\">Marque<\/td>\n<td valign=\"top\" width=\"411\">Remorque \u00e0 benne lat\u00e9rale Panda Mech 34 tonnes<\/td>\n<\/tr>\n<tr>\n<td valign=\"top\" width=\"284\">\n<p data-start=\"1254\" data-end=\"1293\">Dimensions de la remorque \u00e0 benne lat\u00e9rale de 34 tonnes<\/p>\n<\/td>\n<td valign=\"top\" width=\"411\">9,300-11500\u00d72,500\u00d73,230mm<\/td>\n<\/tr>\n<tr>\n<td valign=\"top\" width=\"284\">Corps \u00e0 l'int\u00e9rieur<\/td>\n<td valign=\"top\" width=\"411\">8,500-10500\u00d72,300\u00d71,500mm<\/td>\n<\/tr>\n<tr>\n<td valign=\"top\" width=\"284\">Capacit\u00e9 de charge de la benne lat\u00e9rale de 34 tonnes<\/td>\n<td valign=\"top\" width=\"411\">32 tonnes 34 tonnes 35 tonnes<\/td>\n<\/tr>\n<tr>\n<td valign=\"top\" width=\"284\">Plancher<\/td>\n<td valign=\"top\" width=\"411\">6-12mm Handox 450 ou acier \u00e9quivalent<\/td>\n<\/tr>\n<tr>\n<td valign=\"top\" width=\"284\">Paroi lat\u00e9rale<\/td>\n<td valign=\"top\" width=\"411\">3,5-6 mm Domex 600 ou acier \u00e9quivalent<\/td>\n<\/tr>\n<tr>\n<td valign=\"top\" width=\"284\">Poutre<\/td>\n<td valign=\"top\" width=\"411\">Domex 600 ou \u00e9quivalent, section \u201cI\u201d en acier, double \u00e2me<\/td>\n<\/tr>\n<tr>\n<td valign=\"top\" width=\"284\">Cylindre<\/td>\n<td valign=\"top\" width=\"411\">Syst\u00e8me hydraulique HYVA FC\/EZ<\/td>\n<\/tr>\n<tr>\n<td valign=\"top\" width=\"284\">Essieu<\/td>\n<td valign=\"top\" width=\"411\">3 essieux<\/td>\n<\/tr>\n<tr>\n<td valign=\"top\" width=\"284\">Pneu<\/td>\n<td valign=\"top\" width=\"411\">12.00R20 \/ 13R22.5 ou personnalis\u00e9<\/td>\n<\/tr>\n<tr>\n<td valign=\"top\" width=\"284\">Suspension<\/td>\n<td valign=\"top\" width=\"411\">M\u00e9canique \/ Air \/ Bogie en option<\/td>\n<\/tr>\n<tr>\n<td valign=\"top\" width=\"284\">Jambes<\/td>\n<td valign=\"top\" width=\"411\">Type interchangeable JOST<\/td>\n<\/tr>\n<tr>\n<td valign=\"top\" width=\"284\">Frein<\/td>\n<td valign=\"top\" width=\"411\">Syst\u00e8me de freinage pneumatique double, chambre et valve WABCO<\/td>\n<\/tr>\n<tr>\n<td valign=\"top\" width=\"284\">Syst\u00e8me \u00e9lectrique<\/td>\n<td>12v\/24v, c\u00e2ble 7 lignes, lumi\u00e8re Led<\/td>\n<\/tr>\n<tr>\n<td valign=\"top\" width=\"284\"><a href=\"\/france\/contact-us\/\">Demande de renseignements<\/a><\/td>\n<td><a href=\"\/france\/contact-us\/\">Obtenir un devis<\/a><\/td>\n<\/tr>\n<\/tbody>\n<\/table>\n<p>&nbsp;<\/p>\n<h2>Avantage de la remorque \u00e0 benne lat\u00e9rale<\/h2>\n<p><strong>Mat\u00e9riau :<\/strong><\/p>\n<p>Caisse en Hardox 450 ou mat\u00e9riau \u00e9quivalent r\u00e9sistant \u00e0 l'usure et \u00e0 l'abrasion, poutre \u00e0 haute tension T700, poids \u00e0 vide plus l\u00e9ger de 2000 kg que celui d'une benne \u00e0 mat\u00e9riaux normale, dur\u00e9e de vie plus longue et consommation de carburant plus faible<\/p>\n<p><strong>Bo\u00eete en U :<\/strong><\/p>\n<p>Conception et analyse de la bo\u00eete en U, plus grande surface de section avec barycentre plus bas, chargement plus important et d\u00e9chargement plus facile, s\u00fbr et efficace.<\/p>\n<p><strong>Ch\u00e2ssis :<\/strong><\/p>\n<p>Double \u00e2me pour la conception de la poutre principale, plus solide pour les conditions de route multiples<\/p>\n<p><strong>Cylindre :<\/strong><\/p>\n<p>Mod\u00e8les FC et FE en option, pression de fonctionnement plus \u00e9lev\u00e9e, angle d'inclinaison Max 45\u00b0, r\u00e9duction du temps d'ex\u00e9cution gr\u00e2ce \u00e0 une vitesse d'\u00e9grenage plus rapide, augmentation de la dur\u00e9e d'utilisation gr\u00e2ce \u00e0 des intervalles de service plus longs.<\/p>\n<p><strong>Supports<\/strong>:<\/p>\n<p>Conception am\u00e9lior\u00e9e avec une meilleure r\u00e9sistance aux contraintes et \u00e0 la fatigue<\/p>\n<p><strong>S'assommer :<\/strong><\/p>\n<p>Conception robuste, actionnement pr\u00e9cis, protection de la bo\u00eete travaillant dans l'angle de s\u00e9curit\u00e9<\/p>\n<p><strong>Arbre d'inclinaison :<\/strong><\/p>\n<p>La conception robuste permet de travailler de mani\u00e8re stable lors de l'inclinaison, ce qui est plus durable et plus s\u00fbr.<\/p>\n<p><strong>Syst\u00e8me de fixation<\/strong><\/p>\n<p>Le verrouillage automatique de la porte arri\u00e8re est efficace, la conception ajustable permet d'adapter la situation, l'entretien et le remplacement sont faciles.<\/p>\n<p><strong>Cadre de support auxiliaire :<\/strong><\/p>\n<p>Un cadre de support auxiliaire supporte la bo\u00eete avec un ch\u00e2ssis, \u00e9vitant l'inclinaison de la bo\u00eete, afin de travailler de mani\u00e8re plus s\u00fbre.<\/p>\n<p>&nbsp;<\/p>\n<h2>34 Ton side tipper trailer for sale<\/h2>\n<p>Panda Mech est un fabricant chinois de remorques basculantes lat\u00e9rales. Nous fournissons la benne basculante lat\u00e9rale 34 tonnes pour la vente en Afrique du Sud.<\/p>\n<p>Les fabricants de Panda Mech ont connu le succ\u00e8s en Asie du Sud-Est, au Moyen-Orient, en Afrique et en Am\u00e9rique du Sud, notamment aux Philippines, en Tanzanie, au Nigeria, etc...<u><a href=\"https:\/\/www.pandamech.com\/france\/about\/\" rel=\"nofollow noopener\" name=\"662ae8fb-4e4e-4cc5-876a-6bfaecae5a2d\" target=\"_blank\">En savoir plus sur le panda<\/a><\/u><\/p>\n<p><a href=\"\/france\/contact-us\/\" rel=\"nofollow\"><img loading=\"lazy\" decoding=\"async\" class=\"alignnone\" title=\"Remorque \u00e0 benne lat\u00e9rale de 34 tonnes\" src=\"https:\/\/pandamech.com\/wp-content\/uploads\/u_file\/db8ce19fe3.jpg\" alt=\"\" width=\"864\" height=\"213\"><\/a><\/p>\n<p>FAQ<\/p>\n<h2>Combien de tonnes une benne lat\u00e9rale peut-elle transporter ?<\/h2>\n<p>La benne lat\u00e9rale peut transporter 32 tonnes, 34 tonnes et 35 tonnes de marchandises.<\/p>","protected":false},"excerpt":{"rendered":"<p>Mod\u00e8le : 3 essieux 34 tonnes<\/p>\n<p>Fourchette de prix : 15 000-25 000 USD<\/p>\n<p>D\u00e9lai de livraison : 7-25 jours<\/p>\n<p>Application : transport de charbon, de minerai, de mat\u00e9riaux de construction<\/p>\n<p>syst\u00e8me hydraulique HYVA marque Holland<\/p>\n<p>Corps de la bo\u00eete : Hardox450 et \u00e9quivalent<\/p>","protected":false},"featured_media":56192,"template":"","meta":{"_acf_changed":false,"_kad_blocks_custom_css":"","_kad_blocks_head_custom_js":"","_kad_blocks_body_custom_js":"","_kad_blocks_footer_custom_js":"","_kad_post_transparent":"default","_kad_post_title":"","_kad_post_layout":"default","_kad_post_sidebar_id":"","_kad_post_content_style":"default","_kad_post_vertical_padding":"default","_kad_post_feature":"","_kad_post_feature_position":"","_kad_post_header":false,"_kad_post_footer":false,"_kad_post_classname":""},"product_brand":[],"product_cat":[113],"product_tag":[],"class_list":{"0":"post-1169","1":"product","2":"type-product","3":"status-publish","4":"has-post-thumbnail","6":"product_cat-side-tipper","8":"first","9":"instock","10":"sold-individually","11":"shipping-taxable","12":"purchasable","13":"product-type-simple","14":"entry","15":"content-bg","16":"loop-entry"},"acf":[],"taxonomy_info":{"product_cat":[{"value":113,"label":"Side Tipper"}]},"featured_image_src_large":["https:\/\/www.pandamech.com\/wp-content\/uploads\/2021\/08\/2-34-ton-side-tipper-trailer-500x500.jpg",500,500,true],"author_info":[],"comment_info":"","_links":{"self":[{"href":"https:\/\/www.pandamech.com\/france\/wp-json\/wp\/v2\/product\/1169","targetHints":{"allow":["GET"]}}],"collection":[{"href":"https:\/\/www.pandamech.com\/france\/wp-json\/wp\/v2\/product"}],"about":[{"href":"https:\/\/www.pandamech.com\/france\/wp-json\/wp\/v2\/types\/product"}],"version-history":[{"count":3,"href":"https:\/\/www.pandamech.com\/france\/wp-json\/wp\/v2\/product\/1169\/revisions"}],"predecessor-version":[{"id":91552,"href":"https:\/\/www.pandamech.com\/france\/wp-json\/wp\/v2\/product\/1169\/revisions\/91552"}],"wp:featuredmedia":[{"embeddable":true,"href":"https:\/\/www.pandamech.com\/france\/wp-json\/wp\/v2\/media\/56192"}],"wp:attachment":[{"href":"https:\/\/www.pandamech.com\/france\/wp-json\/wp\/v2\/media?parent=1169"}],"wp:term":[{"taxonomy":"product_brand","embeddable":true,"href":"https:\/\/www.pandamech.com\/france\/wp-json\/wp\/v2\/product_brand?post=1169"},{"taxonomy":"product_cat","embeddable":true,"href":"https:\/\/www.pandamech.com\/france\/wp-json\/wp\/v2\/product_cat?post=1169"},{"taxonomy":"product_tag","embeddable":true,"href":"https:\/\/www.pandamech.com\/france\/wp-json\/wp\/v2\/product_tag?post=1169"}],"curies":[{"name":"wp","href":"https:\/\/api.w.org\/{rel}","templated":true}]}}