{"id":1159,"date":"2025-09-17T11:40:22","date_gmt":"2025-09-17T03:40:22","guid":{"rendered":"https:\/\/pandamech.com\/product\/2-axle-40ft-container-chassis-trailers\/"},"modified":"2025-12-07T15:38:52","modified_gmt":"2025-12-07T07:38:52","slug":"2-axle-40ft-skeletal-semi-trailers-p00293p1-html","status":"publish","type":"product","link":"https:\/\/www.pandamech.com\/france\/product\/2-axle-40ft-skeletal-semi-trailers-p00293p1-html\/","title":{"rendered":"2 Axle 40Ft Chassis Trailer For Sale"},"content":{"rendered":"<p>Remorques \u00e0 ch\u00e2ssis \u00e0 2 essieux, \u00e9galement appel\u00e9es semi-remorques \u00e0 squelette \u00e0 2 essieux, ch\u00e2ssis \u00e0 conteneurs \u00e0 2 essieux, etc. G\u00e9n\u00e9ralement utilis\u00e9es pour le transport de conteneurs ISO dans les ports, les chantiers navals, les routes, les ponts, les tunnels, les stations de transfert, et pour soutenir les syst\u00e8mes logistiques de transport multimodal. La longueur de 40 pieds s'adapte \u00e0 4 \u00e0 14 ensembles d'\u00e9cluses \u00e0 conteneurs convenant aux conteneurs secs 10\u2032, 20\u2032, 40, aux conteneurs-citernes, aux conteneurs frigorifiques, etc.<\/p>\n<h2>2 Axle 40Ft chassis trailer images<\/h2>\n<p><img fetchpriority=\"high\" decoding=\"async\" class=\"alignnone wp-image-59164 size-full\" src=\"https:\/\/www.pandamech.com\/wp-content\/uploads\/2022\/08\/8-1.jpg\" alt=\"Ch\u00e2ssis-remorque \u00e0 2 essieux \u00e0 vendre en Chine\" width=\"800\" height=\"533\" title=\"\" srcset=\"https:\/\/www.pandamech.com\/wp-content\/uploads\/2022\/08\/8-1.jpg 800w, https:\/\/www.pandamech.com\/wp-content\/uploads\/2022\/08\/8-1-300x200.jpg 300w, https:\/\/www.pandamech.com\/wp-content\/uploads\/2022\/08\/8-1-500x333.jpg 500w, https:\/\/www.pandamech.com\/wp-content\/uploads\/2022\/08\/8-1-18x12.jpg 18w\" sizes=\"(max-width: 800px) 100vw, 800px\" \/><\/p>\n<p>Remorques ch\u00e2ssis 40Ft 2 essieux \u00e0 vendre<\/p>\n<p><img decoding=\"async\" class=\"alignnone wp-image-31476 size-full\" src=\"https:\/\/pandamech.com\/wp-content\/uploads\/2021\/08\/7-129.jpg\" alt=\"2 essieux 40ft container chassis trailers\" width=\"800\" height=\"533\" title=\"\"><\/p>\n<p>2 essieux 40Ft container chassis trailer for sale<\/p>\n<p>En rapport : <a href=\"https:\/\/www.pandamech.com\/france\/product\/20ft-container-chassis-trailer-for-sale\/\" target=\"_blank\" rel=\"noopener\">Ch\u00e2ssis porte-conteneurs \u00e0 3 essieux<\/a>, <a href=\"https:\/\/www.pandamech.com\/france\/product\/20ft-container-chassis-trailer-for-sale\/\" target=\"_blank\" rel=\"noopener\">Ch\u00e2ssis de conteneur de 20 pieds<\/a><\/p>\n<h2>2 Axle 40Ft chassis trailer video<\/h2>\n<p><iframe style=\"width: 800px;\" src=\"https:\/\/www.youtube.com\/embed\/gpYCqZAGdAk?rel=0\" height=\"533\" frameborder=\"0\" scrolling=\"no\" allowfullscreen=\"allowfullscreen\"><\/iframe><\/p>\n<h2>2 Axle 40Ft chassis trailer specification<\/h2>\n<table style=\"width: 800px;\" border=\"1\" cellspacing=\"1\" cellpadding=\"1\">\n<tbody>\n<tr>\n<td width=\"208\" height=\"32\">Dimension<\/td>\n<td width=\"457\">12500*2500*1550mm<\/td>\n<\/tr>\n<tr>\n<td height=\"32\">Poids<\/td>\n<td>6000Kg<\/td>\n<\/tr>\n<tr>\n<td height=\"32\">Poutre principale<\/td>\n<td>\u201cSection \u201dI\" hauteur 500mm mat\u00e9riau Q345\/T700<\/td>\n<\/tr>\n<tr>\n<td height=\"32\">Serrure tournante<\/td>\n<td>12\/14 fixer la norme ISO<\/td>\n<\/tr>\n<tr>\n<td height=\"32\">Suspension<\/td>\n<td>M\u00e9canique \/ Air \/ Bogie<\/td>\n<\/tr>\n<tr>\n<td height=\"32\">Essieu<\/td>\n<td>2 essieux BPW\/FUWA\/PDME etc.<\/td>\n<\/tr>\n<tr>\n<td height=\"32\">Jante<\/td>\n<td>8\/12 pi\u00e8ces 9.0-22.5 Acier\/Aluminium<\/td>\n<\/tr>\n<tr>\n<td height=\"32\">Pneu<\/td>\n<td>8\/12 pi\u00e8ces 12R22.5 Bridgestone\/Triangle\/Linglong etc.<\/td>\n<\/tr>\n<tr>\n<td height=\"32\">Valve de frein<\/td>\n<td>WABCO<\/td>\n<\/tr>\n<tr>\n<td height=\"32\">Chambre de frein<\/td>\n<td>4\/6 ensembles T30\/30<\/td>\n<\/tr>\n<tr>\n<td height=\"32\">Tuyau de frein<\/td>\n<td>Tube en fil de nylon<\/td>\n<\/tr>\n<tr>\n<td height=\"32\">Train d'atterrissage<\/td>\n<td>28T Levage JOST\/YAHUA<\/td>\n<\/tr>\n<tr>\n<td height=\"32\">Kingpin<\/td>\n<td>2\u2033(50mm)\/3.5\u2033(90mm) JOST Type de boulonnage<\/td>\n<\/tr>\n<tr>\n<td height=\"32\">Lumi\u00e8res<\/td>\n<td>12v\/24v LED \u00e9tanche<\/td>\n<\/tr>\n<\/tbody>\n<\/table>\n<h2>2 Axle 40Ft chassis trailer application<\/h2>\n<p>Le ch\u00e2ssis-remorque de 40 pieds \u00e0 2 essieux est g\u00e9n\u00e9ralement utilis\u00e9 dans les ports, les navires, les routes, les ponts, les tunnels et les stations de transfert, pour soutenir les syst\u00e8mes logistiques de transport multimodal.<\/p>\n<p>La remorque squelette de 40 pieds \u00e0 2 essieux est principalement utilis\u00e9e pour le transport \u00e0 moyenne et longue distance et est g\u00e9n\u00e9ralement utilis\u00e9e pour transporter des conteneurs. Selon vos besoins, nous fournissons de 4 \u00e0 14 jeux de serrures.<\/p>\n<h2>2 Axle 40Ft chassis trailer features<\/h2>\n<ul>\n<li data-start=\"343\" data-end=\"523\">\n<p data-start=\"345\" data-end=\"523\"><strong data-start=\"345\" data-end=\"357\" data-is-only-node=\"\">Kingpin :<\/strong> Le pivot d'attelage boulonn\u00e9 JOST, interchangeable sur le terrain entre 2 pouces et 3,5 pouces, r\u00e9pond aux besoins des flottes mixtes et aux exigences et r\u00e9glementations r\u00e9gionales en mati\u00e8re de poids \u00e0 l'essieu dans le monde entier.<\/p>\n<\/li>\n<li data-start=\"525\" data-end=\"703\">\n<p data-start=\"527\" data-end=\"703\"><strong data-start=\"527\" data-end=\"536\" data-is-only-node=\"\">Essieu :<\/strong> Essieux BPW, FUWA ou PD disponibles ; les roulements et les joints \u00e0 longue dur\u00e9e de vie r\u00e9duisent les intervalles d'entretien, ce qui permet d'effectuer des trajets \u00e0 grande distance avec des performances d'alignement fiables.<\/p>\n<\/li>\n<li data-start=\"705\" data-end=\"864\">\n<p data-start=\"707\" data-end=\"864\"><strong data-start=\"707\" data-end=\"716\" data-is-only-node=\"\">Pneu :<\/strong> Pneus de premi\u00e8re cat\u00e9gorie en option ; les dimensions et les indices de pliage peuvent \u00eatre adapt\u00e9s aux limites de poids de l'itin\u00e9raire, aux objectifs de rendement \u00e9nerg\u00e9tique et aux exigences r\u00e9gionales en mati\u00e8re de conditions routi\u00e8res.<\/p>\n<\/li>\n<li data-start=\"866\" data-end=\"1050\">\n<p data-start=\"868\" data-end=\"1050\"><strong data-start=\"868\" data-end=\"876\" data-is-only-node=\"\">Jambes :<\/strong> Jantes en acier ou en aluminium de haute qualit\u00e9, pilot\u00e9es par le moyeu, prot\u00e9g\u00e9es contre la corrosion, s\u00e9lectionn\u00e9es pour la r\u00e9duction du poids, la dissipation de la chaleur et la durabilit\u00e9 sur de longues distances en cas de cycles de charge \u00e9lev\u00e9s.<\/p>\n<\/li>\n<li data-start=\"1052\" data-end=\"1218\">\n<p data-start=\"1054\" data-end=\"1218\"><strong data-start=\"1054\" data-end=\"1069\" data-is-only-node=\"\">Suspension :<\/strong> Suspension m\u00e9canique renforc\u00e9e avec \u00e9galisateur et ressorts multilames ; meilleure stabilit\u00e9 en roulis et absorption des chocs sur les terminaux et les routes irr\u00e9guli\u00e8res.<\/p>\n<\/li>\n<\/ul>\n<h2>2 Axle 40Ft Chassis Trailer Manufacturer<\/h2>\n<p>Panda Mech est un fabricant chinois de remorques \u00e0 ch\u00e2ssis \u00e0 2 essieux. Nous fournissons des remorques squelettiques \u00e0 2 essieux \u00e0 vendre. Les fabricants de PANDA MECH ont r\u00e9ussi en Asie du Sud-Est, au Moyen-Orient, en Afrique et en Am\u00e9rique du Sud, tels que les Philippines, la Tanzanie, le Nig\u00e9ria, etc...<\/p>\n<p><a href=\"\/france\/contact-us\/\" rel=\"nofollow\"><img decoding=\"async\" src=\"https:\/\/pandamech.com\/wp-content\/uploads\/u_file\/db8ce19fe3.jpg\" alt=\"Ch\u00e2ssis de conteneur de 40 pieds\" title=\"\"><\/a><\/p>\n<p>FAQ<\/p>\n<h3>A quoi sert une remorque \u00e0 ch\u00e2ssis de 40 pieds \u00e0 2 essieux ?<\/h3>\n<p data-start=\"1609\" data-end=\"1759\">Il est con\u00e7u pour transporter des conteneurs de 20 ou 40 pieds dans les ports, les terminaux et sur de longues distances.<\/p>\n<h3 data-start=\"1764\" data-end=\"1908\"><strong data-start=\"1764\" data-end=\"1812\">Combien co\u00fbte un ch\u00e2ssis-remorque \u00e0 2 essieux de 40 pieds ?<\/strong><\/h3>\n<p data-start=\"1764\" data-end=\"1908\">Fourchettes de prix d'usine <strong data-start=\"1836\" data-end=\"1853\">$7,600-15,200<\/strong>, selon la suspension, les pneus et les pi\u00e8ces en option.<\/p>\n<h3 data-start=\"1913\" data-end=\"2106\"><strong data-start=\"1913\" data-end=\"1976\">Quelle est la diff\u00e9rence entre un ch\u00e2ssis \u00e0 2 essieux et un ch\u00e2ssis \u00e0 3 essieux ?<\/strong><\/h3>\n<p data-start=\"1913\" data-end=\"2106\">Un ch\u00e2ssis \u00e0 2 essieux est plus l\u00e9ger, moins co\u00fbteux et convient aux charges l\u00e9g\u00e8res, tandis qu'un ch\u00e2ssis \u00e0 3 essieux supporte des conteneurs plus lourds.<\/p>\n<h3 data-start=\"2111\" data-end=\"2242\"><strong data-start=\"2111\" data-end=\"2172\">Quelles sont les dimensions d'un ch\u00e2ssis-remorque de 40 pieds \u00e0 deux essieux ?<\/strong><\/h3>\n<p data-start=\"2111\" data-end=\"2242\">Dimensions standard : 12 500 \u00d7 2 500 \u00d7 1 550 mm, poids \u00e0 vide \u2248 6 000 kg.<\/p>\n<h3 data-start=\"2247\" data-end=\"2383\"><strong data-start=\"2247\" data-end=\"2295\">Un ch\u00e2ssis \u00e0 deux essieux peut-il transporter un conteneur de 20 pieds ?<\/strong><\/h3>\n<p data-start=\"2247\" data-end=\"2383\">Oui, il peut transporter un conteneur ISO de 1\u00d720ft ou 1\u00d740ft, s\u00e9curis\u00e9 par des verrous tournants ISO.<\/p>\n<p><!--\u04bb?\u043f?\u02bc--><\/p>","protected":false},"excerpt":{"rendered":"<p>Type : Semi-remorque squelettique de 40 pieds \u00e0 2 essieux<\/p>\n<p>Gamme de prix : $7 600-15 200<\/p>\n<p>Livraison : 7-25 jours<\/p>\n<p>Application : conteneur de transport<\/p>\n<p>Capacit\u00e9 de charge : 20-50 tonnes<\/p>","protected":false},"featured_media":58500,"template":"","meta":{"_acf_changed":false,"_kad_blocks_custom_css":"","_kad_blocks_head_custom_js":"","_kad_blocks_body_custom_js":"","_kad_blocks_footer_custom_js":"","_kad_post_transparent":"default","_kad_post_title":"","_kad_post_layout":"default","_kad_post_sidebar_id":"","_kad_post_content_style":"default","_kad_post_vertical_padding":"default","_kad_post_feature":"","_kad_post_feature_position":"","_kad_post_header":false,"_kad_post_footer":false,"_kad_post_classname":""},"product_brand":[],"product_cat":[103],"product_tag":[],"class_list":{"0":"post-1159","1":"product","2":"type-product","3":"status-publish","4":"has-post-thumbnail","6":"product_cat-container-chassis-trailer","8":"first","9":"instock","10":"sold-individually","11":"shipping-taxable","12":"purchasable","13":"product-type-simple","14":"entry","15":"content-bg","16":"loop-entry"},"acf":[],"taxonomy_info":{"product_cat":[{"value":103,"label":"Container Chassis"}]},"featured_image_src_large":["https:\/\/www.pandamech.com\/wp-content\/uploads\/2023\/05\/3-500x500.jpg",500,500,true],"author_info":[],"comment_info":"","_links":{"self":[{"href":"https:\/\/www.pandamech.com\/france\/wp-json\/wp\/v2\/product\/1159","targetHints":{"allow":["GET"]}}],"collection":[{"href":"https:\/\/www.pandamech.com\/france\/wp-json\/wp\/v2\/product"}],"about":[{"href":"https:\/\/www.pandamech.com\/france\/wp-json\/wp\/v2\/types\/product"}],"version-history":[{"count":4,"href":"https:\/\/www.pandamech.com\/france\/wp-json\/wp\/v2\/product\/1159\/revisions"}],"predecessor-version":[{"id":91618,"href":"https:\/\/www.pandamech.com\/france\/wp-json\/wp\/v2\/product\/1159\/revisions\/91618"}],"wp:featuredmedia":[{"embeddable":true,"href":"https:\/\/www.pandamech.com\/france\/wp-json\/wp\/v2\/media\/58500"}],"wp:attachment":[{"href":"https:\/\/www.pandamech.com\/france\/wp-json\/wp\/v2\/media?parent=1159"}],"wp:term":[{"taxonomy":"product_brand","embeddable":true,"href":"https:\/\/www.pandamech.com\/france\/wp-json\/wp\/v2\/product_brand?post=1159"},{"taxonomy":"product_cat","embeddable":true,"href":"https:\/\/www.pandamech.com\/france\/wp-json\/wp\/v2\/product_cat?post=1159"},{"taxonomy":"product_tag","embeddable":true,"href":"https:\/\/www.pandamech.com\/france\/wp-json\/wp\/v2\/product_tag?post=1159"}],"curies":[{"name":"wp","href":"https:\/\/api.w.org\/{rel}","templated":true}]}}