{"id":37935,"date":"2025-08-20T12:27:44","date_gmt":"2025-08-20T04:27:44","guid":{"rendered":"https:\/\/pandamech.com\/?post_type=product&#038;p=37935"},"modified":"2025-08-24T13:52:25","modified_gmt":"2025-08-24T05:52:25","slug":"50-yard-dump-trailer-for-sale","status":"publish","type":"product","link":"https:\/\/www.pandamech.com\/arabic\/product\/50-yard-dump-trailer-for-sale\/","title":{"rendered":"\u0645\u0642\u0637\u0648\u0631\u0629 \u0642\u0644\u0627\u0628\u0629 50 \u064a\u0627\u0631\u062f\u0629 \u0644\u0644\u0628\u064a\u0639"},"content":{"rendered":"<p>\u0627\u0644 50 \u064a\u0627\u0631\u062f\u0629 <a href=\"https:\/\/www.pandamech.com\/arabic\/category\/tipper-trailer\/semi-dump-trailer\/\" target=\"_blank\" rel=\"noopener\">\u0634\u0627\u062d\u0646\u0629 \u0646\u0635\u0641 \u0645\u0642\u0637\u0648\u0631\u0629 \u0642\u0644\u0627\u0628\u0629 \u0637\u0631\u0641\u064a\u0629<\/a>, \u062a\u064f\u0639\u0631\u0641 \u0623\u064a\u0636\u0627\u064b \u0628\u0627\u0633\u0645 \u0627\u0644\u0645\u0642\u0637\u0648\u0631\u0629 \u0627\u0644\u0642\u0644\u0627\u0628\u0629 \u0627\u0644\u062e\u0644\u0641\u064a\u0629\u060c \u0648\u062a\u062a\u0643\u0648\u0646 \u0645\u0646 \u0647\u064a\u0643\u0644 \u0648\u0635\u0646\u062f\u0648\u0642 \u0648\u0646\u0638\u0627\u0645 \u0631\u0641\u0639. \u062a\u0639\u0645\u0644 \u0627\u0644\u0645\u0642\u0637\u0648\u0631\u0629 \u0628\u0627\u0633\u062a\u062e\u062f\u0627\u0645 \u0645\u0642\u0627\u0628\u0636 \u0627\u0644\u062a\u062d\u0643\u0645 \u0627\u0644\u0630\u0627\u062a\u064a (PTO) \u0644\u062a\u0632\u0648\u064a\u062f \u0627\u0644\u0623\u0633\u0637\u0648\u0627\u0646\u0629 \u0628\u0627\u0644\u0632\u064a\u062a\u060c \u0645\u0645\u0627 \u064a\u0624\u062f\u064a \u0625\u0644\u0649 \u0631\u0641\u0639 \u0627\u0644\u0635\u0646\u062f\u0648\u0642 \u0648\u062a\u0641\u0631\u064a\u063a \u0627\u0644\u062d\u0645\u0648\u0644\u0629 \u0648\u062a\u062d\u0633\u064a\u0646 \u0643\u0641\u0627\u0621\u0629 \u0627\u0644\u062a\u0641\u0631\u064a\u063a.<\/p>\n<p>\u062a\u064f\u0633\u062a\u062e\u062f\u0645 \u0627\u0644\u0645\u0642\u0637\u0648\u0631\u0629 \u0627\u0644\u0642\u0644\u0627\u0628\u0629 50 \u064a\u0627\u0631\u062f\u0629 \u0639\u0644\u0649 \u0646\u0637\u0627\u0642 \u0648\u0627\u0633\u0639 \u0641\u064a \u0645\u0635\u0627\u0646\u0639 \u0627\u0644\u062d\u062c\u0631 \u0627\u0644\u0631\u0645\u0644\u064a\u060c \u0648\u0645\u0648\u0627\u0642\u0639 \u0627\u0644\u0628\u0646\u0627\u0621\u060c \u0648\u0627\u0644\u0645\u0646\u0627\u062c\u0645 \u0644\u0646\u0642\u0644 \u0627\u0644\u0645\u0648\u0627\u062f \u0645\u062b\u0644 \u0627\u0644\u0631\u0645\u0627\u0644\u060c \u0648\u0627\u0644\u062d\u0635\u0649\u060c \u0648\u0627\u0644\u062d\u0635\u0649\u060c \u0648\u0627\u0644\u062d\u0641\u0631\u060c \u0648\u0645\u062e\u0644\u0641\u0627\u062a \u0627\u0644\u062a\u0639\u062f\u064a\u0646.<\/p>\n<h2>\u0635\u0648\u0631 \u0645\u0642\u0637\u0648\u0631\u0629 \u0642\u0644\u0627\u0628\u0629 50 \u064a\u0627\u0631\u062f\u0629<\/h2>\n<p><img fetchpriority=\"high\" decoding=\"async\" class=\"alignnone\" src=\"\/wp-content\/uploads\/u_file\/cc98034475.jpg\" alt=\"3 \u0645\u062d\u0627\u0648\u0631 \u0645\u0642\u0637\u0648\u0631\u0629 \u0642\u0644\u0627\u0628\u0629 50 \u064a\u0627\u0631\u062f\u0629 \u0644\u0644\u0628\u064a\u0639\" width=\"800\" height=\"533\" title=\"\"><\/p>\n<p>\u0627\u0644\u0634\u0631\u0643\u0629 \u0627\u0644\u0645\u0635\u0646\u0639\u0629 \u0644\u0634\u0628\u0647 \u0627\u0644\u0645\u0642\u0637\u0648\u0631\u0629 \u0627\u0644\u0642\u0644\u0627\u0628\u0629 \u0630\u0627\u062a 3 \u0645\u062d\u0627\u0648\u0631 50 \u064a\u0627\u0631\u062f\u0629<img decoding=\"async\" class=\"alignnone\" style=\"letter-spacing: 0.015em;\" src=\"\/wp-content\/uploads\/u_file\/ae57e85ec2.jpg\" alt=\"3 \u0645\u062d\u0627\u0648\u0631 \u0645\u0642\u0637\u0648\u0631\u0629 \u0642\u0644\u0627\u0628\u0629 50 \u064a\u0627\u0631\u062f\u0629 \u0644\u0644\u0628\u064a\u0639\" width=\"800\" height=\"533\" title=\"\"><\/p>\n<p>\u0645\u0635\u0646\u0639 \u0646\u0635\u0641 \u0645\u0642\u0637\u0648\u0631\u0629 \u0642\u0644\u0627\u0628\u0629 50 \u064a\u0627\u0631\u062f\u0629<\/p>\n<p style=\"text-align: center;\"><a class=\"product_button\" href=\"#elementor-action%3Aaction%3Dpopup%3Aopen%26settings%3DeyJpZCI6Ijk5MDciLCJ0b2dnbGUiOmZhbHNlfQ%3D%3D\">\u0627\u0646\u0642\u0631 \u0644\u0644\u062d\u0635\u0648\u0644 \u0639\u0644\u0649 \u0627\u0644\u062a\u0641\u0627\u0635\u064a\u0644<\/a><\/p>\n<h2>\u0641\u064a\u062f\u064a\u0648 \u0645\u0642\u0637\u0648\u0631\u0629 \u0646\u0635\u0641 \u0645\u0642\u0637\u0648\u0631\u0629 \u0642\u0644\u0627\u0628\u0629<\/h2>\n<p><iframe title=\"\u0645\u0634\u063a\u0644 \u0641\u064a\u062f\u064a\u0648 \u064a\u0648\u062a\u064a\u0648\u0628\" src=\"https:\/\/www.youtube.com\/embed\/uV4awegJhLI\" width=\"800\" height=\"533\" frameborder=\"0\" allowfullscreen=\"allowfullscreen\" data-mce-fragment=\"1\"><\/iframe><\/p>\n<h2>\u0645\u0648\u0627\u0635\u0641\u0627\u062a \u0627\u0644\u0645\u0642\u0637\u0648\u0631\u0629 \u0627\u0644\u0642\u0644\u0627\u0628\u0629 50 \u064a\u0627\u0631\u062f\u0629<\/h2>\n<table style=\"width: 800px;\" border=\"1\" cellspacing=\"1\" cellpadding=\"1\">\n<tbody>\n<tr>\n<td width=\"313\">\u00a0\u0627\u0644\u0634\u0631\u0643\u0629 \u0627\u0644\u0645\u0635\u0646\u0639\u0629<\/td>\n<td width=\"425\">\u00a0\u0645\u0642\u0637\u0648\u0631\u0629 \u0642\u0644\u0627\u0628\u0629 \u0628\u0627\u0646\u062f\u0627 \u0645\u064a\u0643 50 \u064a\u0627\u0631\u062f\u0629<\/td>\n<\/tr>\n<tr>\n<td>\u00a0\u0627\u0644\u0628\u064f\u0639\u062f<\/td>\n<td>\u00a026\u2019\u00d7 8 \u00d7 8 \u00d7 6 \u00d7 11 \u00d7 4 \u0628\u0648\u0635\u0629\u060c 330 \u00d7 102 \u00d7 135 \u0628\u0648\u0635\u0629 (\u0627\u0644\u0637\u0648\u0644*\u0627\u0644\u0639\u0631\u0636*\u0627\u0644\u0637\u0648\u0644*\u0627\u0644\u0627\u0631\u062a\u0641\u0627\u0639)<\/td>\n<\/tr>\n<tr>\n<td>\u00a0\u0627\u0644\u062d\u062c\u0645<\/td>\n<td>\u00a030-60 \u0637\u0646<\/td>\n<\/tr>\n<tr>\n<td>\u00a0\u0627\u0644\u0637\u0627\u0628\u0642 \u0627\u0644\u0623\u0631\u0636\u064a<\/td>\n<td>\u00a06-8 \u0645\u0645<\/td>\n<\/tr>\n<tr>\n<td>\u00a0\u0627\u0644\u062c\u062f\u0627\u0631 \u0627\u0644\u062c\u0627\u0646\u0628\u064a<\/td>\n<td>\u00a03-5 \u0645\u0645<\/td>\n<\/tr>\n<tr>\n<td>\u00a0\u0634\u0639\u0627\u0639<\/td>\n<td>\u00a0\u0641\u0648\u0644\u0627\u0630 Domex 600 \u0623\u0648 \u0645\u0627 \u064a\u0633\u0627\u0648\u064a\u0647 \u0645\u0646 \u0627\u0644\u0641\u0648\u0644\u0627\u0630 \u201cI\u201d \u0645\u0632\u062f\u0648\u062c \u0627\u0644\u0645\u0642\u0637\u0639<\/td>\n<\/tr>\n<tr>\n<td>\u00a0\u0627\u0633\u0637\u0648\u0627\u0646\u0629<\/td>\n<td>\u00a06 \u0645\u062c\u0645\u0648\u0639\u0629 6 \u0627\u0633\u0637\u0648\u0627\u0646\u0629 \u0633\u0641\u0644\u064a\u0629 \u0645\u062c\u0645\u0648\u0639\u0629<\/td>\n<\/tr>\n<tr>\n<td>\u00a0\u0627\u0644\u0645\u062d\u0648\u0631<\/td>\n<td>\u00a03 \u0645\u062d\u0627\u0648\u0631<\/td>\n<\/tr>\n<tr>\n<td>\u00a0\u0627\u0644\u0625\u0637\u0627\u0631\u0627\u062a<\/td>\n<td>\u00a012.00R20 \/ 13R22.5 \u0623\u0648 \u062d\u0633\u0628 \u0627\u0644\u0637\u0644\u0628<\/td>\n<\/tr>\n<tr>\n<td>\u00a0\u0627\u0644\u062a\u0639\u0644\u064a\u0642<\/td>\n<td>\u00a0\u0645\u064a\u0643\u0627\u0646\u064a\u0643\u064a\/\u0647\u0648\u0627\u0626\u064a\/\u0639\u0631\u0628\u0629 \u0627\u062e\u062a\u064a\u0627\u0631\u064a\u0629<\/td>\n<\/tr>\n<tr>\n<td>\u00a0\u0627\u0644\u0633\u0627\u0642<\/td>\n<td>\u00a0\u0646\u0648\u0639 JOST \u0627\u0644\u0642\u0627\u0628\u0644 \u0644\u0644\u062a\u0628\u062f\u064a\u0644<\/td>\n<\/tr>\n<tr>\n<td>\u00a0\u0627\u0644\u0645\u0643\u0627\u0628\u062d<\/td>\n<td>\u00a0\u0646\u0638\u0627\u0645 \u0645\u0643\u0627\u0628\u062d \u0647\u0648\u0627\u0621 \u0645\u0632\u062f\u0648\u062c\u060c \u062d\u062c\u0631\u0629 \u0648\u0635\u0645\u0627\u0645 WABCO<\/td>\n<\/tr>\n<\/tbody>\n<\/table>\n<p style=\"text-align: center;\"><a class=\"product_button\" href=\"#elementor-action%3Aaction%3Dpopup%3Aopen%26settings%3DeyJpZCI6Ijk5MDciLCJ0b2dnbGUiOmZhbHNlfQ%3D%3D\">\u0627\u0646\u0642\u0631 \u0644\u0644\u062d\u0635\u0648\u0644 \u0639\u0644\u0649 \u0627\u0644\u062a\u0641\u0627\u0635\u064a\u0644<\/a><\/p>\n<h2>\u0645\u064a\u0632\u0629 \u0627\u0644\u0645\u0642\u0637\u0648\u0631\u0629 \u0627\u0644\u0642\u0644\u0627\u0628\u0629 50 \u064a\u0627\u0631\u062f\u0629<\/h2>\n<p><strong>\u0627\u0644\u0623\u0642\u0648\u0627\u0633<\/strong>:: \u0623\u0643\u062b\u0631 \u0645\u0642\u0627\u0648\u0645\u0629 \u0644\u0644\u0625\u062c\u0647\u0627\u062f \u0648\u0627\u0644\u062a\u0639\u0628\u060c \u0645\u0645\u0627 \u064a\u0636\u0645\u0646 \u0642\u062f\u0631\u062a\u0647\u0627 \u0639\u0644\u0649 \u062a\u062d\u0645\u0644 \u0627\u0644\u0627\u0633\u062a\u062e\u062f\u0627\u0645 \u0627\u0644\u0643\u062b\u064a\u0641 \u0628\u0645\u0631\u0648\u0631 \u0627\u0644\u0648\u0642\u062a.<\/p>\n<p><strong>\u0639\u0645\u0648\u062f \u0627\u0644\u0625\u0645\u0627\u0644\u0629<\/strong>: \u064a\u062a\u0645\u064a\u0632 \u0639\u0645\u0648\u062f \u0627\u0644\u0625\u0645\u0627\u0644\u0629 \u0628\u062a\u0635\u0645\u064a\u0645 \u0645\u062a\u064a\u0646 \u064a\u0633\u0627\u0639\u062f \u0639\u0644\u0649 \u062f\u0639\u0645 \u0627\u0644\u062a\u0634\u063a\u064a\u0644 \u0627\u0644\u0645\u0633\u062a\u0642\u0631 \u0639\u0646\u062f \u0627\u0644\u0625\u0645\u0627\u0644\u0629\u060c \u0645\u0645\u0627 \u064a\u062c\u0639\u0644\u0647 \u0623\u0643\u062b\u0631 \u0645\u062a\u0627\u0646\u0629 \u0648\u0623\u0645\u0627\u0646\u064b\u0627 \u0641\u064a \u0627\u0644\u0627\u0633\u062a\u062e\u062f\u0627\u0645.<\/p>\n<p><strong>\u0627\u0644\u062a\u062e\u0644\u0635 \u0645\u0646<\/strong>: \u062a\u0635\u0645\u064a\u0645 \u0645\u062a\u064a\u0646 \u064a\u0648\u0641\u0631 \u062a\u0634\u063a\u064a\u0644\u064b\u0627 \u062f\u0642\u064a\u0642\u064b\u0627 \u0648\u064a\u062d\u0645\u064a \u0627\u0644\u0635\u0646\u062f\u0648\u0642\u060c \u0645\u0645\u0627 \u064a\u0636\u0645\u0646 \u0639\u0645\u0644\u0647 \u0628\u0623\u0645\u0627\u0646.<\/p>\n<p><strong>\u0646\u0638\u0627\u0645 \u0627\u0644\u0631\u0628\u0637<\/strong>: \u0646\u0638\u0627\u0645 \u0631\u0628\u0637 \u0644\u0644\u0628\u0627\u0628 \u0627\u0644\u062e\u0644\u0641\u064a \u0645\u0632\u0648\u062f \u0628\u0642\u0641\u0644 \u0623\u0648\u062a\u0648\u0645\u0627\u062a\u064a\u0643\u064a \u064a\u062d\u0633\u0646 \u0627\u0644\u0643\u0641\u0627\u0621\u0629 \u0641\u064a \u0627\u0644\u0639\u0645\u0644. \u062a\u0635\u0645\u064a\u0645 \u0642\u0627\u0628\u0644 \u0644\u0644\u062a\u0639\u062f\u064a\u0644 \u0648\u0633\u0647\u0648\u0644\u0629 \u0627\u0644\u0635\u064a\u0627\u0646\u0629 \u0648\u0627\u0644\u0627\u0633\u062a\u0628\u062f\u0627\u0644.<\/p>\n<h2>\u0645\u0642\u0637\u0648\u0631\u0629 \u0642\u0644\u0627\u0628\u0629 50 \u064a\u0627\u0631\u062f\u0629 \u0644\u0644\u0628\u064a\u0639<\/h2>\n<p style=\"text-align: left;\">\u0628\u0627\u0646\u062f\u0627 \u0645\u064a\u0643 \u0647\u064a \u0634\u0631\u0643\u0629 \u062a\u0635\u0646\u064a\u0639 \u0645\u0642\u0637\u0648\u0631\u0627\u062a \u0642\u0644\u0627\u0628\u0629 50 \u064a\u0627\u0631\u062f\u0629 \u0645\u0646 \u0627\u0644\u0635\u064a\u0646. \u0646\u062d\u0646 \u062a\u0648\u0631\u064a\u062f \u0645\u0642\u0637\u0648\u0631\u0627\u062a \u0642\u0644\u0627\u0628\u0629 50 \u064a\u0627\u0631\u062f\u0629 \u0644\u0644\u0628\u064a\u0639. \u0644\u0642\u062f \u062d\u0642\u0642 \u0645\u0635\u0646\u0639\u0648 PANDA MECH \u0646\u062c\u0627\u062d\u064b\u0627 \u0641\u064a \u062c\u0646\u0648\u0628 \u0634\u0631\u0642 \u0622\u0633\u064a\u0627 \u0648\u0627\u0644\u0634\u0631\u0642 \u0627\u0644\u0623\u0648\u0633\u0637 \u0648\u0623\u0641\u0631\u064a\u0642\u064a\u0627 \u0648\u0623\u0645\u0631\u064a\u0643\u0627 \u0627\u0644\u062c\u0646\u0648\u0628\u064a\u0629\u060c \u0645\u062b\u0644 \u0627\u0644\u0641\u0644\u0628\u064a\u0646 \u0648\u062a\u0646\u0632\u0627\u0646\u064a\u0627 \u0648\u0646\u064a\u062c\u064a\u0631\u064a\u0627 \u0648\u063a\u064a\u0631\u0647\u0627 ...<\/p>\n<p style=\"text-align: left;\"><a href=\"\/arabic\/contact-us\/\" rel=\"nofollow\"><img decoding=\"async\" src=\"https:\/\/pandamech.com\/wp-content\/uploads\/u_file\/db8ce19fe3.jpg\" alt=\"\u0645\u0642\u0637\u0648\u0631\u0627\u062a \u0646\u0635\u0641 \u0627\u0644\u0645\u0642\u0637\u0648\u0631\u0627\u062a \u0627\u0644\u0642\u0644\u0627\u0628\u0629\" title=\"\"><\/a><\/p>\n<p>\u0630\u0627\u062a \u0635\u0644\u0629:<\/p>\n<p><a href=\"https:\/\/www.pandamech.com\/arabic\/product\/wholesale-70-ton-dump-trailer\/\">\u0645\u0642\u0637\u0648\u0631\u0629 \u062a\u0641\u0631\u064a\u063a 60 \u064a\u0627\u0631\u062f\u0629<\/a><\/p>","protected":false},"excerpt":{"rendered":"<p><strong>\u0627\u0644\u0637\u0631\u0627\u0632<\/strong>: 50 \u064a\u0627\u0631\u062f\u0629<\/p>\n<p><strong>\u0646\u0637\u0627\u0642 \u0627\u0644\u0633\u0639\u0631<\/strong>: 16,000-35,000 \u062f\u0648\u0644\u0627\u0631 \u0623\u0645\u0631\u064a\u0643\u064a<\/p>\n<p><strong>\u062a\u0627\u0631\u064a\u062e \u0627\u0644\u062a\u0633\u0644\u064a\u0645<\/strong>:: 7-25 \u064a\u0648\u0645\u0627<\/p>\n<p><strong>\u0627\u0644\u062a\u0637\u0628\u064a\u0642<\/strong>:: \u0646\u0642\u0644 \u0627\u0644\u0641\u062d\u0645 \u0648\u0627\u0644\u062e\u0627\u0645 \u0648\u0645\u0648\u0627\u062f \u0627\u0644\u0628\u0646\u0627\u0621<\/p>\n<p><strong>\u0632\u0627\u0648\u064a\u0629 \u0627\u0644\u0645\u064a\u0644<\/strong>: 45\u00b0<\/p>\n<p><strong>\u0627\u0644\u0646\u0638\u0627\u0645 \u0627\u0644\u0647\u064a\u062f\u0631\u0648\u0644\u064a\u0643\u064a<\/strong>: \u0623\u0633\u0637\u0648\u0627\u0646\u0629 \u0647\u064a\u0641\u0627<\/p>","protected":false},"featured_media":57742,"template":"","meta":{"_acf_changed":false,"_kad_blocks_custom_css":"","_kad_blocks_head_custom_js":"","_kad_blocks_body_custom_js":"","_kad_blocks_footer_custom_js":"","_kad_post_transparent":"default","_kad_post_title":"","_kad_post_layout":"default","_kad_post_sidebar_id":"","_kad_post_content_style":"default","_kad_post_vertical_padding":"default","_kad_post_feature":"","_kad_post_feature_position":"","_kad_post_header":false,"_kad_post_footer":false,"_kad_post_classname":""},"product_brand":[],"product_cat":[172],"product_tag":[],"class_list":{"0":"post-37935","1":"product","2":"type-product","3":"status-publish","4":"has-post-thumbnail","6":"product_cat-dump-truck-trailer","8":"first","9":"instock","10":"sold-individually","11":"shipping-taxable","12":"purchasable","13":"product-type-simple","14":"entry","15":"content-bg","16":"loop-entry"},"acf":[],"taxonomy_info":{"product_cat":[{"value":172,"label":"Dump Truck Trailer"}]},"featured_image_src_large":["https:\/\/www.pandamech.com\/wp-content\/uploads\/2022\/08\/2-20-500x500.jpg",500,500,true],"author_info":[],"comment_info":"","_links":{"self":[{"href":"https:\/\/www.pandamech.com\/arabic\/wp-json\/wp\/v2\/product\/37935","targetHints":{"allow":["GET"]}}],"collection":[{"href":"https:\/\/www.pandamech.com\/arabic\/wp-json\/wp\/v2\/product"}],"about":[{"href":"https:\/\/www.pandamech.com\/arabic\/wp-json\/wp\/v2\/types\/product"}],"version-history":[{"count":3,"href":"https:\/\/www.pandamech.com\/arabic\/wp-json\/wp\/v2\/product\/37935\/revisions"}],"predecessor-version":[{"id":91529,"href":"https:\/\/www.pandamech.com\/arabic\/wp-json\/wp\/v2\/product\/37935\/revisions\/91529"}],"wp:featuredmedia":[{"embeddable":true,"href":"https:\/\/www.pandamech.com\/arabic\/wp-json\/wp\/v2\/media\/57742"}],"wp:attachment":[{"href":"https:\/\/www.pandamech.com\/arabic\/wp-json\/wp\/v2\/media?parent=37935"}],"wp:term":[{"taxonomy":"product_brand","embeddable":true,"href":"https:\/\/www.pandamech.com\/arabic\/wp-json\/wp\/v2\/product_brand?post=37935"},{"taxonomy":"product_cat","embeddable":true,"href":"https:\/\/www.pandamech.com\/arabic\/wp-json\/wp\/v2\/product_cat?post=37935"},{"taxonomy":"product_tag","embeddable":true,"href":"https:\/\/www.pandamech.com\/arabic\/wp-json\/wp\/v2\/product_tag?post=37935"}],"curies":[{"name":"\u062f\u0628\u0644\u064a\u0648 \u0628\u064a","href":"https:\/\/api.w.org\/{rel}","templated":true}]}}