{"id":21502,"date":"2022-07-23T19:03:34","date_gmt":"2022-07-23T11:03:34","guid":{"rendered":"http:\/\/pandamech.com\/?post_type=product&#038;p=21502"},"modified":"2026-01-05T16:11:34","modified_gmt":"2026-01-05T08:11:34","slug":"4-axle-fence-semi-trailer","status":"publish","type":"product","link":"https:\/\/www.pandamech.com\/arabic\/product\/4-axle-fence-semi-trailer\/","title":{"rendered":"\u0645\u0642\u0637\u0648\u0631\u0629 \u0646\u0635\u0641 \u0645\u0642\u0637\u0648\u0631\u0629 \u0633\u064a\u0627\u062c 4 \u0645\u062d\u0627\u0648\u0631"},"content":{"rendered":"<p>\u062a\u0633\u062a\u062e\u062f\u0645 \u0634\u0627\u062d\u0646\u0629 \u0646\u0635\u0641 \u0627\u0644\u0645\u0642\u0637\u0648\u0631\u0629 \u0627\u0644\u0633\u064a\u0627\u062c \u0634\u0627\u062d\u0646\u0629 \u0646\u0635\u0641 \u0645\u0642\u0637\u0648\u0631\u0629 \u0645\u0635\u0645\u0645\u0629 \u0628\u0647\u064a\u0643\u0644 \u0633\u064a\u0627\u062c. \u0648\u0627\u0644\u063a\u0631\u0636 \u0627\u0644\u0631\u0626\u064a\u0633\u064a \u0644\u0645\u0639\u0638\u0645 \u0627\u0644\u0645\u0631\u0643\u0628\u0627\u062a \u0647\u0648 \u0646\u0642\u0644 \u0627\u0644\u0645\u0646\u062a\u062c\u0627\u062a \u0627\u0644\u0632\u0631\u0627\u0639\u064a\u0629 \u0648\u0627\u0644\u0647\u0627\u0645\u0634\u064a\u0629 \u0645\u062b\u0644 \u0627\u0644\u0641\u0648\u0627\u0643\u0647 \u0648\u0627\u0644\u062e\u0636\u0631\u0648\u0627\u062a \u0648\u0628\u0639\u0636 \u0627\u0644\u0645\u0633\u062a\u0644\u0632\u0645\u0627\u062a \u0627\u0644\u064a\u0648\u0645\u064a\u0629 \u0648\u0623\u0646\u0648\u0627\u0639 \u0623\u062e\u0631\u0649 \u0645\u0646 \u0627\u0644\u0633\u0644\u0639 \u0627\u0644\u0631\u063a\u0648\u064a\u0629 \u0627\u0644\u062e\u0641\u064a\u0641\u0629 \u0627\u0644\u062a\u064a \u0646\u0633\u062a\u062e\u062f\u0645\u0647\u0627 \u0641\u064a \u062d\u064a\u0627\u062a\u0646\u0627.<\/p>\n<h2>\u0645\u0648\u0627\u0635\u0641\u0627\u062a \u0646\u0635\u0641 \u0645\u0642\u0637\u0648\u0631\u0629 \u0633\u064a\u0627\u062c 4 \u0645\u062d\u0627\u0648\u0631<\/h2>\n<table style=\"width: 800px;\" border=\"1\" cellspacing=\"1\" cellpadding=\"1\">\n<tbody>\n<tr>\n<td width=\"155\" height=\"36\">\u00a0\u0627\u0644\u0639\u0644\u0627\u0645\u0629 \u0627\u0644\u062a\u062c\u0627\u0631\u064a\u0629<\/td>\n<td width=\"636\">\u00a0\u0628\u0627\u0646\u062f\u0627 \u0645\u064a\u0643\u0627\u0646\u064a\u0643\u064a\u0629 \u0630\u0627\u062a 4 \u0645\u062d\u0627\u0648\u0631 \u0634\u0628\u0647 \u0645\u0642\u0637\u0648\u0631\u0629 \u0633\u064a\u0627\u062c \u0646\u0635\u0641 \u0645\u0642\u0637\u0648\u0631\u0629<\/td>\n<\/tr>\n<tr>\n<td height=\"36\">\u00a0\u0627\u0644\u062d\u0645\u0648\u0644\u0629<\/td>\n<td>\u00a040,000 \u0643\u062c\u0645<\/td>\n<\/tr>\n<tr>\n<td height=\"36\">\u00a0\u0627\u0644\u0648\u0632\u0646 \u0627\u0644\u0641\u0627\u0631\u063a<\/td>\n<td>\u00a073,00 \u0643\u062c\u0645<\/td>\n<\/tr>\n<tr>\n<td height=\"36\">\u00a0\u0627\u0644\u0628\u064f\u0639\u062f<\/td>\n<td>\u00a013300 \u00d7 2500 \u00d7 2500 \u00d7 1550 \u0645\u0645 (\u0645\u0639 \u0633\u064a\u0627\u062c \u0642\u0627\u0628\u0644 \u0644\u0644\u0625\u0632\u0627\u0644\u0629 2200 \u0645\u0645)<\/td>\n<\/tr>\n<tr>\n<td height=\"36\">\u00a0\u0642\u0627\u0639\u062f\u0629 \u0627\u0644\u0639\u062c\u0644\u0627\u062a<\/td>\n<td>\u00a01310 \u0645\u0645<\/td>\n<\/tr>\n<tr>\n<td height=\"36\">\u00a0\u0627\u0644\u0634\u0639\u0627\u0639 \u0627\u0644\u0631\u0626\u064a\u0633\u064a<\/td>\n<td>\u00a0\u0627\u0631\u062a\u0641\u0627\u0639 \u0627\u0644\u0639\u0627\u0631\u0636\u0629 500 \u0645\u0645\u060c \u0627\u0644\u0644\u0648\u062d\u0629 \u0627\u0644\u0639\u0644\u0648\u064a\u0629 14 \u0645\u0645\u060c \u0627\u0644\u0644\u0648\u062d\u0629 \u0627\u0644\u0633\u0641\u0644\u064a\u0629 8 \u0645\u0645\u060c \u0627\u0644\u0644\u0648\u062d\u0629 \u0627\u0644\u0648\u0633\u0637\u0649 16 \u0645\u0645\u060c \u0645\u0635\u0646\u0648\u0639\u0629 \u0645\u0646 \u0627\u0644\u0641\u0648\u0644\u0627\u0630 Q345<\/td>\n<\/tr>\n<tr>\n<td height=\"36\">\u00a0\u0634\u0639\u0627\u0639 \u0639\u0631\u0636\u064a\/\u062c\u0627\u0646\u0628\u064a<\/td>\n<td>\u00a0Q235\u060c \u0642\u0646\u0627\u0629 \u0627\u0644\u0635\u0644\u0628 Q235<\/td>\n<\/tr>\n<tr>\n<td height=\"36\">\u00a0\u0627\u0644\u0637\u0627\u0628\u0642 \u0627\u0644\u0623\u0631\u0636\u064a<\/td>\n<td>\u00a0\u0635\u0641\u064a\u062d\u0629 \u0641\u0648\u0644\u0627\u0630\u064a\u0629 \u0645\u0627\u0633\u064a\u0629 3 \u0645\u0645<\/td>\n<\/tr>\n<tr>\n<td height=\"36\">\u00a0\u0627\u0644\u0637\u0644\u0627\u0621<\/td>\n<td>\u00a0\u0633\u0641\u0639 \u0643\u0627\u0645\u0644 \u0644\u0644\u0647\u064a\u0643\u0644 \u0628\u0627\u0644\u0631\u0645\u0644 \u0644\u062a\u0646\u0638\u064a\u0641 \u0627\u0644\u0635\u062f\u0623\u060c \u0648\u0637\u0628\u0642\u0629 \u0645\u0646 \u0627\u0644\u0637\u0644\u0627\u0621 \u0627\u0644\u0623\u0648\u0644\u064a \u0627\u0644\u0645\u0636\u0627\u062f \u0644\u0644\u062a\u0622\u0643\u0644\u060c \u0648\u0637\u0628\u0642\u062a\u064a\u0646 \u0645\u0646 \u0627\u0644\u0637\u0644\u0627\u0621 \u0627\u0644\u0646\u0647\u0627\u0626\u064a<\/td>\n<\/tr>\n<tr>\n<td height=\"36\">\u00a0\u0635\u0646\u062f\u0648\u0642 \u0627\u0644\u0623\u062f\u0648\u0627\u062a<\/td>\n<td>\u00a01\u0628\u064a\u0643\u064a\u0633<\/td>\n<\/tr>\n<tr>\n<td height=\"36\">\u00a0\u0627\u0644\u0644\u062d\u0627\u0645<\/td>\n<td>\u00a0\u0639\u0648\u0627\u0631\u0636 \u0627\u0644\u0623\u0639\u0636\u0627\u0621 \u0627\u0644\u0637\u0648\u064a\u0644\u0629 \u062a\u0643\u0648\u0646 \u0645\u0644\u062d\u0648\u0645\u0629 \u0628\u0642\u0648\u0633 CO2 \u0642\u0648\u0633 \u062b\u0627\u0646\u064a \u0623\u0643\u0633\u064a\u062f \u0627\u0644\u0643\u0631\u0628\u0648\u0646 \u0628\u0648\u0627\u0633\u0637\u0629 80% \u0627\u062e\u062a\u0631\u0627\u0642 \u0639\u0644\u0649 \u0627\u0644\u062c\u0627\u0646\u0628 \u0627\u0644\u062e\u0627\u0631\u062c\u064a \u0648\u0627\u0644\u062e\u0631\u0632.<\/td>\n<\/tr>\n<tr>\n<td height=\"36\">\u00a0\u0627\u0644\u0645\u062d\u0648\u0631<\/td>\n<td>\u00a04 \u0645\u062d\u0627\u0648\u0631\u060c FUWA\u060c BPW\u060c BPW<\/td>\n<\/tr>\n<tr>\n<td height=\"36\">\u00a0\u0627\u0644\u062a\u0639\u0644\u064a\u0642<\/td>\n<td>\u00a0\u062a\u0639\u0644\u064a\u0642 \u0645\u064a\u0643\u0627\u0646\u064a\u0643\u064a<\/td>\n<\/tr>\n<tr>\n<td height=\"36\">\u00a0\u0627\u0644\u0632\u0646\u0628\u0631\u0643 \u0627\u0644\u0648\u0631\u0642\u064a<\/td>\n<td>\u00a090 (\u0639\u0631\u0636) 90 \u0645\u0645 * 13 (\u0633\u0645\u0643) \u0645\u0645 * 10 \u0637\u0628\u0642\u0627\u062a<\/td>\n<\/tr>\n<tr>\n<td height=\"36\">\u00a0\u0627\u0644\u0625\u0637\u0627\u0631\u0627\u062a<\/td>\n<td>\u00a012R22.5.5\u060c 13 \u0642\u0637\u0639\u0629\u060c \u0625\u0637\u0627\u0631 \u0645\u062b\u0644\u062b<\/td>\n<\/tr>\n<tr>\n<td height=\"36\">\u00a0\u0631\u064a\u0645<\/td>\n<td>\u00a09.0-22.5<\/td>\n<\/tr>\n<tr>\n<td height=\"36\">\u00a0\u0643\u064a\u0646\u063a\u0628\u064a\u0646<\/td>\n<td>\u00a0\u062f\u0628\u0648\u0633 \u0645\u0644\u0643\u064a \u0645\u0646 \u0646\u0648\u0639 JOST \u0645\u062b\u0628\u062a \u0628\u0645\u0633\u0627\u0645\u064a\u0631 \u062a\u062b\u0628\u064a\u062a \u0645\u0646 \u0646\u0648\u0639 50 \u0645\u0645<\/td>\n<\/tr>\n<tr>\n<td height=\"36\">\u00a0\u0645\u0639\u062f\u0627\u062a \u0627\u0644\u0647\u0628\u0648\u0637<\/td>\n<td>\u00a0\u0633\u0631\u0639\u0629 \u0645\u0632\u062f\u0648\u062c\u0629\u060c 28 \u0637\u0646 \u062e\u0627\u0631\u062c\u064a 28 \u0637\u0646,<\/td>\n<\/tr>\n<tr>\n<td height=\"36\">\u00a0\u0646\u0638\u0627\u0645 \u0627\u0644\u0645\u0643\u0627\u0628\u062d<\/td>\n<td>\u00a0\u0635\u0645\u0627\u0645 WABCO \u0646\u0638\u0627\u0645 \u0627\u0644\u0643\u0628\u062d \u062b\u0646\u0627\u0626\u064a \u0627\u0644\u062e\u0637<\/td>\n<\/tr>\n<tr>\n<td height=\"36\">\u00a0\u0627\u0644\u0646\u0638\u0627\u0645 \u0627\u0644\u0643\u0647\u0631\u0628\u0627\u0626\u064a<\/td>\n<td>\u00a01 \u062c\u0647\u062f 24 \u0641\u0648\u0644\u062a 2 \u0645\u0642\u0628\u0633: 7 \u0637\u0631\u0642 (\u062d\u0632\u0627\u0645 7 \u0623\u0633\u0644\u0627\u0643)\u060c \u0645\u0635\u0628\u0627\u062d \u062e\u0644\u0641\u064a \u0645\u0639 \u0625\u0634\u0627\u0631\u0629 \u0627\u0644\u0627\u0646\u0639\u0637\u0627\u0641\u060c \u0645\u0635\u0628\u0627\u062d \u0641\u0631\u0627\u0645\u0644 \u0648\u0639\u0627\u0643\u0633\u0627\u062a\u060c \u0645\u0635\u0628\u0627\u062d \u062c\u0627\u0646\u0628\u064a \u0625\u0644\u062e. \u0645\u062c\u0645\u0648\u0639\u0629 \u0648\u0627\u062d\u062f\u0629 \u0643\u0627\u0628\u0644 \u0642\u064a\u0627\u0633\u064a \u0633\u062f\u0627\u0633\u064a \u0627\u0644\u0646\u0648\u0627\u0629.<\/td>\n<\/tr>\n<\/tbody>\n<\/table>\n<h2>4 \u0635\u0648\u0631 \u0645\u0642\u0637\u0648\u0631\u0629 \u0646\u0635\u0641 \u0645\u0642\u0637\u0648\u0631\u0629 \u0633\u064a\u0627\u062c \u0645\u062d\u0648\u0631\u064a 4<\/h2>\n<p><img fetchpriority=\"high\" decoding=\"async\" class=\"size-full wp-image-31154\" title=\"\u0645\u0642\u0637\u0648\u0631\u0629 \u0646\u0635\u0641 \u0645\u0642\u0637\u0648\u0631\u0629 \u0633\u064a\u0627\u062c 4 \u0645\u062d\u0627\u0648\u0631\" src=\"https:\/\/pandamech.com\/wp-content\/uploads\/2022\/08\/7-fence-trailer.jpg\" alt=\"\u0645\u0642\u0637\u0648\u0631\u0629 \u0646\u0635\u0641 \u0645\u0642\u0637\u0648\u0631\u0629 \u0633\u064a\u0627\u062c 4 \u0645\u062d\u0627\u0648\u0631\" width=\"800\" height=\"533\" \/><\/p>\n<p>\u0645\u0642\u0637\u0648\u0631\u0629 \u0646\u0635\u0641 \u0645\u0642\u0637\u0648\u0631\u0629 \u0633\u064a\u0627\u062c 4 \u0645\u062d\u0627\u0648\u0631<\/p>\n<p><img decoding=\"async\" class=\"size-full wp-image-31155\" title=\"\u0645\u0642\u0637\u0648\u0631\u0629 \u0646\u0635\u0641 \u0645\u0642\u0637\u0648\u0631\u0629 \u0633\u064a\u0627\u062c 4 \u0645\u062d\u0627\u0648\u0631\" src=\"https:\/\/pandamech.com\/wp-content\/uploads\/2022\/08\/8-fence-semi-trailer.jpg\" alt=\"\u0645\u0642\u0637\u0648\u0631\u0629 \u0646\u0635\u0641 \u0645\u0642\u0637\u0648\u0631\u0629 \u0633\u064a\u0627\u062c 4 \u0645\u062d\u0627\u0648\u0631\" width=\"800\" height=\"564\" \/><\/p>\n<p>\u0645\u0642\u0637\u0648\u0631\u0629 \u0634\u0627\u062d\u0646\u0629 \u0633\u064a\u0627\u062c \u0630\u0627\u062a 4 \u0645\u062d\u0627\u0648\u0631<\/p>\n<h2>\u062a\u0637\u0628\u064a\u0642 \u0634\u0628\u0647 \u0645\u0642\u0637\u0648\u0631\u0629 \u0627\u0644\u0633\u064a\u0627\u062c<\/h2>\n<p>\u062a\u064f\u0633\u062a\u062e\u062f\u0645 \u0646\u0635\u0641 \u0645\u0642\u0637\u0648\u0631\u0629 \u0633\u064a\u0627\u062c \u0628\u0634\u0643\u0644 \u0639\u0627\u0645 \u0644\u0646\u0642\u0644 \u0627\u0644\u0628\u0636\u0627\u0626\u0639 \u0627\u0644\u0633\u0627\u0626\u0628\u0629. \u0648\u0647\u064a \u062a\u0633\u062a\u062e\u062f\u0645 \u0628\u0634\u0643\u0644 \u0623\u0633\u0627\u0633\u064a \u0644\u0644\u0646\u0642\u0644 \u0644\u0645\u0633\u0627\u0641\u0627\u062a \u0637\u0648\u064a\u0644\u0629. \u0648\u0639\u0645\u0648\u0645\u0627\u064b\u060c \u064a\u0645\u0643\u0646 \u0644\u0645\u0642\u0637\u0648\u0631\u0629 \u0627\u0644\u0645\u0646\u0635\u0629 \u0646\u0642\u0644 30-80 \u0637\u0646\u0627\u064b.<\/p>\n<p>\u0625\u0630\u0627 \u0643\u0627\u0646\u062a \u0643\u0645\u064a\u0629 \u0643\u0628\u064a\u0631\u0629 \u0645\u0646 \u0648\u0633\u0627\u0626\u0644 \u0627\u0644\u0646\u0642\u0644 \u0623\u0648 \u0627\u0644\u0627\u062d\u062a\u064a\u0627\u062c\u0627\u062a \u0627\u0644\u0645\u062e\u062a\u0644\u0641\u0629\u060c \u064a\u0645\u0643\u0646\u0646\u0627 \u062a\u062e\u0635\u064a\u0635\u0647\u0627\u060c \u0623\u0648 \u0645\u0642\u0637\u0648\u0631\u0629 \u0645\u0646\u0635\u0629 \u0628\u0639\u0636 \u0627\u0644\u0645\u0631\u0643\u0628\u0627\u062a \u0627\u0644\u0645\u0634\u0648\u0647\u0629.<\/p>\n<h2>\u0645\u0632\u0627\u064a\u0627 \u0634\u0628\u0647 \u0627\u0644\u0645\u0642\u0637\u0648\u0631\u0629 \u0627\u0644\u0633\u064a\u0627\u062c<\/h2>\n<ul>\n<li>\u0641\u0648\u0644\u0627\u0630 \u0630\u0648 \u0647\u064a\u0643\u0644 \u0641\u0648\u0644\u0627\u0630\u064a \u0642\u0648\u064a \u0644\u0644\u063a\u0627\u064a\u0629 \u0645\u0639 \u0642\u062f\u0631\u0629 \u0634\u062f \u0648\u062a\u062d\u0645\u064a\u0644 \u0639\u0627\u0644\u064a\u0629\u060c \u0648\u0642\u062f\u0631\u0629 \u062a\u062d\u0645\u064a\u0644 60 \u0637\u0646.<\/li>\n<li>\u0627\u0644\u062d\u0648\u0627\u0626\u0637 \u0627\u0644\u062c\u0627\u0646\u0628\u064a\u0629 800 \u0645\u0645 \u0642\u064a\u0627\u0633\u064a\u0629 \u0648\u0627\u0644\u062c\u062f\u0631\u0627\u0646 \u0627\u0644\u062c\u0627\u0646\u0628\u064a\u0629 600 \u0645\u0645 \u0627\u062e\u062a\u064a\u0627\u0631\u064a\u0629.<\/li>\n<li>\u0646\u0638\u0627\u0645 \u062a\u0639\u0644\u064a\u0642 \u0632\u0646\u0628\u0631\u0643\u064a \u0645\u064a\u0643\u0627\u0646\u064a\u0643\u064a \u0645\u0646 \u0627\u0644\u0646\u0648\u0639 \u0627\u0644\u062b\u0642\u064a\u0644 \u0644\u0644\u0623\u062d\u0645\u0627\u0644 \u0627\u0644\u0639\u0627\u0644\u064a\u0629 \u0645\u0646 \u0627\u0644\u0645\u062a\u0637\u0644\u0628\u0627\u062a \u0627\u0644\u0645\u0637\u0644\u0648\u0628\u0629.<\/li>\n<li>\u0637\u0648\u0644 \u0648\u0639\u0631\u0636 \u0627\u0644\u0633\u0631\u064a\u0631 \u0627\u0644\u0645\u0646\u062e\u0641\u0636 \u0645\u062a\u0627\u062d \u062d\u0633\u0628 \u0627\u0644\u0637\u0644\u0628.<\/li>\n<\/ul>\n<h2>4 \u0645\u0642\u0637\u0648\u0631\u0627\u062a \u0646\u0635\u0641 \u0645\u0642\u0637\u0648\u0631\u0629 \u0633\u064a\u0627\u062c \u0630\u0627\u062a 4 \u0645\u062d\u0627\u0648\u0631 \u0644\u0644\u0628\u064a\u0639<\/h2>\n<p>\u0646\u062d\u0646 \u0634\u0631\u0643\u0629 \u062a\u0635\u0646\u064a\u0639 \u0623\u0646\u0635\u0627\u0641 \u0645\u0642\u0637\u0648\u0631\u0627\u062a \u0627\u0644\u0633\u064a\u0627\u062c \u0645\u0646 \u0627\u0644\u0635\u064a\u0646. \u0646\u062d\u0646 \u062a\u0648\u0631\u064a\u062f 4 \u0645\u062d\u0627\u0648\u0631 \u0646\u0635\u0641 \u0645\u0642\u0637\u0648\u0631\u0627\u062a \u0633\u064a\u0627\u062c \u0646\u0635\u0641 \u0645\u0642\u0637\u0648\u0631\u0627\u062a \u0644\u0644\u0628\u064a\u0639. \u064a\u0645\u0643\u0646\u0646\u0627 \u062a\u062e\u0635\u064a\u0635\u0647\u0627 \u0648\u0641\u0642\u064b\u0627 \u0644\u0627\u062d\u062a\u064a\u0627\u062c\u0627\u062a\u0643. \u064a\u0639\u062a\u0645\u062f \u0633\u0639\u0631 \u0645\u0642\u0637\u0648\u0631\u0629 \u0627\u0644\u0633\u064a\u0627\u062c \u0627\u0644\u062c\u0627\u0646\u0628\u064a \u0639\u0644\u0649 \u0627\u0644\u0645\u0648\u0627\u0635\u0641\u0627\u062a.<\/p>\n<p>\u0633\u064a\u0643\u0648\u0646 \u0641\u0631\u064a\u0642 PANDA \u0627\u0644\u0647\u0646\u062f\u0633\u064a \u0639\u0644\u0649 \u0627\u0633\u062a\u0639\u062f\u0627\u062f \u0644\u062a\u0632\u0648\u064a\u062f\u0643 \u0628\u062d\u0644\u0648\u0644 \u0645\u062a\u0643\u0627\u0645\u0644\u0629 \u062a\u0644\u0628\u064a \u0627\u062d\u062a\u064a\u0627\u062c\u0627\u062a\u0643 \u0641\u064a \u0645\u062c\u0627\u0644 \u0627\u0644\u0646\u0642\u0644 \u0648\u0627\u0644\u0644\u0648\u0627\u0626\u062d \u0627\u0644\u0645\u062d\u0644\u064a\u0629 \u0627\u0644\u062e\u0627\u0635\u0629 \u0628\u0643. \u064a\u0645\u0643\u0646 \u0644\u0641\u0631\u064a\u0642 PANDA \u0627\u0644\u0647\u0646\u062f\u0633\u064a \u0627\u0644\u062a\u0648\u0627\u0635\u0644 \u0645\u0639\u0643 \u0639\u0628\u0631 \u0627\u0644\u0625\u0646\u062a\u0631\u0646\u062a \u0644\u0641\u0647\u0645 \u0627\u062d\u062a\u064a\u0627\u062c\u0627\u062a\u0643 \u0628\u0634\u0643\u0644 \u0643\u0627\u0645\u0644. \u062a\u0634\u0645\u0644 \u0627\u0644\u062d\u0644\u0648\u0644 \u062a\u0635\u0645\u064a\u0645 \u0627\u0644\u0645\u0646\u062a\u062c \u0648\u0645\u0648\u0627\u062f \u0627\u0644\u0645\u0646\u062a\u062c \u0648\u0627\u0644\u0631\u0633\u0648\u0645\u0627\u062a \u0648\u0645\u0642\u0627\u0637\u0639 \u0627\u0644\u0641\u064a\u062f\u064a\u0648.<\/p>\n<p>\u062d\u0642\u0642 \u0645\u0635\u0646\u0639\u0648 Panda Mech \u0646\u062c\u0627\u062d\u064b\u0627 \u0641\u064a \u062c\u0646\u0648\u0628 \u0634\u0631\u0642 \u0622\u0633\u064a\u0627 \u0648\u0627\u0644\u0634\u0631\u0642 \u0627\u0644\u0623\u0648\u0633\u0637 \u0648\u0623\u0641\u0631\u064a\u0642\u064a\u0627 \u0648\u0623\u0645\u0631\u064a\u0643\u0627 \u0627\u0644\u062c\u0646\u0648\u0628\u064a\u0629\u060c \u0645\u062b\u0644 \u0627\u0644\u0641\u0644\u0628\u064a\u0646 \u0648\u062a\u0646\u0632\u0627\u0646\u064a\u0627 \u0648\u063a\u064a\u0631\u0647\u0627...\u00a0 <u><a href=\"https:\/\/www.pandamech.com\/arabic\/about\/\" rel=\"nofollow noopener\" name=\"662ae8fb-4e4e-4cc5-876a-6bfaecae5a2d\" target=\"_blank\">\u0627\u0644\u0645\u0632\u064a\u062f \u0639\u0646 \u0627\u0644\u0628\u0627\u0646\u062f\u0627<\/a><\/u><\/p>\n<p><a href=\"\/arabic\/contact-us\/\" rel=\"nofollow\"><img decoding=\"async\" src=\"https:\/\/pandamech.com\/wp-content\/uploads\/u_file\/db8ce19fe3.jpg\" alt=\"\u0645\u0642\u0637\u0648\u0631\u0629 \u0646\u0635\u0641 \u0645\u0642\u0637\u0648\u0631\u0629 \u0633\u064a\u0627\u062c \u0644\u0644\u0628\u064a\u0639\" width=\"864\" height=\"213\" title=\"\"><\/a><\/p>","protected":false},"excerpt":{"rendered":"<p>\u0627\u0644\u0646\u0648\u0639: \u0645\u0642\u0637\u0648\u0631\u0629 \u0633\u064a\u0627\u062c \u0630\u0627\u062a 3 \u0645\u062d\u0627\u0648\u0631<\/p>\n<p>\u0646\u0637\u0627\u0642 \u0627\u0644\u0633\u0639\u0631: $10,100 - 21,900 \u062f\u0648\u0644\u0627\u0631 \u0623\u0645\u0631\u064a\u0643\u064a<\/p>\n<p>\u0627\u0644\u062a\u0633\u0644\u064a\u0645: 7-25 \u064a\u0648\u0645\u064b\u0627<\/p>\n<p>\u0648\u0632\u0646 \u0627\u0644\u062d\u0645\u0648\u0644\u0629: 20-60 \u0637\u0646<\/p>\n<p>\u0627\u0644\u062a\u0637\u0628\u064a\u0642: \u0646\u0642\u0644 \u0627\u0644\u0628\u0636\u0627\u0626\u0639 \u0627\u0644\u0633\u0627\u0626\u0628\u0629<\/p>","protected":false},"featured_media":57779,"template":"","meta":{"_acf_changed":false,"_kad_blocks_custom_css":"","_kad_blocks_head_custom_js":"","_kad_blocks_body_custom_js":"","_kad_blocks_footer_custom_js":"","_kad_post_transparent":"default","_kad_post_title":"","_kad_post_layout":"default","_kad_post_sidebar_id":"","_kad_post_content_style":"default","_kad_post_vertical_padding":"default","_kad_post_feature":"","_kad_post_feature_position":"","_kad_post_header":false,"_kad_post_footer":false,"_kad_post_classname":""},"product_brand":[],"product_cat":[75],"product_tag":[61],"class_list":{"0":"post-21502","1":"product","2":"type-product","3":"status-publish","4":"has-post-thumbnail","6":"product_cat-side-wall-trailer","7":"product_tag-4-axle-trailer","9":"first","10":"instock","11":"sold-individually","12":"shipping-taxable","13":"purchasable","14":"product-type-simple","15":"entry","16":"content-bg","17":"loop-entry"},"acf":[],"taxonomy_info":{"product_cat":[{"value":75,"label":"Drop Side Trailer"}],"product_tag":[{"value":61,"label":"4 Axle Trailer"}]},"featured_image_src_large":["https:\/\/www.pandamech.com\/wp-content\/uploads\/2022\/08\/2-82-500x500.jpg",500,500,true],"author_info":[],"comment_info":"","_links":{"self":[{"href":"https:\/\/www.pandamech.com\/arabic\/wp-json\/wp\/v2\/product\/21502","targetHints":{"allow":["GET"]}}],"collection":[{"href":"https:\/\/www.pandamech.com\/arabic\/wp-json\/wp\/v2\/product"}],"about":[{"href":"https:\/\/www.pandamech.com\/arabic\/wp-json\/wp\/v2\/types\/product"}],"version-history":[{"count":1,"href":"https:\/\/www.pandamech.com\/arabic\/wp-json\/wp\/v2\/product\/21502\/revisions"}],"predecessor-version":[{"id":91355,"href":"https:\/\/www.pandamech.com\/arabic\/wp-json\/wp\/v2\/product\/21502\/revisions\/91355"}],"wp:featuredmedia":[{"embeddable":true,"href":"https:\/\/www.pandamech.com\/arabic\/wp-json\/wp\/v2\/media\/57779"}],"wp:attachment":[{"href":"https:\/\/www.pandamech.com\/arabic\/wp-json\/wp\/v2\/media?parent=21502"}],"wp:term":[{"taxonomy":"product_brand","embeddable":true,"href":"https:\/\/www.pandamech.com\/arabic\/wp-json\/wp\/v2\/product_brand?post=21502"},{"taxonomy":"product_cat","embeddable":true,"href":"https:\/\/www.pandamech.com\/arabic\/wp-json\/wp\/v2\/product_cat?post=21502"},{"taxonomy":"product_tag","embeddable":true,"href":"https:\/\/www.pandamech.com\/arabic\/wp-json\/wp\/v2\/product_tag?post=21502"}],"curies":[{"name":"\u062f\u0628\u0644\u064a\u0648 \u0628\u064a","href":"https:\/\/api.w.org\/{rel}","templated":true}]}}