{"id":21483,"date":"2022-07-10T19:03:32","date_gmt":"2022-07-10T11:03:32","guid":{"rendered":"http:\/\/pandamech.com\/?post_type=product&#038;p=21483"},"modified":"2025-08-23T01:07:58","modified_gmt":"2025-08-22T17:07:58","slug":"40ft-platform-semi-trailer-for-sale","status":"publish","type":"product","link":"https:\/\/www.pandamech.com\/arabic\/product\/40ft-platform-semi-trailer-for-sale\/","title":{"rendered":"\u0645\u0642\u0637\u0648\u0631\u0629 \u0646\u0635\u0641 \u0645\u0642\u0637\u0648\u0631\u0629 \u0630\u0627\u062a \u0625\u0637\u0627\u0631 \u0648\u0627\u062d\u062f 40 \u0642\u062f\u0645\u064b\u0627"},"content":{"rendered":"<p>\u0646\u0635\u0641 \u0627\u0644\u0645\u0642\u0637\u0648\u0631\u0629 \u0630\u0627\u062a \u0627\u0644\u0625\u0637\u0627\u0631 \u0627\u0644\u0648\u0627\u062d\u062f \u0627\u0644\u0641\u0627\u0626\u0642 \u0648\u0627\u0644\u0645\u0639\u0631\u0648\u0641\u0629 \u0628\u0627\u0633\u0645 \u0646\u0635\u0641 \u0627\u0644\u0645\u0642\u0637\u0648\u0631\u0629 \u0627\u0644\u0645\u0633\u0637\u062d\u0629. \u064a\u0645\u0643\u0646 \u0623\u0646 \u062a\u0642\u062f\u0645 Panda Mech \u0623\u0646\u0648\u0627\u0639\u064b\u0627 \u0645\u062e\u062a\u0644\u0641\u0629 \u0645\u0646 \u0646\u0635\u0641 \u0645\u0642\u0637\u0648\u0631\u0627\u062a \u0627\u0644\u0645\u0646\u0635\u0629 \u0644\u0644\u0623\u062d\u0645\u0627\u0644 \u0627\u0644\u062c\u0627\u0641\u0629 \u0648\u0627\u0644\u062d\u0627\u0648\u064a\u0627\u062a. \u062a\u064f\u0633\u062a\u062e\u062f\u0645 \u0646\u0635\u0641 \u0645\u0642\u0637\u0648\u0631\u0629 \u0627\u0644\u0645\u0646\u0635\u0629 \u0647\u0630\u0647 \u0644\u0646\u0642\u0644 \u0627\u0644\u062d\u0627\u0648\u064a\u0627\u062a \u0648\u0627\u0644\u0642\u0636\u0628\u0627\u0646 \u0627\u0644\u0641\u0648\u0644\u0627\u0630\u064a\u0629 \u0648\u0627\u0644\u0623\u0634\u064a\u0627\u0621 \u0627\u0644\u0623\u062e\u0631\u0649 \u0627\u0644\u0645\u062d\u0645\u0644\u0629 \u0628\u0627\u0644\u0645\u0646\u0635\u0627\u062a \u0627\u0644\u0646\u0642\u0627\u0644\u0629 \u0648\u0634\u0628\u0647 \u0627\u0644\u0645\u0642\u0637\u0648\u0631\u0629 \u0627\u0644\u0639\u0627\u062f\u064a\u0629.<\/p>\n<p>Panda Mech \u0647\u064a \u0634\u0631\u0643\u0629 \u0645\u0635\u0646\u0639\u0629 \u0644\u0634\u0628\u0647 \u0645\u0642\u0637\u0648\u0631\u0629 \u0645\u0646\u0635\u0629 40 \u0642\u062f\u0645\u064b\u0627 \u0645\u0646 \u0627\u0644\u0635\u064a\u0646. \u0646\u062d\u0646 \u062a\u0648\u0631\u064a\u062f 40 \u0642\u062f\u0645\u064b\u0627 \u0646\u0635\u0641 \u0645\u0642\u0637\u0648\u0631\u0627\u062a \u0645\u0646\u0635\u0629 40 \u0642\u062f\u0645\u064b\u0627 \u0644\u0644\u0628\u064a\u0639. \u064a\u0645\u0643\u0646\u0646\u0627 \u062a\u062e\u0635\u064a\u0635\u0647\u0627 \u0648\u0641\u0642\u064b\u0627 \u0644\u0627\u062d\u062a\u064a\u0627\u062c\u0627\u062a\u0643.<\/p>\n<h2>\u0645\u064a\u0632\u0629 \u0627\u0644\u0645\u0642\u0637\u0648\u0631\u0629 \u0646\u0635\u0641 \u0627\u0644\u0645\u0642\u0637\u0648\u0631\u0629 \u0630\u0627\u062a \u0627\u0644\u0625\u0637\u0627\u0631 \u0627\u0644\u0648\u0627\u062d\u062f \u0627\u0644\u0641\u0627\u0626\u0642<\/h2>\n<ul>\n<li>1. \u0641\u0648\u0644\u0627\u0630 \u0630\u0648 \u0647\u064a\u0643\u0644 \u0641\u0648\u0644\u0627\u0630\u064a \u0642\u0648\u064a \u0644\u0644\u063a\u0627\u064a\u0629 \u0645\u0639 \u0642\u062f\u0631\u0629 \u0634\u062f \u0648\u062d\u0645\u0648\u0644\u0629 \u0639\u0627\u0644\u064a\u0629\u060c \u0642\u062f\u0631\u0629 \u062a\u062d\u0645\u064a\u0644 40 \u0637\u0646. \u0646\u0638\u0627\u0645 \u062a\u0639\u0644\u064a\u0642 \u0632\u0646\u0628\u0631\u0643\u064a \u0645\u064a\u0643\u0627\u0646\u064a\u0643\u064a \u0645\u0646 \u0627\u0644\u0646\u0648\u0639 \u0627\u0644\u062b\u0642\u064a\u0644 \u0644\u0644\u0623\u062d\u0645\u0627\u0644 \u0627\u0644\u0639\u0627\u0644\u064a\u0629 \u0645\u0646 \u0627\u062d\u062a\u064a\u0627\u062c\u0627\u062a \u0627\u0644\u0645\u062a\u0637\u0644\u0628\u0627\u062a.<\/li>\n<li>2. \u0637\u0648\u0644 \u0648\u0639\u0631\u0636 \u0627\u0644\u0633\u0631\u064a\u0631 \u0627\u0644\u0645\u0646\u062e\u0641\u0636 \u0645\u062a\u0627\u062d \u062d\u0633\u0628 \u0627\u0644\u0637\u0644\u0628<\/li>\n<li>3. \u0627\u0644\u062a\u0639\u0644\u064a\u0642 \u0627\u0644\u0647\u0648\u0627\u0626\u064a \u0648\u062a\u0639\u0644\u064a\u0642 \u0627\u0644\u0639\u0631\u0628\u0629 \u062e\u064a\u0627\u0631\u0627\u0646.<\/li>\n<\/ul>\n<h2>\u0645\u0648\u0627\u0635\u0641\u0627\u062a \u0627\u0644\u0645\u0642\u0637\u0648\u0631\u0629 \u0646\u0635\u0641 \u0627\u0644\u0645\u0642\u0637\u0648\u0631\u0629 \u0630\u0627\u062a \u0627\u0644\u0625\u0637\u0627\u0631 \u0627\u0644\u0648\u0627\u062d\u062f 40\u2032 \u0630\u0627\u062a \u0627\u0644\u0645\u0646\u0635\u0629 \u0627\u0644\u0648\u0627\u062d\u062f\u0629 \u0627\u0644\u0641\u0627\u0626\u0642\u0629<\/h2>\n<p>\u0645\u0627 \u064a\u0644\u064a \u064a\u062f\u0648\u0631 \u0628\u0634\u0643\u0644 \u0623\u0633\u0627\u0633\u064a \u062d\u0648\u0644 \u0645\u0648\u0627\u0635\u0641\u0627\u062a \u0646\u0635\u0641 \u0645\u0642\u0637\u0648\u0631\u0629 \u062d\u0627\u0648\u064a\u0629 \u0627\u0644\u0645\u0646\u0635\u0629 \u0630\u0627\u062a \u0627\u0644\u0625\u0637\u0627\u0631 \u0627\u0644\u0648\u0627\u062d\u062f \u0627\u0644\u0641\u0627\u0626\u0642\u060c \u0648\u0627\u0644\u0623\u0628\u0639\u0627\u062f\u060c \u0648\u0627\u0644\u0633\u0639\u0629\u060c \u0648\u0627\u0644\u062c\u0632\u0621\u060c \u0648\u0637\u0648\u0644 \u0639\u0631\u0636 \u0645\u0642\u0637\u0648\u0631\u0629 \u0627\u0644\u0645\u0646\u0635\u0629\u060c \u0648\u0648\u0632\u0646 \u0645\u0642\u0637\u0648\u0631\u0629 \u0627\u0644\u0645\u0646\u0635\u0629<\/p>\n<table style=\"width: 800px;\" border=\"1\" cellspacing=\"1\" cellpadding=\"1\">\n<tbody>\n<tr>\n<td width=\"297\" height=\"30\">\u00a0\u0627\u0644\u0634\u0631\u0643\u0629 \u0627\u0644\u0645\u0635\u0646\u0639\u0629<\/td>\n<td width=\"495\">\u00a0\u0645\u0642\u0637\u0648\u0631\u0629 \u0627\u0644\u062c\u0631\u0627\u0631 \u0627\u0644\u062c\u0631\u0627\u0631 \u0627\u0644\u0645\u0642\u0637\u0648\u0631\u0629 \u0627\u0644\u0645\u064a\u0643\u0627\u0646\u064a\u0643\u064a \u0627\u0644\u0633\u0648\u0628\u0631 \u0627\u0644\u0645\u064a\u0643\u0627\u0646\u064a\u0643\u064a \u0630\u0648 \u0627\u0644\u0625\u0637\u0627\u0631 \u0627\u0644\u0648\u0627\u062d\u062f 40 \u0642\u062f\u0645<\/td>\n<\/tr>\n<tr>\n<td width=\"297\" height=\"30\">\u00a0\u0627\u0644\u0645\u062d\u0627\u0648\u0631<\/td>\n<td width=\"495\">\u00a02-4 \u0645\u062d\u0627\u0648\u0631 BPW\/SAF\/SAF\/FUWA \u0627\u0644\u0639\u0644\u0627\u0645\u0629 \u0627\u0644\u062a\u062c\u0627\u0631\u064a\u0629<\/td>\n<\/tr>\n<tr>\n<td width=\"297\" height=\"30\">\u0627\u0644\u0623\u0628\u0639\u0627\u062f<\/td>\n<td width=\"495\">\u00a012500 \/ 13500 \u00d7 2500 \u00d7 2500 \u00d7 1500 \u0645\u0645<\/td>\n<\/tr>\n<tr>\n<td width=\"297\" height=\"30\">\u0627\u0644\u0633\u0639\u0629<\/td>\n<td width=\"495\">\u00a037 \u0637\u0646\u064b\u0627<\/td>\n<\/tr>\n<tr>\n<td width=\"297\" height=\"30\">\u00a0\u0627\u0644\u0648\u0632\u0646<\/td>\n<td width=\"495\">\u00a07-9 \u0623\u0637\u0646\u0627\u0646<\/td>\n<\/tr>\n<tr>\n<td width=\"297\" height=\"30\">\u00a0\u0642\u0641\u0644 \u0645\u0644\u062a\u0648\u064a<\/td>\n<td width=\"495\">\u00a08-12 \u0645\u062c\u0645\u0648\u0639\u0629<\/td>\n<\/tr>\n<tr>\n<td width=\"297\" height=\"30\">\u00a0\u0627\u0644\u0645\u0648\u0627\u062f<\/td>\n<td width=\"495\">\u00a0\u0627\u0644\u0639\u0648\u0627\u0631\u0636 \u0627\u0644\u0631\u0626\u064a\u0633\u064a\u0629 Q345B\u060c \u0627\u0644\u062d\u0627\u0641\u0629 \u0627\u0644\u0639\u0644\u0648\u064a\u0629: 14 \u0645\u0645\u060c \u0627\u0644\u0648\u0633\u0637: 8 \u0645\u0645\u060c \u0627\u0644\u0623\u0633\u0641\u0644: 16 \u0645\u0645<\/td>\n<\/tr>\n<tr>\n<td width=\"297\" height=\"30\">\u00a0\u062f\u0628\u0648\u0633 \u0627\u0644\u0645\u0644\u0643<\/td>\n<td width=\"495\">\u00a02 \u0628\u0648\u0635\u0629 \u0623\u0648 3.5 \u0628\u0648\u0635\u0629 \u0645\u0646 \u0645\u0627\u0631\u0643\u0629 JOST<\/td>\n<\/tr>\n<tr>\n<td width=\"297\" height=\"30\">\u00a0\u0627\u0644\u0634\u0627\u0633\u064a\u0647<\/td>\n<td width=\"495\">\u00a03 \u0645\u0644\u0645\u060c 4 \u0645\u0644\u0645\u060c 6 \u0645\u0644\u0645\u060c \u0641\u0648\u0644\u0627\u0630 \u0643\u0631\u0628\u0648\u0646\u064a \u0623\u0648 \u0633\u0628\u0627\u0626\u0643 \u0627\u0644\u0623\u0644\u0648\u0645\u0646\u064a\u0648\u0645<\/td>\n<\/tr>\n<tr>\n<td width=\"297\" height=\"30\">\u00a0\u0627\u0644\u062a\u0639\u0644\u064a\u0642<\/td>\n<td width=\"495\">\u00a0\u0646\u0638\u0627\u0645 \u062a\u0639\u0644\u064a\u0642 \u0645\u064a\u0643\u0627\u0646\u064a\u0643\u064a\u060c \u0647\u0648\u0627\u0626\u064a\u060c \u0647\u0648\u0627\u0626\u064a\u060c \u0639\u0631\u0628\u0629 \u062a\u0639\u0644\u064a\u0642<\/td>\n<\/tr>\n<tr>\n<td width=\"297\" height=\"36\">\u00a0\u0627\u0644\u0625\u0637\u0627\u0631\u0627\u062a<\/td>\n<td width=\"495\">\u00a011.00R20\u060c 12.00R20\u060c 12R22.5\u060c 385\/65R22.5 \u0645\u062b\u0644\u062b\/65R22.5\/ \u0645\u0627\u0631\u0643\u0629 \u0647\u0627\u0646\u0643\u0648\u0643\/ \u0628\u0631\u064a\u062f\u062c\u0633\u062a\u0648\u0646<\/td>\n<\/tr>\n<tr>\n<td width=\"297\" height=\"30\">\u00a0\u0646\u0638\u0627\u0645 \u0627\u0644\u0645\u0643\u0627\u0628\u062d<\/td>\n<td width=\"495\">\u00a0\u0635\u0645\u0627\u0645 WABCO \u0630\u0648 \u0627\u0644\u062d\u062c\u0631\u0629 \u0627\u0644\u0643\u0628\u064a\u0631\u0629<\/td>\n<\/tr>\n<\/tbody>\n<\/table>\n<h2>\u062a\u0637\u0628\u064a\u0642 \u0646\u0635\u0641 \u0627\u0644\u0645\u0642\u0637\u0648\u0631\u0629 \u0630\u0627\u062a \u0627\u0644\u0625\u0637\u0627\u0631 \u0627\u0644\u0648\u0627\u062d\u062f \u0627\u0644\u0641\u0627\u0626\u0642<\/h2>\n<p>\u062a\u064f\u0633\u062a\u062e\u062f\u0645 \u0646\u0635\u0641 \u0645\u0642\u0637\u0648\u0631\u0629 \u0627\u0644\u0645\u0646\u0635\u0629 \u0628\u0634\u0643\u0644 \u0639\u0627\u0645 \u0644\u0646\u0642\u0644 \u0627\u0644\u062d\u0627\u0648\u064a\u0627\u062a\u060c \u0648\u0627\u0644\u0628\u0636\u0627\u0626\u0639 \u0627\u0644\u0633\u0627\u0626\u0628\u0629\u060c \u0648\u0627\u0644\u0623\u0633\u0645\u0646\u062a\u060c \u0648\u0627\u0644\u0623\u0631\u0632\u060c \u0625\u0644\u062e. \u0648\u0647\u064a \u062a\u0633\u062a\u062e\u062f\u0645 \u0628\u0634\u0643\u0644 \u0623\u0633\u0627\u0633\u064a \u0644\u0644\u0646\u0642\u0644 \u0644\u0645\u0633\u0627\u0641\u0627\u062a \u0637\u0648\u064a\u0644\u0629. \u0628\u0634\u0643\u0644 \u0639\u0627\u0645\u060c \u064a\u0645\u0643\u0646 \u0644\u0645\u0642\u0637\u0648\u0631\u0629 \u0627\u0644\u0645\u0646\u0635\u0629 \u0646\u0642\u0644 30-60 \u0637\u0646\u0627\u064b.<\/p>\n<p>\u0625\u0630\u0627 \u0643\u0627\u0646\u062a \u0643\u0645\u064a\u0629 \u0643\u0628\u064a\u0631\u0629 \u0645\u0646 \u0648\u0633\u0627\u0626\u0644 \u0627\u0644\u0646\u0642\u0644 \u0623\u0648 \u0627\u0644\u0627\u062d\u062a\u064a\u0627\u062c\u0627\u062a \u0627\u0644\u0645\u062e\u062a\u0644\u0641\u0629\u060c \u064a\u0645\u0643\u0646\u0646\u0627 \u062a\u062e\u0635\u064a\u0635\u0647\u0627 \u0623\u0648 \u0645\u0642\u0637\u0648\u0631\u0629 \u0645\u0646\u0635\u0629 \u0628\u0639\u0636 \u0627\u0644\u0645\u0631\u0643\u0628\u0627\u062a \u0627\u0644\u0645\u0634\u0648\u0647\u0629.<\/p>\n<h2>\u0635\u0648\u0631\u0629 \u0634\u0627\u062d\u0646\u0629 \u0645\u0642\u0637\u0648\u0631\u0629 \u0646\u0635\u0641 \u0645\u0642\u0637\u0648\u0631\u0629 \u0630\u0627\u062a \u0645\u062d\u0648\u0631 \u0641\u0631\u062f\u064a<\/h2>\n<p><img fetchpriority=\"high\" decoding=\"async\" class=\"alignnone wp-image-31202 size-full\" src=\"https:\/\/pandamech.com\/wp-content\/uploads\/2022\/08\/7-40-ft-flatbed-semi-trailer.jpg\" alt=\"\u0634\u0627\u062d\u0646\u0629 \u0646\u0635\u0641 \u0645\u0642\u0637\u0648\u0631\u0629 \u0645\u0633\u0637\u062d\u0629 \u0630\u0627\u062a \u0645\u062d\u0648\u0631 \u0648\u0627\u062d\u062f \u0628\u0637\u0648\u0644 40 \u0642\u062f\u0645\u0627\u064b\" width=\"800\" height=\"533\" title=\"\"><\/p>\n<p>\u0645\u0642\u0637\u0648\u0631\u0629 \u062d\u0627\u0648\u064a\u0629 \u0630\u0627\u062a \u0625\u0637\u0627\u0631 \u0648\u0627\u062d\u062f \u0633\u0648\u0628\u0631 40 \u0642\u062f\u0645\u064b\u0627 \u0644\u0644\u0628\u064a\u0639<\/p>\n<p><img decoding=\"async\" class=\"alignnone wp-image-32221 size-full\" src=\"https:\/\/pandamech.com\/wp-content\/uploads\/u_file\/710430be05.jpg\" alt=\"\u0645\u0642\u0637\u0648\u0631\u0629 \u0646\u0635\u0641 \u0645\u0642\u0637\u0648\u0631\u0629 \u0630\u0627\u062a \u0645\u062d\u0648\u0631 \u0648\u0627\u062d\u062f 40 \u0642\u062f\u0645\" width=\"800\" height=\"533\" title=\"\"><\/p>\n<p>\u0634\u0627\u062d\u0646\u0629 \u0646\u0635\u0641 \u0645\u0642\u0637\u0648\u0631\u0629 \u0645\u0633\u0637\u062d\u0629 \u0630\u0627\u062a \u0625\u0637\u0627\u0631 \u0648\u0627\u062d\u062f \u0628\u0637\u0648\u0644 40 \u0642\u062f\u0645\u0627\u064b<\/p>\n<p><img decoding=\"async\" class=\"alignnone wp-image-32222 size-full\" src=\"https:\/\/pandamech.com\/wp-content\/uploads\/2022\/08\/9-single-axle-platform-semi-trailer.jpg\" alt=\"\u0634\u0627\u062d\u0646\u0629 \u0646\u0635\u0641 \u0645\u0642\u0637\u0648\u0631\u0629 \u0630\u0627\u062a \u0645\u062d\u0648\u0631 \u0648\u0627\u062d\u062f 40 \u0628\u0648\u0635\u0629 \u0644\u0644\u0628\u064a\u0639\" width=\"800\" height=\"600\" title=\"\"><\/p>\n<p>\u0645\u0642\u0637\u0648\u0631\u0629 \u062c\u0631\u0627\u0631 \u062c\u0631\u0627\u0631 \u062c\u0631\u0627\u0631 \u0633\u0648\u0628\u0631 \u0630\u0627\u062a \u0625\u0637\u0627\u0631 \u0648\u0627\u062d\u062f 40 \u0642\u062f\u0645\u064b\u0627 \u0644\u0644\u0628\u064a\u0639<\/p>\n<h2>\u0627\u0644\u0646\u0642\u0644 \u0648\u0627\u0644\u0646\u0642\u0644 \u0627\u0644\u0628\u062d\u0631\u064a \u0644\u0634\u0628\u0647 \u0645\u0642\u0637\u0648\u0631\u0629 \u0645\u0646\u0635\u0629 \u0627\u0644\u062d\u0627\u0648\u064a\u0627\u062a \u0648\u0627\u0644\u0646\u0642\u0644 \u0627\u0644\u0628\u062d\u0631\u064a \u0644\u0645\u0646\u0635\u0629 \u0627\u0644\u062d\u0627\u0648\u064a\u0627\u062a<\/h2>\n<p>\u0639\u0646\u062f \u0646\u0642\u0644 \u0634\u0627\u062d\u0646\u0629 \u0646\u0635\u0641 \u0645\u0642\u0637\u0648\u0631\u0629 \u0630\u0627\u062a \u0625\u0637\u0627\u0631 \u0648\u0627\u062d\u062f \u0641\u0627\u0626\u0642 \u0630\u0627\u062a \u0645\u0646\u0635\u0629 \u0648\u0627\u062d\u062f\u0629 \u0641\u0627\u0626\u0642\u0629\u060c \u0633\u064a\u062e\u062a\u0627\u0631 \u0627\u0644\u0639\u062f\u064a\u062f \u0645\u0646 \u0627\u0644\u0639\u0645\u0644\u0627\u0621 \u0627\u0633\u062a\u062e\u062f\u0627\u0645 \u0627\u0644\u0646\u0642\u0644 \u0628\u0627\u0644\u062d\u0627\u0648\u064a\u0627\u062a\u060c \u0644\u0623\u0646 \u0647\u0630\u0627 \u064a\u0645\u0643\u0646 \u0623\u0646 \u064a\u0643\u0648\u0646 \u0644\u0647 \u062a\u0643\u0627\u0644\u064a\u0641 \u0646\u0642\u0644 \u0623\u0642\u0644 \u0648\u0648\u0642\u062a \u0646\u0642\u0644 \u0623\u0642\u0635\u0631.<\/p>\n<p>\u062a\u064f\u0633\u062a\u062e\u062f\u0645 \u0627\u0644\u0645\u0642\u0637\u0648\u0631\u0627\u062a \u0646\u0635\u0641 \u0627\u0644\u0645\u0642\u0637\u0648\u0631\u0627\u062a \u0630\u0627\u062a \u0627\u0644\u0645\u0646\u0635\u0629 \u0628\u0634\u0643\u0644 \u0639\u0627\u0645 \u0644\u0644\u0646\u0642\u0644 \u0644\u0646\u0627\u0642\u0644\u0627\u062a \u0627\u0644\u0628\u0636\u0627\u0626\u0639 \u0627\u0644\u0633\u0627\u0626\u0628\u0629 \u0623\u0648 \u0633\u0641\u0646 \u0627\u0644\u062f\u062d\u0631\u062c\u0629. \u0648\u0633\u0648\u0641 \u0646\u0636\u0645\u0646 \u0623\u0646 \u064a\u062a\u0645 \u062a\u0634\u0645\u064a\u0639 \u0646\u0635\u0641 \u0645\u0642\u0637\u0648\u0631\u0627\u062a \u0627\u0644\u0645\u0646\u0635\u0629 \u0627\u0644\u062a\u062c\u0627\u0631\u064a\u0629 \u0645\u0646 \u0628\u0627\u0646\u062f\u0627 \u0645\u064a\u0643 \u0648\u062a\u063a\u0637\u064a\u062a\u0647\u0627 \u0628\u0627\u0644\u0642\u0645\u0627\u0634 \u0627\u0644\u0645\u0634\u0645\u0639 \u0639\u0646\u062f\u0645\u0627 \u062a\u0643\u0648\u0646 \u0633\u0641\u0646 \u0627\u0644\u0634\u062d\u0646 \u0628\u0643\u0645\u064a\u0627\u062a \u0643\u0628\u064a\u0631\u0629.<\/p>\n<h2>\u0628\u0627\u0646\u062f\u0627 \u0645\u064a\u0643<\/h2>\n<p>\u0646\u062d\u0646 \u0634\u0631\u0643\u0629 \u062a\u0635\u0646\u064a\u0639 \u0634\u0627\u062d\u0646\u0627\u062a \u0646\u0635\u0641 \u0645\u0642\u0637\u0648\u0631\u0629 \u0630\u0627\u062a \u0625\u0637\u0627\u0631 \u0648\u0627\u062d\u062f \u0633\u0648\u0628\u0631 40 \u0642\u062f\u0645\u064b\u0627 \u0645\u0646 \u0627\u0644\u0635\u064a\u0646. \u0646\u062d\u0646 \u0646\u0648\u0641\u0631 40 \u0642\u062f\u0645\u064b\u0627 \u0646\u0635\u0641 \u0645\u0642\u0637\u0648\u0631\u0629 \u0634\u0627\u062d\u0646\u0629 \u0630\u0627\u062a \u0625\u0637\u0627\u0631 \u0648\u0627\u062d\u062f \u0633\u0648\u0628\u0631 40 \u0642\u062f\u0645\u064b\u0627 \u0644\u0644\u0628\u064a\u0639. \u064a\u0645\u0643\u0646\u0646\u0627 \u062a\u062e\u0635\u064a\u0635\u0647\u0627 \u0648\u0641\u0642\u064b\u0627 \u0644\u0627\u062d\u062a\u064a\u0627\u062c\u0627\u062a\u0643.<\/p>\n<p>\u062d\u0642\u0642 \u0645\u0635\u0646\u0639\u0648 Panda Mech \u0646\u062c\u0627\u062d\u064b\u0627 \u0641\u064a \u062c\u0646\u0648\u0628 \u0634\u0631\u0642 \u0622\u0633\u064a\u0627 \u0648\u0627\u0644\u0634\u0631\u0642 \u0627\u0644\u0623\u0648\u0633\u0637 \u0648\u0623\u0641\u0631\u064a\u0642\u064a\u0627 \u0648\u0623\u0645\u0631\u064a\u0643\u0627 \u0627\u0644\u062c\u0646\u0648\u0628\u064a\u0629\u060c \u0645\u062b\u0644 \u0627\u0644\u0641\u0644\u0628\u064a\u0646 \u0648\u062a\u0646\u0632\u0627\u0646\u064a\u0627 \u0648\u063a\u064a\u0631\u0647\u0627...\u00a0 <a style=\"color: #3366ff;\" href=\"https:\/\/www.pandamech.com\/arabic\/about\/\" rel=\"nofollow noopener\" name=\"662ae8fb-4e4e-4cc5-876a-6bfaecae5a2d\" target=\"_blank\">\u0627\u0644\u0645\u0632\u064a\u062f \u0639\u0646 \u0627\u0644\u0628\u0627\u0646\u062f\u0627<\/a><\/p>\n<p><a href=\"#elementor-action%3Aaction%3Dpopup%3Aopen%26settings%3DeyJpZCI6Ijk5MDciLCJ0b2dnbGUiOmZhbHNlfQ%3D%3D\"><img loading=\"lazy\" decoding=\"async\" src=\"https:\/\/pandamech.com\/wp-content\/uploads\/2021\/08\/quotation.jpg\" alt=\"\u0627\u0644\u0627\u0642\u062a\u0628\u0627\u0633\" width=\"864\" height=\"213\" title=\"\"><\/a><\/p>","protected":false},"excerpt":{"rendered":"<p>\u0627\u0644\u0646\u0648\u0639: \u0634\u0627\u062d\u0646\u0629 \u0646\u0635\u0641 \u0645\u0642\u0637\u0648\u0631\u0629 \u0645\u0646\u0635\u0629 40 \u0642\u062f\u0645<\/p>\n<p>\u0646\u0637\u0627\u0642 \u0627\u0644\u0633\u0639\u0631: $ 10,990-19,500<\/p>\n<p>\u0627\u0644\u062a\u0633\u0644\u064a\u0645: 7-25 \u064a\u0648\u0645\u064b\u0627<\/p>\n<p>\u0633\u0639\u0629 \u0627\u0644\u062d\u0645\u0648\u0644\u0629: 20-60 \u0637\u0646<\/p>\n<p>\u0627\u0644\u062a\u0637\u0628\u064a\u0642: \u0627\u0644\u0628\u0636\u0627\u0626\u0639 \u0627\u0644\u0633\u0627\u0626\u0628\u0629\u060c \u0627\u0644\u062d\u0627\u0648\u064a\u0627\u062a<\/p>","protected":false},"featured_media":57781,"template":"","meta":{"_acf_changed":false,"_kad_blocks_custom_css":"","_kad_blocks_head_custom_js":"","_kad_blocks_body_custom_js":"","_kad_blocks_footer_custom_js":"","_kad_post_transparent":"default","_kad_post_title":"","_kad_post_layout":"default","_kad_post_sidebar_id":"","_kad_post_content_style":"default","_kad_post_vertical_padding":"default","_kad_post_feature":"","_kad_post_feature_position":"","_kad_post_header":false,"_kad_post_footer":false,"_kad_post_classname":""},"product_brand":[],"product_cat":[15],"product_tag":[],"class_list":{"0":"post-21483","1":"product","2":"type-product","3":"status-publish","4":"has-post-thumbnail","6":"product_cat-uncategorized","8":"first","9":"instock","10":"sold-individually","11":"shipping-taxable","12":"purchasable","13":"product-type-simple","14":"entry","15":"content-bg","16":"loop-entry"},"acf":[],"taxonomy_info":{"product_cat":[{"value":15,"label":"Uncategorized"}]},"featured_image_src_large":["https:\/\/www.pandamech.com\/wp-content\/uploads\/2022\/08\/2-85-1-500x500.jpg",500,500,true],"author_info":[],"comment_info":"","_links":{"self":[{"href":"https:\/\/www.pandamech.com\/arabic\/wp-json\/wp\/v2\/product\/21483","targetHints":{"allow":["GET"]}}],"collection":[{"href":"https:\/\/www.pandamech.com\/arabic\/wp-json\/wp\/v2\/product"}],"about":[{"href":"https:\/\/www.pandamech.com\/arabic\/wp-json\/wp\/v2\/types\/product"}],"version-history":[{"count":1,"href":"https:\/\/www.pandamech.com\/arabic\/wp-json\/wp\/v2\/product\/21483\/revisions"}],"predecessor-version":[{"id":91368,"href":"https:\/\/www.pandamech.com\/arabic\/wp-json\/wp\/v2\/product\/21483\/revisions\/91368"}],"wp:featuredmedia":[{"embeddable":true,"href":"https:\/\/www.pandamech.com\/arabic\/wp-json\/wp\/v2\/media\/57781"}],"wp:attachment":[{"href":"https:\/\/www.pandamech.com\/arabic\/wp-json\/wp\/v2\/media?parent=21483"}],"wp:term":[{"taxonomy":"product_brand","embeddable":true,"href":"https:\/\/www.pandamech.com\/arabic\/wp-json\/wp\/v2\/product_brand?post=21483"},{"taxonomy":"product_cat","embeddable":true,"href":"https:\/\/www.pandamech.com\/arabic\/wp-json\/wp\/v2\/product_cat?post=21483"},{"taxonomy":"product_tag","embeddable":true,"href":"https:\/\/www.pandamech.com\/arabic\/wp-json\/wp\/v2\/product_tag?post=21483"}],"curies":[{"name":"\u062f\u0628\u0644\u064a\u0648 \u0628\u064a","href":"https:\/\/api.w.org\/{rel}","templated":true}]}}