{"id":21434,"date":"2022-06-14T19:03:10","date_gmt":"2022-06-14T11:03:10","guid":{"rendered":"http:\/\/pandamech.com\/?post_type=product&#038;p=21434"},"modified":"2025-08-23T01:08:25","modified_gmt":"2025-08-22T17:08:25","slug":"bitumen-tanker-transport-vehicle-semi-trailer-p00231p1-html","status":"publish","type":"product","link":"https:\/\/www.pandamech.com\/arabic\/product\/bitumen-tanker-transport-vehicle-semi-trailer-p00231p1-html\/","title":{"rendered":"3 \u0646\u0627\u0642\u0644\u0629 \u0623\u0633\u0641\u0644\u062a \u0633\u0627\u0626\u0644\u0629 \u0630\u0627\u062a 3 \u0645\u062d\u0627\u0648\u0631"},"content":{"rendered":"<p>\u062a\u064f\u0639\u0631\u0641 \u0635\u0647\u0631\u064a\u062c \u0627\u0644\u0623\u0633\u0641\u0644\u062a \u0627\u0644\u0633\u0627\u0626\u0644 \u0628\u0627\u0633\u0645 \u0645\u0642\u0637\u0648\u0631\u0629 \u0635\u0647\u0631\u064a\u062c \u0627\u0644\u0623\u0633\u0641\u0644\u062a\u060c \u0645\u0642\u0637\u0648\u0631\u0629 \u0635\u0647\u0631\u064a\u062c \u0627\u0644\u0623\u0633\u0641\u0644\u062a\u060c \u0645\u0642\u0637\u0648\u0631\u0629 \u0635\u0647\u0631\u064a\u062c \u0627\u0644\u0623\u0633\u0641\u0644\u062a\u060c \u0645\u0642\u0637\u0648\u0631\u0629 \u0634\u0627\u062d\u0646\u0629 \u0635\u0647\u0631\u064a\u062c \u0627\u0644\u0623\u0633\u0641\u0644\u062a. \u062a\u062a\u0643\u0648\u0646 \u0646\u0627\u0642\u0644\u0629 \u0627\u0644\u0623\u0633\u0641\u0644\u062a \u0627\u0644\u0633\u0627\u0626\u0644 \u0645\u0646 \u0647\u064a\u0643\u0644 \u0627\u0644\u0633\u064a\u0627\u0631\u0629\u060c \u0648\u062e\u0632\u0627\u0646 \u0627\u0644\u0623\u0633\u0641\u0644\u062a\u060c \u0648\u0646\u0638\u0627\u0645 \u0636\u062e \u0627\u0644\u0623\u0633\u0641\u0644\u062a \u0648\u0627\u0644\u0631\u0634\u060c \u0648\u0646\u0638\u0627\u0645 \u062a\u0633\u062e\u064a\u0646 \u0632\u064a\u062a \u0646\u0642\u0644 \u0627\u0644\u062d\u0631\u0627\u0631\u0629\u060c \u0648\u0627\u0644\u0646\u0638\u0627\u0645 \u0627\u0644\u0647\u064a\u062f\u0631\u0648\u0644\u064a\u0643\u064a\u060c \u0648\u0646\u0638\u0627\u0645 \u0627\u0644\u0627\u062d\u062a\u0631\u0627\u0642\u060c \u0648\u0646\u0638\u0627\u0645 \u0627\u0644\u062a\u062d\u0643\u0645\u060c \u0648\u0627\u0644\u0646\u0638\u0627\u0645 \u0627\u0644\u0647\u0648\u0627\u0626\u064a\u060c \u0648\u0645\u0646\u0635\u0629 \u0627\u0644\u062a\u0634\u063a\u064a\u0644.<\/p>\n<p>\u062a\u064f\u0633\u062a\u062e\u062f\u0645 \u0646\u0627\u0642\u0644\u0629 \u0627\u0644\u0623\u0633\u0641\u0644\u062a \u0627\u0644\u0633\u0627\u0626\u0644 \u0641\u064a \u0646\u0642\u0644 \u0627\u0644\u0623\u0633\u0641\u0644\u062a \u0627\u0644\u0633\u0627\u0626\u0644 \u0645\u0646 \u0645\u0635\u0641\u0627\u0629 \u0627\u0644\u0646\u0641\u0637 \u0648\u0631\u0635\u064a\u0641 \u0627\u0644\u0645\u064a\u0646\u0627\u0621 \u0625\u0644\u0649 \u0645\u0633\u062a\u0648\u062f\u0639 \u062a\u062e\u0632\u064a\u0646 \u0627\u0644\u0623\u0633\u0641\u0644\u062a\u060c \u0643\u0645\u0627 \u062a\u0646\u0642\u0644 \u0627\u0644\u0623\u0633\u0641\u0644\u062a \u0645\u0646 \u0645\u0633\u062a\u0648\u062f\u0639 \u062a\u062e\u0632\u064a\u0646 \u0627\u0644\u0623\u0633\u0641\u0644\u062a \u0625\u0644\u0649 \u0645\u0635\u0646\u0639 \u0627\u0644\u0623\u0633\u0641\u0644\u062a. \u064a\u0633\u062a\u062e\u062f\u0645 \u0647\u0630\u0627 \u0627\u0644\u0645\u0646\u062a\u062c \u0627\u0644\u062b\u0646\u0627\u0626\u064a \u0628\u0634\u0643\u0644 \u0623\u0633\u0627\u0633\u064a \u0641\u064a \u0631\u0635\u0641 \u0627\u0644\u0637\u0631\u0642.<\/p>\n<h2>\u0645\u0648\u0627\u0635\u0641\u0627\u062a \u0646\u0627\u0642\u0644\u0629 \u0627\u0644\u0623\u0633\u0641\u0644\u062a \u0627\u0644\u0633\u0627\u0626\u0644 \u0630\u0627\u062a 3 \u0645\u062d\u0627\u0648\u0631<\/h2>\n<table style=\"width: 800px;\" border=\"1\" cellspacing=\"1\" cellpadding=\"1\">\n<tbody>\n<tr>\n<td width=\"203\" height=\"32\">\u00a0\u0627\u0644\u0639\u0644\u0627\u0645\u0629 \u0627\u0644\u062a\u062c\u0627\u0631\u064a\u0629<\/td>\n<td width=\"449\">\u00a0\u0635\u0647\u0631\u064a\u062c \u0627\u0644\u0623\u0633\u0641\u0644\u062a \u0627\u0644\u0633\u0627\u0626\u0644 \u0628\u0627\u0646\u062f\u0627 \u0645\u064a\u0643<\/td>\n<\/tr>\n<tr>\n<td width=\"203\" height=\"32\">\u00a0\u0627\u0644\u0648\u0632\u0646 \u0627\u0644\u0641\u0627\u0631\u063a<\/td>\n<td width=\"449\">\u00a010500 \u0643\u062c\u0645<\/td>\n<\/tr>\n<tr>\n<td width=\"203\" height=\"32\">\u00a0\u0627\u0644\u0645\u0648\u0627\u062f<\/td>\n<td width=\"449\">\u00a0\u0627\u0644\u0641\u0648\u0644\u0627\u0630 \u0627\u0644\u0643\u0631\u0628\u0648\u0646\u064a Q345B<\/td>\n<\/tr>\n<tr>\n<td width=\"203\" height=\"32\">\u00a0\u0633\u0639\u0629 \u0635\u0647\u0631\u064a\u062c \u0627\u0644\u0623\u0633\u0641\u0644\u062a \u0627\u0644\u0633\u0627\u0626\u0644<\/td>\n<td width=\"449\">\u00a038000\u060c 42000\u060c 45000 \u0644\u062a\u0631<\/td>\n<\/tr>\n<tr>\n<td width=\"203\" height=\"32\">\u00a0\u0623\u0628\u0639\u0627\u062f \u0635\u0647\u0631\u064a\u062c \u0627\u0644\u0623\u0633\u0641\u0644\u062a \u0627\u0644\u0633\u0627\u0626\u0644<\/td>\n<td width=\"449\">\u00a010500 \u00d7 2500 \u00d7 2500 \u00d7 3750 \u0645\u0645 (\u063a\u064a\u0631 \u0645\u062b\u0628\u062a\u0629)<\/td>\n<\/tr>\n<tr>\n<td width=\"203\" height=\"32\">\u00a0\u0633\u064f\u0645\u0643 \u0627\u0644\u062e\u0632\u0627\u0646<\/td>\n<td width=\"449\">\u00a0\u062c\u0633\u0645 5 \u0645\u0645 \u0648\u0631\u0623\u0633 \u062e\u0632\u0627\u0646 6 \u0645\u0645<\/td>\n<\/tr>\n<tr>\n<td width=\"203\" height=\"32\">\u00a0\u0637\u0628\u0642\u0629 \u0627\u0644\u0639\u0632\u0644<\/td>\n<td width=\"449\">\u00a0\u0637\u0628\u0642\u0629 \u0645\u0646 \u0627\u0644\u0635\u0648\u0641 \u0627\u0644\u0635\u062e\u0631\u064a \u0628\u0633\u064f\u0645\u0643 18 \u0645\u0645 \u0645\u0639 \u0635\u0641\u064a\u062d\u0629 PPGI<\/td>\n<\/tr>\n<tr>\n<td width=\"203\" height=\"32\">\u00a0\u0646\u0638\u0627\u0645 \u0627\u0644\u062a\u062f\u0641\u0626\u0629<\/td>\n<td width=\"449\">\u00a0\u0645\u0648\u0642\u062f RIELLO \u0645\u0632\u0648\u062f \u0628\u062e\u0632\u0627\u0646 \u0632\u064a\u062a \u0643\u0627\u0645\u0644 \u0648\u0646\u0638\u0627\u0645 \u062a\u062d\u0643\u0645 \u0643\u0627\u0645\u0644<\/td>\n<\/tr>\n<tr>\n<td width=\"203\" height=\"32\">\u00a0\u0627\u0644\u0645\u062d\u0648\u0631<\/td>\n<td width=\"449\">\u00a0\u0641\u0648\u0627 13 \u062a\u064a\u060c 3 \u0642\u0637\u0639\u060c 2 \u0645\u062d\u0648\u0631\u060c 3 \u0645\u062d\u0648\u0631\u060c 4 \u0645\u062d\u0627\u0648\u0631<\/td>\n<\/tr>\n<tr>\n<td width=\"203\" height=\"32\">\u00a0\u0627\u0644\u062a\u0639\u0644\u064a\u0642<\/td>\n<td width=\"449\">\u00a0\u0646\u0638\u0627\u0645 \u0627\u0644\u062a\u0639\u0644\u064a\u0642 \u0627\u0644\u0632\u0646\u0628\u0631\u0643\u064a \u0627\u0644\u0648\u0631\u0642\u064a<\/td>\n<\/tr>\n<tr>\n<td width=\"203\" height=\"32\">\u00a0\u062f\u0628\u0648\u0633 \u0627\u0644\u0645\u0644\u0643<\/td>\n<td width=\"449\">\u00a0\u062f\u0628\u0648\u0633 \u062c\u0631 2\u2033 \u0645\u0646 \u0645\u0627\u0631\u0643\u0629 JOST<\/td>\n<\/tr>\n<tr>\n<td width=\"203\" height=\"32\">\u00a0\u0627\u0644\u0625\u0637\u0627\u0631\u0627\u062a \u0648\u0627\u0644\u0625\u0637\u0627\u0631\u0627\u062a<\/td>\n<td width=\"449\">\u00a0\u0645\u0627\u0631\u0643\u0629 \u062a\u0631\u0627\u064a\u0646\u062c\u0644 315\/80R22.5\u060c13 \u0642\u0637\u0639\u0629\u060c \u062d\u0627\u0641\u0629 \u0631\u0645\u0627\u062f\u064a \u0627\u0644\u0644\u0648\u0646<\/td>\n<\/tr>\n<tr>\n<td width=\"203\" height=\"32\">\u00a0\u0627\u0644\u0641\u062a\u062d\u0629<\/td>\n<td width=\"449\">\u00a02<\/td>\n<\/tr>\n<tr>\n<td width=\"203\" height=\"32\">\u00a0\u0635\u0645\u0627\u0645 \u0627\u0644\u062a\u0641\u0631\u064a\u063a<\/td>\n<td width=\"449\">\u00a0\u062a\u062d\u0648\u064a\u0644 8 \u0628\u0648\u0635\u0629 \u0625\u0644\u0649 \u0635\u0645\u0627\u0645 \u0644\u0648\u0644\u0628\u064a 6 \u0628\u0648\u0635\u0629<\/td>\n<\/tr>\n<tr>\n<td width=\"203\" height=\"32\">\u00a0\u0627\u0644\u0634\u0643\u0644<\/td>\n<td width=\"449\">\u00a0\u0645\u064a\u062f\u0627\u0646 \u0627\u0644\u062a\u0644\u0641\u0632\u064a\u0648\u0646 \u0643\u0635\u0648\u0631\u0629<\/td>\n<\/tr>\n<tr>\n<td width=\"203\" height=\"32\">\u00a0\u0645\u0639\u062f\u0627\u062a \u0627\u0644\u0647\u0628\u0648\u0637<\/td>\n<td width=\"449\">\u00a028T \u0627\u0644\u062a\u0634\u063a\u064a\u0644 \u0627\u0644\u064a\u062f\u0648\u064a<\/td>\n<\/tr>\n<tr>\n<td width=\"203\" height=\"32\">\u00a0\u0627\u0644\u0625\u0643\u0633\u0633\u0648\u0627\u0631\u0627\u062a<\/td>\n<td width=\"449\">\u00a01 \u0637\u0642\u0645 1 \u0645\u062c\u0645\u0648\u0639\u0629 \u0623\u062f\u0648\u0627\u062a \u0642\u064a\u0627\u0633\u064a\u0629<\/td>\n<\/tr>\n<tr>\n<td width=\"203\" height=\"32\">\u00a0\u0627\u0644\u0645\u0645\u0634\u0649<\/td>\n<td width=\"449\">\u00a0\u064a\u0641\u0636\u0644 \u0623\u0646 \u064a\u0643\u0648\u0646 \u0627\u0644\u0645\u0642\u064a\u0627\u0633 \u0639\u0644\u0649 \u062e\u0632\u0627\u0646 \u0627\u0644\u0648\u0635\u0648\u0644<\/td>\n<\/tr>\n<tr>\n<td width=\"203\" height=\"36\">\u00a0\u0645\u0637\u0641\u0623\u0629 \u062d\u0631\u064a\u0642<\/td>\n<td width=\"449\">\u00a02 \u0642\u0637\u0639\u0629\u060c \u0623\u062c\u0647\u0632\u0629 \u0645\u0631\u0646\u0629 6 \u0645\u0642\u0627\u0633 6\u060c \u0648\u0645\u0637\u0641\u0623\u0629 \u0635\u0646\u0627\u0639\u064a\u0629 \u062c\u0630\u0627\u0628\u0629 4 \u0628\u0648\u0635\u0629<\/td>\n<\/tr>\n<tr>\n<td width=\"203\" height=\"32\">\u00a0\u062e\u0641\u064a\u0641<\/td>\n<td width=\"449\">\u00a0\u0627\u0644\u0645\u0635\u0628\u0627\u062d \u0627\u0644\u062e\u0644\u0641\u064a \u0645\u0639 \u0625\u0634\u0627\u0631\u0629 \u0627\u0644\u0627\u0646\u0639\u0637\u0627\u0641\u060c \u0648\u0645\u0635\u0628\u0627\u062d \u0627\u0644\u0641\u0631\u0627\u0645\u0644 \u0648\u0627\u0644\u0639\u0627\u0643\u0633\u060c \u0648\u0627\u0644\u0645\u0635\u0628\u0627\u062d \u0627\u0644\u062c\u0627\u0646\u0628\u064a<\/td>\n<\/tr>\n<tr>\n<td width=\"203\" height=\"38\">\u00a0\u0627\u0644\u0637\u0644\u0627\u0621<\/td>\n<td width=\"449\">\u00a01 \u0637\u0628\u0642\u0629 \u0645\u0646 \u0627\u0644\u0637\u0644\u0627\u0621 \u0627\u0644\u0623\u0648\u0644\u064a \u0627\u0644\u0645\u0636\u0627\u062f \u0644\u0644\u062a\u0622\u0643\u0644\u060c \u0637\u0628\u0642\u062a\u0627\u0646 \u0645\u0646 \u0627\u0644\u0637\u0644\u0627\u0621 \u0627\u0644\u0646\u0647\u0627\u0626\u064a \u0627\u0644\u0644\u0648\u0646: \u0623\u0628\u064a\u0636\u060c RAL:9010<\/td>\n<\/tr>\n<tr>\n<td width=\"203\" height=\"36\">\u00a0\u0627\u0644\u0645\u0643\u0627\u0628\u062d<\/td>\n<td width=\"449\">\u00a0\u0646\u0638\u0627\u0645 \u0645\u0643\u0627\u0628\u062d \u0645\u0632\u062f\u0648\u062c \u0627\u0644\u062e\u0637 \u0645\u0639 \u0646\u0638\u0627\u0645 \u0645\u0627\u0646\u0639 \u0627\u0646\u063a\u0644\u0627\u0642 \u0627\u0644\u0645\u0643\u0627\u0628\u062d ABS\u060c \u0648\u0635\u0645\u0627\u0645 \u0637\u0648\u0627\u0631\u0626 \u0645\u0627\u0631\u0643\u0629 WABCO\u060c \u06486 \u062d\u062c\u0631\u0627\u062a \u0643\u0628\u064a\u0631\u0629\u060c \u0648\u062d\u062c\u0631\u0627\u062a \u0645\u0643\u0627\u0628\u062d \u0645\u0646 \u0646\u0648\u0639 KTL 30\/30 \u0639\u0644\u0649 \u0627\u0644\u0645\u062d\u0648\u0631 \u0627\u0644\u062e\u0644\u0641\u064a<\/td>\n<\/tr>\n<tr>\n<td width=\"203\" height=\"32\"><a title=\"https:\/\/pandamech.com\/art\/contact-us-9-html\" href=\"\/arabic\/contact-us\/\">\u0627\u0633\u062a\u0641\u0633\u0631 \u0627\u0644\u0622\u0646<\/a><\/td>\n<td width=\"449\"><a title=\"https:\/\/pandamech.com\/about\/\" href=\"https:\/\/www.pandamech.com\/arabic\/about\/\" target=\"_blank\" rel=\"noopener\">\u0646\u0628\u0630\u0629 \u0639\u0646 \u0628\u0627\u0646\u062f\u0627 \u0645\u064a\u0643<\/a><\/td>\n<\/tr>\n<\/tbody>\n<\/table>\n<h2>3 \u0635\u0648\u0631 \u0646\u0627\u0642\u0644\u0629 \u0623\u0633\u0641\u0644\u062a \u0633\u0627\u0626\u0644\u0629 \u0630\u0627\u062a 3 \u0645\u062d\u0627\u0648\u0631<\/h2>\n<p><img decoding=\"async\" src=\"\/wp-content\/uploads\/u_file\/3050b0f42d.jpg\" alt=\"\u0645\u0642\u0637\u0648\u0631\u0629 \u0635\u0647\u0631\u064a\u062c \u062a\u062e\u0632\u064a\u0646 \u0627\u0644\u0623\u0633\u0641\u0644\u062a \u0627\u0644\u0633\u0627\u0626\u0644 3 \u0645\u062d\u0627\u0648\u0631 \u0644\u0644\u0628\u064a\u0639\" title=\"\"><\/p>\n<h2>\u0627\u0644\u062a\u0637\u0628\u064a\u0642:<\/h2>\n<p>\u062a\u0633\u062a\u062e\u062f\u0645 \u0646\u0627\u0642\u0644\u0629 \u0627\u0644\u0623\u0633\u0641\u0644\u062a \u0627\u0644\u0633\u0627\u0626\u0644 \u0628\u0634\u0643\u0644 \u0639\u0627\u0645 \u0644\u0646\u0642\u0644 \u0627\u0644\u0623\u0633\u0641\u0644\u062a. \u062a\u0628\u0644\u063a \u0633\u0639\u0629 \u0635\u0647\u0631\u064a\u062c \u0627\u0644\u0623\u0633\u0641\u0644\u062a \u0627\u0644\u0633\u0627\u0626\u0644 38000-45000 \u0644\u062a\u0631\u060c \u0648\u0627\u0644\u062a\u064a \u062a\u0633\u062a\u062e\u062f\u0645 \u0639\u0645\u0648\u0645\u064b\u0627 \u0644\u0644\u0646\u0642\u0644 \u0644\u0645\u0633\u0627\u0641\u0627\u062a \u0637\u0648\u064a\u0644\u0629\u060c \u0648\u0646\u0642\u0644 \u0627\u0644\u0645\u0648\u0627\u062f \u0627\u0644\u0633\u0627\u0626\u0644\u0629 \u0641\u064a \u062c\u0645\u064a\u0639 \u0623\u0646\u062d\u0627\u0621 \u0627\u0644\u0639\u0627\u0644\u0645\u060c \u0648\u0630\u0644\u0643 \u0644\u062a\u062d\u0642\u064a\u0642 \u0627\u0644\u062a\u0648\u0632\u064a\u0639 \u0627\u0644\u0645\u0639\u0642\u0648\u0644 \u0648\u0627\u0633\u062a\u062e\u062f\u0627\u0645 \u0627\u0644\u0645\u0648\u0627\u0631\u062f.<\/p>\n<p>\u0630\u0627\u062a \u0635\u0644\u0629:\u00a0<a href=\"https:\/\/www.pandamech.com\/arabic\/info\/asphalt-bitumen-tanker-trailer-use-and-buy-guide-i00066i1-html\/\" target=\"_blank\" rel=\"noopener\">\u062f\u0644\u064a\u0644 \u0627\u0633\u062a\u062e\u062f\u0627\u0645 \u0645\u0642\u0637\u0648\u0631\u0629 \u0646\u0627\u0642\u0644\u0629 \u0627\u0644\u0623\u0633\u0641\u0644\u062a \u0648\u0634\u0631\u0627\u0626\u0647\u0627<\/a><\/p>\n<h2>\u0627\u0644\u0645\u064a\u0632\u0627\u062a:<\/h2>\n<p>\u0627\u0644\u0625\u0637\u0627\u0631 \u0627\u0644\u0631\u0626\u064a\u0633\u064a \u0645\u0635\u0646\u0648\u0639 \u0645\u0646 \u0627\u0644\u0641\u0648\u0644\u0627\u0630 \u0645\u0646\u062e\u0641\u0636 \u0627\u0644\u0633\u0628\u0627\u0626\u0643 \u0639\u0627\u0644\u064a \u0627\u0644\u0642\u0648\u0629\u060c \u0645\u0645\u0627 \u064a\u062d\u0633\u0651\u0646 \u062a\u0645\u0627\u0645\u064b\u0627 \u0645\u0646 \u0645\u0642\u0627\u0648\u0645\u0629 \u0627\u0644\u0627\u0644\u062a\u0648\u0627\u0621 \u0648\u0645\u0642\u0627\u0648\u0645\u0629 \u0627\u0644\u0632\u0644\u0627\u0632\u0644 \u0648\u0645\u0642\u0627\u0648\u0645\u0629 \u0627\u0644\u0632\u0644\u0627\u0632\u0644\u060c \u0648\u064a\u0644\u0628\u064a \u0645\u062a\u0637\u0644\u0628\u0627\u062a \u0627\u0644\u0623\u062d\u0645\u0627\u0644 \u0627\u0644\u0645\u062e\u062a\u0644\u0641\u0629.<\/p>\n<p>\u0627\u0644\u0645\u062d\u0648\u0631: \u064a\u0645\u0643\u0646 \u0644\u0644\u0645\u062d\u0648\u0631 \u0627\u062e\u062a\u064a\u0627\u0631 \u0639\u0644\u0627\u0645\u0627\u062a \u062a\u062c\u0627\u0631\u064a\u0629 \u0645\u062e\u062a\u0644\u0641\u0629 \u0645\u0639\u0631\u0648\u0641\u0629 \u0645\u0646 BPW \u0648 FUWA. \u0641\u064a \u0627\u0644\u062f\u0627\u062e\u0644 \u0648\u0627\u0644\u062e\u0627\u0631\u062c. \u0628\u0627\u0644\u0625\u0636\u0627\u0641\u0629 \u0625\u0644\u0649 \u0630\u0644\u0643\u060c \u064a\u0645\u0643\u0646 \u062a\u062b\u0628\u064a\u062a \u0646\u0638\u0627\u0645 ABS \u0627\u062e\u062a\u064a\u0627\u0631\u064a\u064b\u0627 \u0645\u0639 Haldex \u0648 WABCO\u060c \u0645\u0645\u0627 \u064a\u0645\u0643\u0646 \u0623\u0646 \u064a\u062d\u0633\u0646 \u0628\u0634\u0643\u0644 \u0643\u0628\u064a\u0631 \u0645\u0646 \u0627\u0644\u0627\u0633\u062a\u0642\u0631\u0627\u0631 \u0648\u0627\u0644\u0633\u0644\u0627\u0645\u0629.<\/p>\n<p>\u0646\u0638\u0627\u0645 \u0627\u0644\u062a\u0639\u0644\u064a\u0642: \u0627\u0644\u062a\u0639\u0644\u064a\u0642 \u0627\u0644\u0645\u064a\u0643\u0627\u0646\u064a\u0643\u064a \u0648\u0633\u0644\u0633\u0644\u0629 \u0627\u0644\u062a\u0639\u0644\u064a\u0642 \u0627\u0644\u0647\u0648\u0627\u0626\u064a \u0627\u062e\u062a\u064a\u0627\u0631\u064a\u0627\u0646.<\/p>\n<h2>\u0628\u0627\u0646\u062f\u0627 \u0645\u064a\u0643<\/h2>\n<p>\u0646\u062d\u0646 \u0634\u0631\u0643\u0629 \u062a\u0635\u0646\u064a\u0639 \u0635\u0647\u0627\u0631\u064a\u062c \u0627\u0644\u0623\u0633\u0641\u0644\u062a \u0627\u0644\u0633\u0627\u0626\u0644 \u0645\u0646 \u0627\u0644\u0635\u064a\u0646. \u0646\u0642\u0648\u0645 \u0628\u062a\u0648\u0631\u064a\u062f 38000-60000 \u0644\u062a\u0631 \u0645\u0646 \u0645\u0642\u0637\u0648\u0631\u0627\u062a \u0635\u0647\u0631\u064a\u062c \u0627\u0644\u0628\u064a\u062a\u0648\u0645\u064a\u0646 \u0644\u0644\u0628\u064a\u0639. \u064a\u0639\u062a\u0645\u062f \u0633\u0639\u0631 \u0645\u0642\u0637\u0648\u0631\u0629 \u0635\u0647\u0631\u064a\u062c \u0627\u0644\u0628\u064a\u062a\u0648\u0645\u064a\u0646 \u0639\u0644\u0649 \u0627\u0644\u0645\u0648\u0627\u0635\u0641\u0627\u062a. \u064a\u0645\u0643\u0646\u0646\u0627 \u062a\u062e\u0635\u064a\u0635\u0647\u0627 \u0648\u0641\u0642\u064b\u0627 \u0644\u0627\u062d\u062a\u064a\u0627\u062c\u0627\u062a\u0643.<\/p>\n<p>\u062d\u0642\u0642 \u0645\u0635\u0646\u0639\u0648 Panda Mech \u0646\u062c\u0627\u062d\u064b\u0627 \u0641\u064a \u062c\u0646\u0648\u0628 \u0634\u0631\u0642 \u0622\u0633\u064a\u0627 \u0648\u0627\u0644\u0634\u0631\u0642 \u0627\u0644\u0623\u0648\u0633\u0637 \u0648\u0623\u0641\u0631\u064a\u0642\u064a\u0627 \u0648\u0623\u0645\u0631\u064a\u0643\u0627 \u0627\u0644\u062c\u0646\u0648\u0628\u064a\u0629\u060c \u0645\u062b\u0644 \u0627\u0644\u0641\u0644\u0628\u064a\u0646 \u0648\u062a\u0646\u0632\u0627\u0646\u064a\u0627 \u0648\u0646\u064a\u062c\u064a\u0631\u064a\u0627 \u0648\u063a\u064a\u0631\u0647\u0627...<\/p>","protected":false},"excerpt":{"rendered":"<p>\u0627\u0644\u0646\u0648\u0639: 3 \u0645\u062d\u0627\u0648\u0631 \u0646\u0635\u0641 \u0645\u0642\u0637\u0648\u0631\u0629 \u0635\u0647\u0631\u064a\u062c \u0623\u0633\u0641\u0644\u062a \u0633\u0627\u0626\u0644 \u0646\u0635\u0641 \u0645\u0642\u0637\u0648\u0631\u0629<\/p>\n<p>\u0646\u0637\u0627\u0642 \u0627\u0644\u0633\u0639\u0631: $ 16,900 - 26,900 \u062f\u0648\u0644\u0627\u0631 \u0623\u0645\u0631\u064a\u0643\u064a<\/p>\n<p>\u0627\u0644\u062a\u0633\u0644\u064a\u0645: 7-25 \u064a\u0648\u0645\u064b\u0627<\/p>\n<p>\u0645\u0627\u062f\u0629 \u0627\u0644\u062e\u0632\u0627\u0646: \u0641\u0648\u0644\u0627\u0630 \u0643\u0631\u0628\u0648\u0646\u064a<\/p>\n<p>\u0627\u0644\u0627\u0633\u062a\u062e\u062f\u0627\u0645: \u0623\u0633\u0641\u0644\u062a \u0627\u0644\u0646\u0642\u0644\u060c \u0627\u0644\u0642\u0627\u0631<\/p>","protected":false},"featured_media":57768,"template":"","meta":{"_acf_changed":false,"_kad_blocks_custom_css":"","_kad_blocks_head_custom_js":"","_kad_blocks_body_custom_js":"","_kad_blocks_footer_custom_js":"","_kad_post_transparent":"default","_kad_post_title":"","_kad_post_layout":"default","_kad_post_sidebar_id":"","_kad_post_content_style":"default","_kad_post_vertical_padding":"default","_kad_post_feature":"","_kad_post_feature_position":"","_kad_post_header":false,"_kad_post_footer":false,"_kad_post_classname":""},"product_brand":[],"product_cat":[99],"product_tag":[],"class_list":{"0":"post-21434","1":"product","2":"type-product","3":"status-publish","4":"has-post-thumbnail","6":"product_cat-asphalt-tanker","8":"first","9":"instock","10":"sold-individually","11":"shipping-taxable","12":"purchasable","13":"product-type-simple","14":"entry","15":"content-bg","16":"loop-entry"},"acf":[],"taxonomy_info":{"product_cat":[{"value":99,"label":"Bitumen Tanker Trailer"}]},"featured_image_src_large":["https:\/\/www.pandamech.com\/wp-content\/uploads\/2022\/08\/2-57-500x500.jpg",500,500,true],"author_info":[],"comment_info":"","_links":{"self":[{"href":"https:\/\/www.pandamech.com\/arabic\/wp-json\/wp\/v2\/product\/21434","targetHints":{"allow":["GET"]}}],"collection":[{"href":"https:\/\/www.pandamech.com\/arabic\/wp-json\/wp\/v2\/product"}],"about":[{"href":"https:\/\/www.pandamech.com\/arabic\/wp-json\/wp\/v2\/types\/product"}],"version-history":[{"count":1,"href":"https:\/\/www.pandamech.com\/arabic\/wp-json\/wp\/v2\/product\/21434\/revisions"}],"predecessor-version":[{"id":91388,"href":"https:\/\/www.pandamech.com\/arabic\/wp-json\/wp\/v2\/product\/21434\/revisions\/91388"}],"wp:featuredmedia":[{"embeddable":true,"href":"https:\/\/www.pandamech.com\/arabic\/wp-json\/wp\/v2\/media\/57768"}],"wp:attachment":[{"href":"https:\/\/www.pandamech.com\/arabic\/wp-json\/wp\/v2\/media?parent=21434"}],"wp:term":[{"taxonomy":"product_brand","embeddable":true,"href":"https:\/\/www.pandamech.com\/arabic\/wp-json\/wp\/v2\/product_brand?post=21434"},{"taxonomy":"product_cat","embeddable":true,"href":"https:\/\/www.pandamech.com\/arabic\/wp-json\/wp\/v2\/product_cat?post=21434"},{"taxonomy":"product_tag","embeddable":true,"href":"https:\/\/www.pandamech.com\/arabic\/wp-json\/wp\/v2\/product_tag?post=21434"}],"curies":[{"name":"\u062f\u0628\u0644\u064a\u0648 \u0628\u064a","href":"https:\/\/api.w.org\/{rel}","templated":true}]}}