{"id":21401,"date":"2022-06-03T19:02:48","date_gmt":"2022-06-03T11:02:48","guid":{"rendered":"http:\/\/pandamech.com\/?post_type=product&#038;p=21401"},"modified":"2025-08-23T01:08:26","modified_gmt":"2025-08-22T17:08:26","slug":"28000-liters-hydrochloric-acid-tanker","status":"publish","type":"product","link":"https:\/\/www.pandamech.com\/arabic\/product\/28000-liters-hydrochloric-acid-tanker\/","title":{"rendered":"\u0646\u0627\u0642\u0644\u0629 \u062d\u0645\u0636 \u0627\u0644\u0647\u064a\u062f\u0631\u0648\u0643\u0644\u0648\u0631\u064a\u0643 \u0633\u0639\u0629 28,000 \u0644\u062a\u0631"},"content":{"rendered":"<p>\u062a\u064f\u0633\u062a\u062e\u062f\u0645 \u0645\u0642\u0637\u0648\u0631\u0627\u062a \u0635\u0647\u0627\u0631\u064a\u062c \u062d\u0645\u0636 \u0627\u0644\u0647\u064a\u062f\u0631\u0648\u0643\u0644\u0648\u0631\u064a\u0643 \u0628\u0634\u0643\u0644 \u0639\u0627\u0645 \u0644\u0644\u0646\u0642\u0644 \u0644\u0645\u0633\u0627\u0641\u0627\u062a \u0637\u0648\u064a\u0644\u0629\u060c \u0648\u0627\u0644\u063a\u0631\u0636 \u0645\u0646\u0647\u0627 \u0646\u0642\u0644 \u062d\u0645\u0636 \u0627\u0644\u0647\u064a\u062f\u0631\u0648\u0643\u0644\u0648\u0631\u064a\u0643 \u0623\u0648 \u0628\u0639\u0636 \u0627\u0644\u0645\u0648\u0627\u062f \u0627\u0644\u0643\u064a\u0645\u064a\u0627\u0626\u064a\u0629 \u0627\u0644\u0623\u062e\u0631\u0649. \u062a\u0633\u062a\u062e\u062f\u0645 \u0628\u0634\u0643\u0644 \u0639\u0627\u0645 \u0644\u0644\u0646\u0642\u0644 \u0628\u064a\u0646 \u0627\u0644\u0645\u0635\u0627\u0646\u0639 \u0627\u0644\u0643\u064a\u0645\u064a\u0627\u0626\u064a\u0629.<\/p>\n<h2>\u0645\u0648\u0627\u0635\u0641\u0627\u062a \u0645\u0642\u0637\u0648\u0631\u0627\u062a \u0635\u0647\u0631\u064a\u062c \u062d\u0645\u0636 \u0627\u0644\u0647\u064a\u062f\u0631\u0648\u0643\u0644\u0648\u0631\u064a\u0643 \u0633\u0639\u0629 28,000 \u0644\u062a\u0631<\/h2>\n<p>\u0627\u0644\u062a\u0627\u0644\u064a \u0647\u0648 \u0645\u0648\u0627\u0635\u0641\u0627\u062a \u0645\u0642\u0637\u0648\u0631\u0627\u062a \u062e\u0632\u0627\u0646 \u062d\u0645\u0636 \u0627\u0644\u0647\u064a\u062f\u0631\u0648\u0643\u0644\u0648\u0631\u064a\u0643 \u0633\u0639\u0629 28,000 \u0644\u062a\u0631.<\/p>\n<p>\u0627\u0644\u0639\u0644\u0627\u0645\u0629 \u0627\u0644\u062a\u062c\u0627\u0631\u064a\u0629: \u0628\u0627\u0646\u062f\u0627<\/p>\n<p>\u0645\u0642\u0637\u0648\u0631\u0629 \u0635\u0647\u0631\u064a\u062c \u062d\u0645\u0636 \u0627\u0644\u0647\u064a\u062f\u0631\u0648\u0643\u0644\u0648\u0631\u064a\u0643 \u0627\u0644\u0645\u064a\u0643\u0627\u0646\u064a\u0643\u064a<\/p>\n<p>\u0627\u0644\u0633\u0639\u0629: 28 \u0643\u062c\u0645\u060c 28000 \u0644\u062a\u0631<\/p>\n<p>\u0627\u0644\u0628\u064f\u0639\u062f:<\/p>\n<p>9950 \u00d7 2500 \u00d7 3900 \u00d7 3900 \u0645\u0645<\/p>\n<p>\u0645\u0627\u062f\u0629 \u0627\u0644\u062e\u0632\u0627\u0646: \u0627\u0644\u0641\u0648\u0644\u0627\u0630 \u0627\u0644\u0643\u0631\u0628\u0648\u0646\u064a\/\u0627\u0644\u0641\u0648\u0644\u0627\u0630 \u0627\u0644\u0645\u0642\u0627\u0648\u0645 \u0644\u0644\u0635\u062f\u0623\/\u0633\u0628\u0627\u0626\u0643 \u0627\u0644\u0623\u0644\u0648\u0645\u0646\u064a\u0648\u0645<\/p>\n<p>\u0635\u0641\u064a\u062d\u0629 \u0637\u0631\u0641\u064a\u0629: \u0641\u0648\u0644\u0627\u0630 \u0643\u0631\u0628\u0648\u0646\u064a 5\/6 \u0645\u0645<\/p>\n<p>\u063a\u0637\u0627\u0621 \u0641\u062a\u062d\u0629 \u0627\u0644\u0628\u0627\u0644\u0648\u0639\u0629: \u063a\u0637\u0627\u0621 \u0641\u062a\u062d\u0629 \u0627\u0644\u062a\u0641\u062a\u064a\u0634 \u0645\u0646 \u0627\u0644\u0641\u0648\u0644\u0627\u0630 \u0627\u0644\u0645\u0642\u0627\u0648\u0645 \u0644\u0644\u0635\u062f\u0623<\/p>\n<p>\u0635\u0645\u0627\u0645 \u0633\u0641\u0644\u064a: \u0635\u0645\u0627\u0645 \u0633\u0641\u0644\u064a \u0647\u0648\u0627\u0626\u064a \u0645\u0646 \u0627\u0644\u0623\u0644\u0648\u0645\u0646\u064a\u0648\u0645 API<\/p>\n<p>\u0635\u0645\u0627\u0645 \u0627\u0644\u062a\u0641\u0631\u064a\u063a: 3\/4 \u0628\u0648\u0635\u0629<\/p>\n<p>\u0623\u0646\u0628\u0648\u0628 \u0627\u0644\u062a\u0641\u0631\u064a\u063a: \u0623\u0646\u0628\u0648\u0628 \u0645\u0637\u0627\u0637\u064a \u0645\u0642\u0627\u0633 4 \u0628\u0648\u0635\u0629\u060c 6 \u0645\/\u0642\u0637\u0639\u0629\u060c 2 \u0642\u0637\u0639\u0629<\/p>\n<p>\u0627\u0644\u0645\u0642\u0635\u0648\u0631\u0627\u062a: \u0645\u0642\u0635\u0648\u0631\u0629 \u0648\u0627\u062d\u062f\u0629<\/p>\n<p>\u0627\u0644\u0645\u062d\u0648\u0631: \u0645\u0627\u0631\u0643\u0629 FUWA 3x13T<\/p>\n<p>\u0627\u0644\u0625\u0637\u0627\u0631\u0627\u062a: \u0645\u0627\u0631\u0643\u0629 Try-angle\u060c 12R22.5 12 \u0642\u0637\u0639\u0629<\/p>\n<p>\u0631\u0643\u064a\u0632\u0629 \u0627\u0644\u0646\u0648\u0639 \u0627\u0644\u0627\u062d\u062a\u064a\u0627\u0637\u064a\u0629: 2 \u0642\u0637\u0639\u0629<\/p>\n<p>\u0627\u0644\u0645\u0642\u0628\u0636: 2\/3.5 \u0628\u0648\u0635\u0629<\/p>\n<p>\u0646\u0638\u0627\u0645 \u0627\u0644\u0645\u0643\u0627\u0628\u062d: \u0646\u0638\u0627\u0645 \u0645\u0643\u0627\u0628\u062d \u0647\u0648\u0627\u0626\u064a \u0628\u062e\u0637\u064a\u0646.<\/p>\n<p>\u0646\u0638\u0627\u0645 \u0627\u0644\u0645\u0643\u0627\u0628\u062d \u0627\u0644\u0632\u0646\u0628\u0631\u0643\u064a\u0629 \u0645\u0646 \u0627\u0644\u0646\u0648\u0639 30\/30 \u0639\u0644\u0649 \u0645\u062d\u0648\u0631\u064a\u0646. \u0627\u0642\u062a\u0631\u0627\u0646 \u0647\u0648\u0627\u0626\u064a \u0645\u0646 \u0646\u0648\u0639 ISO \u0641\u064a \u0645\u0642\u062f\u0645\u0629 \u0646\u0635\u0641 \u0627\u0644\u0645\u0642\u0637\u0648\u0631\u0629.<\/p>\n<p>ABS: \u0627\u062e\u062a\u064a\u0627\u0631\u064a<\/p>\n<p>\u062d\u062c\u0631\u0629 \u0627\u0644\u0645\u0643\u0627\u0628\u062d: 4 \u0645\u0632\u062f\u0648\u062c\u0629\u060c 2 \u0645\u0641\u0631\u062f\u0629<\/p>\n<p>\u0646\u0638\u0627\u0645 \u0643\u0647\u0631\u0628\u0627\u0626\u064a: \u0645\u0639\u064a\u0627\u0631 \u0635\u064a\u0646\u064a 24 \u0641\u0648\u0644\u062a\u061b 7 \u0637\u0631\u0642 \u0648\u0639\u0627\u0621\u061b \u0645\u0635\u0627\u0628\u064a\u062d LED<\/p>\n<p>\u0627\u0644\u0644\u0648\u0646 \u0648\u0627\u0644\u0639\u0644\u0627\u0645\u0627\u062a: \u0627\u0644\u0627\u0645\u062a\u062b\u0627\u0644 \u0644\u0645\u062a\u0637\u0644\u0628\u0627\u062a \u0627\u0644\u0639\u0645\u064a\u0644<\/p>\n<p>\u0627\u0644\u0625\u0643\u0633\u0633\u0648\u0627\u0631\u0627\u062a: \u0635\u0646\u062f\u0648\u0642 \u0623\u062f\u0648\u0627\u062a \u0642\u064a\u0627\u0633\u064a \u0648\u0627\u062d\u062f<\/p>\n<p>\u0645\u0644\u0627\u062d\u0638\u0629: \u0623\u064a \u0644\u0648\u0646 \u0633\u064a\u0643\u0648\u0646 \u0645\u062a\u0627\u062d\u064b\u0627\u060c \u064a\u064f\u0642\u0628\u0644 \u0627\u0644\u0637\u0644\u0628 \u0627\u0644\u0635\u063a\u064a\u0631<\/p>\n<h2>\u0635\u0648\u0631\u0629 \u0645\u0642\u0637\u0648\u0631\u0629 \u0635\u0647\u0631\u064a\u062c \u062d\u0645\u0636 \u0627\u0644\u0647\u064a\u062f\u0631\u0648\u0643\u0644\u0648\u0631\u064a\u0643 \u0633\u0639\u0629 28,000 \u0644\u062a\u0631<\/h2>\n<p><img decoding=\"async\" src=\"\/wp-content\/uploads\/u_file\/6efa032327.jpg\" alt=\"\" title=\"\"><\/p>\n<p><img decoding=\"async\" src=\"\/wp-content\/uploads\/u_file\/4a7eb979fc.jpg\" alt=\"\" title=\"\"><\/p>\n<h2>\u0627\u0644\u0645\u064a\u0632\u0627\u062a:<\/h2>\n<p>1. \u0627\u0644\u0631\u0633\u0645 \u062b\u0644\u0627\u062b\u064a \u0627\u0644\u0623\u0628\u0639\u0627\u062f \u0648 HyperMesh &amp; Ansys<\/p>\n<p>\u0627\u0644\u0627\u0633\u062a\u0641\u0627\u062f\u0629 \u0627\u0644\u0643\u0627\u0645\u0644\u0629 \u0645\u0646 \u0627\u0644\u0645\u0645\u062a\u0644\u0643\u0627\u062a \u0627\u0644\u0645\u0627\u062f\u064a\u0629\u060c \u0648\u062f\u0639\u0645 \u0623\u062f\u0627\u0621 \u0623\u0639\u0644\u0649\u060c \u0648\u062a\u0642\u0644\u064a\u0644 \u062a\u0643\u0644\u0641\u0629 \u0627\u0644\u062a\u0634\u063a\u064a\u0644<\/p>\n<p>2. \u0645\u062d\u0648\u0644 ADR API \u0627\u0644\u0642\u064a\u0627\u0633\u064a<\/p>\n<p>\u062d\u0627\u0633\u0645\u0629 \u0644\u0623\u064a \u0646\u0638\u0627\u0645 \u062a\u062d\u0645\u064a\u0644 \u0633\u0641\u0644\u064a \u0645\u0646 API\u060c \u062a\u0637\u0627\u0628\u0642 3 \u0623\u0648 4\u2033 \u0645\u0642\u0631\u0646\u0627\u062a<\/p>\n<p>3. \u0645\u0622\u062e\u0630 \u0628\u0635\u0631\u064a API Sockets \u0628\u0635\u0631\u064a<\/p>\n<p>\u062f\u0639\u0645 \u0646\u0638\u0627\u0645 \u0627\u0644\u062a\u062d\u0645\u064a\u0644 \u0627\u0644\u0633\u0641\u0644\u064a \u0627\u0644\u062f\u0627\u0639\u0645<\/p>\n<p>4. \u0641\u062a\u062d\u0629 \u062a\u0647\u0648\u064a\u0629 \u0642\u064a\u0627\u0633\u064a\u0629 ADR \u0645\u0639 \u0641\u062a\u062d\u0629 \u062a\u0647\u0648\u064a\u0629 \u0628\u062e\u0627\u0631<\/p>\n<p>16 \u0628\u0648\u0635\u0629 \u0623\u0648 20 \u0628\u0648\u0635\u0629\u060c \u0645\u0627\u062f\u0629 \u0627\u0644\u0623\u0644\u0648\u0645\u0646\u064a\u0648\u0645 \u0644\u0639\u0645\u0631 \u0627\u0641\u062a\u0631\u0627\u0636\u064a \u0623\u0637\u0648\u0644<\/p>\n<p>5. \u0627\u0644\u0645\u0632\u064a\u062f \u0645\u0646 \u0627\u0644\u0623\u0645\u0627\u0646 \u0628\u0648\u0627\u0633\u0637\u0629 7%\u062a\u0635\u0645\u064a\u0645 \u0645\u0639\u0642\u0648\u0641\u0629 \u0645\u0639\u0642\u0648\u0641\u0629 \u0645\u0646\u062e\u0641\u0636\u0629 \u0645\u0631\u0643\u0632 \u0627\u0644\u062b\u0642\u0644<\/p>\n<p>6. 12% \u0623\u0643\u0628\u0631 \u062d\u062c\u0645\u0627\u064b \u0628\u062a\u0635\u0645\u064a\u0645 \u0645\u0627\u0633\u0648\u0631\u0629 \u0630\u0627\u062a \u0645\u0642\u0637\u0639 \u0634\u0628\u0647 \u0628\u064a\u0636\u0627\u0648\u064a<\/p>\n<p>7. \u0639\u0645\u0631 \u062e\u062f\u0645\u0629 \u0637\u0648\u064a\u0644 \u0639\u0646 \u0637\u0631\u064a\u0642 \u0627\u0644\u0644\u062d\u0627\u0645 \u0628\u0627\u0644\u0642\u0648\u0633 \u0627\u0644\u0623\u0648\u062a\u0648\u0645\u0627\u062a\u064a\u0643\u064a \u0644\u0644\u0646\u0627\u0642\u0644\u0627\u062a<\/p>\n<h2>\u0628\u0627\u0646\u062f\u0627 \u0645\u064a\u0643<\/h2>\n<p>\u0646\u062d\u0646 \u0634\u0631\u0643\u0629 \u062a\u0635\u0646\u064a\u0639 \u0645\u0642\u0637\u0648\u0631\u0627\u062a \u0635\u0647\u0627\u0631\u064a\u062c \u062d\u0645\u0636 \u0627\u0644\u0647\u064a\u062f\u0631\u0648\u0643\u0644\u0648\u0631\u064a\u0643 \u0645\u0646 \u0627\u0644\u0635\u064a\u0646. \u0646\u0642\u0648\u0645 \u0628\u062a\u0648\u0631\u064a\u062f \u0645\u0642\u0637\u0648\u0631\u0627\u062a \u062e\u0632\u0627\u0646 \u062d\u0645\u0636 \u0627\u0644\u0647\u064a\u062f\u0631\u0648\u0643\u0644\u0648\u0631\u064a\u0643 \u0633\u0639\u0629 28000 \u0644\u062a\u0631 \u0644\u0644\u0628\u064a\u0639. \u064a\u0645\u0643\u0646\u0646\u0627 \u062a\u062e\u0635\u064a\u0635\u0647\u0627 \u0648\u0641\u0642\u064b\u0627 \u0644\u0627\u062d\u062a\u064a\u0627\u062c\u0627\u062a\u0643. \u064a\u0639\u062a\u0645\u062f \u0633\u0639\u0631 \u0645\u0642\u0637\u0648\u0631\u0629 \u062e\u0632\u0627\u0646 \u062d\u0645\u0636 \u0627\u0644\u0647\u064a\u062f\u0631\u0648\u0643\u0644\u0648\u0631\u064a\u0643 \u0639\u0644\u0649 \u0627\u0644\u0645\u0648\u0627\u0635\u0641\u0627\u062a. \u064a\u0645\u0643\u0646\u0646\u0627 \u062a\u062e\u0635\u064a\u0635\u0647\u0627 \u0648\u0641\u0642\u064b\u0627 \u0644\u0627\u062d\u062a\u064a\u0627\u062c\u0627\u062a\u0643.<\/p>\n<p>\u062d\u0642\u0642 \u0645\u0635\u0646\u0639\u0648 Panda Mech \u0646\u062c\u0627\u062d\u064b\u0627 \u0641\u064a \u062c\u0646\u0648\u0628 \u0634\u0631\u0642 \u0622\u0633\u064a\u0627 \u0648\u0627\u0644\u0634\u0631\u0642 \u0627\u0644\u0623\u0648\u0633\u0637 \u0648\u0623\u0641\u0631\u064a\u0642\u064a\u0627 \u0648\u0623\u0645\u0631\u064a\u0643\u0627 \u0627\u0644\u062c\u0646\u0648\u0628\u064a\u0629\u060c \u0645\u062b\u0644 \u0627\u0644\u0641\u0644\u0628\u064a\u0646 \u0648\u062a\u0646\u0632\u0627\u0646\u064a\u0627 \u0648\u0646\u064a\u062c\u064a\u0631\u064a\u0627 \u0648\u063a\u064a\u0631\u0647\u0627...<\/p>","protected":false},"excerpt":{"rendered":"<p>\u0627\u0644\u0646\u0648\u0639: \u0645\u0642\u0637\u0648\u0631\u0627\u062a \u0635\u0647\u0631\u064a\u062c \u062d\u0645\u0636 \u0627\u0644\u0647\u064a\u062f\u0631\u0648\u0643\u0644\u0648\u0631\u064a\u0643 \u0633\u0639\u0629 28000 \u0644\u062a\u0631<\/p>\n<p>\u0646\u0637\u0627\u0642 \u0627\u0644\u0633\u0639\u0631: $23000-45000<\/p>\n<p>\u0627\u0644\u062a\u0633\u0644\u064a\u0645: 7-25 \u064a\u0648\u0645\u064b\u0627<\/p>\n<p>\u0627\u0644\u0645\u062d\u0627\u0648\u0631: 3 \u0645\u062d\u0627\u0648\u0631<\/p>\n<p>\u0627\u0644\u062a\u0637\u0628\u064a\u0642: \u0646\u0642\u0644 \u062d\u0645\u0636 \u0627\u0644\u0647\u064a\u062f\u0631\u0648\u0643\u0644\u0648\u0631\u064a\u0643<\/p>","protected":false},"featured_media":57766,"template":"","meta":{"_acf_changed":false,"_kad_blocks_custom_css":"","_kad_blocks_head_custom_js":"","_kad_blocks_body_custom_js":"","_kad_blocks_footer_custom_js":"","_kad_post_transparent":"default","_kad_post_title":"","_kad_post_layout":"default","_kad_post_sidebar_id":"","_kad_post_content_style":"default","_kad_post_vertical_padding":"default","_kad_post_feature":"","_kad_post_feature_position":"","_kad_post_header":false,"_kad_post_footer":false,"_kad_post_classname":""},"product_brand":[],"product_cat":[102],"product_tag":[],"class_list":{"0":"post-21401","1":"product","2":"type-product","3":"status-publish","4":"has-post-thumbnail","6":"product_cat-chemical-tanker","8":"first","9":"instock","10":"sold-individually","11":"shipping-taxable","12":"purchasable","13":"product-type-simple","14":"entry","15":"content-bg","16":"loop-entry"},"acf":[],"taxonomy_info":{"product_cat":[{"value":102,"label":"Chemical Tanker"}]},"featured_image_src_large":["https:\/\/www.pandamech.com\/wp-content\/uploads\/2022\/08\/2-53-500x500.jpg",500,500,true],"author_info":[],"comment_info":"","_links":{"self":[{"href":"https:\/\/www.pandamech.com\/arabic\/wp-json\/wp\/v2\/product\/21401","targetHints":{"allow":["GET"]}}],"collection":[{"href":"https:\/\/www.pandamech.com\/arabic\/wp-json\/wp\/v2\/product"}],"about":[{"href":"https:\/\/www.pandamech.com\/arabic\/wp-json\/wp\/v2\/types\/product"}],"version-history":[{"count":1,"href":"https:\/\/www.pandamech.com\/arabic\/wp-json\/wp\/v2\/product\/21401\/revisions"}],"predecessor-version":[{"id":91396,"href":"https:\/\/www.pandamech.com\/arabic\/wp-json\/wp\/v2\/product\/21401\/revisions\/91396"}],"wp:featuredmedia":[{"embeddable":true,"href":"https:\/\/www.pandamech.com\/arabic\/wp-json\/wp\/v2\/media\/57766"}],"wp:attachment":[{"href":"https:\/\/www.pandamech.com\/arabic\/wp-json\/wp\/v2\/media?parent=21401"}],"wp:term":[{"taxonomy":"product_brand","embeddable":true,"href":"https:\/\/www.pandamech.com\/arabic\/wp-json\/wp\/v2\/product_brand?post=21401"},{"taxonomy":"product_cat","embeddable":true,"href":"https:\/\/www.pandamech.com\/arabic\/wp-json\/wp\/v2\/product_cat?post=21401"},{"taxonomy":"product_tag","embeddable":true,"href":"https:\/\/www.pandamech.com\/arabic\/wp-json\/wp\/v2\/product_tag?post=21401"}],"curies":[{"name":"\u062f\u0628\u0644\u064a\u0648 \u0628\u064a","href":"https:\/\/api.w.org\/{rel}","templated":true}]}}