{"id":21318,"date":"2022-04-28T19:02:21","date_gmt":"2022-04-28T11:02:21","guid":{"rendered":"http:\/\/pandamech.com\/?post_type=product&#038;p=21318"},"modified":"2026-01-05T14:38:10","modified_gmt":"2026-01-05T06:38:10","slug":"2-axle-a-double-flatbed-trailer-with-front-board-p00312p1-html","status":"publish","type":"product","link":"https:\/\/www.pandamech.com\/arabic\/product\/2-axle-a-double-flatbed-trailer-with-front-board-p00312p1-html\/","title":{"rendered":"\u0645\u0642\u0637\u0648\u0631\u0629 \u0645\u0633\u0637\u062d\u0629 \u0630\u0627\u062a \u0644\u0648\u062d \u0623\u0645\u0627\u0645\u064a \u0645\u0632\u062f\u0648\u062c"},"content":{"rendered":"<p>\u062a\u0633\u062a\u062e\u062f\u0645 \u0634\u0631\u0643\u0629 Panda Mech \u0637\u0631\u064a\u0642\u0629 \u0627\u0644\u0644\u062d\u0627\u0645 \u0627\u0644\u0623\u0648\u062a\u0648\u0645\u0627\u062a\u064a\u0643\u064a\u0629 \u0628\u0627\u0644\u063a\u0645\u0631 \u0628\u0627\u0644\u0642\u0648\u0633 \u0627\u0644\u0643\u0647\u0631\u0628\u0627\u0626\u064a \u0644\u0644\u062d\u0627\u0645 \u0627\u0644\u0639\u0627\u0631\u0636\u0629 \u0627\u0644\u0631\u0626\u064a\u0633\u064a\u0629\u060c \u0648\u0628\u0627\u0644\u062a\u0627\u0644\u064a \u0641\u0625\u0646 \u0627\u0644\u0639\u0627\u0631\u0636\u0629 \u0627\u0644\u0631\u0626\u064a\u0633\u064a\u0629 \u0623\u0642\u0648\u0649 \u0648\u0623\u0643\u062b\u0631 \u0645\u062a\u0627\u0646\u0629.<\/p>\n<p>\u0644\u0644\u062a\u0623\u0643\u062f \u0645\u0646 \u0627\u0644\u0639\u0645\u0631 \u0627\u0644\u062a\u0634\u063a\u064a\u0644\u064a \u0644\u0634\u0628\u0647 \u0627\u0644\u0645\u0642\u0637\u0648\u0631\u0627\u062a\u060c \u0641\u0625\u0646 \u062c\u0645\u064a\u0639 \u0642\u0637\u0639 \u0627\u0644\u063a\u064a\u0627\u0631 \u0627\u0644\u062a\u064a \u0646\u0639\u062a\u0645\u062f\u0647\u0627 \u0647\u064a \u0627\u0644\u0639\u0644\u0627\u0645\u0629 \u0627\u0644\u062a\u062c\u0627\u0631\u064a\u0629 \u0627\u0644\u0639\u0627\u0644\u0645\u064a\u0629 \u0627\u0644\u0634\u0647\u064a\u0631\u0629.<\/p>\n<h2>\u0645\u0648\u0627\u0635\u0641\u0627\u062a \u0627\u0644\u0645\u0642\u0637\u0648\u0631\u0629 \u0627\u0644\u0645\u0633\u0637\u062d\u0629 \u0627\u0644\u0645\u0632\u062f\u0648\u062c\u0629 \u0627\u0644\u0645\u0633\u0637\u062d\u0629<\/h2>\n<table style=\"width: 800px;\" border=\"1\" cellspacing=\"1\" cellpadding=\"1\">\n<tbody>\n<tr>\n<td width=\"297\" height=\"30\">\u00a0\u0627\u0644\u0634\u0631\u0643\u0629 \u0627\u0644\u0645\u0635\u0646\u0639\u0629<\/td>\n<td width=\"495\">\u00a0\u0628\u0627\u0646\u062f\u0627 \u0645\u064a\u0643 \u0645\u0642\u0637\u0648\u0631\u0629 \u0645\u0633\u0637\u062d\u0629 \u0645\u0632\u062f\u0648\u062c\u0629<\/td>\n<\/tr>\n<tr>\n<td width=\"297\" height=\"30\">\u00a0\u0627\u0644\u0645\u062d\u0627\u0648\u0631<\/td>\n<td width=\"495\">\u00a02-4 \u0645\u062d\u0627\u0648\u0631 BPW\/SAF\/SAF\/FUWA \u0627\u0644\u0639\u0644\u0627\u0645\u0629 \u0627\u0644\u062a\u062c\u0627\u0631\u064a\u0629<\/td>\n<\/tr>\n<tr>\n<td width=\"297\" height=\"30\">\u00a0\u0627\u0644\u0623\u0628\u0639\u0627\u062f<\/td>\n<td width=\"495\">\u00a012500 \/ 13500 \u00d7 2500 \u00d7 2500 \u00d7 1500 \u0645\u0645<\/td>\n<\/tr>\n<tr>\n<td width=\"297\" height=\"30\">\u00a0\u0627\u0644\u0648\u0632\u0646<\/td>\n<td width=\"495\">\u00a07-9 \u0623\u0637\u0646\u0627\u0646<\/td>\n<\/tr>\n<tr>\n<td width=\"297\" height=\"30\">\u00a0\u0642\u0641\u0644 \u0645\u0644\u062a\u0648\u064a<\/td>\n<td width=\"495\">\u00a08-12 \u0645\u062c\u0645\u0648\u0639\u0629<\/td>\n<\/tr>\n<tr>\n<td width=\"297\" height=\"30\">\u00a0\u0627\u0644\u0645\u0648\u0627\u062f<\/td>\n<td width=\"495\">\u00a0\u0627\u0644\u0639\u0648\u0627\u0631\u0636 \u0627\u0644\u0631\u0626\u064a\u0633\u064a\u0629 Q345B\u060c \u0627\u0644\u062d\u0627\u0641\u0629 \u0627\u0644\u0639\u0644\u0648\u064a\u0629: 14 \u0645\u0645\u060c \u0627\u0644\u0648\u0633\u0637: 8 \u0645\u0645\u060c \u0627\u0644\u0623\u0633\u0641\u0644: 16 \u0645\u0645<\/td>\n<\/tr>\n<tr>\n<td width=\"297\" height=\"30\">\u00a0\u062f\u0628\u0648\u0633 \u0627\u0644\u0645\u0644\u0643<\/td>\n<td width=\"495\">\u00a02 \u0628\u0648\u0635\u0629 \u0623\u0648 3.5 \u0628\u0648\u0635\u0629 \u0645\u0646 \u0645\u0627\u0631\u0643\u0629 JOST<\/td>\n<\/tr>\n<tr>\n<td width=\"297\" height=\"30\">\u00a0\u0627\u0644\u0634\u0627\u0633\u064a\u0647<\/td>\n<td width=\"495\">\u00a03 \u0645\u0644\u0645\u060c 4 \u0645\u0644\u0645\u060c 6 \u0645\u0644\u0645\u060c \u0641\u0648\u0644\u0627\u0630 \u0643\u0631\u0628\u0648\u0646\u064a \u0623\u0648 \u0633\u0628\u0627\u0626\u0643 \u0627\u0644\u0623\u0644\u0648\u0645\u0646\u064a\u0648\u0645<\/td>\n<\/tr>\n<tr>\n<td width=\"297\" height=\"30\">\u00a0\u0627\u0644\u062a\u0639\u0644\u064a\u0642<\/td>\n<td width=\"495\">\u00a0\u0646\u0638\u0627\u0645 \u062a\u0639\u0644\u064a\u0642 \u0645\u064a\u0643\u0627\u0646\u064a\u0643\u064a\u060c \u0647\u0648\u0627\u0626\u064a\u060c \u0647\u0648\u0627\u0626\u064a\u060c \u0639\u0631\u0628\u0629 \u062a\u0639\u0644\u064a\u0642<\/td>\n<\/tr>\n<tr>\n<td width=\"297\" height=\"36\">\u00a0\u0627\u0644\u0625\u0637\u0627\u0631\u0627\u062a<\/td>\n<td width=\"495\">\u00a011.00R20\u060c 12.00R20\u060c 12R22.5\u060c 385\/65R22.5 \u0645\u062b\u0644\u062b\/65R22.5\/ \u0645\u0627\u0631\u0643\u0629 \u0647\u0627\u0646\u0643\u0648\u0643\/ \u0628\u0631\u064a\u062f\u062c\u0633\u062a\u0648\u0646<\/td>\n<\/tr>\n<tr>\n<td width=\"297\" height=\"30\">\u00a0\u0646\u0638\u0627\u0645 \u0627\u0644\u0645\u0643\u0627\u0628\u062d<\/td>\n<td width=\"495\">\u00a0\u0635\u0645\u0627\u0645 WABCO \u0630\u0648 \u0627\u0644\u062d\u062c\u0631\u0629 \u0627\u0644\u0643\u0628\u064a\u0631\u0629<\/td>\n<\/tr>\n<\/tbody>\n<\/table>\n<p style=\"text-align: center;\"><a class=\"product_button\" href=\"#elementor-action%3Aaction%3Dpopup%3Aopen%26settings%3DeyJpZCI6Ijk5MDciLCJ0b2dnbGUiOmZhbHNlfQ%3D%3D\">\u0627\u0646\u0642\u0631 \u0644\u0644\u062d\u0635\u0648\u0644 \u0639\u0644\u0649 \u0627\u0644\u062a\u0641\u0627\u0635\u064a\u0644<\/a><\/p>\n<h2>\u0627\u0644\u0645\u064a\u0632\u0629<\/h2>\n<p><strong>\u0623\u062c\u0632\u0627\u0621 \u0627\u0644\u062f\u0639\u0645 \u0627\u0644\u0645\u062a\u0639\u062f\u062f<\/strong><\/p>\n<p>8\u060c 12 \u0645\u062c\u0645\u0648\u0639\u0629 \u0645\u0646 \u0623\u0642\u0641\u0627\u0644 \u0627\u0644\u062d\u0627\u0648\u064a\u0627\u062a \u0644\u062d\u0645\u0644 \u062d\u0627\u0648\u064a\u0629 \u0648\u0627\u062d\u062f\u0629 \u0628\u0637\u0648\u0644 30 \u0642\u062f\u0645\u064b\u0627 \u064840 \u0642\u062f\u0645\u064b\u0627 \u064845 \u0642\u062f\u0645\u064b\u0627 \u0648\u0648\u062d\u062f\u062a\u064a\u0646 \u0645\u0646 \u0627\u0644\u062d\u0627\u0648\u064a\u0627\u062a \u0628\u0637\u0648\u0644 20 \u0642\u062f\u0645\u064b\u0627.<\/p>\n<p>\u062d\u0628\u0627\u0644 \u0648\u062e\u0637\u0627\u0641\u0627\u062a \u062a\u0633\u0627\u0639\u062f \u0639\u0644\u0649 \u0631\u0628\u0637 \u0627\u0644\u0628\u0636\u0627\u0626\u0639\u060c \u0648\u0647\u064a \u0645\u0646\u0627\u0633\u0628\u0629 \u0644\u0646\u0642\u0644 \u0627\u0644\u0628\u0636\u0627\u0626\u0639 \u0627\u0644\u0645\u062a\u0639\u062f\u062f\u0629.<\/p>\n<p><strong>\u0627\u0644\u0631\u0633\u0645 \u0627\u0644\u062c\u064a\u062f<\/strong><\/p>\n<p>\u064a\u062a\u0645 \u062a\u0646\u0638\u064a\u0641 \u0627\u0644\u0623\u0633\u0637\u062d \u0639\u0646 \u0637\u0631\u064a\u0642 \u0627\u0644\u0633\u0641\u0639 \u0628\u0627\u0644\u062e\u0631\u062f\u0642. \u0637\u0644\u0627\u0621 \u0648\u0627\u062d\u062f \u0645\u0646 \u0627\u0644\u0625\u064a\u0628\u0648\u0643\u0633\u064a \u0648\u0637\u0644\u0627\u0621 \u0646\u0647\u0627\u0626\u064a \u0645\u0646 \u0627\u0644\u0623\u0643\u0631\u064a\u0644\u064a\u0643.<\/p>\n<p>\u0645\u062a\u064a\u0646 \u0636\u062f \u0627\u0644\u0635\u062f\u0623\u060c \u0648\u064a\u062f\u0639\u0645 \u0627\u0644\u0645\u0638\u0647\u0631 \u0627\u0644\u062c\u064a\u062f \u0648\u0639\u0645\u0631 \u0627\u0644\u062e\u062f\u0645\u0629 \u0627\u0644\u0623\u0637\u0648\u0644.<\/p>\n<p><strong>\u0627\u0644\u0644\u062d\u0627\u0645 \u0627\u0644\u0622\u0644\u064a<\/strong><\/p>\n<p>\u0647\u064a\u0643\u0644 \u0644\u062d\u0627\u0645 \u0627\u0644\u0642\u0648\u0633 \u0627\u0644\u0645\u063a\u0645\u0648\u0631 \u0627\u0644\u0623\u0648\u062a\u0648\u0645\u0627\u062a\u064a\u0643\u064a \u0627\u0644\u0645\u063a\u0645\u0648\u0631 \u0628\u0627\u0644\u0642\u0648\u0633 \u0627\u0644\u0645\u063a\u0645\u0648\u0631\u060c \u064a\u0639\u0632\u0632 \u0627\u0644\u0644\u062d\u0627\u0645 \u0627\u0644\u0631\u0626\u064a\u0633\u064a \u0648\u0627\u0644\u0647\u0627\u062f\u0641 \u064a\u062a\u062c\u0646\u0628 \u0628\u0639\u0636 \u0627\u0644\u0623\u062c\u0632\u0627\u0621 \u0627\u0644\u062a\u064a \u062a\u0641\u0642\u062f \u0627\u0644\u0644\u062d\u0627\u0645 \u0628\u0633\u0647\u0648\u0644\u0629 \u0648\u0641\u0642\u064b\u0627 \u0644\u062e\u0628\u0631\u0629 \u062f\u0639\u0645 \u0627\u0644\u0633\u064a\u0627\u0631\u0629 \u0627\u0644\u062a\u064a \u062a\u0639\u0645\u0644 \u0644\u0641\u062a\u0631\u0629 \u0623\u0637\u0648\u0644 \u062f\u0648\u0646 \u0625\u0635\u0644\u0627\u062d.<\/p>\n<p><strong>\u0646\u0638\u0627\u0645 \u062a\u0639\u0644\u064a\u0642 \u0627\u0644\u0645\u062d\u0627\u0648\u0631 \u0639\u0627\u0644\u064a\u0629 \u0627\u0644\u062c\u0648\u062f\u0629 \u0648\u0646\u0638\u0627\u0645 \u0627\u0644\u0641\u0631\u0627\u0645\u0644<\/strong><\/p>\n<p>\u062a\u0639\u0645\u0644 \u0623\u0641\u0636\u0644 \u0645\u062d\u0627\u0648\u0631 BPW\u060c FUWA \u0641\u064a \u062c\u0645\u064a\u0639 \u0623\u0646\u062d\u0627\u0621 \u0627\u0644\u0639\u0627\u0644\u0645 \u0645\u0639 \u0635\u0645\u0627\u0645 \u0645\u0643\u0627\u0628\u062d WABCO\u060c \u0645\u0645\u0627 \u064a\u062c\u0639\u0644 \u0627\u0644\u0645\u0643\u0627\u0628\u062d \u0623\u0643\u062b\u0631 \u0641\u0639\u0627\u0644\u064a\u0629 \u0645\u0646 \u0623\u062c\u0644 \u0627\u0644\u0623\u0645\u0627\u0646 \u0648\u062a\u0648\u0641\u064a\u0631 \u062a\u0643\u0644\u0641\u0629 \u0627\u0644\u0625\u0637\u0627\u0631\u0627\u062a<\/p>\n<p>\u0625\u0635\u0644\u0627\u062d \u0627\u0644\u0646\u0648\u0627\u0628\u0636 \u0648\u0627\u0644\u0645\u0639\u0644\u0642\u0627\u062a \u0639\u0627\u0644\u064a\u0629 \u0627\u0644\u062c\u0648\u062f\u0629\u060c \u0648\u062f\u0639\u0645 \u0639\u0645\u0631 \u062e\u062f\u0645\u0629 \u0623\u0637\u0648\u0644\u060c \u0648\u062a\u0648\u0641\u064a\u0631 \u062a\u0643\u0627\u0644\u064a\u0641 \u0627\u0644\u0635\u064a\u0627\u0646\u0629.<\/p>\n<p style=\"text-align: center;\"><a class=\"product_button\" href=\"#elementor-action%3Aaction%3Dpopup%3Aopen%26settings%3DeyJpZCI6Ijk5MDciLCJ0b2dnbGUiOmZhbHNlfQ%3D%3D\">\u0627\u0646\u0642\u0631 \u0644\u0644\u062d\u0635\u0648\u0644 \u0639\u0644\u0649 \u0627\u0644\u062a\u0641\u0627\u0635\u064a\u0644<\/a><\/p>\n<h2>\u0627\u0644\u062a\u0637\u0628\u064a\u0642<\/h2>\n<p>\u062a\u064f\u0633\u062a\u062e\u062f\u0645 \u0645\u0642\u0637\u0648\u0631\u0629 \u0627\u0644\u0645\u0646\u0635\u0629 \u0627\u0644\u0645\u0632\u062f\u0648\u062c\u0629 \u0628\u0634\u0643\u0644 \u0639\u0627\u0645 \u0644\u0646\u0642\u0644 \u0627\u0644\u062d\u0627\u0648\u064a\u0627\u062a\u060c \u0648\u0627\u0644\u0628\u0636\u0627\u0626\u0639 \u0627\u0644\u0633\u0627\u0626\u0628\u0629\u060c \u0648\u0627\u0644\u0623\u0633\u0645\u0646\u062a\u060c \u0648\u0627\u0644\u0623\u0631\u0632\u060c \u0625\u0644\u062e. \u0648\u0647\u064a \u062a\u0633\u062a\u062e\u062f\u0645 \u0628\u0634\u0643\u0644 \u0623\u0633\u0627\u0633\u064a \u0644\u0644\u0646\u0642\u0644 \u0644\u0645\u0633\u0627\u0641\u0627\u062a \u0637\u0648\u064a\u0644\u0629. \u0628\u0634\u0643\u0644 \u0639\u0627\u0645\u060c \u0641\u0625\u0646 <span style=\"color: #0000ff;\"><a style=\"color: #0000ff;\" href=\"https:\/\/www.pandamech.com\/arabic\/category\/cargo-trailer\/flatbed-semi-trailer\/\" target=\"_blank\" rel=\"noopener\">\u0645\u0642\u0637\u0648\u0631\u0627\u062a \u0627\u0644\u0634\u0627\u062d\u0646\u0627\u062a \u0627\u0644\u0645\u0633\u0637\u062d\u0629<\/a><\/span> \u064a\u0645\u0643\u0646 \u0623\u0646 \u062a\u0646\u0642\u0644 40 \u0637\u0646\u0627\u064b.<\/p>\n<p>\u0625\u0630\u0627 \u0643\u0627\u0646\u062a \u0643\u0645\u064a\u0629 \u0643\u0628\u064a\u0631\u0629 \u0645\u0646 \u0648\u0633\u0627\u0626\u0644 \u0627\u0644\u0646\u0642\u0644 \u0623\u0648 \u0627\u0644\u0627\u062d\u062a\u064a\u0627\u062c\u0627\u062a \u0627\u0644\u0645\u062e\u062a\u0644\u0641\u0629\u060c \u064a\u0645\u0643\u0646\u0646\u0627 \u062a\u062e\u0635\u064a\u0635\u0647\u0627\u060c \u0623\u0648 \u0645\u0642\u0637\u0648\u0631\u0629 \u0645\u0646\u0635\u0629 \u0628\u0639\u0636 \u0627\u0644\u0645\u0631\u0643\u0628\u0627\u062a \u0627\u0644\u0645\u0634\u0648\u0647\u0629.<\/p>\n<p style=\"text-align: center;\"><a class=\"product_button\" href=\"#elementor-action%3Aaction%3Dpopup%3Aopen%26settings%3DeyJpZCI6Ijk5MDciLCJ0b2dnbGUiOmZhbHNlfQ%3D%3D\">\u0627\u0646\u0642\u0631 \u0644\u0644\u062d\u0635\u0648\u0644 \u0639\u0644\u0649 \u0627\u0644\u062a\u0641\u0627\u0635\u064a\u0644<\/a><\/p>\n<h2>\u0645\u0642\u0637\u0648\u0631\u0629 \u0645\u0633\u0637\u062d\u0629 \u0645\u0632\u062f\u0648\u062c\u0629 \u0645\u0633\u0637\u062d\u0629 \u0645\u0639 \u0635\u0648\u0631\u0629 \u0627\u0644\u0644\u0648\u062d\u0629 \u0627\u0644\u0623\u0645\u0627\u0645\u064a\u0629<\/h2>\n<p><img fetchpriority=\"high\" decoding=\"async\" class=\"wp-image-31170 size-full\" title=\"\u0645\u0642\u0637\u0648\u0631\u0629 \u0645\u0633\u0637\u062d\u0629 \u0630\u0627\u062a \u0644\u0648\u062d \u0623\u0645\u0627\u0645\u064a \u0645\u0632\u062f\u0648\u062c\" src=\"https:\/\/pandamech.com\/wp-content\/uploads\/2022\/08\/7-drawbar-flatbed-trailer.jpg\" alt=\"\u0645\u0642\u0637\u0648\u0631\u0629 \u0645\u0633\u0637\u062d\u0629 \u0630\u0627\u062a \u0644\u0648\u062d \u0623\u0645\u0627\u0645\u064a \u0645\u0632\u062f\u0648\u062c\" width=\"800\" height=\"533\" \/><\/p>\n<p>\u0645\u0642\u0637\u0648\u0631\u0629 \u0645\u0633\u0637\u062d\u0629 \u0645\u0632\u062f\u0648\u062c\u0629 \u0645\u0633\u0637\u062d\u0629 \u0645\u0639 \u0644\u0648\u062d \u0623\u0645\u0627\u0645\u064a<\/p>\n<p>\u0630\u0627\u062a \u0635\u0644\u0629: <a href=\"https:\/\/www.pandamech.com\/arabic\/product\/3-axle-40-foot-flatbed-semi-trailer\/\" target=\"_blank\" rel=\"noopener\"><span style=\"color: #0000ff;\">\u0645\u0642\u0637\u0648\u0631\u0629 \u0634\u0627\u062d\u0646\u0629 \u0645\u0633\u0637\u062d\u0629 \u0630\u0627\u062a \u0634\u0627\u062d\u0646\u0629 \u0645\u0633\u0637\u062d\u0629 40 \u0642\u062f\u0645<\/span><\/a>, <a href=\"https:\/\/www.pandamech.com\/arabic\/product\/40-shipping-container-chassis-trailers\/\" target=\"_blank\" rel=\"noopener\"><span style=\"color: #0000ff;\">\u0647\u064a\u0643\u0644 \u062d\u0627\u0648\u064a\u0629 40 \u0642\u062f\u0645<\/span><\/a><\/p>\n<p style=\"text-align: center;\"><a class=\"product_button\" href=\"#elementor-action%3Aaction%3Dpopup%3Aopen%26settings%3DeyJpZCI6Ijk5MDciLCJ0b2dnbGUiOmZhbHNlfQ%3D%3D\">\u0627\u0646\u0642\u0631 \u0644\u0644\u062d\u0635\u0648\u0644 \u0639\u0644\u0649 \u0627\u0644\u062a\u0641\u0627\u0635\u064a\u0644<\/a><\/p>\n<h2>\u0628\u0627\u0646\u062f\u0627 \u0645\u064a\u0643<\/h2>\n<p>\u0646\u062d\u0646 \u0634\u0631\u0643\u0629 \u062a\u0635\u0646\u064a\u0639 \u0645\u0642\u0637\u0648\u0631\u0627\u062a \u0627\u0644\u062d\u0627\u0648\u064a\u0627\u062a \u0627\u0644\u0645\u0633\u0637\u062d\u0629 \u0627\u0644\u0645\u0632\u062f\u0648\u062c\u0629 \u0630\u0627\u062a \u0627\u0644\u0644\u0648\u062d \u0627\u0644\u0623\u0645\u0627\u0645\u064a \u0645\u0646 \u0627\u0644\u0635\u064a\u0646. \u0646\u062d\u0646 \u062a\u0648\u0631\u064a\u062f \u0645\u0642\u0637\u0648\u0631\u0627\u062a \u0645\u0632\u062f\u0648\u062c\u0629 \u0645\u0639 \u0627\u0644\u0623\u0644\u0648\u0627\u062d \u0627\u0644\u0623\u0645\u0627\u0645\u064a\u0629 \u0644\u0644\u0628\u064a\u0639. \u064a\u0645\u0643\u0646\u0646\u0627 \u062a\u062e\u0635\u064a\u0635\u0647\u0627 \u0648\u0641\u0642\u064b\u0627 \u0644\u0627\u062d\u062a\u064a\u0627\u062c\u0627\u062a\u0643.<\/p>\n<p>\u062d\u0642\u0642 \u0645\u0635\u0646\u0639\u0648 Panda Mech \u0646\u062c\u0627\u062d\u064b\u0627 \u0641\u064a \u062c\u0646\u0648\u0628 \u0634\u0631\u0642 \u0622\u0633\u064a\u0627 \u0648\u0627\u0644\u0634\u0631\u0642 \u0627\u0644\u0623\u0648\u0633\u0637 \u0648\u0623\u0641\u0631\u064a\u0642\u064a\u0627 \u0648\u0623\u0645\u0631\u064a\u0643\u0627 \u0627\u0644\u062c\u0646\u0648\u0628\u064a\u0629\u060c \u0645\u062b\u0644 \u0627\u0644\u0641\u0644\u0628\u064a\u0646 \u0648\u062a\u0646\u0632\u0627\u0646\u064a\u0627 \u0648\u063a\u064a\u0631\u0647\u0627...<\/p>\n<p><a href=\"\/arabic\/contact-us\/\" rel=\"nofollow\"><img decoding=\"async\" src=\"https:\/\/pandamech.com\/wp-content\/uploads\/u_file\/db8ce19fe3.jpg\" alt=\"\u0645\u0642\u0637\u0648\u0631\u0629 \u0645\u0633\u0637\u062d\u0629 \u0645\u0632\u062f\u0648\u062c\u0629 \u0645\u0639 \u0644\u0648\u062d \u0623\u0645\u0627\u0645\u064a\" title=\"\"><\/a><\/p>\n<p>\u0630\u0627\u062a \u0635\u0644\u0629:<\/p>\n<p><a href=\"https:\/\/www.pandamech.com\/arabic\/product\/24-25m-flat-bed-deck-tractor-semi-truck-trailer\/\" target=\"_blank\" rel=\"noopener\"><span style=\"color: #0000ff;\">\u0645\u0642\u0637\u0648\u0631\u0629 \u0645\u0633\u0637\u062d\u0629 \u0642\u0627\u0628\u0644\u0629 \u0644\u0644\u062a\u0645\u062f\u064a\u062f<\/span><\/a><\/p>\n<p><a href=\"https:\/\/www.pandamech.com\/arabic\/product\/single-axle-flatbed-semi-trailer\/\" target=\"_blank\" rel=\"noopener\"><span style=\"color: #0000ff;\">\u0645\u0642\u0637\u0648\u0631\u0629 \u0645\u0633\u0637\u062d\u0629 \u0645\u0633\u0637\u062d\u0629 \u0627\u0644\u062a\u0639\u0644\u064a\u0642 \u0627\u0644\u0647\u0648\u0627\u0626\u064a<\/span><\/a><\/p>","protected":false},"excerpt":{"rendered":"<p>\u0627\u0644\u0646\u0648\u0639: 2 \u0645\u062d\u0648\u0631 2 \u0645\u0642\u0637\u0648\u0631\u0629 \u0645\u0633\u0637\u062d\u0629 \u0645\u0632\u062f\u0648\u062c\u0629 \u0645\u0633\u0637\u062d\u0629<\/p>\n<p>\u0646\u0637\u0627\u0642 \u0627\u0644\u0633\u0639\u0631: $9,990,990-19,500<\/p>\n<p>\u0627\u0644\u062a\u0633\u0644\u064a\u0645: 7-25 \u064a\u0648\u0645\u064b\u0627<\/p>\n<p>\u0633\u0639\u0629 \u0627\u0644\u062d\u0645\u0648\u0644\u0629: 20-60 \u0637\u0646<\/p>\n<p>\u0627\u0644\u062a\u0637\u0628\u064a\u0642: \u0627\u0644\u0628\u0636\u0627\u0626\u0639 \u0627\u0644\u0633\u0627\u0626\u0628\u0629\u060c \u0627\u0644\u062d\u0627\u0648\u064a\u0627\u062a<\/p>","protected":false},"featured_media":57713,"template":"","meta":{"_acf_changed":false,"_kad_blocks_custom_css":"","_kad_blocks_head_custom_js":"","_kad_blocks_body_custom_js":"","_kad_blocks_footer_custom_js":"","_kad_post_transparent":"default","_kad_post_title":"","_kad_post_layout":"default","_kad_post_sidebar_id":"","_kad_post_content_style":"default","_kad_post_vertical_padding":"default","_kad_post_feature":"","_kad_post_feature_position":"","_kad_post_header":false,"_kad_post_footer":false,"_kad_post_classname":""},"product_brand":[],"product_cat":[77],"product_tag":[],"class_list":{"0":"post-21318","1":"product","2":"type-product","3":"status-publish","4":"has-post-thumbnail","6":"product_cat-flatbed-semi-trailer","8":"first","9":"instock","10":"sold-individually","11":"shipping-taxable","12":"purchasable","13":"product-type-simple","14":"entry","15":"content-bg","16":"loop-entry"},"acf":[],"taxonomy_info":{"product_cat":[{"value":77,"label":"Flatbed Semi Trailer"}]},"featured_image_src_large":["https:\/\/www.pandamech.com\/wp-content\/uploads\/2022\/08\/0-89-500x500.jpg",500,500,true],"author_info":[],"comment_info":"","_links":{"self":[{"href":"https:\/\/www.pandamech.com\/arabic\/wp-json\/wp\/v2\/product\/21318","targetHints":{"allow":["GET"]}}],"collection":[{"href":"https:\/\/www.pandamech.com\/arabic\/wp-json\/wp\/v2\/product"}],"about":[{"href":"https:\/\/www.pandamech.com\/arabic\/wp-json\/wp\/v2\/types\/product"}],"version-history":[{"count":1,"href":"https:\/\/www.pandamech.com\/arabic\/wp-json\/wp\/v2\/product\/21318\/revisions"}],"predecessor-version":[{"id":91433,"href":"https:\/\/www.pandamech.com\/arabic\/wp-json\/wp\/v2\/product\/21318\/revisions\/91433"}],"wp:featuredmedia":[{"embeddable":true,"href":"https:\/\/www.pandamech.com\/arabic\/wp-json\/wp\/v2\/media\/57713"}],"wp:attachment":[{"href":"https:\/\/www.pandamech.com\/arabic\/wp-json\/wp\/v2\/media?parent=21318"}],"wp:term":[{"taxonomy":"product_brand","embeddable":true,"href":"https:\/\/www.pandamech.com\/arabic\/wp-json\/wp\/v2\/product_brand?post=21318"},{"taxonomy":"product_cat","embeddable":true,"href":"https:\/\/www.pandamech.com\/arabic\/wp-json\/wp\/v2\/product_cat?post=21318"},{"taxonomy":"product_tag","embeddable":true,"href":"https:\/\/www.pandamech.com\/arabic\/wp-json\/wp\/v2\/product_tag?post=21318"}],"curies":[{"name":"\u062f\u0628\u0644\u064a\u0648 \u0628\u064a","href":"https:\/\/api.w.org\/{rel}","templated":true}]}}